{"id":12369,"date":"2024-10-10T05:55:53","date_gmt":"2024-10-10T05:55:53","guid":{"rendered":"https:\/\/yume-silm.com\/?post_type=product&#038;p=12369"},"modified":"2024-10-10T05:57:17","modified_gmt":"2024-10-10T05:57:17","slug":"manicotti-per-esercizi-regolabili-per-le-braccia-in-sauna","status":"publish","type":"product","link":"https:\/\/yume-silm.com\/it\/prodotto\/manicotti-per-esercizi-regolabili-per-le-braccia-in-sauna\/","title":{"rendered":"Maniche per esercizi regolabili per le braccia da sauna da donna"},"content":{"rendered":"<h5>Caratteristiche del progetto<\/h5>\n<ul>\n<li><strong>PERDERE PESO<\/strong>: Le maniche regolabili per esercizi sulle braccia per sauna sono realizzate in materiale riscaldante avanzato per sauna, che genera automaticamente calore, accelera in profondit\u00e0 la circolazione sanguigna, aiuta a bruciare i grassi e modella la forma del braccio.<\/li>\n<li><strong>COMODO E TRASPIRANTE<\/strong>: Il tessuto altamente elastico e traspirante ti mantiene asciutto e non ti soffoca durante l&#039;attivit\u00e0 fisica, \u00e8 leggero e comodo e non ti sentirai a disagio quando lo indossi per lungo tempo.<\/li>\n<li><strong>ALLA MODA E BELLA<\/strong>: Design semplice e generoso, che mostra il fascino unico delle donne moderne, sia sportive che alla moda, adatto a ogni occasione.<\/li>\n<li><strong>MULTIFUNZIONALE<\/strong>: Adatto per corsa, yoga, fitness e altri sport, aiuta ad accelerare l&#039;effetto dell&#039;esercizio, facile da gestire una variet\u00e0 di sfide sportive.<\/li>\n<\/ul>\n<h6><em>Modellatore per braccia da sauna per donna<\/em><\/h6>\n<ul>\n<li>Il modellatore per braccia da donna \u00e8 progettato per chi desidera avere braccia pi\u00f9 snelle; il suo utilizzo pratico e l&#039;efficace effetto rifinitore ti consentono di modellare facilmente la linea delle tue braccia a casa.<\/li>\n<\/ul>","protected":false},"excerpt":{"rendered":"<p>Questa fascia regolabile per esercizi sulle braccia \u00e8 progettata per te che cerchi braccia pi\u00f9 snelle. Che tu la indossi durante l&#039;allenamento quotidiano o durante lo yoga o la corsa, pu\u00f2 accelerare efficacemente la combustione dei grassi, favorire l&#039;espulsione del sudore e aiutarti a costruire rapidamente una linea del braccio soda<\/p>","protected":false},"featured_media":12370,"comment_status":"open","ping_status":"closed","template":"","meta":{"site-sidebar-layout":"default","site-content-layout":"","ast-site-content-layout":"default","site-content-style":"default","site-sidebar-style":"default","ast-global-header-display":"","ast-banner-title-visibility":"","ast-main-header-display":"","ast-hfb-above-header-display":"","ast-hfb-below-header-display":"","ast-hfb-mobile-header-display":"","site-post-title":"","ast-breadcrumbs-content":"","ast-featured-img":"","footer-sml-layout":"","ast-disable-related-posts":"","theme-transparent-header-meta":"default","adv-header-id-meta":"","stick-header-meta":"default","header-above-stick-meta":"","header-main-stick-meta":"","header-below-stick-meta":"","astra-migrate-meta-layouts":"set","ast-page-background-enabled":"default","ast-page-background-meta":{"desktop":{"background-color":"","background-image":"","background-repeat":"repeat","background-position":"center center","background-size":"auto","background-attachment":"scroll","background-type":"","background-media":"","overlay-type":"","overlay-color":"","overlay-opacity":"","overlay-gradient":""},"tablet":{"background-color":"","background-image":"","background-repeat":"repeat","background-position":"center center","background-size":"auto","background-attachment":"scroll","background-type":"","background-media":"","overlay-type":"","overlay-color":"","overlay-opacity":"","overlay-gradient":""},"mobile":{"background-color":"","background-image":"","background-repeat":"repeat","background-position":"center center","background-size":"auto","background-attachment":"scroll","background-type":"","background-media":"","overlay-type":"","overlay-color":"","overlay-opacity":"","overlay-gradient":""}},"ast-content-background-meta":{"desktop":{"background-color":"var(--ast-global-color-5)","background-image":"","background-repeat":"repeat","background-position":"center center","background-size":"auto","background-attachment":"scroll","background-type":"","background-media":"","overlay-type":"","overlay-color":"","overlay-opacity":"","overlay-gradient":""},"tablet":{"background-color":"var(--ast-global-color-5)","background-image":"","background-repeat":"repeat","background-position":"center center","background-size":"auto","background-attachment":"scroll","background-type":"","background-media":"","overlay-type":"","overlay-color":"","overlay-opacity":"","overlay-gradient":""},"mobile":{"background-color":"var(--ast-global-color-5)","background-image":"","background-repeat":"repeat","background-position":"center center","background-size":"auto","background-attachment":"scroll","background-type":"","background-media":"","overlay-type":"","overlay-color":"","overlay-opacity":"","overlay-gradient":""}}},"product_brand":[],"product_cat":[65,76,97,626],"product_tag":[194,492,1053,701,535,558,185],"class_list":{"0":"post-12369","1":"product","2":"type-product","3":"status-publish","4":"has-post-thumbnail","6":"product_cat-best-sellers","7":"product_cat-new-arrivels","8":"product_cat-sauna-suit","9":"product_cat-sauna-accessories","10":"product_tag-adjustable","11":"product_tag-breathable","12":"product_tag-exercise-sleeves","13":"product_tag-fashionable","14":"product_tag-slimming","15":"product_tag-weight-loss","16":"product_tag-workout","17":"pa_color-blue","18":"pa_color-silver","19":"pa_size-2xl-3xl","20":"pa_size-4xl-5xl","21":"pa_size-l-xl","22":"pa_size-s-m","23":"desktop-align-center","24":"tablet-align-left","25":"mobile-align-left","26":"ast-product-gallery-layout-horizontal-slider","27":"ast-product-single-variable","28":"ast-product-tabs-layout-horizontal","29":"ast-qv-on-image","31":"first","32":"instock","33":"shipping-taxable","34":"purchasable","35":"product-type-variable"},"tiered_pricing_type":"fixed","tiered_pricing_fixed_rules":{"10":2,"50":1.8,"100":1.5},"tiered_pricing_product_settings":{"layout":"default","base_unit_name":{"singular":null,"plural":null},"default_variation":null},"tiered_pricing_minimum_quantity":null,"tiered_pricing_roles_data":[],"tiered_pricing_percentage_rules":[],"_links":{"self":[{"href":"https:\/\/yume-silm.com\/it\/wp-json\/wp\/v2\/product\/12369","targetHints":{"allow":["GET"]}}],"collection":[{"href":"https:\/\/yume-silm.com\/it\/wp-json\/wp\/v2\/product"}],"about":[{"href":"https:\/\/yume-silm.com\/it\/wp-json\/wp\/v2\/types\/product"}],"replies":[{"embeddable":true,"href":"https:\/\/yume-silm.com\/it\/wp-json\/wp\/v2\/comments?post=12369"}],"wp:featuredmedia":[{"embeddable":true,"href":"https:\/\/yume-silm.com\/it\/wp-json\/wp\/v2\/media\/12370"}],"wp:attachment":[{"href":"https:\/\/yume-silm.com\/it\/wp-json\/wp\/v2\/media?parent=12369"}],"wp:term":[{"taxonomy":"product_brand","embeddable":true,"href":"https:\/\/yume-silm.com\/it\/wp-json\/wp\/v2\/product_brand?post=12369"},{"taxonomy":"product_cat","embeddable":true,"href":"https:\/\/yume-silm.com\/it\/wp-json\/wp\/v2\/product_cat?post=12369"},{"taxonomy":"product_tag","embeddable":true,"href":"https:\/\/yume-silm.com\/it\/wp-json\/wp\/v2\/product_tag?post=12369"}],"curies":[{"name":"wp","href":"https:\/\/api.w.org\/{rel}","templated":true}]}}