{"id":12561,"date":"2024-10-18T07:31:56","date_gmt":"2024-10-18T07:31:56","guid":{"rendered":"https:\/\/yume-silm.com\/?post_type=product&#038;p=12561"},"modified":"2024-10-18T07:33:46","modified_gmt":"2024-10-18T07:33:46","slug":"gilet-attillato-ad-asciugatura-rapida-con-gancio-e-occhiello-da-uomo","status":"publish","type":"product","link":"https:\/\/yume-silm.com\/it\/prodotto\/gilet-attillato-ad-asciugatura-rapida-con-gancio-e-occhiello-da-uomo\/","title":{"rendered":"Canotta attillata ad asciugatura rapida con gancio e occhiello da uomo"},"content":{"rendered":"<h5>Caratteristiche del progetto<\/h5>\n<ul>\n<li><strong>CINTURA REGOLABILE:<\/strong> Il gilet attillato per pancia con ganci e occhielli ad asciugatura rapida da uomo ha tre ganci e occhielli, che possono regolare liberamente la forza di compressione richiesta per l&#039;addome. Una cintura comoda e non stretta pu\u00f2 applicare pi\u00f9 pressione all&#039;addome e aiutarti a perdere peso in modo pi\u00f9 efficace.<\/li>\n<li><strong>MIGLIORARE LA POSTURA:<\/strong> Pu\u00f2 essere utilizzato per controllare l&#039;addome e adotta un design ingegneristico incrociato per sostenere la schiena, fornire espansione delle spalle e tensione della schiena, fornire un buon supporto del corpo, migliorare la postura e alleviare il dolore.<\/li>\n<li><strong>TESSUTO DI ALTA QUALIT\u00c0:<\/strong> La combinazione di nylon ed elastan crea un tessuto molto elastico e confortevole che si adatta alle curve del corpo e garantisce il massimo comfort, consentendoti di fare tutto ci\u00f2 che vuoi durante l&#039;allenamento.<\/li>\n<li><strong>TESSUTO AD ASCIUGATURA RAPIDA:<\/strong> La tecnologia ad asciugatura rapida assicura una rapida traspirazione dopo l&#039;esercizio, mantiene asciutti ed \u00e8 adatta a varie occasioni sportive<\/li>\n<\/ul>\n<h6><em>Canotta fitness dimagrante a compressione da uomo<\/em><\/h6>\n<ul>\n<li>La canotta fitness a compressione \u00e8 caratterizzata da un esclusivo design con ganci e occhielli, elegante e che migliora la traspirabilit\u00e0, assicurandoti una sensazione di freschezza costante durante gli esercizi ad alta intensit\u00e0.<\/li>\n<\/ul>","protected":false},"excerpt":{"rendered":"<p>Questo gilet attillato da uomo con ganci e occhielli ad asciugatura rapida si adatta perfettamente alle curve del corpo, offrendo un buon supporto e aiutando a modellare la forma ideale del tuo corpo. Che tu ti stia allenando in palestra o che tu lo indossi casualmente ogni giorno, questa canotta pu\u00f2 offrirti il massimo comfort e sicurezza.<\/p>","protected":false},"featured_media":12562,"comment_status":"open","ping_status":"closed","template":"","meta":{"site-sidebar-layout":"default","site-content-layout":"","ast-site-content-layout":"default","site-content-style":"default","site-sidebar-style":"default","ast-global-header-display":"","ast-banner-title-visibility":"","ast-main-header-display":"","ast-hfb-above-header-display":"","ast-hfb-below-header-display":"","ast-hfb-mobile-header-display":"","site-post-title":"","ast-breadcrumbs-content":"","ast-featured-img":"","footer-sml-layout":"","ast-disable-related-posts":"","theme-transparent-header-meta":"default","adv-header-id-meta":"","stick-header-meta":"default","header-above-stick-meta":"","header-main-stick-meta":"","header-below-stick-meta":"","astra-migrate-meta-layouts":"set","ast-page-background-enabled":"default","ast-page-background-meta":{"desktop":{"background-color":"","background-image":"","background-repeat":"repeat","background-position":"center center","background-size":"auto","background-attachment":"scroll","background-type":"","background-media":"","overlay-type":"","overlay-color":"","overlay-opacity":"","overlay-gradient":""},"tablet":{"background-color":"","background-image":"","background-repeat":"repeat","background-position":"center center","background-size":"auto","background-attachment":"scroll","background-type":"","background-media":"","overlay-type":"","overlay-color":"","overlay-opacity":"","overlay-gradient":""},"mobile":{"background-color":"","background-image":"","background-repeat":"repeat","background-position":"center center","background-size":"auto","background-attachment":"scroll","background-type":"","background-media":"","overlay-type":"","overlay-color":"","overlay-opacity":"","overlay-gradient":""}},"ast-content-background-meta":{"desktop":{"background-color":"var(--ast-global-color-5)","background-image":"","background-repeat":"repeat","background-position":"center center","background-size":"auto","background-attachment":"scroll","background-type":"","background-media":"","overlay-type":"","overlay-color":"","overlay-opacity":"","overlay-gradient":""},"tablet":{"background-color":"var(--ast-global-color-5)","background-image":"","background-repeat":"repeat","background-position":"center center","background-size":"auto","background-attachment":"scroll","background-type":"","background-media":"","overlay-type":"","overlay-color":"","overlay-opacity":"","overlay-gradient":""},"mobile":{"background-color":"var(--ast-global-color-5)","background-image":"","background-repeat":"repeat","background-position":"center center","background-size":"auto","background-attachment":"scroll","background-type":"","background-media":"","overlay-type":"","overlay-color":"","overlay-opacity":"","overlay-gradient":""}}},"product_brand":[],"product_cat":[65,76,85,86],"product_tag":[1064,646,489,1066,1065,778,535,1067],"class_list":{"0":"post-12561","1":"product","2":"type-product","3":"status-publish","4":"has-post-thumbnail","6":"product_cat-best-sellers","7":"product_cat-new-arrivels","8":"product_cat-wholesale-mens-shapewear","9":"product_cat-wholesale-men-sliming-vest","10":"product_tag-adjustable-waistband","11":"product_tag-comfortable","12":"product_tag-compression","13":"product_tag-fitness-tank-top","14":"product_tag-high-quality-fabric","15":"product_tag-quick-dry","16":"product_tag-slimming","17":"product_tag-tight-tummy-vest","18":"pa_color-beige","19":"pa_color-black","20":"pa_size-2xl","21":"pa_size-3xl","22":"pa_size-4xl","23":"pa_size-l","24":"pa_size-xl","25":"desktop-align-center","26":"tablet-align-left","27":"mobile-align-left","28":"ast-product-gallery-layout-horizontal-slider","29":"ast-product-single-variable","30":"ast-product-tabs-layout-horizontal","31":"ast-qv-on-image","33":"first","34":"instock","35":"shipping-taxable","36":"purchasable","37":"product-type-variable"},"tiered_pricing_type":"fixed","tiered_pricing_fixed_rules":{"2":16.5,"50":16,"100":15.5},"tiered_pricing_product_settings":{"layout":"default","base_unit_name":{"singular":null,"plural":null},"default_variation":null},"tiered_pricing_minimum_quantity":null,"tiered_pricing_roles_data":[],"tiered_pricing_percentage_rules":[],"_links":{"self":[{"href":"https:\/\/yume-silm.com\/it\/wp-json\/wp\/v2\/product\/12561","targetHints":{"allow":["GET"]}}],"collection":[{"href":"https:\/\/yume-silm.com\/it\/wp-json\/wp\/v2\/product"}],"about":[{"href":"https:\/\/yume-silm.com\/it\/wp-json\/wp\/v2\/types\/product"}],"replies":[{"embeddable":true,"href":"https:\/\/yume-silm.com\/it\/wp-json\/wp\/v2\/comments?post=12561"}],"wp:featuredmedia":[{"embeddable":true,"href":"https:\/\/yume-silm.com\/it\/wp-json\/wp\/v2\/media\/12562"}],"wp:attachment":[{"href":"https:\/\/yume-silm.com\/it\/wp-json\/wp\/v2\/media?parent=12561"}],"wp:term":[{"taxonomy":"product_brand","embeddable":true,"href":"https:\/\/yume-silm.com\/it\/wp-json\/wp\/v2\/product_brand?post=12561"},{"taxonomy":"product_cat","embeddable":true,"href":"https:\/\/yume-silm.com\/it\/wp-json\/wp\/v2\/product_cat?post=12561"},{"taxonomy":"product_tag","embeddable":true,"href":"https:\/\/yume-silm.com\/it\/wp-json\/wp\/v2\/product_tag?post=12561"}],"curies":[{"name":"wp","href":"https:\/\/api.w.org\/{rel}","templated":true}]}}