{"id":13093,"date":"2024-11-18T06:21:46","date_gmt":"2024-11-18T06:21:46","guid":{"rendered":"https:\/\/yume-silm.com\/?post_type=product&#038;p=13093"},"modified":"2024-11-18T06:23:14","modified_gmt":"2024-11-18T06:23:14","slug":"reggiseno-push-up-in-silicone-appiccicoso-a-mezza-coppa-da-donna","status":"publish","type":"product","link":"https:\/\/yume-silm.com\/it\/prodotto\/reggiseno-push-up-in-silicone-appiccicoso-a-mezza-coppa-da-donna\/","title":{"rendered":"Adesivi per il seno in silicone senza spalline con mezza coppa push-up a lato adesivo da donna"},"content":{"rendered":"<h5>Caratteristiche del progetto<\/h5>\n<ul>\n<li><strong>FISSAGGIO IN VELCRO SULLE ALI LATERALI:<\/strong> Il reggiseno push-up in silicone adesivo da donna a mezza coppa \u00e8 dotato di un pratico velcro sulle alette laterali che ne aumenta la stabilit\u00e0, aderisce alla pelle e non scivola facilmente; l&#039;effetto modellante \u00e8 duraturo.<\/li>\n<li><strong>EFFETTO RACCOLTA MEZZA TAZZA:<\/strong> Il design a mezza coppa si avvolge delicatamente, esaltando la forma del seno e donando un effetto visivo naturale e pieno.<\/li>\n<li><strong>MATERIALE IN SILICONE DI ALTA QUALIT\u00c0:<\/strong> Realizzato in silicone di grado medico, \u00e8 delicato sulla pelle e confortevole, adatto all&#039;uso prolungato, traspirante e non soffocante.<\/li>\n<li><strong>DUREVOLE:<\/strong> Il reggiseno push-up in silicone adesivo da donna a mezza coppa pu\u00f2 essere lavato ripetutamente per mantenerne l&#039;aderenza, \u00e8 economico e pratico.<\/li>\n<\/ul>\n<h6><em>Reggiseno adesivo sexy senza schienale invisibile in silicone da donna<\/em><\/h6>\n<ul>\n<li>Indossa questo reggiseno adesivo da donna, realizzato in materiale siliconico di alta qualit\u00e0, che pu\u00f2 modellare naturalmente il tuo corpo. La forte adesivit\u00e0 assicura che la toppa sul petto aderisca saldamente, cos\u00ec non dovrai preoccuparti che scivoli via durante le attivit\u00e0, aggiungendo eleganza e sicurezza al tuo aspetto generale.<\/li>\n<\/ul>","protected":false},"excerpt":{"rendered":"<p>Indossare il reggiseno push-up in silicone adesivo da donna a mezza coppa ha un esclusivo design a mezza coppa combinato con il reggiseno adesivo con alette laterali che pu\u00f2 facilmente raccogliere il seno, modellare curve paffute e arrotondate e aiutarti a mostrare curve del seno sicure ed eleganti.<\/p>","protected":false},"featured_media":13094,"comment_status":"open","ping_status":"closed","template":"","meta":{"site-sidebar-layout":"default","site-content-layout":"","ast-site-content-layout":"default","site-content-style":"default","site-sidebar-style":"default","ast-global-header-display":"","ast-banner-title-visibility":"","ast-main-header-display":"","ast-hfb-above-header-display":"","ast-hfb-below-header-display":"","ast-hfb-mobile-header-display":"","site-post-title":"","ast-breadcrumbs-content":"","ast-featured-img":"","footer-sml-layout":"","ast-disable-related-posts":"","theme-transparent-header-meta":"default","adv-header-id-meta":"","stick-header-meta":"default","header-above-stick-meta":"","header-main-stick-meta":"","header-below-stick-meta":"","astra-migrate-meta-layouts":"set","ast-page-background-enabled":"default","ast-page-background-meta":{"desktop":{"background-color":"","background-image":"","background-repeat":"repeat","background-position":"center center","background-size":"auto","background-attachment":"scroll","background-type":"","background-media":"","overlay-type":"","overlay-color":"","overlay-opacity":"","overlay-gradient":""},"tablet":{"background-color":"","background-image":"","background-repeat":"repeat","background-position":"center center","background-size":"auto","background-attachment":"scroll","background-type":"","background-media":"","overlay-type":"","overlay-color":"","overlay-opacity":"","overlay-gradient":""},"mobile":{"background-color":"","background-image":"","background-repeat":"repeat","background-position":"center center","background-size":"auto","background-attachment":"scroll","background-type":"","background-media":"","overlay-type":"","overlay-color":"","overlay-opacity":"","overlay-gradient":""}},"ast-content-background-meta":{"desktop":{"background-color":"var(--ast-global-color-5)","background-image":"","background-repeat":"repeat","background-position":"center center","background-size":"auto","background-attachment":"scroll","background-type":"","background-media":"","overlay-type":"","overlay-color":"","overlay-opacity":"","overlay-gradient":""},"tablet":{"background-color":"var(--ast-global-color-5)","background-image":"","background-repeat":"repeat","background-position":"center center","background-size":"auto","background-attachment":"scroll","background-type":"","background-media":"","overlay-type":"","overlay-color":"","overlay-opacity":"","overlay-gradient":""},"mobile":{"background-color":"var(--ast-global-color-5)","background-image":"","background-repeat":"repeat","background-position":"center center","background-size":"auto","background-attachment":"scroll","background-type":"","background-media":"","overlay-type":"","overlay-color":"","overlay-opacity":"","overlay-gradient":""}}},"product_brand":[],"product_cat":[76,65,259,584],"product_tag":[603,143,1120,1119,602,145,604],"class_list":{"0":"post-13093","1":"product","2":"type-product","3":"status-publish","4":"has-post-thumbnail","6":"product_cat-new-arrivels","7":"product_cat-best-sellers","8":"product_cat-lingerie","9":"product_cat-adhesive-bras","10":"product_tag-adhesive","11":"product_tag-backless","12":"product_tag-durable","13":"product_tag-half-cup","14":"product_tag-push-up","15":"product_tag-sexy","16":"product_tag-sticky-bra","17":"pa_color-black","18":"pa_color-skin","19":"pa_size-a","20":"pa_size-b","21":"pa_size-c","22":"pa_size-d","23":"desktop-align-center","24":"tablet-align-left","25":"mobile-align-left","26":"ast-product-gallery-layout-horizontal-slider","27":"ast-product-single-variable","28":"ast-product-tabs-layout-horizontal","29":"ast-qv-on-image","31":"first","32":"instock","33":"shipping-taxable","34":"purchasable","35":"product-type-variable"},"tiered_pricing_type":"fixed","tiered_pricing_fixed_rules":{"10":5.13,"100":4.56,"200":3.99},"tiered_pricing_product_settings":{"layout":"default","base_unit_name":{"singular":null,"plural":null},"default_variation":null},"tiered_pricing_minimum_quantity":null,"tiered_pricing_roles_data":[],"tiered_pricing_percentage_rules":[],"_links":{"self":[{"href":"https:\/\/yume-silm.com\/it\/wp-json\/wp\/v2\/product\/13093","targetHints":{"allow":["GET"]}}],"collection":[{"href":"https:\/\/yume-silm.com\/it\/wp-json\/wp\/v2\/product"}],"about":[{"href":"https:\/\/yume-silm.com\/it\/wp-json\/wp\/v2\/types\/product"}],"replies":[{"embeddable":true,"href":"https:\/\/yume-silm.com\/it\/wp-json\/wp\/v2\/comments?post=13093"}],"wp:featuredmedia":[{"embeddable":true,"href":"https:\/\/yume-silm.com\/it\/wp-json\/wp\/v2\/media\/13094"}],"wp:attachment":[{"href":"https:\/\/yume-silm.com\/it\/wp-json\/wp\/v2\/media?parent=13093"}],"wp:term":[{"taxonomy":"product_brand","embeddable":true,"href":"https:\/\/yume-silm.com\/it\/wp-json\/wp\/v2\/product_brand?post=13093"},{"taxonomy":"product_cat","embeddable":true,"href":"https:\/\/yume-silm.com\/it\/wp-json\/wp\/v2\/product_cat?post=13093"},{"taxonomy":"product_tag","embeddable":true,"href":"https:\/\/yume-silm.com\/it\/wp-json\/wp\/v2\/product_tag?post=13093"}],"curies":[{"name":"wp","href":"https:\/\/api.w.org\/{rel}","templated":true}]}}