{"id":14297,"date":"2025-01-16T08:03:34","date_gmt":"2025-01-16T08:03:34","guid":{"rendered":"https:\/\/yume-silm.com\/?post_type=product&#038;p=14297"},"modified":"2025-05-26T00:52:27","modified_gmt":"2025-05-26T00:52:27","slug":"reggiseno-in-silicone-antiscivolo-senza-cuciture-in-un-unico-pezzo-taglie-forti-allingrosso","status":"publish","type":"product","link":"https:\/\/yume-silm.com\/it\/prodotto\/reggiseno-in-silicone-antiscivolo-senza-cuciture-in-un-unico-pezzo-taglie-forti-allingrosso\/","title":{"rendered":"Reggiseno in silicone antiscivolo senza cuciture in un unico pezzo per taglie forti all&#039;ingrosso"},"content":{"rendered":"<h5>Caratteristiche del design:<\/h5>\n<ul>\n<li>Tecnologia in silicone antiscivolo, fissaggio saldo, non c&#039;\u00e8 pi\u00f9 bisogno di preoccuparsi che scivoli.<\/li>\n<li>Design invisibile senza cuciture, facile da indossare, nessuna traccia.<\/li>\n<li>Design a coppa piena, forte sostegno, modella la forma naturale del seno.<\/li>\n<li>Spallacci e coppe interne rimovibili, regolazione flessibile per soddisfare diverse esigenze.<\/li>\n<li>Bellissimo design posteriore, mette in risalto l&#039;elegante curva della schiena.<\/li>\n<\/ul>\n<h6><em>Push-up in silicone invisibile senza spalline, monopezzo, con coppa fissa<\/em><\/h6>\n<ul>\n<li>Il reggiseno intero senza cuciture e antiscivolo in silicone per taglie forti \u00e8 progettato per le donne formose e formose, per offrire un supporto e un comfort perfetti.<\/li>\n<li>Grazie all&#039;avanzata tecnologia in silicone antiscivolo, rimane saldamente in posizione e non si sposta nemmeno dopo un uso prolungato.<\/li>\n<li>Grazie al design senza cuciture e al materiale invisibile non dovrai pi\u00f9 preoccuparti di eventuali tracce, e la vestibilit\u00e0 sar\u00e0 pi\u00f9 fluida e naturale.<\/li>\n<\/ul>","protected":false},"excerpt":{"rendered":"<p>Questo reggiseno in silicone antiscivolo senza cuciture, di grandi dimensioni, offre un sostegno completo della coppa, un design invisibile e antitraccia, spalline rimovibili e coppe interne, modellando la forma naturale del seno e l&#039;elegante curva della schiena, assicurando comfort e sicurezza per tutto il giorno.<\/p>","protected":false},"featured_media":14313,"comment_status":"open","ping_status":"closed","template":"","meta":{"site-sidebar-layout":"default","site-content-layout":"","ast-site-content-layout":"default","site-content-style":"default","site-sidebar-style":"default","ast-global-header-display":"","ast-banner-title-visibility":"","ast-main-header-display":"","ast-hfb-above-header-display":"","ast-hfb-below-header-display":"","ast-hfb-mobile-header-display":"","site-post-title":"","ast-breadcrumbs-content":"","ast-featured-img":"","footer-sml-layout":"","ast-disable-related-posts":"","theme-transparent-header-meta":"default","adv-header-id-meta":"","stick-header-meta":"default","header-above-stick-meta":"","header-main-stick-meta":"","header-below-stick-meta":"","astra-migrate-meta-layouts":"set","ast-page-background-enabled":"default","ast-page-background-meta":{"desktop":{"background-color":"","background-image":"","background-repeat":"repeat","background-position":"center center","background-size":"auto","background-attachment":"scroll","background-type":"","background-media":"","overlay-type":"","overlay-color":"","overlay-opacity":"","overlay-gradient":""},"tablet":{"background-color":"","background-image":"","background-repeat":"repeat","background-position":"center center","background-size":"auto","background-attachment":"scroll","background-type":"","background-media":"","overlay-type":"","overlay-color":"","overlay-opacity":"","overlay-gradient":""},"mobile":{"background-color":"","background-image":"","background-repeat":"repeat","background-position":"center center","background-size":"auto","background-attachment":"scroll","background-type":"","background-media":"","overlay-type":"","overlay-color":"","overlay-opacity":"","overlay-gradient":""}},"ast-content-background-meta":{"desktop":{"background-color":"var(--ast-global-color-5)","background-image":"","background-repeat":"repeat","background-position":"center center","background-size":"auto","background-attachment":"scroll","background-type":"","background-media":"","overlay-type":"","overlay-color":"","overlay-opacity":"","overlay-gradient":""},"tablet":{"background-color":"var(--ast-global-color-5)","background-image":"","background-repeat":"repeat","background-position":"center center","background-size":"auto","background-attachment":"scroll","background-type":"","background-media":"","overlay-type":"","overlay-color":"","overlay-opacity":"","overlay-gradient":""},"mobile":{"background-color":"var(--ast-global-color-5)","background-image":"","background-repeat":"repeat","background-position":"center center","background-size":"auto","background-attachment":"scroll","background-type":"","background-media":"","overlay-type":"","overlay-color":"","overlay-opacity":"","overlay-gradient":""}}},"product_brand":[],"product_cat":[65,76,259,583],"product_tag":[445,1232,1230,148,1231],"class_list":{"0":"post-14297","1":"product","2":"type-product","3":"status-publish","4":"has-post-thumbnail","6":"product_cat-best-sellers","7":"product_cat-new-arrivels","8":"product_cat-lingerie","9":"product_cat-plus-size-underwear","10":"product_tag-bridal-bra","11":"product_tag-invisible-bra","12":"product_tag-non-slip-silicone-bra","13":"product_tag-one-piece","14":"product_tag-seamless-bra","15":"pa_color-black","16":"pa_color-skin","17":"pa_color-white","18":"pa_size-2xl","19":"pa_size-l","20":"pa_size-m","21":"pa_size-s","22":"pa_size-xl","23":"desktop-align-center","24":"tablet-align-left","25":"mobile-align-left","26":"ast-product-gallery-layout-horizontal-slider","27":"ast-product-single-variable","28":"ast-product-tabs-layout-horizontal","29":"ast-qv-on-image","31":"first","32":"instock","33":"shipping-taxable","34":"purchasable","35":"product-type-variable"},"tiered_pricing_type":"fixed","tiered_pricing_fixed_rules":{"5":2.5,"50":2.25,"100":2},"tiered_pricing_product_settings":{"layout":"default","base_unit_name":{"singular":null,"plural":null},"default_variation":null},"tiered_pricing_minimum_quantity":null,"tiered_pricing_roles_data":[],"tiered_pricing_percentage_rules":[],"_links":{"self":[{"href":"https:\/\/yume-silm.com\/it\/wp-json\/wp\/v2\/product\/14297","targetHints":{"allow":["GET"]}}],"collection":[{"href":"https:\/\/yume-silm.com\/it\/wp-json\/wp\/v2\/product"}],"about":[{"href":"https:\/\/yume-silm.com\/it\/wp-json\/wp\/v2\/types\/product"}],"replies":[{"embeddable":true,"href":"https:\/\/yume-silm.com\/it\/wp-json\/wp\/v2\/comments?post=14297"}],"wp:featuredmedia":[{"embeddable":true,"href":"https:\/\/yume-silm.com\/it\/wp-json\/wp\/v2\/media\/14313"}],"wp:attachment":[{"href":"https:\/\/yume-silm.com\/it\/wp-json\/wp\/v2\/media?parent=14297"}],"wp:term":[{"taxonomy":"product_brand","embeddable":true,"href":"https:\/\/yume-silm.com\/it\/wp-json\/wp\/v2\/product_brand?post=14297"},{"taxonomy":"product_cat","embeddable":true,"href":"https:\/\/yume-silm.com\/it\/wp-json\/wp\/v2\/product_cat?post=14297"},{"taxonomy":"product_tag","embeddable":true,"href":"https:\/\/yume-silm.com\/it\/wp-json\/wp\/v2\/product_tag?post=14297"}],"curies":[{"name":"wp","href":"https:\/\/api.w.org\/{rel}","templated":true}]}}