{"id":1943,"date":"2023-04-26T08:43:07","date_gmt":"2023-04-26T08:43:07","guid":{"rendered":"https:\/\/yume-silm.com\/?post_type=product&#038;p=1943"},"modified":"2024-12-10T09:37:03","modified_gmt":"2024-12-10T09:37:03","slug":"body-shaper-per-donna-slimming-tomba-control-shapewear","status":"publish","type":"product","link":"https:\/\/yume-silm.com\/it\/prodotto\/body-shaper-per-donna-slimming-tomba-control-shapewear\/","title":{"rendered":"Modellatore per tutto il corpo a busto aperto traspirante di grandi dimensioni all&#039;ingrosso"},"content":{"rendered":"<h5>Caratteristiche del progetto<\/h5>\n<ul>\n<li><strong>DESIGN ADATTABILE:<\/strong> Gli ampi spallacci del modellatore per tutto il corpo a busto aperto traspirante di grandi dimensioni possono distribuire uniformemente la forza e ottenere l&#039;effetto di ridurre la pressione sulle spalle. Naturalmente, il nostro corsetto modellante pi\u00f9 sottile per tutto il corpo \u00e8 dotato anche di spallacci staccabili e regolabili per un comfort su misura e versatile.<\/li>\n<li><strong>CORREZIONE DELLA POSTURA:<\/strong> La parte posteriore del body modellante pu\u00f2 anche essere stretta e compressa per aiutarti a raddrizzare la schiena, rendendoti complessivamente pi\u00f9 elegante e mostrando la tua meravigliosa figura curva a clessidra!<\/li>\n<li><strong>CONTROLLO ADDOMINALE:<\/strong> Il miglior body modellante a busto aperto \u00e8 progettato con una cerniera sull&#039;addome, che facilita una forte compressione e un&#039;elasticit\u00e0 moderata per aiutarti a chiudere delicatamente l&#039;addome sporgente, fornendo un aspetto addominale liscio e piatto.<\/li>\n<li data-slate-node=\"element\"><span data-slate-node=\"text\"><span class=\"00\" data-slate-leaf=\"true\"><strong>SOLLEVAMENTO DEI GLUTEI:<\/strong> Il nostro collaudato intimo modellante traspirante con ganci e cerniera per gli occhi \u00e8 sapientemente progettato per aiutare a sollevare e rassodare i glutei, rivelando un sedere lusinghiero.<\/span><\/span><\/li>\n<li data-slate-node=\"element\"><span class=\"\" data-slate-node=\"text\"><span class=\"21\" data-slate-leaf=\"true\"><span data-slate-string=\"true\"><strong>INTIMO SHAPEWEAR TAGLIE GRANDI:<\/strong> Il nostro modellatore per tutto il corpo da donna taglie forti tiene conto della tolleranza delle dimensioni e offre una variet\u00e0 di taglie dalla S alla 6XL tra cui scegliere. <\/span><\/span><\/span><span data-slate-node=\"text\"><span class=\"22\" data-slate-leaf=\"true\">Non importa in che forma sei adesso, puoi iniziare il tuo viaggio nel rimodellamento del corpo.<\/span><\/span><\/li>\n<li data-slate-node=\"element\"><span class=\"\" data-slate-node=\"text\"><span class=\"41\" data-slate-leaf=\"true\"><span data-slate-string=\"true\"><strong>DETTAGLI IN PIZZO:<\/strong> Dettagli in pizzo sono aggiunti alle cosce del busto aperto con controllo della pancia, che aggiunge un tocco di fascino alla moda e garantisce un&#039;esperienza antiscivolo.<\/span><\/span><\/span><\/li>\n<li data-slate-node=\"element\" data-slate-fragment=\"JTVCJTdCJTIydHlwZSUyMiUzQSUyMnBhcmFncmFwaCUyMiUyQyUyMmNoaWxkcmVuJTIyJTNBJTVCJTdCJTIydGV4dCUyMiUzQSUyMkxJRlQlMjBCVVRUT0NLUyUzQSUyME91ciUyMHRyaWVkLWFuZC10ZXN0ZWQlMjBicmVhdGhhYmxlJTIwc2hhcGV3ZWFyJTIwd2l0aCUyMGhvb2tzJTIwYW5kJTIwZXllcyUyMHppcHBlciUyMGlzJTIwZXhwZXJ0bHklMjBkZXNpZ25lZCUyMHRvJTIwaGVscCUyMGxpZnQlMjBhbmQlMjBmaXJtJTIweW91ciUyMGJ1dHRvY2tzJTJDJTIwcmV2ZWFsaW5nJTIwYSUyMGZsYXR0ZXJpbmclMjBidXR0LiUyMiUyQyUyMnNlbnRlbmNlJTIyJTNBMCUyQyUyMmNoaWxkU2VudGVuY2UlMjIlM0EwJTdEJTVEJTdEJTJDJTdCJTIydHlwZSUyMiUzQSUyMnBhcmFncmFwaCUyMiUyQyUyMmNoaWxkcmVuJTIyJTNBJTVCJTdCJTIydGV4dCUyMiUzQSUyMiUyMiUyQyUyMnNlbnRlbmNlJTIyJTNBMSUyQyUyMmNoaWxkU2VudGVuY2UlMjIlM0ExJTdEJTVEJTdEJTJDJTdCJTIydHlwZSUyMiUzQSUyMnBhcmFncmFwaCUyMiUyQyUyMmNoaWxkcmVuJTIyJTNBJTVCJTdCJTIydGV4dCUyMiUzQSUyMlBMVVMlMjBTSVpFJTIwU0hBUEVXRUFSJTIwVU5ERVJXRUFSJTNBJTIwT3VyJTIwd29tZW4lMjBwbHVzJTIwc2l6ZSUyMGZ1bGwlMjBib2R5JTIwc2hhcGVyJTIwdGFrZXMlMjBpbnRvJTIwYWNjb3VudCUyMHNpemUlMjB0b2xlcmFuY2UlMjBhbmQlMjBwcm92aWRlcyUyMGElMjB2YXJpZXR5JTIwb2YlMjBzaXplcyUyMGZyb20lMjBTLTZYTCUyMGZvciUyMHlvdSUyMHRvJTIwY2hvb3NlJTIwZnJvbS4lMjAlMjIlMkMlMjJzZW50ZW5jZSUyMiUzQTIlMkMlMjJjaGlsZFNlbnRlbmNlJTIyJTNBMSU3RCUyQyU3QiUyMnRleHQlMjIlM0ElMjJObyUyMG1hdHRlciUyMHdoYXQlMjBzaGFwZSUyMHlvdSUyMGFyZSUyMG5vdyUyQyUyMHlvdSUyMGNhbiUyMHN0YXJ0JTIweW91ciUyMGJvZHktc2hhcGluZyUyMGpvdXJuZXkuJTIyJTJDJTIyc2VudGVuY2UlMjIlM0EyJTJDJTIyY2hpbGRTZW50ZW5jZSUyMiUzQTIlN0QlNUQlN0QlMkMlN0IlMjJ0eXBlJTIyJTNBJTIycGFyYWdyYXBoJTIyJTJDJTIyY2hpbGRyZW4lMjIlM0ElNUIlN0IlMjJ0ZXh0JTIyJTNBJTIyJTIyJTJDJTIyc2VudGVuY2UlMjIlM0EzJTJDJTIyY2hpbGRTZW50ZW5jZSUyMiUzQTElN0QlNUQlN0QlMkMlN0IlMjJ0eXBlJTIyJTNBJTIycGFyYWdyYXBoJTIyJTJDJTIyY2hpbGRyZW4lMjIlM0ElNUIlN0IlMjJ0ZXh0JTIyJTNBJTIyTEFDRSUyMERFVEFJTFMlM0ElMjBMYWNlJTIwZGV0YWlscyUyMGFyZSUyMGFkZGVkJTIwdG8lMjB0aGUlMjB0aGlnaHMlMjBvZiUyMHRoZSUyMHR1bW15JTIwY29udHJvbCUyMG9wZW4lMjBidXN0JTIwc2hhcGV3ZWFyJTJDJTIwd2hpY2glMjBhZGRzJTIwYSUyMHRvdWNoJTIwb2YlMjBmYXNoaW9uJTIwY2hhcm0lMjBhbmQlMjBlbnN1cmVzJTIwYSUyMG5vbi1zbGlwJTIwZXhwZXJpZW5jZS4lMjIlMkMlMjJzZW50ZW5jZSUyMiUzQTQlMkMlMjJjaGlsZFNlbnRlbmNlJTIyJTNBMSU3RCU1RCU3RCUyQyU3QiUyMnR5cGUlMjIlM0ElMjJwYXJhZ3JhcGglMjIlMkMlMjJjaGlsZHJlbiUyMiUzQSU1QiU3QiUyMnRleHQlMjIlM0ElMjIlMjIlMkMlMjJzZW50ZW5jZSUyMiUzQTUlMkMlMjJjaGlsZFNlbnRlbmNlJTIyJTNBMSU3RCU1RCU3RCUyQyU3QiUyMnR5cGUlMjIlM0ElMjJwYXJhZ3JhcGglMjIlMkMlMjJjaGlsZHJlbiUyMiUzQSU1QiU3QiUyMnRleHQlMjIlM0ElMjJDT05WRU5JRU5DRSUyMEZJUlNUJTNBJTIwU2hhcGluZyUyMHVuZGVyd2VhciUyMGlzJTIwbWFkZSUyMG9mJTIwaGlnaC1xdWFsaXR5JTIwbWF0ZXJpYWxzJTJDJTIwbm90JTIwb25seSUyMGJyZWF0aGFibGUlMjBhbmQlMjBjb21mb3J0YWJsZSUyMGZvciUyMHRoZSUyMHdob2xlJTIwYm9keS4lMjAlMjIlMkMlMjJzZW50ZW5jZSUyMiUzQTYlMkMlMjJjaGlsZFNlbnRlbmNlJTIyJTNBMSU3RCUyQyU3QiUyMnRleHQlMjIlM0ElMjJBbmQlMjBpdCUyMGFkb3B0cyUyMGFuJTIwb3BlbiUyMGdlYXIlMjBkZXNpZ24lMjBpbiUyMHRoZSUyMGNyb3RjaCUyQyUyMG1ha2luZyUyMGl0JTIwZWFzaWVyJTIwdG8lMjBnbyUyMHRvJTIwdGhlJTIwdG9pbGV0LiUyMiUyQyUyMnNlbnRlbmNlJTIyJTNBNiUyQyUyMmNoaWxkU2VudGVuY2UlMjIlM0EyJTdEJTVEJTdEJTVE\"><span data-slate-node=\"text\"><span class=\"61\" data-slate-leaf=\"true\"><strong>LA CONVENIENZA PRIMA DI TUTTO:<\/strong> La biancheria intima modellante \u00e8 realizzata con materiali di alta qualit\u00e0, non solo traspiranti e confortevoli per tutto il corpo. <\/span><\/span><span data-slate-node=\"text\"><span class=\"62\" data-slate-leaf=\"true\">E adotta un design a ingranaggi aperti sul cavallo, rendendo pi\u00f9 facile andare in bagno.<\/span><\/span><\/li>\n<\/ul>\n<h6><em>Busto aperto per donna, modellante modellante per il controllo della pancia, taglie forti<\/em><\/h6>\n<ul>\n<li>Il nostro modellante per tutto il corpo a busto aperto traspirante di grandi dimensioni \u00e8 molto pi\u00f9 di un semplice intimo modellante; \u00e8 una rivoluzione nel comfort e nello stile.<\/li>\n<li>Ideale per i grossisti che cercano qualit\u00e0 e innovazione, questo prodotto promette personalizzazione, consegna rapida e un&#039;ampia gamma di taglie. Tuffati nel mondo della vendita all&#039;ingrosso e ridefinisci il tuo inventario con questo pezzo imperdibile. Ordina adesso!<\/li>\n<\/ul>","protected":false},"excerpt":{"rendered":"<ul>\n<li>Scopri la magia del nostro modellatore traspirante di grandi dimensioni a seno scoperto per un controllo ottimale della pancia.<\/li>\n<li>Realizzato con tessuti traspiranti, offre un&#039;elevata compressione senza compromettere il comfort.<\/li>\n<li>Immergiti in un mondo in cui la moda incontra la funzionalit\u00e0 e abbraccia le tue curve come mai prima d&#039;ora.<\/li>\n<\/ul>","protected":false},"featured_media":1947,"comment_status":"open","ping_status":"closed","template":"","meta":{"site-sidebar-layout":"default","site-content-layout":"default","ast-site-content-layout":"default","site-content-style":"default","site-sidebar-style":"default","ast-global-header-display":"","ast-banner-title-visibility":"","ast-main-header-display":"","ast-hfb-above-header-display":"","ast-hfb-below-header-display":"","ast-hfb-mobile-header-display":"","site-post-title":"","ast-breadcrumbs-content":"","ast-featured-img":"","footer-sml-layout":"","ast-disable-related-posts":"","theme-transparent-header-meta":"default","adv-header-id-meta":"","stick-header-meta":"default","header-above-stick-meta":"","header-main-stick-meta":"","header-below-stick-meta":"","astra-migrate-meta-layouts":"set","ast-page-background-enabled":"default","ast-page-background-meta":{"desktop":{"background-color":"","background-image":"","background-repeat":"repeat","background-position":"center center","background-size":"auto","background-attachment":"scroll","background-type":"","background-media":"","overlay-type":"","overlay-color":"","overlay-opacity":"","overlay-gradient":""},"tablet":{"background-color":"","background-image":"","background-repeat":"repeat","background-position":"center center","background-size":"auto","background-attachment":"scroll","background-type":"","background-media":"","overlay-type":"","overlay-color":"","overlay-opacity":"","overlay-gradient":""},"mobile":{"background-color":"","background-image":"","background-repeat":"repeat","background-position":"center center","background-size":"auto","background-attachment":"scroll","background-type":"","background-media":"","overlay-type":"","overlay-color":"","overlay-opacity":"","overlay-gradient":""}},"ast-content-background-meta":{"desktop":{"background-color":"var(--ast-global-color-5)","background-image":"","background-repeat":"repeat","background-position":"center center","background-size":"auto","background-attachment":"scroll","background-type":"","background-media":"","overlay-type":"","overlay-color":"","overlay-opacity":"","overlay-gradient":""},"tablet":{"background-color":"var(--ast-global-color-5)","background-image":"","background-repeat":"repeat","background-position":"center center","background-size":"auto","background-attachment":"scroll","background-type":"","background-media":"","overlay-type":"","overlay-color":"","overlay-opacity":"","overlay-gradient":""},"mobile":{"background-color":"var(--ast-global-color-5)","background-image":"","background-repeat":"repeat","background-position":"center center","background-size":"auto","background-attachment":"scroll","background-type":"","background-media":"","overlay-type":"","overlay-color":"","overlay-opacity":"","overlay-gradient":""}}},"product_brand":[],"product_cat":[65,76,77,1092],"product_tag":[137,141,134],"class_list":{"0":"post-1943","1":"product","2":"type-product","3":"status-publish","4":"has-post-thumbnail","6":"product_cat-best-sellers","7":"product_cat-new-arrivels","8":"product_cat-wholesale-womens-shapewear","9":"product_cat-plus-size-shapewear","10":"product_tag-butt-lift","11":"product_tag-plus-size","12":"product_tag-tummy-tucker","13":"pa_color-beige","14":"pa_color-black","15":"pa_size-4xl","16":"pa_size-5xl","17":"pa_size-6xl","18":"pa_size-l","19":"pa_size-m","20":"pa_size-s","21":"pa_size-xl","22":"pa_size-xxl","23":"pa_size-xxxl","24":"desktop-align-center","25":"tablet-align-left","26":"mobile-align-left","27":"ast-product-gallery-layout-horizontal-slider","28":"ast-product-single-variable","29":"ast-product-tabs-layout-horizontal","30":"ast-qv-on-image","32":"first","33":"instock","34":"sale","35":"shipping-taxable","36":"purchasable","37":"product-type-variable"},"tiered_pricing_type":"fixed","tiered_pricing_fixed_rules":{"5":12,"50":10.5,"100":9.5},"tiered_pricing_product_settings":{"layout":"default","base_unit_name":{"singular":null,"plural":null},"default_variation":{}},"tiered_pricing_minimum_quantity":null,"tiered_pricing_roles_data":[],"tiered_pricing_percentage_rules":[],"_links":{"self":[{"href":"https:\/\/yume-silm.com\/it\/wp-json\/wp\/v2\/product\/1943","targetHints":{"allow":["GET"]}}],"collection":[{"href":"https:\/\/yume-silm.com\/it\/wp-json\/wp\/v2\/product"}],"about":[{"href":"https:\/\/yume-silm.com\/it\/wp-json\/wp\/v2\/types\/product"}],"replies":[{"embeddable":true,"href":"https:\/\/yume-silm.com\/it\/wp-json\/wp\/v2\/comments?post=1943"}],"wp:featuredmedia":[{"embeddable":true,"href":"https:\/\/yume-silm.com\/it\/wp-json\/wp\/v2\/media\/1947"}],"wp:attachment":[{"href":"https:\/\/yume-silm.com\/it\/wp-json\/wp\/v2\/media?parent=1943"}],"wp:term":[{"taxonomy":"product_brand","embeddable":true,"href":"https:\/\/yume-silm.com\/it\/wp-json\/wp\/v2\/product_brand?post=1943"},{"taxonomy":"product_cat","embeddable":true,"href":"https:\/\/yume-silm.com\/it\/wp-json\/wp\/v2\/product_cat?post=1943"},{"taxonomy":"product_tag","embeddable":true,"href":"https:\/\/yume-silm.com\/it\/wp-json\/wp\/v2\/product_tag?post=1943"}],"curies":[{"name":"wp","href":"https:\/\/api.w.org\/{rel}","templated":true}]}}