{"id":1970,"date":"2023-04-28T08:24:33","date_gmt":"2023-04-28T08:24:33","guid":{"rendered":"https:\/\/yume-silm.com\/?post_type=product&#038;p=1970"},"modified":"2025-09-13T01:23:15","modified_gmt":"2025-09-13T01:23:15","slug":"pancia-controllo-compressione-indossatori-sottilissimi-ma-livellanti-shaper","status":"publish","type":"product","link":"https:\/\/yume-silm.com\/it\/prodotto\/pancia-controllo-compressione-indossatori-sottilissimi-ma-livellanti-shaper\/","title":{"rendered":"Pantaloncini a vita alta con sollevamento coscia taglie forti all&#039;ingrosso"},"content":{"rendered":"<h5>Caratteristiche del progetto<\/h5>\n<ul>\n<li><strong>GRANDI FORMATI:<\/strong> Our plus size high-waisted thigh-lift shorts with removable slender shoulder straps are available in a variety of sizes from S to 6XL to meet your unique size needs.<\/li>\n<li><strong>TRACOLLA REMOVIBILE:<\/strong> Il corsetto modellante taglie forti \u00e8 dotato di spallacci staccabili e regolabili, che offrono esigenze di indossamento diversificate. Puoi indossarlo da solo senza spalline o utilizzare pantaloncini modellanti a vita alta con spalline per darti un controllo addominale stretto.<\/li>\n<li><strong>CONTROLLO DELLA PANCIA A VITA ALTA:<\/strong> La faja per il controllo della pancia del sollevatore di testa modellante per il corpo a vita alta taglie forti modeller\u00e0 delicatamente la tua pancia fornendo una compressione potente, fornendo un aspetto liscio e piatto della pancia.<\/li>\n<li><strong>DECORAZIONE IN PIZZO:<\/strong> I pantaloncini modellanti con cerniera laterale a vita alta aggiungono dettagli in pizzo, facendoti sentire non pi\u00f9 monotono ma pi\u00f9 attraente. Il design in pizzo sulla coscia aggiunge un tocco di moda e garantisce un&#039;esperienza antiscivolo.<\/li>\n<li><strong>LA CONVENIENZA PRIMA DI TUTTO:<\/strong> Abbiamo considerato il problema di essere scomodo da indossare e da togliere quando si viaggia all&#039;aperto, quindi questo modellante per le cosce a vita alta adotta un design con cavallo aperto, che \u00e8 molto comodo per andare in bagno.<\/li>\n<li><strong>GLUTEI ALLA PESCA:<\/strong> Il design dei glutei dei pantaloncini modellanti per il sollevamento del sedere \u00e8 molto comodo da indossare. Non solo pu\u00f2 sollevare e stringere i glutei, mostrando un contorno lusinghiero; pu\u00f2 anche ottenere la sensazione confortevole portata dalla respirazione della pelle dei glutei.<\/li>\n<\/ul>\n<h6><em>Abdominal control high waist plus size high-waisted thigh-lift shorts side zipper design for women<\/em><\/h6>\n<ul>\n<li>Our plus size high-waisted thigh-lift shorts with removable slender shoulder straps; are a revolution in comfort and style.<\/li>\n<li>Ideale per i grossisti che cercano qualit\u00e0 e innovazione, questo body contenitivo modella le brevi promesse di personalizzazione, consegna rapida e un&#039;ampia gamma di taglie. Tuffati nel mondo della vendita all&#039;ingrosso e ridefinisci il tuo inventario con questo pezzo imperdibile. Ordina adesso!<\/li>\n<\/ul>","protected":false},"excerpt":{"rendered":"<ul>\n<li>Experience the magic of our plus size high-waisted thigh-lift shorts with removable slender shoulder straps.<\/li>\n<li>Realizzato con tessuti traspiranti, offre un&#039;elevata compressione senza compromettere il comfort.<\/li>\n<li>Immergiti in un mondo in cui la moda incontra la funzionalit\u00e0 e abbraccia le tue curve come mai prima d&#039;ora.<\/li>\n<\/ul>","protected":false},"featured_media":1972,"comment_status":"open","ping_status":"closed","template":"","meta":{"site-sidebar-layout":"default","site-content-layout":"default","ast-site-content-layout":"default","site-content-style":"default","site-sidebar-style":"default","ast-global-header-display":"","ast-banner-title-visibility":"","ast-main-header-display":"","ast-hfb-above-header-display":"","ast-hfb-below-header-display":"","ast-hfb-mobile-header-display":"","site-post-title":"","ast-breadcrumbs-content":"","ast-featured-img":"","footer-sml-layout":"","ast-disable-related-posts":"","theme-transparent-header-meta":"default","adv-header-id-meta":"","stick-header-meta":"default","header-above-stick-meta":"","header-main-stick-meta":"","header-below-stick-meta":"","astra-migrate-meta-layouts":"set","ast-page-background-enabled":"default","ast-page-background-meta":{"desktop":{"background-color":"","background-image":"","background-repeat":"repeat","background-position":"center center","background-size":"auto","background-attachment":"scroll","background-type":"","background-media":"","overlay-type":"","overlay-color":"","overlay-opacity":"","overlay-gradient":""},"tablet":{"background-color":"","background-image":"","background-repeat":"repeat","background-position":"center center","background-size":"auto","background-attachment":"scroll","background-type":"","background-media":"","overlay-type":"","overlay-color":"","overlay-opacity":"","overlay-gradient":""},"mobile":{"background-color":"","background-image":"","background-repeat":"repeat","background-position":"center center","background-size":"auto","background-attachment":"scroll","background-type":"","background-media":"","overlay-type":"","overlay-color":"","overlay-opacity":"","overlay-gradient":""}},"ast-content-background-meta":{"desktop":{"background-color":"var(--ast-global-color-5)","background-image":"","background-repeat":"repeat","background-position":"center center","background-size":"auto","background-attachment":"scroll","background-type":"","background-media":"","overlay-type":"","overlay-color":"","overlay-opacity":"","overlay-gradient":""},"tablet":{"background-color":"var(--ast-global-color-5)","background-image":"","background-repeat":"repeat","background-position":"center center","background-size":"auto","background-attachment":"scroll","background-type":"","background-media":"","overlay-type":"","overlay-color":"","overlay-opacity":"","overlay-gradient":""},"mobile":{"background-color":"var(--ast-global-color-5)","background-image":"","background-repeat":"repeat","background-position":"center center","background-size":"auto","background-attachment":"scroll","background-type":"","background-media":"","overlay-type":"","overlay-color":"","overlay-opacity":"","overlay-gradient":""}}},"product_brand":[],"product_cat":[65,76,77,1092,80],"product_tag":[137,139,134],"class_list":{"0":"post-1970","1":"product","2":"type-product","3":"status-publish","4":"has-post-thumbnail","6":"product_cat-best-sellers","7":"product_cat-new-arrivels","8":"product_cat-wholesale-womens-shapewear","9":"product_cat-plus-size-shapewear","10":"product_cat-wholesale-butt-lift-underwear","11":"product_tag-butt-lift","12":"product_tag-high-waist","13":"product_tag-tummy-tucker","14":"pa_color-beige","15":"pa_color-black","16":"pa_size-4xl","17":"pa_size-5xl","18":"pa_size-6xl","19":"pa_size-l","20":"pa_size-m","21":"pa_size-s","22":"pa_size-xl","23":"pa_size-xxl","24":"pa_size-xxxl","25":"desktop-align-center","26":"tablet-align-left","27":"mobile-align-left","28":"ast-product-gallery-layout-horizontal-slider","29":"ast-product-single-variable","30":"ast-product-tabs-layout-horizontal","31":"ast-qv-on-image","33":"first","34":"instock","35":"sale","36":"shipping-taxable","37":"purchasable","38":"product-type-variable"},"tiered_pricing_type":"fixed","tiered_pricing_fixed_rules":{"5":11.52,"50":10.5,"100":9.6},"tiered_pricing_product_settings":{"layout":"default","base_unit_name":{"singular":null,"plural":null},"default_variation":{}},"tiered_pricing_minimum_quantity":null,"tiered_pricing_roles_data":[],"tiered_pricing_percentage_rules":[],"_links":{"self":[{"href":"https:\/\/yume-silm.com\/it\/wp-json\/wp\/v2\/product\/1970","targetHints":{"allow":["GET"]}}],"collection":[{"href":"https:\/\/yume-silm.com\/it\/wp-json\/wp\/v2\/product"}],"about":[{"href":"https:\/\/yume-silm.com\/it\/wp-json\/wp\/v2\/types\/product"}],"replies":[{"embeddable":true,"href":"https:\/\/yume-silm.com\/it\/wp-json\/wp\/v2\/comments?post=1970"}],"wp:featuredmedia":[{"embeddable":true,"href":"https:\/\/yume-silm.com\/it\/wp-json\/wp\/v2\/media\/1972"}],"wp:attachment":[{"href":"https:\/\/yume-silm.com\/it\/wp-json\/wp\/v2\/media?parent=1970"}],"wp:term":[{"taxonomy":"product_brand","embeddable":true,"href":"https:\/\/yume-silm.com\/it\/wp-json\/wp\/v2\/product_brand?post=1970"},{"taxonomy":"product_cat","embeddable":true,"href":"https:\/\/yume-silm.com\/it\/wp-json\/wp\/v2\/product_cat?post=1970"},{"taxonomy":"product_tag","embeddable":true,"href":"https:\/\/yume-silm.com\/it\/wp-json\/wp\/v2\/product_tag?post=1970"}],"curies":[{"name":"wp","href":"https:\/\/api.w.org\/{rel}","templated":true}]}}