{"id":2031,"date":"2023-05-06T07:47:38","date_gmt":"2023-05-06T07:47:38","guid":{"rendered":"https:\/\/yume-silm.com\/?post_type=product&#038;p=2031"},"modified":"2025-09-13T01:23:11","modified_gmt":"2025-09-13T01:23:11","slug":"abbigliamento-modellante-per-donne-plus-size-body-con-controllo-della-pancia-e-delle-cosce","status":"publish","type":"product","link":"https:\/\/yume-silm.com\/it\/prodotto\/abbigliamento-modellante-per-donne-plus-size-body-con-controllo-della-pancia-e-delle-cosce\/","title":{"rendered":"Intimo modellante per body coscia e controllo pancia taglie forti all&#039;ingrosso"},"content":{"rendered":"<h5>Caratteristiche del progetto<\/h5>\n<ul>\n<li><strong>ADATTO AI WC:<\/strong> Puoi vedere che questi pantaloncini taglie forti a forma di coscia per il controllo della pancia hanno un design con cavallo aperto, che rende facile andare in bagno senza dover togliere l&#039;intero intimo modellante. Risolve il tuo imbarazzo quando viaggi.<\/li>\n<li><strong>PERSONALIZZATO:<\/strong> Con taglie pi\u00f9 grandi e tre file di chiusure a strappo nella posizione dello stomaco per una vestibilit\u00e0 personalizzata, il nostro body modellante per cosce con controllo della pancia taglie forti \u00e8 progettato per adattarsi alla forma unica del tuo corpo. Assicurati di ottenere la forma giusta al posto giusto, ad esempio sollevando l&#039;anca e riempiendo il seno, nonch\u00e9 modellando le cosce e persino il controllo della pancia.<\/li>\n<li><strong>SOLLEVAMENTO DELL&#039;anca:<\/strong> La nostra biancheria intima modellante da donna taglie forti solleva e rassoda i fianchi per un look pi\u00f9 completo. Naturalmente anche i glutei sono traspiranti, cos\u00ec ti sentirai pi\u00f9 a tuo agio e sentirai la pelle respirare in ogni momento.<\/li>\n<li><strong>ALTA QUALIT\u00c0 E COMFORT:<\/strong> Questo corsetto modellante pi\u00f9 sottile per tutto il corpo \u00e8 realizzato in materiale di alta qualit\u00e0, una miscela di nylon e spandex, che non solo \u00e8 delicato sulla pelle e leggero, ma ha anche evidente elasticit\u00e0 e durata per un uso duraturo.<\/li>\n<li><strong>COMBINAZIONE PERFETTA DI MODA E FUNZIONE:<\/strong> Mentre questo body modellante taglie forti per il controllo della pancia snellisce e modella il tuo corpo, gli eleganti dettagli in pizzo aggiungono un tocco di stile per assicurarti di avere un bell&#039;aspetto come ti senti quando lo indossi.<\/li>\n<\/ul>\n<h6><em>I pantaloncini body modellanti per il controllo della pancia con cerniera possono aprirsi senza cavallo per le donne<\/em><\/h6>\n<ul>\n<li>Il nostro body modellante per cosce e controllo della pancia taglie forti incarna la funzionalit\u00e0 delle riunioni di moda.<\/li>\n<li>Questi pantaloncini sagomati sono un must per i grossisti che desiderano offrire qualit\u00e0, stile e innovazione.<\/li>\n<li>Con opzioni di personalizzazione, una gamma di dimensioni e la promessa di una consegna rapida, \u00e8 tempo di aumentare il tuo inventario.<\/li>\n<li>Tuffati nel mondo della vendita all&#039;ingrosso con questo pezzo straordinario. Ordina oggi!<\/li>\n<\/ul>","protected":false},"excerpt":{"rendered":"<p>Svela il fascino del nostro body modellante per cosce e controllo della pancia taglie forti. Realizzato in spandex e nylon di alta qualit\u00e0, offre una compressione impeccabile. Eleva le tue curve, snellisci le cosce e abbraccia una silhouette che parla sicurezza ed eleganza.<\/p>","protected":false},"featured_media":2032,"comment_status":"open","ping_status":"closed","template":"","meta":{"site-sidebar-layout":"default","site-content-layout":"default","ast-site-content-layout":"default","site-content-style":"default","site-sidebar-style":"default","ast-global-header-display":"","ast-banner-title-visibility":"","ast-main-header-display":"","ast-hfb-above-header-display":"","ast-hfb-below-header-display":"","ast-hfb-mobile-header-display":"","site-post-title":"","ast-breadcrumbs-content":"","ast-featured-img":"","footer-sml-layout":"","ast-disable-related-posts":"","theme-transparent-header-meta":"default","adv-header-id-meta":"","stick-header-meta":"default","header-above-stick-meta":"","header-main-stick-meta":"","header-below-stick-meta":"","astra-migrate-meta-layouts":"set","ast-page-background-enabled":"default","ast-page-background-meta":{"desktop":{"background-color":"","background-image":"","background-repeat":"repeat","background-position":"center center","background-size":"auto","background-attachment":"scroll","background-type":"","background-media":"","overlay-type":"","overlay-color":"","overlay-opacity":"","overlay-gradient":""},"tablet":{"background-color":"","background-image":"","background-repeat":"repeat","background-position":"center center","background-size":"auto","background-attachment":"scroll","background-type":"","background-media":"","overlay-type":"","overlay-color":"","overlay-opacity":"","overlay-gradient":""},"mobile":{"background-color":"","background-image":"","background-repeat":"repeat","background-position":"center center","background-size":"auto","background-attachment":"scroll","background-type":"","background-media":"","overlay-type":"","overlay-color":"","overlay-opacity":"","overlay-gradient":""}},"ast-content-background-meta":{"desktop":{"background-color":"var(--ast-global-color-5)","background-image":"","background-repeat":"repeat","background-position":"center center","background-size":"auto","background-attachment":"scroll","background-type":"","background-media":"","overlay-type":"","overlay-color":"","overlay-opacity":"","overlay-gradient":""},"tablet":{"background-color":"var(--ast-global-color-5)","background-image":"","background-repeat":"repeat","background-position":"center center","background-size":"auto","background-attachment":"scroll","background-type":"","background-media":"","overlay-type":"","overlay-color":"","overlay-opacity":"","overlay-gradient":""},"mobile":{"background-color":"var(--ast-global-color-5)","background-image":"","background-repeat":"repeat","background-position":"center center","background-size":"auto","background-attachment":"scroll","background-type":"","background-media":"","overlay-type":"","overlay-color":"","overlay-opacity":"","overlay-gradient":""}}},"product_brand":[],"product_cat":[65,77,1092,78],"product_tag":[135,137,141,154],"class_list":{"0":"post-2031","1":"product","2":"type-product","3":"status-publish","4":"has-post-thumbnail","6":"product_cat-best-sellers","7":"product_cat-wholesale-womens-shapewear","8":"product_cat-plus-size-shapewear","9":"product_cat-wholesale-full-body-shaper","10":"product_tag-all-in-one","11":"product_tag-butt-lift","12":"product_tag-plus-size","13":"product_tag-with-hooks","14":"pa_color-beige","15":"pa_color-black","16":"pa_size-4xl","17":"pa_size-5xl","18":"pa_size-6xl","19":"pa_size-l","20":"pa_size-m","21":"pa_size-s","22":"pa_size-xl","23":"pa_size-xxl","24":"pa_size-xxxl","25":"desktop-align-center","26":"tablet-align-left","27":"mobile-align-left","28":"ast-product-gallery-layout-horizontal-slider","29":"ast-product-single-variable","30":"ast-product-tabs-layout-horizontal","31":"ast-qv-on-image","33":"first","34":"instock","35":"shipping-taxable","36":"purchasable","37":"product-type-variable"},"tiered_pricing_type":"fixed","tiered_pricing_fixed_rules":{"10":13.74,"50":13.06,"100":12.39},"tiered_pricing_product_settings":{"layout":"default","base_unit_name":{"singular":null,"plural":null},"default_variation":{}},"tiered_pricing_minimum_quantity":null,"tiered_pricing_roles_data":[],"tiered_pricing_percentage_rules":[],"_links":{"self":[{"href":"https:\/\/yume-silm.com\/it\/wp-json\/wp\/v2\/product\/2031","targetHints":{"allow":["GET"]}}],"collection":[{"href":"https:\/\/yume-silm.com\/it\/wp-json\/wp\/v2\/product"}],"about":[{"href":"https:\/\/yume-silm.com\/it\/wp-json\/wp\/v2\/types\/product"}],"replies":[{"embeddable":true,"href":"https:\/\/yume-silm.com\/it\/wp-json\/wp\/v2\/comments?post=2031"}],"wp:featuredmedia":[{"embeddable":true,"href":"https:\/\/yume-silm.com\/it\/wp-json\/wp\/v2\/media\/2032"}],"wp:attachment":[{"href":"https:\/\/yume-silm.com\/it\/wp-json\/wp\/v2\/media?parent=2031"}],"wp:term":[{"taxonomy":"product_brand","embeddable":true,"href":"https:\/\/yume-silm.com\/it\/wp-json\/wp\/v2\/product_brand?post=2031"},{"taxonomy":"product_cat","embeddable":true,"href":"https:\/\/yume-silm.com\/it\/wp-json\/wp\/v2\/product_cat?post=2031"},{"taxonomy":"product_tag","embeddable":true,"href":"https:\/\/yume-silm.com\/it\/wp-json\/wp\/v2\/product_tag?post=2031"}],"curies":[{"name":"wp","href":"https:\/\/api.w.org\/{rel}","templated":true}]}}