{"id":2069,"date":"2023-05-06T08:29:45","date_gmt":"2023-05-06T08:29:45","guid":{"rendered":"https:\/\/yume-silm.com\/?post_type=product&#038;p=2069"},"modified":"2025-06-06T05:48:09","modified_gmt":"2025-06-06T05:48:09","slug":"tuta-da-uomo-sauna-camicia-per-il-body-shaper-fitness","status":"publish","type":"product","link":"https:\/\/yume-silm.com\/it\/prodotto\/tuta-da-uomo-sauna-camicia-per-il-body-shaper-fitness\/","title":{"rendered":"Maglia da sauna dimagrante da uomo all&#039;ingrosso in neoprene"},"content":{"rendered":"<h5>Caratteristiche del progetto<\/h5>\n<ul>\n<li><strong>VANTAGGIO DELL&#039;ELEVATA ELASTICIT\u00c0:<\/strong> L&#039;elasticit\u00e0 della tuta da sauna modellante per il corpo del gilet da uomo consente una gamma pi\u00f9 ampia di movimenti senza sentirsi costretto e pu\u00f2 adattarsi ad ogni tuo movimento.<\/li>\n<li><strong>MOLTEPLICI OPZIONI DI COLORE:<\/strong> Le nostre magliette da sauna da uomo sono disponibili in blu e argento per soddisfare le tue preferenze di stile personali.<\/li>\n<li><strong>TRASPIRAZIONE DELL&#039;UMIDIT\u00c0 E SUDORAZIONE:<\/strong> Tuta da sauna da uomo a maniche corte in neoprene di alta qualit\u00e0, nessun odore sgradevole, pu\u00f2 essere utilizzata pi\u00f9 volte. Le caratteristiche della parte superiore della sauna, palestra, esercizio fisico, non deformazione, morbidezza, ultraleggera, asciugatura rapida, salutare, assorbimento dell&#039;umidit\u00e0, ecc. sono evidenti, con una buona durata e un comfort delicato sulla pelle.<\/li>\n<li><strong>COMPAGNO PERFETTO PER IL FITNESS:<\/strong> La maglietta slim fit per sauna copre perfettamente lo stomaco e il petto, e la forte compressione della canotta per sauna ti far\u00e0 sembrare pi\u00f9 stretto e pi\u00f9 formoso nel complesso. Allo stesso tempo, fornisce supporto alla schiena e migliora gradualmente la postura durante l&#039;allenamento, rendendoti pi\u00f9 energico e attraente.<\/li>\n<li>Le canotte da sauna fitness da uomo sono perfette da indossare durante gli allenamenti, lo yoga, il fitness, la corsa e anche il tempo libero e il lavoro. Allo stesso tempo, puoi abbinarli a una dieta sensata e all&#039;esercizio fisico per sentirti pi\u00f9 sano!<\/li>\n<\/ul>\n<h6><em>Canottiera da uomo per sauna a compressione, canotta per allenamento atletico brucia grassi<\/em><\/h6>\n<p>La nostra tuta da sauna da uomo modellante per il sudore \u00e8 la miscela perfetta di moda e funzionalit\u00e0. Per i grossisti che desiderano offrire soluzioni fitness innovative, questo gilet da sauna dimagrante in neoprene da uomo si distingue per le sue caratteristiche e vantaggi unici. Con opzioni di personalizzazione, una gamma di dimensioni e la promessa di consegna rapida, \u00e8 un must da aggiungere al tuo inventario. Tuffati nel mondo della vendita all&#039;ingrosso con questo pezzo eccezionale. Ordina oggi!<\/p>","protected":false},"excerpt":{"rendered":"<p>Migliora il tuo gioco di fitness con la nostra maglia da sauna dimagrante da uomo in neoprene. Progettata per intrappolare il calore e aumentare la temperatura interna, questa canotta modellante per la perdita di peso favorisce la sudorazione, favorendo l&#039;eliminazione delle tossine e la perdita di peso temporanea. Tuffati in un&#039;esperienza di allenamento efficace e confortevole.<\/p>","protected":false},"featured_media":2073,"comment_status":"open","ping_status":"closed","template":"","meta":{"site-sidebar-layout":"default","site-content-layout":"default","ast-site-content-layout":"default","site-content-style":"default","site-sidebar-style":"default","ast-global-header-display":"","ast-banner-title-visibility":"","ast-main-header-display":"","ast-hfb-above-header-display":"","ast-hfb-below-header-display":"","ast-hfb-mobile-header-display":"","site-post-title":"","ast-breadcrumbs-content":"","ast-featured-img":"","footer-sml-layout":"","ast-disable-related-posts":"","theme-transparent-header-meta":"default","adv-header-id-meta":"","stick-header-meta":"default","header-above-stick-meta":"","header-main-stick-meta":"","header-below-stick-meta":"","astra-migrate-meta-layouts":"set","ast-page-background-enabled":"default","ast-page-background-meta":{"desktop":{"background-color":"","background-image":"","background-repeat":"repeat","background-position":"center center","background-size":"auto","background-attachment":"scroll","background-type":"","background-media":"","overlay-type":"","overlay-color":"","overlay-opacity":"","overlay-gradient":""},"tablet":{"background-color":"","background-image":"","background-repeat":"repeat","background-position":"center center","background-size":"auto","background-attachment":"scroll","background-type":"","background-media":"","overlay-type":"","overlay-color":"","overlay-opacity":"","overlay-gradient":""},"mobile":{"background-color":"","background-image":"","background-repeat":"repeat","background-position":"center center","background-size":"auto","background-attachment":"scroll","background-type":"","background-media":"","overlay-type":"","overlay-color":"","overlay-opacity":"","overlay-gradient":""}},"ast-content-background-meta":{"desktop":{"background-color":"var(--ast-global-color-5)","background-image":"","background-repeat":"repeat","background-position":"center center","background-size":"auto","background-attachment":"scroll","background-type":"","background-media":"","overlay-type":"","overlay-color":"","overlay-opacity":"","overlay-gradient":""},"tablet":{"background-color":"var(--ast-global-color-5)","background-image":"","background-repeat":"repeat","background-position":"center center","background-size":"auto","background-attachment":"scroll","background-type":"","background-media":"","overlay-type":"","overlay-color":"","overlay-opacity":"","overlay-gradient":""},"mobile":{"background-color":"var(--ast-global-color-5)","background-image":"","background-repeat":"repeat","background-position":"center center","background-size":"auto","background-attachment":"scroll","background-type":"","background-media":"","overlay-type":"","overlay-color":"","overlay-opacity":"","overlay-gradient":""}}},"product_brand":[],"product_cat":[97,100],"product_tag":[169,141,167,166,185,184],"class_list":{"0":"post-2069","1":"product","2":"type-product","3":"status-publish","4":"has-post-thumbnail","6":"product_cat-sauna-suit","7":"product_cat-sauna-tops","8":"product_tag-fitness-shirt","9":"product_tag-plus-size","10":"product_tag-sauna-suit","11":"product_tag-sauna-vest","12":"product_tag-workout","13":"product_tag-zipper","14":"pa_color-blue","15":"pa_color-sliver","16":"pa_size-2xl-3xl","17":"pa_size-4xl-5xl","18":"pa_size-l-xl","19":"pa_size-s-m","20":"desktop-align-center","21":"tablet-align-left","22":"mobile-align-left","23":"ast-product-gallery-layout-horizontal-slider","24":"ast-product-single-variable","25":"ast-product-tabs-layout-horizontal","26":"ast-qv-on-image","28":"first","29":"instock","30":"shipping-taxable","31":"purchasable","32":"product-type-variable"},"tiered_pricing_type":"fixed","tiered_pricing_fixed_rules":{"10":4.2,"50":4,"300":3.8},"tiered_pricing_product_settings":{"layout":"default","base_unit_name":{"singular":null,"plural":null},"default_variation":{}},"tiered_pricing_minimum_quantity":null,"tiered_pricing_roles_data":[],"tiered_pricing_percentage_rules":[],"_links":{"self":[{"href":"https:\/\/yume-silm.com\/it\/wp-json\/wp\/v2\/product\/2069","targetHints":{"allow":["GET"]}}],"collection":[{"href":"https:\/\/yume-silm.com\/it\/wp-json\/wp\/v2\/product"}],"about":[{"href":"https:\/\/yume-silm.com\/it\/wp-json\/wp\/v2\/types\/product"}],"replies":[{"embeddable":true,"href":"https:\/\/yume-silm.com\/it\/wp-json\/wp\/v2\/comments?post=2069"}],"wp:featuredmedia":[{"embeddable":true,"href":"https:\/\/yume-silm.com\/it\/wp-json\/wp\/v2\/media\/2073"}],"wp:attachment":[{"href":"https:\/\/yume-silm.com\/it\/wp-json\/wp\/v2\/media?parent=2069"}],"wp:term":[{"taxonomy":"product_brand","embeddable":true,"href":"https:\/\/yume-silm.com\/it\/wp-json\/wp\/v2\/product_brand?post=2069"},{"taxonomy":"product_cat","embeddable":true,"href":"https:\/\/yume-silm.com\/it\/wp-json\/wp\/v2\/product_cat?post=2069"},{"taxonomy":"product_tag","embeddable":true,"href":"https:\/\/yume-silm.com\/it\/wp-json\/wp\/v2\/product_tag?post=2069"}],"curies":[{"name":"wp","href":"https:\/\/api.w.org\/{rel}","templated":true}]}}