{"id":2076,"date":"2023-05-06T09:30:17","date_gmt":"2023-05-06T09:30:17","guid":{"rendered":"https:\/\/yume-silm.com\/?post_type=product&#038;p=2076"},"modified":"2024-05-20T05:25:38","modified_gmt":"2024-05-20T05:25:38","slug":"donne-abbassamento-tomba-controllo-corpo-tagliente-fajas-colombiane","status":"publish","type":"product","link":"https:\/\/yume-silm.com\/it\/prodotto\/donne-abbassamento-tomba-controllo-corpo-tagliente-fajas-colombiane\/","title":{"rendered":"Fajas colombiano, modellatore per il corpo, per il controllo della pancia, per il sollevamento del sedere da donna all&#039;ingrosso"},"content":{"rendered":"<h5>Caratteristiche del progetto<\/h5>\n<ul>\n<li><strong>MATERIALI DI ALTA QUALIT\u00c0:<\/strong> Questo shapewear per il controllo della pancia delle mutandine delle fajas colombianas \u00e8 realizzato in nylon e spandex, fornendo il perfetto equilibrio tra elasticit\u00e0, supporto e traspirabilit\u00e0. Sperimenta un comfort duraturo a contatto con la pelle.<\/li>\n<li><strong>FACILE DA INDOSSARE:<\/strong> Il body shaper invisibile delle mutandine colombiane per il sollevamento del sedere adotta un design a gancio a fila singola per renderlo pi\u00f9 facile da indossare e garantire un migliore effetto di modellatura del corpo. La vita alta del sollevatore di glutei da donna con cerniera allunga la linea del busto.<\/li>\n<li><strong>MIGLIORAMENTO DEL CALCIO:<\/strong> I pantaloncini modellanti da donna a vita alta per il controllo della pancia hanno un design unico che solleva e accentua i glutei, fornendo un aspetto naturalmente pi\u00f9 pieno e cesellato.<\/li>\n<li><strong>ADATTO AD OGNI OCCASIONE:<\/strong> Che si tratti della vita quotidiana, del lavoro, delle feste o di eventi speciali, questo modellatore per il controllo della pancia da donna pu\u00f2 essere abbinato a ogni outfit e occasione.<\/li>\n<li><strong>FORMA EFFICACE:<\/strong> Questa biancheria intima modellante per il sollevamento del sedere fornisce controllo della pancia e sollevamento del sedere, garantendo l&#039;assenza di grumi, protuberanze o protuberanze per una bella figura a clessidra.<\/li>\n<\/ul>\n<h6><em>Intimo da donna taglie forti per il sollevamento dei glutei per un migliore controllo della pancia addominale<\/em><\/h6>\n<ul>\n<li>Il nostro modellatore per il controllo della pancia da donna, sollevatore di glutei, \u00e8 l&#039;epitome di raffinatezza e funzionalit\u00e0.<\/li>\n<li>Per i grossisti che mirano a offrire prodotti di alto livello che uniscono qualit\u00e0 e stile, questo body shaper per l&#039;anca \u00e8 un must-have.<\/li>\n<li>Con opzioni di personalizzazione, una gamma di dimensioni e la promessa di una consegna rapida, \u00e8 tempo di migliorare la tua collezione. Tuffati nel mondo della vendita all&#039;ingrosso con questo pezzo straordinario. Ordina oggi!<\/li>\n<\/ul>","protected":false},"excerpt":{"rendered":"<p>Migliora la tua silhouette con il nostro modellante per il corpo con controllo della pancia, fajas colombiano, da donna. Realizzato meticolosamente in nylon e spandex, questo body shaper per l&#039;anca migliora le tue curve, offrendo una perfetta combinazione di comfort e stile. Immergiti in un&#039;esperienza trasformativa che ridefinisce l&#039;eleganza e la sicurezza.<\/p>","protected":false},"featured_media":2086,"comment_status":"open","ping_status":"closed","template":"","meta":{"site-sidebar-layout":"default","site-content-layout":"default","ast-site-content-layout":"default","site-content-style":"default","site-sidebar-style":"default","ast-global-header-display":"","ast-banner-title-visibility":"","ast-main-header-display":"","ast-hfb-above-header-display":"","ast-hfb-below-header-display":"","ast-hfb-mobile-header-display":"","site-post-title":"","ast-breadcrumbs-content":"","ast-featured-img":"","footer-sml-layout":"","ast-disable-related-posts":"","theme-transparent-header-meta":"default","adv-header-id-meta":"","stick-header-meta":"default","header-above-stick-meta":"","header-main-stick-meta":"","header-below-stick-meta":"","astra-migrate-meta-layouts":"set","ast-page-background-enabled":"default","ast-page-background-meta":{"desktop":{"background-color":"","background-image":"","background-repeat":"repeat","background-position":"center center","background-size":"auto","background-attachment":"scroll","background-type":"","background-media":"","overlay-type":"","overlay-color":"","overlay-opacity":"","overlay-gradient":""},"tablet":{"background-color":"","background-image":"","background-repeat":"repeat","background-position":"center center","background-size":"auto","background-attachment":"scroll","background-type":"","background-media":"","overlay-type":"","overlay-color":"","overlay-opacity":"","overlay-gradient":""},"mobile":{"background-color":"","background-image":"","background-repeat":"repeat","background-position":"center center","background-size":"auto","background-attachment":"scroll","background-type":"","background-media":"","overlay-type":"","overlay-color":"","overlay-opacity":"","overlay-gradient":""}},"ast-content-background-meta":{"desktop":{"background-color":"var(--ast-global-color-5)","background-image":"","background-repeat":"repeat","background-position":"center center","background-size":"auto","background-attachment":"scroll","background-type":"","background-media":"","overlay-type":"","overlay-color":"","overlay-opacity":"","overlay-gradient":""},"tablet":{"background-color":"var(--ast-global-color-5)","background-image":"","background-repeat":"repeat","background-position":"center center","background-size":"auto","background-attachment":"scroll","background-type":"","background-media":"","overlay-type":"","overlay-color":"","overlay-opacity":"","overlay-gradient":""},"mobile":{"background-color":"var(--ast-global-color-5)","background-image":"","background-repeat":"repeat","background-position":"center center","background-size":"auto","background-attachment":"scroll","background-type":"","background-media":"","overlay-type":"","overlay-color":"","overlay-opacity":"","overlay-gradient":""}}},"product_brand":[],"product_cat":[65,76,77,80],"product_tag":[137,139,565,134],"class_list":{"0":"post-2076","1":"product","2":"type-product","3":"status-publish","4":"has-post-thumbnail","6":"product_cat-best-sellers","7":"product_cat-new-arrivels","8":"product_cat-wholesale-womens-shapewear","9":"product_cat-wholesale-butt-lift-underwear","10":"product_tag-butt-lift","11":"product_tag-high-waist","12":"product_tag-open-butt","13":"product_tag-tummy-tucker","14":"pa_color-black","15":"pa_size-l","16":"pa_size-m","17":"pa_size-s","18":"pa_size-xs","19":"pa_size-xxl","20":"pa_size-xxxl","21":"desktop-align-center","22":"tablet-align-left","23":"mobile-align-left","24":"ast-product-gallery-layout-horizontal-slider","25":"ast-product-single-variable","26":"ast-product-tabs-layout-horizontal","27":"ast-qv-on-image","29":"first","30":"instock","31":"shipping-taxable","32":"purchasable","33":"product-type-variable"},"tiered_pricing_type":"fixed","tiered_pricing_fixed_rules":{"5":9.3,"50":8.5,"500":7.89},"tiered_pricing_product_settings":{"layout":"default","base_unit_name":{"singular":null,"plural":null},"default_variation":{}},"tiered_pricing_minimum_quantity":null,"tiered_pricing_roles_data":[],"tiered_pricing_percentage_rules":[],"_links":{"self":[{"href":"https:\/\/yume-silm.com\/it\/wp-json\/wp\/v2\/product\/2076","targetHints":{"allow":["GET"]}}],"collection":[{"href":"https:\/\/yume-silm.com\/it\/wp-json\/wp\/v2\/product"}],"about":[{"href":"https:\/\/yume-silm.com\/it\/wp-json\/wp\/v2\/types\/product"}],"replies":[{"embeddable":true,"href":"https:\/\/yume-silm.com\/it\/wp-json\/wp\/v2\/comments?post=2076"}],"wp:featuredmedia":[{"embeddable":true,"href":"https:\/\/yume-silm.com\/it\/wp-json\/wp\/v2\/media\/2086"}],"wp:attachment":[{"href":"https:\/\/yume-silm.com\/it\/wp-json\/wp\/v2\/media?parent=2076"}],"wp:term":[{"taxonomy":"product_brand","embeddable":true,"href":"https:\/\/yume-silm.com\/it\/wp-json\/wp\/v2\/product_brand?post=2076"},{"taxonomy":"product_cat","embeddable":true,"href":"https:\/\/yume-silm.com\/it\/wp-json\/wp\/v2\/product_cat?post=2076"},{"taxonomy":"product_tag","embeddable":true,"href":"https:\/\/yume-silm.com\/it\/wp-json\/wp\/v2\/product_tag?post=2076"}],"curies":[{"name":"wp","href":"https:\/\/api.w.org\/{rel}","templated":true}]}}