{"id":2148,"date":"2023-05-09T08:19:07","date_gmt":"2023-05-09T08:19:07","guid":{"rendered":"https:\/\/yume-silm.com\/?post_type=product&#038;p=2148"},"modified":"2024-04-24T05:59:11","modified_gmt":"2024-04-24T05:59:11","slug":"tuta-sauna-per-uomini-maglietta-sauna-a-maniche-lunghe","status":"publish","type":"product","link":"https:\/\/yume-silm.com\/it\/prodotto\/tuta-sauna-per-uomini-maglietta-sauna-a-maniche-lunghe\/","title":{"rendered":"Camicia fitness a maniche lunghe da sauna da uomo all&#039;ingrosso"},"content":{"rendered":"<h5>Caratteristiche del progetto<\/h5>\n<ul>\n<li><strong>CALORE RAPIDO:<\/strong> Scegliere la nostra tuta da sauna, palestra, allenamento, maglia a maniche lunghe per dimagrire aiuter\u00e0 rapidamente a rilanciare il calore 5-10 minuti dopo un allenamento, aumentando la sudorazione di 3-5 volte, bloccando il calore corporeo e accelerando il consumo di calorie.<\/li>\n<li><strong>BENEFICI CARDIOVASCOLARI:<\/strong> La nostra tuta da sauna leggera ed elastica \u00e8 progettata per favorire il flusso sanguigno e la circolazione, migliorando la salute cardiovascolare e il benessere generale.<\/li>\n<li><strong>DESIGN CONVENIENTE:<\/strong> La maglietta da allenamento in felpa calda con cerniera superiore da allenamento a maniche lunghe \u00e8 progettata per essere facile da indossare e da togliere, dotata di una lunga cerniera centrale aperta che deve solo essere facilmente aperta o chiusa con cerniera, il che \u00e8 particolarmente vitale durante gli allenamenti.<\/li>\n<li><strong>COMPRESSIONE DI SUPPORTO:<\/strong> La giacca da sauna da uomo \u00e8 ottima per fornire compressione per migliorare la postura e sostenere i muscoli, riducendo potenzialmente il rischio di lesioni.<\/li>\n<li><strong>ELEGANTE E PRATICO:<\/strong> leggera ed elegante, pu\u00f2 essere indossata come giacca da tutti i giorni. La flessibilit\u00e0 della felpa da sauna garantisce facilit\u00e0 nelle attivit\u00e0 quotidiane e il rivestimento riflettente migliora la visibilit\u00e0. Le tute da sauna sono perfette per la palestra, lo sport, gli allenamenti e il fitness. Ottimo per la traspirazione, la combustione dei grassi e la perdita di peso. Il tessuto esclusivo riscalda il tuo core e intrappola il calore per mantenerti in salute.<\/li>\n<\/ul>\n<h6><em>Felpa da sauna da uomo per allenamento in palestra<\/em><\/h6>\n<ul>\n<li>Le nostre magliette fitness a maniche lunghe per tuta da sauna da uomo sono la miscela perfetta di stile e funzionalit\u00e0 fitness.<\/li>\n<li>Le tute da sauna sono una scelta eccellente per i grossisti che desiderano fornire soluzioni innovative per fitness ed esercizio fisico.<\/li>\n<li>Con opzioni di personalizzazione, dimensioni multiple e la promessa di consegna rapida, \u00e8 un&#039;ottima aggiunta al tuo inventario.<\/li>\n<li>Entra nel mondo della vendita all&#039;ingrosso con questo eccezionale pezzo di fitness. Ordina oggi!<\/li>\n<\/ul>","protected":false},"excerpt":{"rendered":"<p>Migliora il tuo regime di allenamento con la nostra maglietta fitness a maniche lunghe da sauna. Progettato per amplificare la sudorazione e favorire il flusso sanguigno, questo top da sauna aiuta a bruciare calorie e a favorire la salute cardiovascolare. Tuffati in un viaggio di fitness che unisce stile, comfort ed efficienza.<\/p>","protected":false},"featured_media":2174,"comment_status":"open","ping_status":"closed","template":"","meta":{"site-sidebar-layout":"default","site-content-layout":"default","ast-site-content-layout":"default","site-content-style":"default","site-sidebar-style":"default","ast-global-header-display":"","ast-banner-title-visibility":"","ast-main-header-display":"","ast-hfb-above-header-display":"","ast-hfb-below-header-display":"","ast-hfb-mobile-header-display":"","site-post-title":"","ast-breadcrumbs-content":"","ast-featured-img":"","footer-sml-layout":"","ast-disable-related-posts":"","theme-transparent-header-meta":"default","adv-header-id-meta":"","stick-header-meta":"default","header-above-stick-meta":"","header-main-stick-meta":"","header-below-stick-meta":"","astra-migrate-meta-layouts":"set","ast-page-background-enabled":"default","ast-page-background-meta":{"desktop":{"background-color":"","background-image":"","background-repeat":"repeat","background-position":"center center","background-size":"auto","background-attachment":"scroll","background-type":"","background-media":"","overlay-type":"","overlay-color":"","overlay-opacity":"","overlay-gradient":""},"tablet":{"background-color":"","background-image":"","background-repeat":"repeat","background-position":"center center","background-size":"auto","background-attachment":"scroll","background-type":"","background-media":"","overlay-type":"","overlay-color":"","overlay-opacity":"","overlay-gradient":""},"mobile":{"background-color":"","background-image":"","background-repeat":"repeat","background-position":"center center","background-size":"auto","background-attachment":"scroll","background-type":"","background-media":"","overlay-type":"","overlay-color":"","overlay-opacity":"","overlay-gradient":""}},"ast-content-background-meta":{"desktop":{"background-color":"var(--ast-global-color-5)","background-image":"","background-repeat":"repeat","background-position":"center center","background-size":"auto","background-attachment":"scroll","background-type":"","background-media":"","overlay-type":"","overlay-color":"","overlay-opacity":"","overlay-gradient":""},"tablet":{"background-color":"var(--ast-global-color-5)","background-image":"","background-repeat":"repeat","background-position":"center center","background-size":"auto","background-attachment":"scroll","background-type":"","background-media":"","overlay-type":"","overlay-color":"","overlay-opacity":"","overlay-gradient":""},"mobile":{"background-color":"var(--ast-global-color-5)","background-image":"","background-repeat":"repeat","background-position":"center center","background-size":"auto","background-attachment":"scroll","background-type":"","background-media":"","overlay-type":"","overlay-color":"","overlay-opacity":"","overlay-gradient":""}}},"product_brand":[],"product_cat":[65,76,97,98],"product_tag":[413,549,564,183,141,173,411,185,184],"class_list":{"0":"post-2148","1":"product","2":"type-product","3":"status-publish","4":"has-post-thumbnail","6":"product_cat-best-sellers","7":"product_cat-new-arrivels","8":"product_cat-sauna-suit","9":"product_cat-sauna-jacket","10":"product_tag-fitness","11":"product_tag-gym","12":"product_tag-hot","13":"product_tag-long-sleeve","14":"product_tag-plus-size","15":"product_tag-sauna-suit-for-men","16":"product_tag-sports","17":"product_tag-workout","18":"product_tag-zipper","19":"pa_color-blue","20":"pa_color-sliver","21":"pa_size-l","22":"pa_size-m","23":"pa_size-s","24":"pa_size-xl","25":"pa_size-xxl","26":"pa_size-xxxl","27":"desktop-align-center","28":"tablet-align-left","29":"mobile-align-left","30":"ast-product-gallery-layout-horizontal-slider","31":"ast-product-single-variable","32":"ast-product-tabs-layout-horizontal","33":"ast-qv-on-image","35":"first","36":"instock","37":"shipping-taxable","38":"purchasable","39":"product-type-variable"},"tiered_pricing_type":"fixed","tiered_pricing_fixed_rules":{"10":6.78,"200":6.55,"500":6.33},"tiered_pricing_product_settings":{"layout":"default","base_unit_name":{"singular":null,"plural":null},"default_variation":{}},"tiered_pricing_minimum_quantity":null,"tiered_pricing_roles_data":[],"tiered_pricing_percentage_rules":[],"_links":{"self":[{"href":"https:\/\/yume-silm.com\/it\/wp-json\/wp\/v2\/product\/2148","targetHints":{"allow":["GET"]}}],"collection":[{"href":"https:\/\/yume-silm.com\/it\/wp-json\/wp\/v2\/product"}],"about":[{"href":"https:\/\/yume-silm.com\/it\/wp-json\/wp\/v2\/types\/product"}],"replies":[{"embeddable":true,"href":"https:\/\/yume-silm.com\/it\/wp-json\/wp\/v2\/comments?post=2148"}],"wp:featuredmedia":[{"embeddable":true,"href":"https:\/\/yume-silm.com\/it\/wp-json\/wp\/v2\/media\/2174"}],"wp:attachment":[{"href":"https:\/\/yume-silm.com\/it\/wp-json\/wp\/v2\/media?parent=2148"}],"wp:term":[{"taxonomy":"product_brand","embeddable":true,"href":"https:\/\/yume-silm.com\/it\/wp-json\/wp\/v2\/product_brand?post=2148"},{"taxonomy":"product_cat","embeddable":true,"href":"https:\/\/yume-silm.com\/it\/wp-json\/wp\/v2\/product_cat?post=2148"},{"taxonomy":"product_tag","embeddable":true,"href":"https:\/\/yume-silm.com\/it\/wp-json\/wp\/v2\/product_tag?post=2148"}],"curies":[{"name":"wp","href":"https:\/\/api.w.org\/{rel}","templated":true}]}}