{"id":2200,"date":"2023-05-09T11:20:04","date_gmt":"2023-05-09T11:20:04","guid":{"rendered":"https:\/\/yume-silm.com\/?post_type=product&#038;p=2200"},"modified":"2024-11-20T08:00:45","modified_gmt":"2024-11-20T08:00:45","slug":"wrap-donna-abdominal-waist-trainer-shaper-sauna-suit","status":"publish","type":"product","link":"https:\/\/yume-silm.com\/it\/prodotto\/wrap-donna-abdominal-waist-trainer-shaper-sauna-suit\/","title":{"rendered":"Gilet con cinturino addominale per sauna per allenatore in vita all&#039;ingrosso"},"content":{"rendered":"<h5>Caratteristiche del progetto<\/h5>\n<ul>\n<li><strong>SUDORE ACCELERATO: <\/strong><span data-slate-fragment=\"JTVCJTdCJTIydHlwZSUyMiUzQSUyMnBhcmFncmFwaCUyMiUyQyUyMmNoaWxkcmVuJTIyJTNBJTVCJTdCJTIydGV4dCUyMiUzQSUyMk91ciUyMHRoaXMlMjBzYXVuYSUyMHN3ZWF0JTIwZmFqYSUyMGJvZHklMjBzaGFwZXdlYXIlMjB3YWlzdCUyMHRyYWluZXIlMjBjb3JzZXQlMjB0b3AlMjB3YWlzdGJhbmQlMjBpcyUyMHBlcmZlY3QlMjBmb3IlMjB0aGUlMjBneW0lMkMlMjBvdXRkb29yJTIwYWN0aXZpdGllcyUyQyUyMHNwb3J0cyUyQyUyMHlvZ2ElMjBhbmQlMjBtb3JlLiUyMFRoZSUyMHNsaW1taW5nJTIwZmxhdCUyMGJlbGx5JTIwc2F1bmElMjB2ZXN0JTIwd2lsbCUyMGhlbHAlMjB5b3UlMjBlYXNpbHklMjBnZXQlMjB0aGUlMjBzYXVuYSUyMGVmZmVjdCUyMGR1cmluZyUyMHlvdXIlMjB3b3Jrb3V0JTJDJTIwYWNjZWxlcmF0ZSUyMGJsb29kJTIwY2lyY3VsYXRpb24lMkMlMjBidXJuJTIwZmF0JTIwZmFzdGVyJTIwYW5kJTIwcmVkdWNlJTIwZXhjZXNzJTIwd2F0ZXIuJTIwR2V0JTIwcmlkJTIwb2YlMjBmbGFiJTIwYW5kJTIwYWNjZWxlcmF0ZSUyMHRoZSUyMHNoYXBpbmclMjBvZiUyMHlvdXIlMjBpZGVhbCUyMGN1cnZ5JTIwY2hhcm1pbmclMjBib2R5LiUyMiU3RCU1RCU3RCU1RA==\">La nostra fascia superiore per corsetto da allenamento per il corpo modellante per il sudore della sauna \u00e8 perfetta per la palestra, le attivit\u00e0 all&#039;aperto, lo sport, lo yoga e altro ancora. Il gilet da sauna snellente per pancia piatta ti aiuter\u00e0 a ottenere facilmente l&#039;effetto sauna durante l&#039;allenamento, ad accelerare la circolazione sanguigna, a bruciare i grassi pi\u00f9 velocemente e a ridurre l&#039;acqua in eccesso. Sbarazzati della ciccia e accelera la modellatura del tuo corpo affascinante e sinuoso ideale.<\/span><\/li>\n<li><b>MIGLIORA LA POSTURA:<\/b> Il nostro gilet cincher in vita per tuta da sauna \u00e8 progettato con un I-Back per fornire supporto e stabilit\u00e0 lombare superiori, riducendo la pressione e lo sforzo sulla parte bassa della schiena e prevenendo potenziali lesioni. Le cinture rifinitrici per il controllo della doppia pancia dimagranti per le donne sono molto utili per gli impiegati sedentari ed sono ottime per alleviare il dolore lombare, proteggere la colonna vertebrale, evitare di curvarti e aiutare a migliorare la postura.<\/li>\n<li><strong>DOPPIA COMPRESSIONE SULLA PANCIA: <\/strong>Lo strato interno della tuta da sauna modellante per il corpo da allenamento si adatta naturalmente alla pelle con una chiusura a cerniera; inoltre la doppia compressione della benda esterna appiattisce facilmente la pancia per una pancia liscia e non rotolante, facile da indossare. La tuta da sauna per donna \u00e8 perfetta per il recupero post-partum, permettendoti di tornare alla tua forma migliore il prima possibile.<\/li>\n<li data-slate-node=\"element\"><span data-slate-node=\"text\"><span class=\"\" data-slate-leaf=\"true\"><strong>ELEGANTE E CONFORTEVOLE:<\/strong> La cintura rifinitrice per gilet brucia grassi che riduce la pancia \u00e8 realizzata in una miscela di neoprene e poliestere per garantire durata, flessibilit\u00e0 e comfort delicato sulla pelle.<\/span><\/span><\/li>\n<li data-slate-node=\"element\" data-slate-fragment=\"JTVCJTdCJTIydHlwZSUyMiUzQSUyMnBhcmFncmFwaCUyMiUyQyUyMmNoaWxkcmVuJTIyJTNBJTVCJTdCJTIydGV4dCUyMiUzQSUyMlNUWUxJU0glMjBBTkQlMjBDT01GT1JUQUJMRSUzQSUyMFRoZSUyMGJlbGx5JTIwcmVkdWNpbmclMjBzaGFwZXdlYXIlMjBidXJuJTIwZmF0JTIwdmVzdCUyMHRyaW1tZXIlMjBiZWx0JTIwaXMlMjBtYWRlJTIwZnJvbSUyMGElMjBibGVuZCUyMG9mJTIwbmVvcHJlbmUlMjBhbmQlMjBwb2x5ZXN0ZXIlMjB0byUyMGVuc3VyZSUyMGR1cmFiaWxpdHklMkMlMjBmbGV4aWJpbGl0eSUyMGFuZCUyMHNraW4tZnJpZW5kbHklMjBjb21mb3J0LiUyMiU3RCU1RCU3RCUyQyU3QiUyMnR5cGUlMjIlM0ElMjJwYXJhZ3JhcGglMjIlMkMlMjJjaGlsZHJlbiUyMiUzQSU1QiU3QiUyMnRleHQlMjIlM0ElMjJUaGUlMjB2aWJyYW50JTIwdHdvLXRvbmUlMjBjb2xvciUyMGNvbWJpbmF0aW9uJTIwY3JlYXRlcyUyMGElMjB2aXN1YWxseSUyMGFwcGVhbGluZyUyMGFuZCUyMHBlcnNvbmFsaXplZCUyMGxvb2slMjB3aXRoJTIwY3VzdG9taXphdGlvbiUyMG9wdGlvbnMuJTIwRGVzaWduZWQlMjB3aXRoJTIwYSUyMHdhaXN0YmFuZCUyMHppcHBlciUyQyUyMGl0JTIwaXMlMjBxdWljayUyMGFuZCUyMGVhc3klMjB0byUyMHB1dCUyMG9uJTJDJTIwZWxpbWluYXRpbmclMjB0aGUlMjBuZWVkJTIwZm9yJTIwdHJhZGl0aW9uYWwlMjBidWNrbGUlMjBvciUyMHN0cmFwJTIwYWRqdXN0bWVudHMuJTIyJTdEJTVEJTdEJTVE\"><span data-slate-node=\"text\"><span class=\"\" data-slate-leaf=\"true\">La vivace combinazione di colori bicolore crea un look visivamente accattivante e personalizzato con opzioni di personalizzazione. Progettato con una cerniera in vita, \u00e8 facile e veloce da indossare, eliminando la necessit\u00e0 delle tradizionali regolazioni con fibbia o cinturino.<\/span><\/span><\/li>\n<\/ul>\n<h6><em>Gilet da allenamento per la perdita di peso per corsa, yoga e altri esercizi di fitness indoor e outdoor<\/em><\/h6>\n<ul>\n<li><span data-slate-fragment=\"JTVCJTdCJTIydHlwZSUyMiUzQSUyMnBhcmFncmFwaCUyMiUyQyUyMmNoaWxkcmVuJTIyJTNBJTVCJTdCJTIydGV4dCUyMiUzQSUyMk91ciUyMHdhaXN0JTIwdHJhaW5lciUyMHNhdW5hJTIwYWJkb21pbmFsJTIwc3RyYXAlMjB2ZXN0JTIwaXMlMjBhJTIwdGVzdGFtZW50JTIwdG8lMjB0aGUlMjBwZXJmZWN0JTIwYmxlbmQlMjBvZiUyMGZhc2hpb24lMjBhbmQlMjBmdW5jdGlvbmFsaXR5LiUyMEZvciUyMHdob2xlc2FsZXJzJTIwYWltaW5nJTIwdG8lMjBvZmZlciUyMHByb2R1Y3RzJTIwdGhhdCUyMHJlc29uYXRlJTIwd2l0aCUyMHF1YWxpdHklMkMlMjBzdHlsZSUyQyUyMGFuZCUyMGlubm92YXRpb24lMkMlMjB0aGlzJTIwc2F1bmElMjB3YWlzdCUyMHRyYWluZXIlMjB2ZXN0JTIwaXMlMjBhJTIwcHJpbWUlMjBjaG9pY2UuJTIwV2l0aCUyMGN1c3RvbWl6YXRpb24lMjBvcHRpb25zJTJDJTIwYSUyMHJhbmdlJTIwb2YlMjBzaXplcyUyQyUyMGFuZCUyMHRoZSUyMHByb21pc2UlMjBvZiUyMHN3aWZ0JTIwZGVsaXZlcnklMkMlMjBpdCdzJTIwYW4lMjBlc3NlbnRpYWwlMjBhZGRpdGlvbiUyMHRvJTIweW91ciUyMGludmVudG9yeS4lMjAlMjIlN0QlNUQlN0QlNUQ=\">Il nostro gilet con fascia addominale per sauna da allenamento in vita \u00e8 una testimonianza della perfetta combinazione di moda e funzionalit\u00e0. Per i grossisti che mirano a offrire prodotti che siano in sintonia con qualit\u00e0, stile e innovazione, questo gilet da sauna \u00e8 la scelta migliore. <\/span><\/li>\n<li><span data-slate-fragment=\"JTVCJTdCJTIydHlwZSUyMiUzQSUyMnBhcmFncmFwaCUyMiUyQyUyMmNoaWxkcmVuJTIyJTNBJTVCJTdCJTIydGV4dCUyMiUzQSUyMk91ciUyMHdhaXN0JTIwdHJhaW5lciUyMHNhdW5hJTIwYWJkb21pbmFsJTIwc3RyYXAlMjB2ZXN0JTIwaXMlMjBhJTIwdGVzdGFtZW50JTIwdG8lMjB0aGUlMjBwZXJmZWN0JTIwYmxlbmQlMjBvZiUyMGZhc2hpb24lMjBhbmQlMjBmdW5jdGlvbmFsaXR5LiUyMEZvciUyMHdob2xlc2FsZXJzJTIwYWltaW5nJTIwdG8lMjBvZmZlciUyMHByb2R1Y3RzJTIwdGhhdCUyMHJlc29uYXRlJTIwd2l0aCUyMHF1YWxpdHklMkMlMjBzdHlsZSUyQyUyMGFuZCUyMGlubm92YXRpb24lMkMlMjB0aGlzJTIwc2F1bmElMjB3YWlzdCUyMHRyYWluZXIlMjB2ZXN0JTIwaXMlMjBhJTIwcHJpbWUlMjBjaG9pY2UuJTIwV2l0aCUyMGN1c3RvbWl6YXRpb24lMjBvcHRpb25zJTJDJTIwYSUyMHJhbmdlJTIwb2YlMjBzaXplcyUyQyUyMGFuZCUyMHRoZSUyMHByb21pc2UlMjBvZiUyMHN3aWZ0JTIwZGVsaXZlcnklMkMlMjBpdCdzJTIwYW4lMjBlc3NlbnRpYWwlMjBhZGRpdGlvbiUyMHRvJTIweW91ciUyMGludmVudG9yeS4lMjAlMjIlN0QlNUQlN0QlNUQ=\">Con opzioni di personalizzazione, una gamma di dimensioni e la promessa di una consegna rapida, \u00e8 un&#039;aggiunta essenziale al tuo inventario. <\/span> Tuffati nel mondo della vendita all&#039;ingrosso con questo pezzo straordinario. Ordina oggi!<\/li>\n<\/ul>","protected":false},"excerpt":{"rendered":"<p class=\"tgt color_text_0 un-step-trans\" data-section=\"0\">Presentiamo il nostro gilet con cintura addominale per sauna, progettato per la donna moderna che cerca sia stile che funzionalit\u00e0. Realizzato in gomma neoprene e poliestere, questo girovita offre una compressione ottimale, migliorando la tua silhouette naturale e garantendo allo stesso tempo comfort.<\/p>","protected":false},"featured_media":2223,"comment_status":"open","ping_status":"closed","template":"","meta":{"site-sidebar-layout":"default","site-content-layout":"default","ast-site-content-layout":"default","site-content-style":"default","site-sidebar-style":"default","ast-global-header-display":"","ast-banner-title-visibility":"","ast-main-header-display":"","ast-hfb-above-header-display":"","ast-hfb-below-header-display":"","ast-hfb-mobile-header-display":"","site-post-title":"","ast-breadcrumbs-content":"","ast-featured-img":"","footer-sml-layout":"","ast-disable-related-posts":"","theme-transparent-header-meta":"default","adv-header-id-meta":"","stick-header-meta":"default","header-above-stick-meta":"","header-main-stick-meta":"","header-below-stick-meta":"","astra-migrate-meta-layouts":"set","ast-page-background-enabled":"default","ast-page-background-meta":{"desktop":{"background-color":"","background-image":"","background-repeat":"repeat","background-position":"center center","background-size":"auto","background-attachment":"scroll","background-type":"","background-media":"","overlay-type":"","overlay-color":"","overlay-opacity":"","overlay-gradient":""},"tablet":{"background-color":"","background-image":"","background-repeat":"repeat","background-position":"center center","background-size":"auto","background-attachment":"scroll","background-type":"","background-media":"","overlay-type":"","overlay-color":"","overlay-opacity":"","overlay-gradient":""},"mobile":{"background-color":"","background-image":"","background-repeat":"repeat","background-position":"center center","background-size":"auto","background-attachment":"scroll","background-type":"","background-media":"","overlay-type":"","overlay-color":"","overlay-opacity":"","overlay-gradient":""}},"ast-content-background-meta":{"desktop":{"background-color":"var(--ast-global-color-5)","background-image":"","background-repeat":"repeat","background-position":"center center","background-size":"auto","background-attachment":"scroll","background-type":"","background-media":"","overlay-type":"","overlay-color":"","overlay-opacity":"","overlay-gradient":""},"tablet":{"background-color":"var(--ast-global-color-5)","background-image":"","background-repeat":"repeat","background-position":"center center","background-size":"auto","background-attachment":"scroll","background-type":"","background-media":"","overlay-type":"","overlay-color":"","overlay-opacity":"","overlay-gradient":""},"mobile":{"background-color":"var(--ast-global-color-5)","background-image":"","background-repeat":"repeat","background-position":"center center","background-size":"auto","background-attachment":"scroll","background-type":"","background-media":"","overlay-type":"","overlay-color":"","overlay-opacity":"","overlay-gradient":""}}},"product_brand":[],"product_cat":[65,76,97,100,90,94,96],"product_tag":[187,135,139,186,167,214,553,185,552],"class_list":{"0":"post-2200","1":"product","2":"type-product","3":"status-publish","4":"has-post-thumbnail","6":"product_cat-best-sellers","7":"product_cat-new-arrivels","8":"product_cat-sauna-suit","9":"product_cat-sauna-tops","10":"product_cat-wholesale-waist-trainer","11":"product_cat-n-in-1-waist-trainer","12":"product_cat-sweat-waist-trainer","13":"product_tag-2-in-1","14":"product_tag-all-in-one","15":"product_tag-high-waist","16":"product_tag-padded","17":"product_tag-sauna-suit","18":"product_tag-waist-trainer","19":"product_tag-waist-trimmer","20":"product_tag-workout","21":"product_tag-workout-sweatband","22":"pa_color-black","23":"pa_color-pink","24":"pa_color-yellow","25":"pa_size-l","26":"pa_size-m","27":"pa_size-s","28":"pa_size-xl","29":"pa_size-xxl","30":"pa_size-xxxl","31":"desktop-align-center","32":"tablet-align-left","33":"mobile-align-left","34":"ast-product-gallery-layout-horizontal-slider","35":"ast-product-single-variable","36":"ast-product-tabs-layout-horizontal","37":"ast-qv-on-image","39":"first","40":"instock","41":"shipping-taxable","42":"purchasable","43":"product-type-variable"},"tiered_pricing_type":"fixed","tiered_pricing_fixed_rules":{"5":6.77,"50":6.53,"100":6.25},"tiered_pricing_product_settings":{"layout":"default","base_unit_name":{"singular":null,"plural":null},"default_variation":{}},"tiered_pricing_minimum_quantity":null,"tiered_pricing_roles_data":[],"tiered_pricing_percentage_rules":[],"_links":{"self":[{"href":"https:\/\/yume-silm.com\/it\/wp-json\/wp\/v2\/product\/2200","targetHints":{"allow":["GET"]}}],"collection":[{"href":"https:\/\/yume-silm.com\/it\/wp-json\/wp\/v2\/product"}],"about":[{"href":"https:\/\/yume-silm.com\/it\/wp-json\/wp\/v2\/types\/product"}],"replies":[{"embeddable":true,"href":"https:\/\/yume-silm.com\/it\/wp-json\/wp\/v2\/comments?post=2200"}],"wp:featuredmedia":[{"embeddable":true,"href":"https:\/\/yume-silm.com\/it\/wp-json\/wp\/v2\/media\/2223"}],"wp:attachment":[{"href":"https:\/\/yume-silm.com\/it\/wp-json\/wp\/v2\/media?parent=2200"}],"wp:term":[{"taxonomy":"product_brand","embeddable":true,"href":"https:\/\/yume-silm.com\/it\/wp-json\/wp\/v2\/product_brand?post=2200"},{"taxonomy":"product_cat","embeddable":true,"href":"https:\/\/yume-silm.com\/it\/wp-json\/wp\/v2\/product_cat?post=2200"},{"taxonomy":"product_tag","embeddable":true,"href":"https:\/\/yume-silm.com\/it\/wp-json\/wp\/v2\/product_tag?post=2200"}],"curies":[{"name":"wp","href":"https:\/\/api.w.org\/{rel}","templated":true}]}}