{"id":2228,"date":"2023-05-09T12:51:53","date_gmt":"2023-05-09T12:51:53","guid":{"rendered":"https:\/\/yume-silm.com\/?post_type=product&#038;p=2228"},"modified":"2024-08-27T01:38:18","modified_gmt":"2024-08-27T01:38:18","slug":"uomo-calzamaglia-trainer-sauna-tuta-gilet-corsetto","status":"publish","type":"product","link":"https:\/\/yume-silm.com\/it\/prodotto\/uomo-calzamaglia-trainer-sauna-tuta-gilet-corsetto\/","title":{"rendered":"Corsetto per gilet da sauna per allenatore in vita da uomo all&#039;ingrosso"},"content":{"rendered":"<h5>Caratteristiche del progetto<\/h5>\n<ul>\n<li><b>FACILE DA INDOSSARE:<\/b> Il design con cerniera del body shaper per tuta da sauna da uomo garantisce una vestibilit\u00e0 aderente che \u00e8 facile e veloce da indossare senza la necessit\u00e0 di regolazioni tradizionali.<\/li>\n<li><b>Resistente all&#039;abrasione:<\/b> Il rivestimento in PVC sul gilet corsetto bruciagrassi per l&#039;allenatore in vita offre un&#039;eccellente resistenza all&#039;abrasione per proteggere il tessuto e prolungare la vita del prodotto.<\/li>\n<li><b>MATERIALE AD ALTA ELASTICIT\u00c0:<\/b> La combinazione di spandex e nylon nel gilet da sauna dimagrante da uomo offre un&#039;eccellente elasticit\u00e0, garantendo una vestibilit\u00e0 comoda e adattandosi ai tuoi movimenti durante l&#039;allenamento.<\/li>\n<li><b>DESIGN SENZA MANICHE:<\/b> Il nostro corsetto da uomo, body shaper, canottiera da palestra, aiuta a favorire una rapida traspirazione durante l&#039;esercizio, garantendo che tutte le parti del corpo, tranne la parte superiore, siano comode da indossare.<\/li>\n<li><b>RITENZIONE CALORICA OTTIMIZZATA:<\/b> L&#039;esperienza di indossare la nostra biancheria intima leggera ed elastica \u00e8 un picco calorico entro 10-15 minuti di esercizio, con un tasso di sudorazione 3-5 volte pi\u00f9 elevato e il doppio della quantit\u00e0 di grasso bruciato.<\/li>\n<\/ul>\n<h6><em>Camicia da allenamento per canottiera con cerniera per gilet da allenamento in vita per sauna calda da uomo all&#039;ingrosso<\/em><\/h6>\n<ul>\n<li>Il corsetto da uomo per la tuta da sauna per l&#039;allenamento della vita del sudore \u00e8 una testimonianza della perfetta combinazione di moda e funzionalit\u00e0 fitness. Per i grossisti che desiderano offrire soluzioni fitness innovative, questo corsetto da uomo \u00e8 la scelta migliore.<\/li>\n<li>Con opzioni di personalizzazione, una gamma di dimensioni e la promessa di una consegna rapida, \u00e8 un&#039;aggiunta essenziale al tuo inventario. Tuffati nel mondo della vendita all&#039;ingrosso con questo pezzo straordinario. Ordina oggi!<\/li>\n<\/ul>","protected":false},"excerpt":{"rendered":"<p>Migliora il tuo percorso di fitness con il nostro corsetto gilet da sauna per allenamento in vita da uomo. Realizzato in una miscela di spandex e nylon, questo gilet modellante \u00e8 progettato per migliorare la sudorazione, ottimizzare la combustione dei grassi e scolpire il tuo fisico. Tuffati in un&#039;esperienza di fitness trasformativa che unisce stile, comfort ed efficienza.<\/p>","protected":false},"featured_media":2230,"comment_status":"open","ping_status":"closed","template":"","meta":{"site-sidebar-layout":"default","site-content-layout":"default","ast-site-content-layout":"default","site-content-style":"default","site-sidebar-style":"default","ast-global-header-display":"","ast-banner-title-visibility":"","ast-main-header-display":"","ast-hfb-above-header-display":"","ast-hfb-below-header-display":"","ast-hfb-mobile-header-display":"","site-post-title":"","ast-breadcrumbs-content":"","ast-featured-img":"","footer-sml-layout":"","ast-disable-related-posts":"","theme-transparent-header-meta":"default","adv-header-id-meta":"","stick-header-meta":"default","header-above-stick-meta":"","header-main-stick-meta":"","header-below-stick-meta":"","astra-migrate-meta-layouts":"set","ast-page-background-enabled":"default","ast-page-background-meta":{"desktop":{"background-color":"","background-image":"","background-repeat":"repeat","background-position":"center center","background-size":"auto","background-attachment":"scroll","background-type":"","background-media":"","overlay-type":"","overlay-color":"","overlay-opacity":"","overlay-gradient":""},"tablet":{"background-color":"","background-image":"","background-repeat":"repeat","background-position":"center center","background-size":"auto","background-attachment":"scroll","background-type":"","background-media":"","overlay-type":"","overlay-color":"","overlay-opacity":"","overlay-gradient":""},"mobile":{"background-color":"","background-image":"","background-repeat":"repeat","background-position":"center center","background-size":"auto","background-attachment":"scroll","background-type":"","background-media":"","overlay-type":"","overlay-color":"","overlay-opacity":"","overlay-gradient":""}},"ast-content-background-meta":{"desktop":{"background-color":"var(--ast-global-color-5)","background-image":"","background-repeat":"repeat","background-position":"center center","background-size":"auto","background-attachment":"scroll","background-type":"","background-media":"","overlay-type":"","overlay-color":"","overlay-opacity":"","overlay-gradient":""},"tablet":{"background-color":"var(--ast-global-color-5)","background-image":"","background-repeat":"repeat","background-position":"center center","background-size":"auto","background-attachment":"scroll","background-type":"","background-media":"","overlay-type":"","overlay-color":"","overlay-opacity":"","overlay-gradient":""},"mobile":{"background-color":"var(--ast-global-color-5)","background-image":"","background-repeat":"repeat","background-position":"center center","background-size":"auto","background-attachment":"scroll","background-type":"","background-media":"","overlay-type":"","overlay-color":"","overlay-opacity":"","overlay-gradient":""}}},"product_brand":[],"product_cat":[65,76,97,100],"product_tag":[549,551,548,166,550,185],"class_list":{"0":"post-2228","1":"product","2":"type-product","3":"status-publish","4":"has-post-thumbnail","6":"product_cat-best-sellers","7":"product_cat-new-arrivels","8":"product_cat-sauna-suit","9":"product_cat-sauna-tops","10":"product_tag-gym","11":"product_tag-mens-sweat-tank","12":"product_tag-sauna-sweat","13":"product_tag-sauna-vest","14":"product_tag-with-zipper","15":"product_tag-workout","16":"pa_color-blue","17":"pa_color-sliver","18":"pa_size-2xl-3xl","19":"pa_size-4xl-5xl","20":"pa_size-l-xl","21":"pa_size-s-m","22":"desktop-align-center","23":"tablet-align-left","24":"mobile-align-left","25":"ast-product-gallery-layout-horizontal-slider","26":"ast-product-single-variable","27":"ast-product-tabs-layout-horizontal","28":"ast-qv-on-image","30":"first","31":"instock","32":"shipping-taxable","33":"purchasable","34":"product-type-variable"},"tiered_pricing_type":"fixed","tiered_pricing_fixed_rules":{"10":3.95,"200":3.75,"2000":3.25},"tiered_pricing_product_settings":{"layout":"default","base_unit_name":{"singular":null,"plural":null},"default_variation":{}},"tiered_pricing_minimum_quantity":null,"tiered_pricing_roles_data":[],"tiered_pricing_percentage_rules":[],"_links":{"self":[{"href":"https:\/\/yume-silm.com\/it\/wp-json\/wp\/v2\/product\/2228","targetHints":{"allow":["GET"]}}],"collection":[{"href":"https:\/\/yume-silm.com\/it\/wp-json\/wp\/v2\/product"}],"about":[{"href":"https:\/\/yume-silm.com\/it\/wp-json\/wp\/v2\/types\/product"}],"replies":[{"embeddable":true,"href":"https:\/\/yume-silm.com\/it\/wp-json\/wp\/v2\/comments?post=2228"}],"wp:featuredmedia":[{"embeddable":true,"href":"https:\/\/yume-silm.com\/it\/wp-json\/wp\/v2\/media\/2230"}],"wp:attachment":[{"href":"https:\/\/yume-silm.com\/it\/wp-json\/wp\/v2\/media?parent=2228"}],"wp:term":[{"taxonomy":"product_brand","embeddable":true,"href":"https:\/\/yume-silm.com\/it\/wp-json\/wp\/v2\/product_brand?post=2228"},{"taxonomy":"product_cat","embeddable":true,"href":"https:\/\/yume-silm.com\/it\/wp-json\/wp\/v2\/product_cat?post=2228"},{"taxonomy":"product_tag","embeddable":true,"href":"https:\/\/yume-silm.com\/it\/wp-json\/wp\/v2\/product_tag?post=2228"}],"curies":[{"name":"wp","href":"https:\/\/api.w.org\/{rel}","templated":true}]}}