{"id":2311,"date":"2023-05-10T08:57:32","date_gmt":"2023-05-10T08:57:32","guid":{"rendered":"https:\/\/yume-silm.com\/?post_type=product&#038;p=2311"},"modified":"2024-11-08T08:35:04","modified_gmt":"2024-11-08T08:35:04","slug":"allenamento-a-4-strati-a-gancio-con-9-cinghie-dacciaio-antirollio","status":"publish","type":"product","link":"https:\/\/yume-silm.com\/it\/prodotto\/allenamento-a-4-strati-a-gancio-con-9-cinghie-dacciaio-antirollio\/","title":{"rendered":"Allenatore in vita con gancio a 4 strati all&#039;ingrosso con 9 stecche in acciaio antirotolamento"},"content":{"rendered":"<h5>Caratteristiche del progetto<\/h5>\n<ul>\n<li><strong>Tessuto traspirante:<\/strong> La scarpa da ginnastica in vita con gancio e occhiello \u00e8 realizzata in una miscela di neoprene e poliestere per garantire comfort tutto il giorno per qualsiasi attivit\u00e0.<\/li>\n<li><strong>Sistema di ganci a 4 strati:<\/strong> I corsetti in vita offrono una vestibilit\u00e0 sicura e personalizzabile per ottimizzare l&#039;allenamento della vita e garantire una vestibilit\u00e0 aderente.<\/li>\n<li><strong>9 stecche antirollio in acciaio:<\/strong> Il girovita da donna fornisce un sostegno deciso, mantiene la forma della cintura e impedisce qualsiasi rotolamento o arricciatura, garantendo una silhouette morbida.<\/li>\n<li><strong>Allenamento efficace della vita:<\/strong> La cintura sportiva aiuta a modellare una figura a clessidra nel tempo, migliorando le curve naturali e aumentando la sicurezza.<\/li>\n<li><strong>Multiuso:<\/strong> Il girovita in osso d&#039;acciaio con gancio \u00e8 perfetto per l&#039;uso quotidiano, il fitness o il supporto per il recupero postpartum per una variet\u00e0 di esigenze.<\/li>\n<\/ul>\n<h6><em><span class=\"41\" data-slate-leaf=\"true\">Da donna <\/span><span class=\"11\" data-slate-leaf=\"true\">trainer in vita con osso in acciaio con gancio<\/span><\/em><\/h6>\n<ul>\n<li>In sintesi, il nostro girovita con gancio a 4 strati con 9 stecche in acciaio antirotolamento \u00e8 una testimonianza di qualit\u00e0 artigianale e design innovativo. Per i grossisti che desiderano offrire prodotti di alto livello che uniscono qualit\u00e0 e stile, questo girovita \u00e8 la scelta migliore. Con opzioni di personalizzazione, una gamma di dimensioni e la promessa di una consegna rapida, \u00e8 un&#039;aggiunta essenziale al tuo inventario. Tuffati nel mondo della vendita all&#039;ingrosso con questo pezzo straordinario. Ordina oggi!<\/li>\n<\/ul>","protected":false},"excerpt":{"rendered":"<p>Sperimenta il potere di trasformazione del nostro trainer per la vita con gancio a 4 strati. Realizzato con precisione, questo girovita \u00e8 progettato per offrire un supporto deciso, migliorare la tua silhouette e garantire un comfort ottimale. Immergiti in un mondo in cui la moda incontra la funzionalit\u00e0.<\/p>","protected":false},"featured_media":2327,"comment_status":"open","ping_status":"closed","template":"","meta":{"site-sidebar-layout":"default","site-content-layout":"default","ast-site-content-layout":"default","site-content-style":"default","site-sidebar-style":"default","ast-global-header-display":"","ast-banner-title-visibility":"","ast-main-header-display":"","ast-hfb-above-header-display":"","ast-hfb-below-header-display":"","ast-hfb-mobile-header-display":"","site-post-title":"","ast-breadcrumbs-content":"","ast-featured-img":"","footer-sml-layout":"","ast-disable-related-posts":"","theme-transparent-header-meta":"default","adv-header-id-meta":"","stick-header-meta":"default","header-above-stick-meta":"","header-main-stick-meta":"","header-below-stick-meta":"","astra-migrate-meta-layouts":"set","ast-page-background-enabled":"default","ast-page-background-meta":{"desktop":{"background-color":"","background-image":"","background-repeat":"repeat","background-position":"center center","background-size":"auto","background-attachment":"scroll","background-type":"","background-media":"","overlay-type":"","overlay-color":"","overlay-opacity":"","overlay-gradient":""},"tablet":{"background-color":"","background-image":"","background-repeat":"repeat","background-position":"center center","background-size":"auto","background-attachment":"scroll","background-type":"","background-media":"","overlay-type":"","overlay-color":"","overlay-opacity":"","overlay-gradient":""},"mobile":{"background-color":"","background-image":"","background-repeat":"repeat","background-position":"center center","background-size":"auto","background-attachment":"scroll","background-type":"","background-media":"","overlay-type":"","overlay-color":"","overlay-opacity":"","overlay-gradient":""}},"ast-content-background-meta":{"desktop":{"background-color":"var(--ast-global-color-5)","background-image":"","background-repeat":"repeat","background-position":"center center","background-size":"auto","background-attachment":"scroll","background-type":"","background-media":"","overlay-type":"","overlay-color":"","overlay-opacity":"","overlay-gradient":""},"tablet":{"background-color":"var(--ast-global-color-5)","background-image":"","background-repeat":"repeat","background-position":"center center","background-size":"auto","background-attachment":"scroll","background-type":"","background-media":"","overlay-type":"","overlay-color":"","overlay-opacity":"","overlay-gradient":""},"mobile":{"background-color":"var(--ast-global-color-5)","background-image":"","background-repeat":"repeat","background-position":"center center","background-size":"auto","background-attachment":"scroll","background-type":"","background-media":"","overlay-type":"","overlay-color":"","overlay-opacity":"","overlay-gradient":""}}},"product_brand":[],"product_cat":[65,76,90,92],"product_tag":[194,153,451,149,453,452,154],"class_list":{"0":"post-2311","1":"product","2":"type-product","3":"status-publish","4":"has-post-thumbnail","6":"product_cat-best-sellers","7":"product_cat-new-arrivels","8":"product_cat-wholesale-waist-trainer","9":"product_cat-wholesale-waist-girdle","10":"product_tag-adjustable","11":"product_tag-boned","12":"product_tag-hourglass-body-shaper","13":"product_tag-long-torso","14":"product_tag-postpartum-shapewear","15":"product_tag-waist-corsets","16":"product_tag-with-hooks","17":"pa_color-beige","18":"pa_color-black","19":"pa_size-l","20":"pa_size-m","21":"pa_size-s","22":"pa_size-xl","23":"pa_size-xs","24":"pa_size-xxl","25":"pa_size-xxxl","26":"desktop-align-center","27":"tablet-align-left","28":"mobile-align-left","29":"ast-product-gallery-layout-horizontal-slider","30":"ast-product-single-variable","31":"ast-product-tabs-layout-horizontal","32":"ast-qv-on-image","34":"first","35":"instock","36":"shipping-taxable","37":"purchasable","38":"product-type-variable"},"tiered_pricing_type":"fixed","tiered_pricing_fixed_rules":{"5":5.59,"50":4.79,"100":4.09},"tiered_pricing_product_settings":{"layout":"default","base_unit_name":{"singular":null,"plural":null},"default_variation":{}},"tiered_pricing_minimum_quantity":null,"tiered_pricing_roles_data":[],"tiered_pricing_percentage_rules":[],"_links":{"self":[{"href":"https:\/\/yume-silm.com\/it\/wp-json\/wp\/v2\/product\/2311","targetHints":{"allow":["GET"]}}],"collection":[{"href":"https:\/\/yume-silm.com\/it\/wp-json\/wp\/v2\/product"}],"about":[{"href":"https:\/\/yume-silm.com\/it\/wp-json\/wp\/v2\/types\/product"}],"replies":[{"embeddable":true,"href":"https:\/\/yume-silm.com\/it\/wp-json\/wp\/v2\/comments?post=2311"}],"wp:featuredmedia":[{"embeddable":true,"href":"https:\/\/yume-silm.com\/it\/wp-json\/wp\/v2\/media\/2327"}],"wp:attachment":[{"href":"https:\/\/yume-silm.com\/it\/wp-json\/wp\/v2\/media?parent=2311"}],"wp:term":[{"taxonomy":"product_brand","embeddable":true,"href":"https:\/\/yume-silm.com\/it\/wp-json\/wp\/v2\/product_brand?post=2311"},{"taxonomy":"product_cat","embeddable":true,"href":"https:\/\/yume-silm.com\/it\/wp-json\/wp\/v2\/product_cat?post=2311"},{"taxonomy":"product_tag","embeddable":true,"href":"https:\/\/yume-silm.com\/it\/wp-json\/wp\/v2\/product_tag?post=2311"}],"curies":[{"name":"wp","href":"https:\/\/api.w.org\/{rel}","templated":true}]}}