{"id":2333,"date":"2023-05-10T11:36:05","date_gmt":"2023-05-10T11:36:05","guid":{"rendered":"https:\/\/yume-silm.com\/?post_type=product&#038;p=2333"},"modified":"2025-05-26T00:39:31","modified_gmt":"2025-05-26T00:39:31","slug":"gilet-da-uomo-a-manica-corta-con-gilet-a-vita-con-cerniera-con-gilet-da-uomo-a-manica-corta","status":"publish","type":"product","link":"https:\/\/yume-silm.com\/it\/prodotto\/gilet-da-uomo-a-manica-corta-con-gilet-a-vita-con-cerniera-con-gilet-da-uomo-a-manica-corta\/","title":{"rendered":"Corsetto gilet a compressione a maniche corte all&#039;ingrosso"},"content":{"rendered":"<h5>Caratteristiche del progetto<\/h5>\n<ul>\n<li><strong>DOPPIA COMPRESSIONE:<\/strong> Questo nostro corsetto gilet a compressione a maniche corte \u00e8 costituito da una doppia combinazione di una canotta modellante e una benda addominale. La doppia compressione del corsetto slim fit fornisce un sostegno deciso e riduce la comparsa di grasso nella parte bassa della schiena e nell&#039;addome per una silhouette pi\u00f9 liscia e tonica.<\/li>\n<li><strong>POSTURA MIGLIORATA:<\/strong> Questo trainer per la vita modellante per il corpo fornisce supporto per la parte bassa della schiena. Il design a canottiera del corsetto snellente per l&#039;addome garantisce copertura e sostegno per la parte superiore del corpo, ideale per chi cerca un sostegno extra. Allo stesso tempo, questa biancheria intima contenitiva ci aiuta a migliorare la nostra postura. Soprattutto per chi \u00e8 spesso sedentario o sta in piedi per lunghi periodi, ne abbiamo molto bisogno.<\/li>\n<li><strong>LEGGERO ED ELASTICIZZATO:<\/strong> Questa nostra maglietta a compressione aderente con canotta \u00e8 realizzata in una miscela di spandex e nylon per una vestibilit\u00e0 leggera e senza stress. \u00c8 elastico per garantire una vestibilit\u00e0 durevole, comoda e lusinghiera.<\/li>\n<li><strong>MULTIFUNZIONALE:<\/strong> Il gilet dimagrante per ginecomastia da uomo \u00e8 un tessuto a rete leggero ed elastico che allontana l&#039;umidit\u00e0 per mantenerti fresco durante l&#039;esercizio. Il corsetto con gilet a maglietta a compressione a manica corta \u00e8 facile da stringere l&#039;addome e ridurre la vita, cos\u00ec puoi perdere peso in modo sano durante l&#039;esercizio. Possiamo indossare questa collezione di gilet modellante sottile con uno qualsiasi dei tuoi abiti preferiti come abiti, jeans e cos\u00ec via. Non sembrer\u00e0 ingombrante, ma piuttosto lusinga e snellisce la tua vita, rendendolo un capo versatile nel tuo armadio.<\/li>\n<\/ul>\n<h6><em>Gilet dimagrante modellante per il corpo da uomo, intimo modellante per la ginecomastia<\/em><\/h6>\n<ul>\n<li>Il nostro corsetto gilet da allenamento con camicia a maniche corte da uomo con cerniera \u00e8 una miscela di stile, comfort e funzionalit\u00e0. Per i grossisti che desiderano offrire soluzioni fitness innovative, questa tuta per la perdita di peso \u00e8 la scelta migliore.<\/li>\n<li>Con opzioni di personalizzazione, una gamma di dimensioni e la promessa di una consegna rapida, \u00e8 un&#039;aggiunta essenziale al tuo inventario. Tuffati nel mondo del commercio all&#039;ingrosso con questo corsetto snellente per l&#039;addome. Ordina oggi!<\/li>\n<\/ul>","protected":false},"excerpt":{"rendered":"<p>Migliora il tuo percorso di fitness con il nostro corsetto da uomo con gilet da allenamento in vita e camicia a maniche corte. Progettato per un supporto e un comfort ottimali, questo corsetto gilet a compressione a maniche corte migliora la tua silhouette, facendoti apparire e sentire al meglio. Immergiti in un mondo in cui la moda incontra la funzionalit\u00e0.<\/p>","protected":false},"featured_media":2339,"comment_status":"open","ping_status":"closed","template":"","meta":{"site-sidebar-layout":"default","site-content-layout":"default","ast-site-content-layout":"default","site-content-style":"default","site-sidebar-style":"default","ast-global-header-display":"","ast-banner-title-visibility":"","ast-main-header-display":"","ast-hfb-above-header-display":"","ast-hfb-below-header-display":"","ast-hfb-mobile-header-display":"","site-post-title":"","ast-breadcrumbs-content":"","ast-featured-img":"","footer-sml-layout":"","ast-disable-related-posts":"","theme-transparent-header-meta":"default","adv-header-id-meta":"","stick-header-meta":"default","header-above-stick-meta":"","header-main-stick-meta":"","header-below-stick-meta":"","astra-migrate-meta-layouts":"set","ast-page-background-enabled":"default","ast-page-background-meta":{"desktop":{"background-color":"","background-image":"","background-repeat":"repeat","background-position":"center center","background-size":"auto","background-attachment":"scroll","background-type":"","background-media":"","overlay-type":"","overlay-color":"","overlay-opacity":"","overlay-gradient":""},"tablet":{"background-color":"","background-image":"","background-repeat":"repeat","background-position":"center center","background-size":"auto","background-attachment":"scroll","background-type":"","background-media":"","overlay-type":"","overlay-color":"","overlay-opacity":"","overlay-gradient":""},"mobile":{"background-color":"","background-image":"","background-repeat":"repeat","background-position":"center center","background-size":"auto","background-attachment":"scroll","background-type":"","background-media":"","overlay-type":"","overlay-color":"","overlay-opacity":"","overlay-gradient":""}},"ast-content-background-meta":{"desktop":{"background-color":"var(--ast-global-color-5)","background-image":"","background-repeat":"repeat","background-position":"center center","background-size":"auto","background-attachment":"scroll","background-type":"","background-media":"","overlay-type":"","overlay-color":"","overlay-opacity":"","overlay-gradient":""},"tablet":{"background-color":"var(--ast-global-color-5)","background-image":"","background-repeat":"repeat","background-position":"center center","background-size":"auto","background-attachment":"scroll","background-type":"","background-media":"","overlay-type":"","overlay-color":"","overlay-opacity":"","overlay-gradient":""},"mobile":{"background-color":"var(--ast-global-color-5)","background-image":"","background-repeat":"repeat","background-position":"center center","background-size":"auto","background-attachment":"scroll","background-type":"","background-media":"","overlay-type":"","overlay-color":"","overlay-opacity":"","overlay-gradient":""}}},"product_brand":[],"product_cat":[65,85,86,90,94,95],"product_tag":[187,151,139,496,191,184],"class_list":{"0":"post-2333","1":"product","2":"type-product","3":"status-publish","4":"has-post-thumbnail","6":"product_cat-best-sellers","7":"product_cat-wholesale-mens-shapewear","8":"product_cat-wholesale-men-sliming-vest","9":"product_cat-wholesale-waist-trainer","10":"product_cat-n-in-1-waist-trainer","11":"product_cat-waist-cincher","12":"product_tag-2-in-1","13":"product_tag-double-compression","14":"product_tag-high-waist","15":"product_tag-vest","16":"product_tag-waist-trainer-with-straps","17":"product_tag-zipper","18":"pa_color-black","19":"pa_color-white","20":"pa_size-l","21":"pa_size-m","22":"pa_size-xl","23":"pa_size-xxl","24":"pa_size-xxxl","25":"desktop-align-center","26":"tablet-align-left","27":"mobile-align-left","28":"ast-product-gallery-layout-horizontal-slider","29":"ast-product-single-variable","30":"ast-product-tabs-layout-horizontal","31":"ast-qv-on-image","33":"first","34":"instock","35":"shipping-taxable","36":"purchasable","37":"product-type-variable"},"tiered_pricing_type":"fixed","tiered_pricing_fixed_rules":{"10":5.95,"200":5.62,"500":4.99},"tiered_pricing_product_settings":{"layout":"default","base_unit_name":{"singular":null,"plural":null},"default_variation":{}},"tiered_pricing_minimum_quantity":null,"tiered_pricing_roles_data":[],"tiered_pricing_percentage_rules":[],"_links":{"self":[{"href":"https:\/\/yume-silm.com\/it\/wp-json\/wp\/v2\/product\/2333","targetHints":{"allow":["GET"]}}],"collection":[{"href":"https:\/\/yume-silm.com\/it\/wp-json\/wp\/v2\/product"}],"about":[{"href":"https:\/\/yume-silm.com\/it\/wp-json\/wp\/v2\/types\/product"}],"replies":[{"embeddable":true,"href":"https:\/\/yume-silm.com\/it\/wp-json\/wp\/v2\/comments?post=2333"}],"wp:featuredmedia":[{"embeddable":true,"href":"https:\/\/yume-silm.com\/it\/wp-json\/wp\/v2\/media\/2339"}],"wp:attachment":[{"href":"https:\/\/yume-silm.com\/it\/wp-json\/wp\/v2\/media?parent=2333"}],"wp:term":[{"taxonomy":"product_brand","embeddable":true,"href":"https:\/\/yume-silm.com\/it\/wp-json\/wp\/v2\/product_brand?post=2333"},{"taxonomy":"product_cat","embeddable":true,"href":"https:\/\/yume-silm.com\/it\/wp-json\/wp\/v2\/product_cat?post=2333"},{"taxonomy":"product_tag","embeddable":true,"href":"https:\/\/yume-silm.com\/it\/wp-json\/wp\/v2\/product_tag?post=2333"}],"curies":[{"name":"wp","href":"https:\/\/api.w.org\/{rel}","templated":true}]}}