{"id":2420,"date":"2023-05-11T03:17:55","date_gmt":"2023-05-11T03:17:55","guid":{"rendered":"https:\/\/yume-silm.com\/?post_type=product&#038;p=2420"},"modified":"2024-05-11T01:49:48","modified_gmt":"2024-05-11T01:49:48","slug":"pizzo-cintura-vita-con-filato-ad-alta-elasticita","status":"publish","type":"product","link":"https:\/\/yume-silm.com\/it\/prodotto\/pizzo-cintura-vita-con-filato-ad-alta-elasticita\/","title":{"rendered":"Cincher in vita traspirante in pizzo all&#039;ingrosso con elevata elasticit\u00e0"},"content":{"rendered":"<h5>Caratteristiche del progetto<\/h5>\n<ul>\n<li><strong>TRAINER A VITA LUNGA TORSO:<\/strong> Il miglior trainer per la vita per il grasso della parte inferiore della pancia mostra un potente effetto modellante della vita. Il girovita in felpa avvolge l&#039;intero addome e la vita per ottenere la perfetta figura a clessidra. Il lungo busto del girovita da donna, che arriva appena sotto il seno, ti consente di ridurre la quantit\u00e0 di cibo che mangi comprimendo leggermente la pancia per una perdita di peso ottimale.<\/li>\n<li><strong>TRIPLA FIBBIA:<\/strong> Il corsetto da allenamento in vita ha tre strati di chiusure a strappo che si collegano per formare un anello chiuso, rendendolo facile da indossare o togliere. \u00c8 anche conveniente regolare liberamente il livello di comfort per adattarlo alla migliore forma del corpo quando si utilizza il girovita Hot Shapers.<\/li>\n<li><strong>COMFORT TRASPIRANTE:<\/strong> Questo girovita per sauna \u00e8 realizzato in tessuto traspirante che permette alla pelle di respirare, garantendo il massimo comfort.<\/li>\n<li><strong>ALLA MODA:<\/strong> La scarpa da ginnastica in vita a clessidra presenta un design in filato e un elegante rivestimento in pizzo che aggiunge un tocco di raffinatezza all&#039;aspetto generale del corsetto cincher in vita, aiutando i clienti a stare al passo con le tendenze della moda.<\/li>\n<li><strong>MULTIFUNZIONALIT\u00c0:<\/strong> Questa cintura stringivita \u00e8 perfetta per l&#039;uso quotidiano e per eventi speciali, che si tratti di lavoro quotidiano, shopping, viaggi o anche per partecipare a cocktail party, appuntamenti, feste, ecc., ti render\u00e0 orgoglioso di mostrare perfettamente la tua figura a clessidra: arricchisce i clienti &#039; scelte del guardaroba.<\/li>\n<\/ul>\n<h6><em>Corsetto da allenamento per la vita da donna con potente controllo addominale con finiture in pizzo e filato effetto traspirante<\/em><\/h6>\n<ul>\n<li>Il nostro cincher in vita in pizzo traspirante con elevata elasticit\u00e0 \u00e8 una testimonianza di qualit\u00e0 artigianale e design innovativo.<\/li>\n<li>Per i grossisti che desiderano offrire prodotti di alto livello che uniscono qualit\u00e0 e stile, queste scarpe da ginnastica scolpite sono la scelta migliore.<\/li>\n<li>Con opzioni di personalizzazione, una gamma di dimensioni e la promessa di una consegna rapida, \u00e8 un&#039;aggiunta essenziale al tuo inventario.<\/li>\n<li>Tuffati nel mondo della vendita all&#039;ingrosso con questo pezzo straordinario. Ordina oggi!<\/li>\n<\/ul>","protected":false},"excerpt":{"rendered":"<ul>\n<li>Ti presentiamo il nostro cincher in vita traspirante in pizzo con elevata elasticit\u00e0, un perfetto mix di stile e funzionalit\u00e0.<\/li>\n<li>Realizzato con filato ad alta elasticit\u00e0, questo girovita fitness offre un controllo superiore della pancia, completato da un&#039;elegante decorazione in pizzo, garantendo comfort ed eleganza.<\/li>\n<\/ul>","protected":false},"featured_media":2450,"comment_status":"open","ping_status":"closed","template":"","meta":{"site-sidebar-layout":"default","site-content-layout":"default","ast-site-content-layout":"default","site-content-style":"default","site-sidebar-style":"default","ast-global-header-display":"","ast-banner-title-visibility":"","ast-main-header-display":"","ast-hfb-above-header-display":"","ast-hfb-below-header-display":"","ast-hfb-mobile-header-display":"","site-post-title":"","ast-breadcrumbs-content":"","ast-featured-img":"","footer-sml-layout":"","ast-disable-related-posts":"","theme-transparent-header-meta":"default","adv-header-id-meta":"","stick-header-meta":"default","header-above-stick-meta":"","header-main-stick-meta":"","header-below-stick-meta":"","astra-migrate-meta-layouts":"set","ast-page-background-enabled":"default","ast-page-background-meta":{"desktop":{"background-color":"","background-image":"","background-repeat":"repeat","background-position":"center center","background-size":"auto","background-attachment":"scroll","background-type":"","background-media":"","overlay-type":"","overlay-color":"","overlay-opacity":"","overlay-gradient":""},"tablet":{"background-color":"","background-image":"","background-repeat":"repeat","background-position":"center center","background-size":"auto","background-attachment":"scroll","background-type":"","background-media":"","overlay-type":"","overlay-color":"","overlay-opacity":"","overlay-gradient":""},"mobile":{"background-color":"","background-image":"","background-repeat":"repeat","background-position":"center center","background-size":"auto","background-attachment":"scroll","background-type":"","background-media":"","overlay-type":"","overlay-color":"","overlay-opacity":"","overlay-gradient":""}},"ast-content-background-meta":{"desktop":{"background-color":"var(--ast-global-color-5)","background-image":"","background-repeat":"repeat","background-position":"center center","background-size":"auto","background-attachment":"scroll","background-type":"","background-media":"","overlay-type":"","overlay-color":"","overlay-opacity":"","overlay-gradient":""},"tablet":{"background-color":"var(--ast-global-color-5)","background-image":"","background-repeat":"repeat","background-position":"center center","background-size":"auto","background-attachment":"scroll","background-type":"","background-media":"","overlay-type":"","overlay-color":"","overlay-opacity":"","overlay-gradient":""},"mobile":{"background-color":"var(--ast-global-color-5)","background-image":"","background-repeat":"repeat","background-position":"center center","background-size":"auto","background-attachment":"scroll","background-type":"","background-media":"","overlay-type":"","overlay-color":"","overlay-opacity":"","overlay-gradient":""}}},"product_brand":[],"product_cat":[76,65,90,92],"product_tag":[194,198,152,149,154],"class_list":{"0":"post-2420","1":"product","2":"type-product","3":"status-publish","4":"has-post-thumbnail","6":"product_cat-new-arrivels","7":"product_cat-best-sellers","8":"product_cat-wholesale-waist-trainer","9":"product_cat-wholesale-waist-girdle","10":"product_tag-adjustable","11":"product_tag-hourglass","12":"product_tag-lace-up","13":"product_tag-long-torso","14":"product_tag-with-hooks","15":"pa_color-beige","16":"pa_color-black","17":"pa_color-purple","18":"pa_size-l","19":"pa_size-m","20":"pa_size-s","21":"pa_size-xl","22":"pa_size-xxl","23":"pa_size-xxxl","24":"desktop-align-center","25":"tablet-align-left","26":"mobile-align-left","27":"ast-product-gallery-layout-horizontal-slider","28":"ast-product-single-variable","29":"ast-product-tabs-layout-horizontal","30":"ast-qv-on-image","32":"first","33":"instock","34":"shipping-taxable","35":"purchasable","36":"product-type-variable"},"tiered_pricing_type":"fixed","tiered_pricing_fixed_rules":{"5":3.79,"50":2.99,"100":2.59},"tiered_pricing_product_settings":{"layout":"default","base_unit_name":{"singular":null,"plural":null},"default_variation":{}},"tiered_pricing_minimum_quantity":null,"tiered_pricing_roles_data":[],"tiered_pricing_percentage_rules":[],"_links":{"self":[{"href":"https:\/\/yume-silm.com\/it\/wp-json\/wp\/v2\/product\/2420","targetHints":{"allow":["GET"]}}],"collection":[{"href":"https:\/\/yume-silm.com\/it\/wp-json\/wp\/v2\/product"}],"about":[{"href":"https:\/\/yume-silm.com\/it\/wp-json\/wp\/v2\/types\/product"}],"replies":[{"embeddable":true,"href":"https:\/\/yume-silm.com\/it\/wp-json\/wp\/v2\/comments?post=2420"}],"wp:featuredmedia":[{"embeddable":true,"href":"https:\/\/yume-silm.com\/it\/wp-json\/wp\/v2\/media\/2450"}],"wp:attachment":[{"href":"https:\/\/yume-silm.com\/it\/wp-json\/wp\/v2\/media?parent=2420"}],"wp:term":[{"taxonomy":"product_brand","embeddable":true,"href":"https:\/\/yume-silm.com\/it\/wp-json\/wp\/v2\/product_brand?post=2420"},{"taxonomy":"product_cat","embeddable":true,"href":"https:\/\/yume-silm.com\/it\/wp-json\/wp\/v2\/product_cat?post=2420"},{"taxonomy":"product_tag","embeddable":true,"href":"https:\/\/yume-silm.com\/it\/wp-json\/wp\/v2\/product_tag?post=2420"}],"curies":[{"name":"wp","href":"https:\/\/api.w.org\/{rel}","templated":true}]}}