{"id":2453,"date":"2023-05-11T03:48:03","date_gmt":"2023-05-11T03:48:03","guid":{"rendered":"https:\/\/yume-silm.com\/?post_type=product&#038;p=2453"},"modified":"2024-05-11T05:27:02","modified_gmt":"2024-05-11T05:27:02","slug":"girovita-rinforzato-a-doppio-strato-con-ganci-a-4-strati","status":"publish","type":"product","link":"https:\/\/yume-silm.com\/it\/prodotto\/girovita-rinforzato-a-doppio-strato-con-ganci-a-4-strati\/","title":{"rendered":"Cincher in gomma per rifinitore in vita con clip a doppia compressione e cerniera all&#039;ingrosso"},"content":{"rendered":"<h5>Caratteristiche del progetto<\/h5>\n<ul>\n<li><strong>DOPPIO RINFORZO:<\/strong> Il girovita a doppia compressione offre supporto e durata superiori per una soddisfazione duratura dei tuoi clienti.<\/li>\n<li><strong>VESTIBILIT\u00c0 REGOLABILE:<\/strong> Il nostro cincher per la vita \u00e8 dotato di ganci affidabili che consentono ai clienti di trovare facilmente la vestibilit\u00e0 perfetta e aumentare l&#039;attrattiva del prodotto.<\/li>\n<li><strong>FACILIT\u00c0 D&#039;USO:<\/strong> La cerniera integrata modellante in vita a doppio strato garantisce facilit\u00e0 d&#039;uso, migliorando l&#039;esperienza dell&#039;utente e migliorando la tua reputazione di prodotti adatti al cliente.<\/li>\n<li><strong>AUMENTO DELLE VENDITE:<\/strong> Un&#039;aggiunta importante, il nostro rifinitore in vita in gomma con clip e cerniera recentemente aggiornato \u00e8 progettato per soddisfare le ultime tendenze e richieste del mercato dello shapewear.<\/li>\n<li><strong>SODDISFAZIONE DEL CLIENTE:<\/strong> Il corsetto addominale con cerniera di alta qualit\u00e0 e doppio rinforzo, con il suo design e materiali di alta qualit\u00e0, diventer\u00e0 una delle linee di prodotti preferite dei tuoi clienti, portando ad una maggiore fedelt\u00e0 e ad acquisti ripetuti.<\/li>\n<\/ul>\n<h6><em><span class=\"111\" data-slate-leaf=\"true\">Canottiera da allenamento per perdere peso <\/span><span class=\"00\" data-slate-leaf=\"true\">cinturini in vita<\/span><\/em><\/h6>\n<ul>\n<li>In sintesi, la nostra doppia compressione <span data-slate-fragment=\"JTVCJTdCJTIydHlwZSUyMiUzQSUyMnBhcmFncmFwaCUyMiUyQyUyMmNoaWxkcmVuJTIyJTNBJTVCJTdCJTIyc2VudGVuY2UlMjIlM0EyMCUyQyUyMmNoaWxkU2VudGVuY2UlMjIlM0ExJTJDJTIydGV4dCUyMiUzQSUyMmNsaXAlMjBhbmQlMjB6aXBwZXIlMjBydWJiZXIlMjB3YWlzdCUyMHRyaW1tZXIlMjBjaW5jaGVyJTIyJTdEJTVEJTdEJTVE\">cincher rifinitore in vita in gomma con clip e cerniera<\/span> \u00e8 una miscela di stile, comfort e funzionalit\u00e0. Per i grossisti che desiderano offrire soluzioni innovative di shapewear, questo prodotto si distingue.<\/li>\n<li>Con opzioni di personalizzazione, una variet\u00e0 di dimensioni e la promessa di consegna rapida, \u00e8 un&#039;ottima aggiunta al tuo inventario. Lascia che questo eccezionale gilet sportivo con cintura modellante per il controllo della pancia ti porti nel mondo del commercio all&#039;ingrosso. Ordina adesso!<\/li>\n<\/ul>","protected":false},"excerpt":{"rendered":"<p>Migliora la tua collezione con il nostro rifinitore in vita in gomma con clip e cerniera, dotato di ganci a 3 strati. Sapientemente realizzato per un supporto e una regolabilit\u00e0 senza pari, questo modellatore per la vita promette la massima soddisfazione per i tuoi clienti.<\/p>","protected":false},"featured_media":2465,"comment_status":"open","ping_status":"closed","template":"","meta":{"site-sidebar-layout":"default","site-content-layout":"default","ast-site-content-layout":"default","site-content-style":"default","site-sidebar-style":"default","ast-global-header-display":"","ast-banner-title-visibility":"","ast-main-header-display":"","ast-hfb-above-header-display":"","ast-hfb-below-header-display":"","ast-hfb-mobile-header-display":"","site-post-title":"","ast-breadcrumbs-content":"","ast-featured-img":"","footer-sml-layout":"","ast-disable-related-posts":"","theme-transparent-header-meta":"default","adv-header-id-meta":"","stick-header-meta":"default","header-above-stick-meta":"","header-main-stick-meta":"","header-below-stick-meta":"","astra-migrate-meta-layouts":"set","ast-page-background-enabled":"default","ast-page-background-meta":{"desktop":{"background-color":"","background-image":"","background-repeat":"repeat","background-position":"center center","background-size":"auto","background-attachment":"scroll","background-type":"","background-media":"","overlay-type":"","overlay-color":"","overlay-opacity":"","overlay-gradient":""},"tablet":{"background-color":"","background-image":"","background-repeat":"repeat","background-position":"center center","background-size":"auto","background-attachment":"scroll","background-type":"","background-media":"","overlay-type":"","overlay-color":"","overlay-opacity":"","overlay-gradient":""},"mobile":{"background-color":"","background-image":"","background-repeat":"repeat","background-position":"center center","background-size":"auto","background-attachment":"scroll","background-type":"","background-media":"","overlay-type":"","overlay-color":"","overlay-opacity":"","overlay-gradient":""}},"ast-content-background-meta":{"desktop":{"background-color":"var(--ast-global-color-5)","background-image":"","background-repeat":"repeat","background-position":"center center","background-size":"auto","background-attachment":"scroll","background-type":"","background-media":"","overlay-type":"","overlay-color":"","overlay-opacity":"","overlay-gradient":""},"tablet":{"background-color":"var(--ast-global-color-5)","background-image":"","background-repeat":"repeat","background-position":"center center","background-size":"auto","background-attachment":"scroll","background-type":"","background-media":"","overlay-type":"","overlay-color":"","overlay-opacity":"","overlay-gradient":""},"mobile":{"background-color":"var(--ast-global-color-5)","background-image":"","background-repeat":"repeat","background-position":"center center","background-size":"auto","background-attachment":"scroll","background-type":"","background-media":"","overlay-type":"","overlay-color":"","overlay-opacity":"","overlay-gradient":""}}},"product_brand":[],"product_cat":[65,76,90,92],"product_tag":[153,456,151,198,457,200,149,185,184],"class_list":{"0":"post-2453","1":"product","2":"type-product","3":"status-publish","4":"has-post-thumbnail","6":"product_cat-best-sellers","7":"product_cat-new-arrivels","8":"product_cat-wholesale-waist-trainer","9":"product_cat-wholesale-waist-girdle","10":"product_tag-boned","11":"product_tag-cincher","12":"product_tag-double-compression","13":"product_tag-hourglass","14":"product_tag-large-size","15":"product_tag-latex","16":"product_tag-long-torso","17":"product_tag-workout","18":"product_tag-zipper","19":"pa_color-black","20":"pa_size-4xl","21":"pa_size-5xl","22":"pa_size-6xl","23":"pa_size-l","24":"pa_size-m","25":"pa_size-s","26":"pa_size-xl","27":"pa_size-xs","28":"pa_size-xxl","29":"pa_size-xxxl","30":"desktop-align-center","31":"tablet-align-left","32":"mobile-align-left","33":"ast-product-gallery-layout-horizontal-slider","34":"ast-product-single-variable","35":"ast-product-tabs-layout-horizontal","36":"ast-qv-on-image","38":"first","39":"instock","40":"shipping-taxable","41":"purchasable","42":"product-type-variable"},"tiered_pricing_type":"fixed","tiered_pricing_fixed_rules":{"5":7.59,"50":6.79,"100":5.49},"tiered_pricing_product_settings":{"layout":"default","base_unit_name":{"singular":null,"plural":null},"default_variation":{}},"tiered_pricing_minimum_quantity":null,"tiered_pricing_roles_data":[],"tiered_pricing_percentage_rules":[],"_links":{"self":[{"href":"https:\/\/yume-silm.com\/it\/wp-json\/wp\/v2\/product\/2453","targetHints":{"allow":["GET"]}}],"collection":[{"href":"https:\/\/yume-silm.com\/it\/wp-json\/wp\/v2\/product"}],"about":[{"href":"https:\/\/yume-silm.com\/it\/wp-json\/wp\/v2\/types\/product"}],"replies":[{"embeddable":true,"href":"https:\/\/yume-silm.com\/it\/wp-json\/wp\/v2\/comments?post=2453"}],"wp:featuredmedia":[{"embeddable":true,"href":"https:\/\/yume-silm.com\/it\/wp-json\/wp\/v2\/media\/2465"}],"wp:attachment":[{"href":"https:\/\/yume-silm.com\/it\/wp-json\/wp\/v2\/media?parent=2453"}],"wp:term":[{"taxonomy":"product_brand","embeddable":true,"href":"https:\/\/yume-silm.com\/it\/wp-json\/wp\/v2\/product_brand?post=2453"},{"taxonomy":"product_cat","embeddable":true,"href":"https:\/\/yume-silm.com\/it\/wp-json\/wp\/v2\/product_cat?post=2453"},{"taxonomy":"product_tag","embeddable":true,"href":"https:\/\/yume-silm.com\/it\/wp-json\/wp\/v2\/product_tag?post=2453"}],"curies":[{"name":"wp","href":"https:\/\/api.w.org\/{rel}","templated":true}]}}