{"id":2539,"date":"2023-05-12T03:48:23","date_gmt":"2023-05-12T03:48:23","guid":{"rendered":"https:\/\/yume-silm.com\/?post_type=product&#038;p=2539"},"modified":"2024-05-11T02:35:55","modified_gmt":"2024-05-11T02:35:55","slug":"cintura-traspirante-senza-cuciture-con-supporto-a-4-pezzi-con-ossa","status":"publish","type":"product","link":"https:\/\/yume-silm.com\/it\/prodotto\/cintura-traspirante-senza-cuciture-con-supporto-a-4-pezzi-con-ossa\/","title":{"rendered":"Cintura cincher in vita traspirante e senza cuciture all&#039;ingrosso con supporto disossato in 4 pezzi"},"content":{"rendered":"<h5>Caratteristiche del progetto<\/h5>\n<ul>\n<li><strong>ELEVATA ELASTICIT\u00c0:<\/strong> Questa scarpa da ginnastica a vita alta \u00e8 realizzata in tessuto misto nylon e spandex, che garantisce vestibilit\u00e0 aderente ed elasticit\u00e0. Pu\u00f2 essere indossato ripetutamente e l&#039;elasticit\u00e0 verr\u00e0 mantenuta a lungo.<\/li>\n<li><strong>SUPPORTO DELLA CARTILAGINE:<\/strong> Le nostre cinture cinture sono rinforzate con quattro pezzi di cartilagine per fornire supporto e durata senza precedenti, garantendo una soddisfazione duratura con il controllo addominale.<\/li>\n<li><strong>TRASPIRABILIT\u00c0:<\/strong> Il miglior trainer per la vita per il grasso della parte inferiore della pancia \u00e8 progettato per un comfort che dura tutto il giorno e il tessuto traspirante garantisce che i tuoi clienti rimangano freschi e comodi.<\/li>\n<li><strong>DESIGN SENZA GIUNTE:<\/strong> La struttura senza cuciture della cintura da donna garantisce una vestibilit\u00e0 perfetta sotto qualsiasi outfit per un look elegante.<\/li>\n<li><strong>FIGURA CLESSIDRA:<\/strong> Quando ti alleni e ti alleni con una cintura da ginnastica, noterai un grande cambiamento prima e dopo il girovita, e soprattutto otterrai la figura a clessidra ideale. Perfetto da indossare per allenarsi ad un appuntamento o ad una festa, sarai sicuro di apparire al meglio.<\/li>\n<li><strong>AUMENTA LE VENDITE:<\/strong> Con un design innovativo e materiali di alta qualit\u00e0, questa cintura stringivita traspirante senza cuciture con supporto in 4 pezzi con stecche pu\u00f2 aumentare le tue vendite e soddisfare le mutevoli esigenze del mercato dei corsetti stringivita.<\/li>\n<\/ul>\n<h6><em>Potente cintura da allenamento da donna per il controllo della pancia<\/em><\/h6>\n<ul>\n<li>La nostra cintura traspirante senza cuciture con supporto steccato in 4 pezzi \u00e8 una miscela di innovazione, stile e comfort. Per i grossisti che mirano a offrire prodotti di alto livello in sintonia con le ultime tendenze, questa cintura attillata \u00e8 un must.<\/li>\n<li>Con opzioni di personalizzazione, una gamma di dimensioni e la promessa di una consegna rapida, \u00e8 una preziosa aggiunta al tuo inventario. Tuffati nel mondo della vendita all&#039;ingrosso con questo accessorio eccezionale. Ordina oggi!<\/li>\n<\/ul>","protected":false},"excerpt":{"rendered":"<p>Sperimenta la fusione di stile e funzionalit\u00e0 con la nostra cintura traspirante senza cuciture, arricchita con un supporto steccato in 4 pezzi. Realizzata per il cliente esigente, questa cintura in vita cincher offre una vestibilit\u00e0 senza cuciture, garantendo comfort e sicurezza per tutto il giorno.<\/p>","protected":false},"featured_media":2550,"comment_status":"open","ping_status":"closed","template":"","meta":{"site-sidebar-layout":"default","site-content-layout":"default","ast-site-content-layout":"default","site-content-style":"default","site-sidebar-style":"default","ast-global-header-display":"","ast-banner-title-visibility":"","ast-main-header-display":"","ast-hfb-above-header-display":"","ast-hfb-below-header-display":"","ast-hfb-mobile-header-display":"","site-post-title":"","ast-breadcrumbs-content":"","ast-featured-img":"","footer-sml-layout":"","ast-disable-related-posts":"","theme-transparent-header-meta":"default","adv-header-id-meta":"","stick-header-meta":"default","header-above-stick-meta":"","header-main-stick-meta":"","header-below-stick-meta":"","astra-migrate-meta-layouts":"set","ast-page-background-enabled":"default","ast-page-background-meta":{"desktop":{"background-color":"","background-image":"","background-repeat":"repeat","background-position":"center center","background-size":"auto","background-attachment":"scroll","background-type":"","background-media":"","overlay-type":"","overlay-color":"","overlay-opacity":"","overlay-gradient":""},"tablet":{"background-color":"","background-image":"","background-repeat":"repeat","background-position":"center center","background-size":"auto","background-attachment":"scroll","background-type":"","background-media":"","overlay-type":"","overlay-color":"","overlay-opacity":"","overlay-gradient":""},"mobile":{"background-color":"","background-image":"","background-repeat":"repeat","background-position":"center center","background-size":"auto","background-attachment":"scroll","background-type":"","background-media":"","overlay-type":"","overlay-color":"","overlay-opacity":"","overlay-gradient":""}},"ast-content-background-meta":{"desktop":{"background-color":"var(--ast-global-color-5)","background-image":"","background-repeat":"repeat","background-position":"center center","background-size":"auto","background-attachment":"scroll","background-type":"","background-media":"","overlay-type":"","overlay-color":"","overlay-opacity":"","overlay-gradient":""},"tablet":{"background-color":"var(--ast-global-color-5)","background-image":"","background-repeat":"repeat","background-position":"center center","background-size":"auto","background-attachment":"scroll","background-type":"","background-media":"","overlay-type":"","overlay-color":"","overlay-opacity":"","overlay-gradient":""},"mobile":{"background-color":"var(--ast-global-color-5)","background-image":"","background-repeat":"repeat","background-position":"center center","background-size":"auto","background-attachment":"scroll","background-type":"","background-media":"","overlay-type":"","overlay-color":"","overlay-opacity":"","overlay-gradient":""}}},"product_brand":[],"product_cat":[65,76,90,95],"product_tag":[153,147,149,523],"class_list":{"0":"post-2539","1":"product","2":"type-product","3":"status-publish","4":"has-post-thumbnail","6":"product_cat-best-sellers","7":"product_cat-new-arrivels","8":"product_cat-wholesale-waist-trainer","9":"product_cat-waist-cincher","10":"product_tag-boned","11":"product_tag-cross","12":"product_tag-long-torso","13":"product_tag-seemless","14":"pa_color-beige","15":"pa_color-black","16":"pa_size-m-l","17":"pa_size-xl-xxl","18":"pa_size-xs-s","19":"pa_size-xxxl","20":"desktop-align-center","21":"tablet-align-left","22":"mobile-align-left","23":"ast-product-gallery-layout-horizontal-slider","24":"ast-product-single-variable","25":"ast-product-tabs-layout-horizontal","26":"ast-qv-on-image","28":"first","29":"instock","30":"shipping-taxable","31":"purchasable","32":"product-type-variable"},"tiered_pricing_type":"fixed","tiered_pricing_fixed_rules":{"2":2.79,"50":2.49,"100":2.09},"tiered_pricing_product_settings":{"layout":"default","base_unit_name":{"singular":null,"plural":null},"default_variation":{}},"tiered_pricing_minimum_quantity":null,"tiered_pricing_roles_data":[],"tiered_pricing_percentage_rules":[],"_links":{"self":[{"href":"https:\/\/yume-silm.com\/it\/wp-json\/wp\/v2\/product\/2539","targetHints":{"allow":["GET"]}}],"collection":[{"href":"https:\/\/yume-silm.com\/it\/wp-json\/wp\/v2\/product"}],"about":[{"href":"https:\/\/yume-silm.com\/it\/wp-json\/wp\/v2\/types\/product"}],"replies":[{"embeddable":true,"href":"https:\/\/yume-silm.com\/it\/wp-json\/wp\/v2\/comments?post=2539"}],"wp:featuredmedia":[{"embeddable":true,"href":"https:\/\/yume-silm.com\/it\/wp-json\/wp\/v2\/media\/2550"}],"wp:attachment":[{"href":"https:\/\/yume-silm.com\/it\/wp-json\/wp\/v2\/media?parent=2539"}],"wp:term":[{"taxonomy":"product_brand","embeddable":true,"href":"https:\/\/yume-silm.com\/it\/wp-json\/wp\/v2\/product_brand?post=2539"},{"taxonomy":"product_cat","embeddable":true,"href":"https:\/\/yume-silm.com\/it\/wp-json\/wp\/v2\/product_cat?post=2539"},{"taxonomy":"product_tag","embeddable":true,"href":"https:\/\/yume-silm.com\/it\/wp-json\/wp\/v2\/product_tag?post=2539"}],"curies":[{"name":"wp","href":"https:\/\/api.w.org\/{rel}","templated":true}]}}