{"id":2623,"date":"2023-05-13T02:51:04","date_gmt":"2023-05-13T02:51:04","guid":{"rendered":"https:\/\/yume-silm.com\/?post_type=product&#038;p=2623"},"modified":"2024-05-18T09:26:21","modified_gmt":"2024-05-18T09:26:21","slug":"allingrosso-tuta-pantalone-per-donna-senza-cuciture-un-pezzo-jumpsuits","status":"publish","type":"product","link":"https:\/\/yume-silm.com\/it\/prodotto\/allingrosso-tuta-pantalone-per-donna-senza-cuciture-un-pezzo-jumpsuits\/","title":{"rendered":"Body perizoma senza cuciture all&#039;ingrosso da donna"},"content":{"rendered":"<h5>Caratteristiche del progetto<\/h5>\n<ul>\n<li><strong>TESSUTO DI QUALIT\u00c0 PREMIUM:<\/strong> Questo body modellante perizoma per il controllo della pancia \u00e8 realizzato in nylon e spandex con elevata elasticit\u00e0 per garantire una vestibilit\u00e0 aderente e confortevole. Indossando questo body compressivo e di supporto a copertura totale, \u00e8 facile creare una figura a clessidra ed enfatizzare le curve naturali del tuo corpo.<\/li>\n<li><strong>DESIGN PERIZOMA ALLA MODA:<\/strong> Il design a perizoma del body liscio e sottile non solo aggiunge un tocco di sensualit\u00e0, ma solleva anche efficacemente i glutei e migliora la silhouette generale.<\/li>\n<li><strong>FUNZIONE UTILE:<\/strong> Il cavallo del body perizoma Sculpt senza cuciture \u00e8 dotato di gancio regolabile per l&#039;uso in bagno, garantendo il massimo comfort durante tutta la giornata.<\/li>\n<li><strong>ABBIGLIAMENTO VERSATILE:<\/strong> Dall&#039;abbigliamento da lavoro quotidiano agli eventi speciali come appuntamenti e feste, questo body perizoma push-up dalla forma leggera e senza cuciture \u00e8 un capo versatile che pu\u00f2 essere indossato in una variet\u00e0 di occasioni.<\/li>\n<li><strong>OPZIONI PERSONALIZZATE:<\/strong> Il nostro body perizoma senza cuciture da indossare tutti i giorni supporta taglie, colori, stili, loghi, confezioni, cartellini ed etichette di cura personalizzati per soddisfare le diverse esigenze dei nostri clienti all&#039;ingrosso.<\/li>\n<\/ul>\n<h6><em>Body modellante ad alta elasticit\u00e0, liscio e senza cuciture<\/em><\/h6>\n<ul>\n<li>Il nostro body perizoma senza cuciture per tute intere da donna \u00e8 una miscela di innovazione, stile e comfort. Per i grossisti che mirano a offrire prodotti di alto livello in sintonia con le ultime tendenze, questo body \u00e8 un must.<\/li>\n<li>Con opzioni di personalizzazione, una gamma di taglie e la promessa di una consegna rapida, il body perizoma monopezzo senza cuciture \u00e8 una preziosa aggiunta al tuo inventario. Tuffati nel mondo della vendita all&#039;ingrosso con questo pezzo eccezionale. Ordina oggi!<\/li>\n<\/ul>","protected":false},"excerpt":{"rendered":"<p>Entra nell&#039;eleganza con il nostro body perizoma da donna senza cuciture, una tuta intera senza cuciture. Realizzato in nylon e spandex ad alta elasticit\u00e0, questo body \u00e8 l&#039;epitome di comfort e stile, garantendo una silhouette impeccabile per ogni occasione.<\/p>","protected":false},"featured_media":2606,"comment_status":"open","ping_status":"closed","template":"","meta":{"site-sidebar-layout":"default","site-content-layout":"default","ast-site-content-layout":"default","site-content-style":"default","site-sidebar-style":"default","ast-global-header-display":"","ast-banner-title-visibility":"","ast-main-header-display":"","ast-hfb-above-header-display":"","ast-hfb-below-header-display":"","ast-hfb-mobile-header-display":"","site-post-title":"","ast-breadcrumbs-content":"","ast-featured-img":"","footer-sml-layout":"","ast-disable-related-posts":"","theme-transparent-header-meta":"default","adv-header-id-meta":"","stick-header-meta":"default","header-above-stick-meta":"","header-main-stick-meta":"","header-below-stick-meta":"","astra-migrate-meta-layouts":"set","ast-page-background-enabled":"default","ast-page-background-meta":{"desktop":{"background-color":"","background-image":"","background-repeat":"repeat","background-position":"center center","background-size":"auto","background-attachment":"scroll","background-type":"","background-media":"","overlay-type":"","overlay-color":"","overlay-opacity":"","overlay-gradient":""},"tablet":{"background-color":"","background-image":"","background-repeat":"repeat","background-position":"center center","background-size":"auto","background-attachment":"scroll","background-type":"","background-media":"","overlay-type":"","overlay-color":"","overlay-opacity":"","overlay-gradient":""},"mobile":{"background-color":"","background-image":"","background-repeat":"repeat","background-position":"center center","background-size":"auto","background-attachment":"scroll","background-type":"","background-media":"","overlay-type":"","overlay-color":"","overlay-opacity":"","overlay-gradient":""}},"ast-content-background-meta":{"desktop":{"background-color":"var(--ast-global-color-5)","background-image":"","background-repeat":"repeat","background-position":"center center","background-size":"auto","background-attachment":"scroll","background-type":"","background-media":"","overlay-type":"","overlay-color":"","overlay-opacity":"","overlay-gradient":""},"tablet":{"background-color":"var(--ast-global-color-5)","background-image":"","background-repeat":"repeat","background-position":"center center","background-size":"auto","background-attachment":"scroll","background-type":"","background-media":"","overlay-type":"","overlay-color":"","overlay-opacity":"","overlay-gradient":""},"mobile":{"background-color":"var(--ast-global-color-5)","background-image":"","background-repeat":"repeat","background-position":"center center","background-size":"auto","background-attachment":"scroll","background-type":"","background-media":"","overlay-type":"","overlay-color":"","overlay-opacity":"","overlay-gradient":""}}},"product_brand":[],"product_cat":[65,76,77,82],"product_tag":[136,139,148,145,134],"class_list":{"0":"post-2623","1":"product","2":"type-product","3":"status-publish","4":"has-post-thumbnail","6":"product_cat-best-sellers","7":"product_cat-new-arrivels","8":"product_cat-wholesale-womens-shapewear","9":"product_cat-wholesale-shapewear-bodysuit","10":"product_tag-bridal","11":"product_tag-high-waist","12":"product_tag-one-piece","13":"product_tag-sexy","14":"product_tag-tummy-tucker","15":"pa_color-beige","16":"pa_color-black","17":"pa_color-yellow","18":"pa_size-l","19":"pa_size-m","20":"pa_size-s","21":"pa_size-xl","22":"pa_size-xxl","23":"pa_size-xxxl","24":"desktop-align-center","25":"tablet-align-left","26":"mobile-align-left","27":"ast-product-gallery-layout-horizontal-slider","28":"ast-product-single-variable","29":"ast-product-tabs-layout-horizontal","30":"ast-qv-on-image","32":"first","33":"instock","34":"shipping-taxable","35":"purchasable","36":"product-type-variable"},"tiered_pricing_type":"fixed","tiered_pricing_fixed_rules":{"5":4.8,"50":4.5,"100":4.2},"tiered_pricing_product_settings":{"layout":"default","base_unit_name":{"singular":null,"plural":null},"default_variation":{}},"tiered_pricing_minimum_quantity":null,"tiered_pricing_roles_data":[],"tiered_pricing_percentage_rules":[],"_links":{"self":[{"href":"https:\/\/yume-silm.com\/it\/wp-json\/wp\/v2\/product\/2623","targetHints":{"allow":["GET"]}}],"collection":[{"href":"https:\/\/yume-silm.com\/it\/wp-json\/wp\/v2\/product"}],"about":[{"href":"https:\/\/yume-silm.com\/it\/wp-json\/wp\/v2\/types\/product"}],"replies":[{"embeddable":true,"href":"https:\/\/yume-silm.com\/it\/wp-json\/wp\/v2\/comments?post=2623"}],"wp:featuredmedia":[{"embeddable":true,"href":"https:\/\/yume-silm.com\/it\/wp-json\/wp\/v2\/media\/2606"}],"wp:attachment":[{"href":"https:\/\/yume-silm.com\/it\/wp-json\/wp\/v2\/media?parent=2623"}],"wp:term":[{"taxonomy":"product_brand","embeddable":true,"href":"https:\/\/yume-silm.com\/it\/wp-json\/wp\/v2\/product_brand?post=2623"},{"taxonomy":"product_cat","embeddable":true,"href":"https:\/\/yume-silm.com\/it\/wp-json\/wp\/v2\/product_cat?post=2623"},{"taxonomy":"product_tag","embeddable":true,"href":"https:\/\/yume-silm.com\/it\/wp-json\/wp\/v2\/product_tag?post=2623"}],"curies":[{"name":"wp","href":"https:\/\/api.w.org\/{rel}","templated":true}]}}