{"id":2624,"date":"2023-05-13T02:50:42","date_gmt":"2023-05-13T02:50:42","guid":{"rendered":"https:\/\/yume-silm.com\/?post_type=product&#038;p=2624"},"modified":"2024-05-18T07:52:57","modified_gmt":"2024-05-18T07:52:57","slug":"trainer-ad-alta-elasticita-senza-cuciture-per-il-girovita","status":"publish","type":"product","link":"https:\/\/yume-silm.com\/it\/prodotto\/trainer-ad-alta-elasticita-senza-cuciture-per-il-girovita\/","title":{"rendered":"Allenatore per la vita del sudore senza cuciture ad alta elasticit\u00e0 all&#039;ingrosso"},"content":{"rendered":"<h5>Caratteristiche del progetto<\/h5>\n<ul>\n<li><strong>ELEVATA ELASTICIT\u00c0:<\/strong> Questo corsetto per allenamento e allenamento in vita \u00e8 realizzato in misto nylon e spandex. Il body modellante pu\u00f2 essere indossato pi\u00f9 e pi\u00f9 volte e torner\u00e0 rapidamente alla sua forma originale a seconda della trazione dell&#039;estensione. Garantisce una vestibilit\u00e0 aderente ed elastica per tutti i tipi di corporatura.<\/li>\n<li><strong>DESIGN SENZA GIUNTE:<\/strong> La struttura senza cuciture della cintura antisudore ad alta elasticit\u00e0 migliora il comfort e la vestibilit\u00e0 e mantiene un aspetto liscio e lucido sotto qualsiasi indumento.<\/li>\n<li><strong>MIGLIORAMENTO DEL SUDORE:<\/strong> I migliori cinturini per il controllo della pancia sono progettati per massimizzare la perdita di peso durante l&#039;allenamento aumentando la produzione di sudore, rendendoli un&#039;ottima aggiunta alla routine di fitness del tuo cliente.<\/li>\n<li><strong>INDOSSAMENTO MULTIUSO:<\/strong> Perfetto per gli allenamenti, l&#039;uso quotidiano o il supporto post-partum, questo girovita per figure a clessidra soddisfa una variet\u00e0 di esigenze, migliorando il suo appeal sul mercato.<\/li>\n<li><strong>FATTORE DEL PROFITTO:<\/strong> I corsetti per chi li indossa tutti i giorni e gli allenatori in vita soddisfano la domanda in continua evoluzione del mercato per il fitness e le attivit\u00e0 alla moda con figure a clessidra, aumentando le vendite e i profitti per la tua attivit\u00e0.<\/li>\n<\/ul>\n<h6><em>Corsetti da allenamento per rifinire la vita del sudore per uomini e donne<\/em><\/h6>\n<ul>\n<li>Il nostro trainer per la vita del sudore senza cuciture ad alta elasticit\u00e0 \u00e8 una miscela di innovazione, stile e comfort. Per i grossisti che mirano a offrire prodotti di alto livello in sintonia con le ultime tendenze, questo cinturino in vita \u00e8 un must.<\/li>\n<li>Con opzioni di personalizzazione, una gamma di dimensioni e la promessa di una consegna rapida, \u00e8 una preziosa aggiunta al tuo inventario. Tuffati nel mondo della vendita all&#039;ingrosso con questo pezzo eccezionale. Ordina oggi!<\/li>\n<\/ul>","protected":false},"excerpt":{"rendered":"<p>Ti presentiamo il nostro trainer per la vita del sudore senza cuciture ad alta elasticit\u00e0, una miscela perfetta di stile e funzionalit\u00e0. Progettato con tessuto ad alta elasticit\u00e0, assicura un&#039;ottima vestibilit\u00e0, esaltando la silhouette e massimizzando la produzione di sudore durante gli allenamenti.<\/p>","protected":false},"featured_media":2634,"comment_status":"open","ping_status":"closed","template":"","meta":{"site-sidebar-layout":"default","site-content-layout":"default","ast-site-content-layout":"default","site-content-style":"default","site-sidebar-style":"default","ast-global-header-display":"","ast-banner-title-visibility":"","ast-main-header-display":"","ast-hfb-above-header-display":"","ast-hfb-below-header-display":"","ast-hfb-mobile-header-display":"","site-post-title":"","ast-breadcrumbs-content":"","ast-featured-img":"","footer-sml-layout":"","ast-disable-related-posts":"","theme-transparent-header-meta":"default","adv-header-id-meta":"","stick-header-meta":"default","header-above-stick-meta":"","header-main-stick-meta":"","header-below-stick-meta":"","astra-migrate-meta-layouts":"set","ast-page-background-enabled":"default","ast-page-background-meta":{"desktop":{"background-color":"","background-image":"","background-repeat":"repeat","background-position":"center center","background-size":"auto","background-attachment":"scroll","background-type":"","background-media":"","overlay-type":"","overlay-color":"","overlay-opacity":"","overlay-gradient":""},"tablet":{"background-color":"","background-image":"","background-repeat":"repeat","background-position":"center center","background-size":"auto","background-attachment":"scroll","background-type":"","background-media":"","overlay-type":"","overlay-color":"","overlay-opacity":"","overlay-gradient":""},"mobile":{"background-color":"","background-image":"","background-repeat":"repeat","background-position":"center center","background-size":"auto","background-attachment":"scroll","background-type":"","background-media":"","overlay-type":"","overlay-color":"","overlay-opacity":"","overlay-gradient":""}},"ast-content-background-meta":{"desktop":{"background-color":"var(--ast-global-color-5)","background-image":"","background-repeat":"repeat","background-position":"center center","background-size":"auto","background-attachment":"scroll","background-type":"","background-media":"","overlay-type":"","overlay-color":"","overlay-opacity":"","overlay-gradient":""},"tablet":{"background-color":"var(--ast-global-color-5)","background-image":"","background-repeat":"repeat","background-position":"center center","background-size":"auto","background-attachment":"scroll","background-type":"","background-media":"","overlay-type":"","overlay-color":"","overlay-opacity":"","overlay-gradient":""},"mobile":{"background-color":"var(--ast-global-color-5)","background-image":"","background-repeat":"repeat","background-position":"center center","background-size":"auto","background-attachment":"scroll","background-type":"","background-media":"","overlay-type":"","overlay-color":"","overlay-opacity":"","overlay-gradient":""}}},"product_brand":[],"product_cat":[65,76,90,96,95],"product_tag":[460,149,185],"class_list":{"0":"post-2624","1":"product","2":"type-product","3":"status-publish","4":"has-post-thumbnail","6":"product_cat-best-sellers","7":"product_cat-new-arrivels","8":"product_cat-wholesale-waist-trainer","9":"product_cat-sweat-waist-trainer","10":"product_cat-waist-cincher","11":"product_tag-high-elasticity","12":"product_tag-long-torso","13":"product_tag-workout","14":"pa_color-blue","15":"pa_color-silver","16":"pa_size-4xl-5xl","17":"pa_size-l-xl","18":"pa_size-s-m","19":"pa_size-xxl-xxxl","20":"desktop-align-center","21":"tablet-align-left","22":"mobile-align-left","23":"ast-product-gallery-layout-horizontal-slider","24":"ast-product-single-variable","25":"ast-product-tabs-layout-horizontal","26":"ast-qv-on-image","28":"first","29":"instock","30":"shipping-taxable","31":"purchasable","32":"product-type-variable"},"tiered_pricing_type":"fixed","tiered_pricing_fixed_rules":{"2":2.39,"50":2.19,"100":1.99},"tiered_pricing_product_settings":{"layout":"default","base_unit_name":{"singular":null,"plural":null},"default_variation":{}},"tiered_pricing_minimum_quantity":null,"tiered_pricing_roles_data":[],"tiered_pricing_percentage_rules":[],"_links":{"self":[{"href":"https:\/\/yume-silm.com\/it\/wp-json\/wp\/v2\/product\/2624","targetHints":{"allow":["GET"]}}],"collection":[{"href":"https:\/\/yume-silm.com\/it\/wp-json\/wp\/v2\/product"}],"about":[{"href":"https:\/\/yume-silm.com\/it\/wp-json\/wp\/v2\/types\/product"}],"replies":[{"embeddable":true,"href":"https:\/\/yume-silm.com\/it\/wp-json\/wp\/v2\/comments?post=2624"}],"wp:featuredmedia":[{"embeddable":true,"href":"https:\/\/yume-silm.com\/it\/wp-json\/wp\/v2\/media\/2634"}],"wp:attachment":[{"href":"https:\/\/yume-silm.com\/it\/wp-json\/wp\/v2\/media?parent=2624"}],"wp:term":[{"taxonomy":"product_brand","embeddable":true,"href":"https:\/\/yume-silm.com\/it\/wp-json\/wp\/v2\/product_brand?post=2624"},{"taxonomy":"product_cat","embeddable":true,"href":"https:\/\/yume-silm.com\/it\/wp-json\/wp\/v2\/product_cat?post=2624"},{"taxonomy":"product_tag","embeddable":true,"href":"https:\/\/yume-silm.com\/it\/wp-json\/wp\/v2\/product_tag?post=2624"}],"curies":[{"name":"wp","href":"https:\/\/api.w.org\/{rel}","templated":true}]}}