{"id":2675,"date":"2023-05-13T03:41:44","date_gmt":"2023-05-13T03:41:44","guid":{"rendered":"https:\/\/yume-silm.com\/?post_type=product&#038;p=2675"},"modified":"2024-05-30T08:01:08","modified_gmt":"2024-05-30T08:01:08","slug":"allenamento-in-vita-ad-alta-elasticita-con-chiusura-a-cerniera","status":"publish","type":"product","link":"https:\/\/yume-silm.com\/it\/prodotto\/allenamento-in-vita-ad-alta-elasticita-con-chiusura-a-cerniera\/","title":{"rendered":"Allenatore in vita per il sudore ad alta elasticit\u00e0 all&#039;ingrosso con chiusura a cerniera"},"content":{"rendered":"<h5>Caratteristiche del progetto<\/h5>\n<ul>\n<li><strong>MATERIALE DI QUALIT\u00c0 PREMIUM:<\/strong> Questa scarpa da ginnastica in vita antisudore ad alta elasticit\u00e0 con chiusura a cerniera \u00e8 realizzata in una miscela di nylon e spandex, quindi puoi essere certo di tirare e tirare correttamente per una maggiore utilit\u00e0. Il rivestimento in neoprene all&#039;interno consente una rapida esposizione al sudore con un maggiore esercizio.<\/li>\n<li><strong>CERNIERA FACILE DA USARE:<\/strong> Il rifinitore per la cintura da allenamento \u00e8 dotato di una cerniera intuitiva che lo rende facile da indossare e da togliere, migliorando l&#039;esperienza complessiva dell&#039;utente e dimostrando un impegno per la comodit\u00e0 del cliente.<\/li>\n<li><strong>SUDORAZIONE MIGLIORATA:<\/strong> Questo cincher per la vita modellante dimagrante \u00e8 progettato per massimizzare la produzione di sudore, aggiungendo valore a chi si allena e perde peso, garantendo la soddisfazione e la fedelt\u00e0 del cliente.<\/li>\n<li><strong>ABBIGLIAMENTO MULTIFUNZIONALE:<\/strong> Ideale per gli allenamenti, l&#039;uso quotidiano o il supporto post-partum, questo indumento modellante con cintura elastica in vita con cerniera soddisfa un&#039;ampia gamma di esigenze dei clienti e migliora il suo appeal sul mercato.<\/li>\n<li><strong>AUMENTA LE VENDITE:<\/strong> Con il suo design di alta qualit\u00e0 e le sue caratteristiche pratiche, questo elastico con rivestimento in PU per l&#039;allenatore in vita da donna a forma di figura dovrebbe aumentare le tue vendite e soddisfare le mutevoli richieste del mercato del fitness e dell&#039;abbigliamento modellante.<\/li>\n<\/ul>\n<h6><em>Allenatore per il sudore della sauna per uomini e donne<\/em><\/h6>\n<ul>\n<li>Il nostro trainer per la vita del sudore ad alta elasticit\u00e0 con chiusura a cerniera \u00e8 una miscela di innovazione, stile e comfort.<\/li>\n<li>Per i grossisti che mirano a offrire prodotti di alto livello in sintonia con le ultime tendenze, questo girovita \u00e8 un must.<\/li>\n<li>Con opzioni di personalizzazione, una gamma di dimensioni e la promessa di una consegna rapida, \u00e8 una preziosa aggiunta al tuo inventario.<\/li>\n<li>Tuffati nel mondo della vendita all&#039;ingrosso con questo pezzo straordinario. Ordina oggi!<\/li>\n<\/ul>","protected":false},"excerpt":{"rendered":"<p>Svela il perfetto mix di stile e funzionalit\u00e0 con il nostro trainer per la vita del sudore ad alta elasticit\u00e0. Dotato di una cerniera intuitiva, questo girovita \u00e8 progettato per migliorare la produzione di sudore durante gli allenamenti, garantendo una vestibilit\u00e0 perfetta e un&#039;elevata sicurezza.<\/p>","protected":false},"featured_media":2688,"comment_status":"open","ping_status":"closed","template":"","meta":{"site-sidebar-layout":"default","site-content-layout":"default","ast-site-content-layout":"default","site-content-style":"default","site-sidebar-style":"default","ast-global-header-display":"","ast-banner-title-visibility":"","ast-main-header-display":"","ast-hfb-above-header-display":"","ast-hfb-below-header-display":"","ast-hfb-mobile-header-display":"","site-post-title":"","ast-breadcrumbs-content":"","ast-featured-img":"","footer-sml-layout":"","ast-disable-related-posts":"","theme-transparent-header-meta":"default","adv-header-id-meta":"","stick-header-meta":"default","header-above-stick-meta":"","header-main-stick-meta":"","header-below-stick-meta":"","astra-migrate-meta-layouts":"set","ast-page-background-enabled":"default","ast-page-background-meta":{"desktop":{"background-color":"","background-image":"","background-repeat":"repeat","background-position":"center center","background-size":"auto","background-attachment":"scroll","background-type":"","background-media":"","overlay-type":"","overlay-color":"","overlay-opacity":"","overlay-gradient":""},"tablet":{"background-color":"","background-image":"","background-repeat":"repeat","background-position":"center center","background-size":"auto","background-attachment":"scroll","background-type":"","background-media":"","overlay-type":"","overlay-color":"","overlay-opacity":"","overlay-gradient":""},"mobile":{"background-color":"","background-image":"","background-repeat":"repeat","background-position":"center center","background-size":"auto","background-attachment":"scroll","background-type":"","background-media":"","overlay-type":"","overlay-color":"","overlay-opacity":"","overlay-gradient":""}},"ast-content-background-meta":{"desktop":{"background-color":"var(--ast-global-color-5)","background-image":"","background-repeat":"repeat","background-position":"center center","background-size":"auto","background-attachment":"scroll","background-type":"","background-media":"","overlay-type":"","overlay-color":"","overlay-opacity":"","overlay-gradient":""},"tablet":{"background-color":"var(--ast-global-color-5)","background-image":"","background-repeat":"repeat","background-position":"center center","background-size":"auto","background-attachment":"scroll","background-type":"","background-media":"","overlay-type":"","overlay-color":"","overlay-opacity":"","overlay-gradient":""},"mobile":{"background-color":"var(--ast-global-color-5)","background-image":"","background-repeat":"repeat","background-position":"center center","background-size":"auto","background-attachment":"scroll","background-type":"","background-media":"","overlay-type":"","overlay-color":"","overlay-opacity":"","overlay-gradient":""}}},"product_brand":[],"product_cat":[65,76,90,95,92],"product_tag":[633,185,184],"class_list":{"0":"post-2675","1":"product","2":"type-product","3":"status-publish","4":"has-post-thumbnail","6":"product_cat-best-sellers","7":"product_cat-new-arrivels","8":"product_cat-wholesale-waist-trainer","9":"product_cat-waist-cincher","10":"product_cat-wholesale-waist-girdle","11":"product_tag-sweat","12":"product_tag-workout","13":"product_tag-zipper","14":"pa_color-blue","15":"pa_color-sliver","16":"pa_size-2xl-3xl","17":"pa_size-4xl-5xl","18":"pa_size-l-xl","19":"pa_size-s-m","20":"desktop-align-center","21":"tablet-align-left","22":"mobile-align-left","23":"ast-product-gallery-layout-horizontal-slider","24":"ast-product-single-variable","25":"ast-product-tabs-layout-horizontal","26":"ast-qv-on-image","28":"first","29":"instock","30":"shipping-taxable","31":"purchasable","32":"product-type-variable"},"tiered_pricing_type":"fixed","tiered_pricing_fixed_rules":{"2":2.69,"50":2.49,"300":2.09},"tiered_pricing_product_settings":{"layout":"default","base_unit_name":{"singular":null,"plural":null},"default_variation":{}},"tiered_pricing_minimum_quantity":null,"tiered_pricing_roles_data":[],"tiered_pricing_percentage_rules":[],"_links":{"self":[{"href":"https:\/\/yume-silm.com\/it\/wp-json\/wp\/v2\/product\/2675","targetHints":{"allow":["GET"]}}],"collection":[{"href":"https:\/\/yume-silm.com\/it\/wp-json\/wp\/v2\/product"}],"about":[{"href":"https:\/\/yume-silm.com\/it\/wp-json\/wp\/v2\/types\/product"}],"replies":[{"embeddable":true,"href":"https:\/\/yume-silm.com\/it\/wp-json\/wp\/v2\/comments?post=2675"}],"wp:featuredmedia":[{"embeddable":true,"href":"https:\/\/yume-silm.com\/it\/wp-json\/wp\/v2\/media\/2688"}],"wp:attachment":[{"href":"https:\/\/yume-silm.com\/it\/wp-json\/wp\/v2\/media?parent=2675"}],"wp:term":[{"taxonomy":"product_brand","embeddable":true,"href":"https:\/\/yume-silm.com\/it\/wp-json\/wp\/v2\/product_brand?post=2675"},{"taxonomy":"product_cat","embeddable":true,"href":"https:\/\/yume-silm.com\/it\/wp-json\/wp\/v2\/product_cat?post=2675"},{"taxonomy":"product_tag","embeddable":true,"href":"https:\/\/yume-silm.com\/it\/wp-json\/wp\/v2\/product_tag?post=2675"}],"curies":[{"name":"wp","href":"https:\/\/api.w.org\/{rel}","templated":true}]}}