{"id":2691,"date":"2023-05-13T04:07:06","date_gmt":"2023-05-13T04:07:06","guid":{"rendered":"https:\/\/yume-silm.com\/?post_type=product&#038;p=2691"},"modified":"2025-02-07T05:23:35","modified_gmt":"2025-02-07T05:23:35","slug":"allenatore-per-il-sudore-con-4-barre-di-supporto","status":"publish","type":"product","link":"https:\/\/yume-silm.com\/it\/prodotto\/allenatore-per-il-sudore-con-4-barre-di-supporto\/","title":{"rendered":"Rifinitore per allenamento quotidiano all&#039;ingrosso con 4 barre di supporto"},"content":{"rendered":"<h5>Caratteristiche del progetto<\/h5>\n<ul>\n<li><strong>SUPPORTO ECCEZIONALE:<\/strong> Questo girovita modellante \u00e8 dotato di 4 barre di supporto che forniscono un supporto senza precedenti per migliorare i risultati dell&#039;allenamento e la soddisfazione del cliente.<\/li>\n<li><strong>VESTIBILIT\u00c0 REGOLABILE:<\/strong> Il sistema di aggancio a 3 strati dell&#039;allenatore per la vita del sudore \u00e8 facilmente regolabile per garantire una vestibilit\u00e0 sicura e confortevole per diversi tipi di corporatura.<\/li>\n<li><strong>MIGLIORAMENTO DEL SUDORE:<\/strong> Progettato per aumentare la produzione di sudore, questo girovita per uomo e donna aggiunge un valore significativo al percorso di fitness del cliente.<\/li>\n<li><strong>MULTIFUNZIONALIT\u00c0:<\/strong> Che si tratti di allenamenti, abbigliamento quotidiano o supporto dopo il parto, questo girovita da allenamento da uomo \u00e8 un&#039;aggiunta versatile a qualsiasi armadio.<\/li>\n<li><strong>MATERIALE DI ALTA QUALIT\u00c0:<\/strong> Il girovita Faja \u00e8 realizzato in una miscela di nylon e spandex con elevata elasticit\u00e0 per garantire una vestibilit\u00e0 stabile intorno alla vita, durevole e resistente alla deformazione.<\/li>\n<\/ul>\n<h6><em>Cintura antisudore per il controllo della pancia dell&#039;allenatore in vita per l&#039;allenamento fitness<\/em><\/h6>\n<ul>\n<li>Il nostro rifinitore quotidiano per la vita del sudore con 4 barre di supporto \u00e8 una miscela armoniosa di innovazione, stile e funzionalit\u00e0.<\/li>\n<li>Per i grossisti che mirano a offrire prodotti di alto livello in sintonia con le ultime tendenze, questo girovita maschile \u00e8 indispensabile.<\/li>\n<li>Con opzioni di personalizzazione, una gamma di taglie e la promessa di una consegna rapida, il miglior girovita da donna \u00e8 una preziosa aggiunta al tuo inventario.<\/li>\n<li>Tuffati nel mondo della vendita all&#039;ingrosso con questa fantastica felpa da ginnastica in vita. Ordina oggi!<\/li>\n<\/ul>","protected":false},"excerpt":{"rendered":"<ul>\n<li>Ti presentiamo il nostro rifinitore quotidiano per la vita del sudore con 4 barre di supporto, una perfetta fusione di stile e funzionalit\u00e0.<\/li>\n<li>Progettato con 4 barre di supporto e un sistema di ganci a 3 strati, garantisce una vestibilit\u00e0 aderente, migliorando il punto vita e aumentando la produzione di sudore durante gli allenamenti.<\/li>\n<\/ul>","protected":false},"featured_media":2698,"comment_status":"open","ping_status":"closed","template":"","meta":{"site-sidebar-layout":"default","site-content-layout":"default","ast-site-content-layout":"default","site-content-style":"default","site-sidebar-style":"default","ast-global-header-display":"","ast-banner-title-visibility":"","ast-main-header-display":"","ast-hfb-above-header-display":"","ast-hfb-below-header-display":"","ast-hfb-mobile-header-display":"","site-post-title":"","ast-breadcrumbs-content":"","ast-featured-img":"","footer-sml-layout":"","ast-disable-related-posts":"","theme-transparent-header-meta":"default","adv-header-id-meta":"","stick-header-meta":"default","header-above-stick-meta":"","header-main-stick-meta":"","header-below-stick-meta":"","astra-migrate-meta-layouts":"set","ast-page-background-enabled":"default","ast-page-background-meta":{"desktop":{"background-color":"","background-image":"","background-repeat":"repeat","background-position":"center center","background-size":"auto","background-attachment":"scroll","background-type":"","background-media":"","overlay-type":"","overlay-color":"","overlay-opacity":"","overlay-gradient":""},"tablet":{"background-color":"","background-image":"","background-repeat":"repeat","background-position":"center center","background-size":"auto","background-attachment":"scroll","background-type":"","background-media":"","overlay-type":"","overlay-color":"","overlay-opacity":"","overlay-gradient":""},"mobile":{"background-color":"","background-image":"","background-repeat":"repeat","background-position":"center center","background-size":"auto","background-attachment":"scroll","background-type":"","background-media":"","overlay-type":"","overlay-color":"","overlay-opacity":"","overlay-gradient":""}},"ast-content-background-meta":{"desktop":{"background-color":"var(--ast-global-color-5)","background-image":"","background-repeat":"repeat","background-position":"center center","background-size":"auto","background-attachment":"scroll","background-type":"","background-media":"","overlay-type":"","overlay-color":"","overlay-opacity":"","overlay-gradient":""},"tablet":{"background-color":"var(--ast-global-color-5)","background-image":"","background-repeat":"repeat","background-position":"center center","background-size":"auto","background-attachment":"scroll","background-type":"","background-media":"","overlay-type":"","overlay-color":"","overlay-opacity":"","overlay-gradient":""},"mobile":{"background-color":"var(--ast-global-color-5)","background-image":"","background-repeat":"repeat","background-position":"center center","background-size":"auto","background-attachment":"scroll","background-type":"","background-media":"","overlay-type":"","overlay-color":"","overlay-opacity":"","overlay-gradient":""}}},"product_brand":[],"product_cat":[65,76,90,96,92],"product_tag":[198,154,185],"class_list":{"0":"post-2691","1":"product","2":"type-product","3":"status-publish","4":"has-post-thumbnail","6":"product_cat-best-sellers","7":"product_cat-new-arrivels","8":"product_cat-wholesale-waist-trainer","9":"product_cat-sweat-waist-trainer","10":"product_cat-wholesale-waist-girdle","11":"product_tag-hourglass","12":"product_tag-with-hooks","13":"product_tag-workout","14":"pa_color-black","15":"pa_size-l","16":"pa_size-m","17":"pa_size-s","18":"pa_size-xl","19":"pa_size-xxl","20":"desktop-align-center","21":"tablet-align-left","22":"mobile-align-left","23":"ast-product-gallery-layout-horizontal-slider","24":"ast-product-single-variable","25":"ast-product-tabs-layout-horizontal","26":"ast-qv-on-image","28":"first","29":"instock","30":"shipping-taxable","31":"purchasable","32":"product-type-variable"},"tiered_pricing_type":"fixed","tiered_pricing_fixed_rules":{"2":3.99,"50":3.79,"300":3.29},"tiered_pricing_product_settings":{"layout":"default","base_unit_name":{"singular":null,"plural":null},"default_variation":{}},"tiered_pricing_minimum_quantity":null,"tiered_pricing_roles_data":[],"tiered_pricing_percentage_rules":[],"_links":{"self":[{"href":"https:\/\/yume-silm.com\/it\/wp-json\/wp\/v2\/product\/2691","targetHints":{"allow":["GET"]}}],"collection":[{"href":"https:\/\/yume-silm.com\/it\/wp-json\/wp\/v2\/product"}],"about":[{"href":"https:\/\/yume-silm.com\/it\/wp-json\/wp\/v2\/types\/product"}],"replies":[{"embeddable":true,"href":"https:\/\/yume-silm.com\/it\/wp-json\/wp\/v2\/comments?post=2691"}],"wp:featuredmedia":[{"embeddable":true,"href":"https:\/\/yume-silm.com\/it\/wp-json\/wp\/v2\/media\/2698"}],"wp:attachment":[{"href":"https:\/\/yume-silm.com\/it\/wp-json\/wp\/v2\/media?parent=2691"}],"wp:term":[{"taxonomy":"product_brand","embeddable":true,"href":"https:\/\/yume-silm.com\/it\/wp-json\/wp\/v2\/product_brand?post=2691"},{"taxonomy":"product_cat","embeddable":true,"href":"https:\/\/yume-silm.com\/it\/wp-json\/wp\/v2\/product_cat?post=2691"},{"taxonomy":"product_tag","embeddable":true,"href":"https:\/\/yume-silm.com\/it\/wp-json\/wp\/v2\/product_tag?post=2691"}],"curies":[{"name":"wp","href":"https:\/\/api.w.org\/{rel}","templated":true}]}}