{"id":2702,"date":"2023-05-13T06:13:47","date_gmt":"2023-05-13T06:13:47","guid":{"rendered":"https:\/\/yume-silm.com\/?post_type=product&#038;p=2702"},"modified":"2025-05-26T00:39:36","modified_gmt":"2025-05-26T00:39:36","slug":"senza-maniche-fitness-sudore-sauna-tuta-per-donna-allenamento-della-vita","status":"publish","type":"product","link":"https:\/\/yume-silm.com\/it\/prodotto\/senza-maniche-fitness-sudore-sauna-tuta-per-donna-allenamento-della-vita\/","title":{"rendered":"Tuta da sauna per il sudore fitness senza maniche all&#039;ingrosso per donna"},"content":{"rendered":"<h5>Caratteristiche del progetto<\/h5>\n<ul>\n<li><strong>TOP SAUNA SENZA MANICHE:<\/strong> Il gilet da sauna per donna e uomo \u00e8 compatto, facile da trasportare e riporre, permettendoti di provare l&#039;esperienza antistress e di perdita di peso del sudore fitness della sauna sempre e ovunque.<\/li>\n<li><strong>DELICATO SULLA PELLE E DUREVOLE:<\/strong> Il gilet da sauna per dimagrire \u00e8 realizzato in polimero termoindurente con un rivestimento in PVC che fornisce leggera elasticit\u00e0, morbidezza e delicatezza sulla pelle per garantire una vestibilit\u00e0 comoda.<\/li>\n<li><strong>RADDOPPIA IL SUDORE:<\/strong> Il gilet da sauna da donna \u00e8 progettato per coprire la parte superiore del corpo per una migliore traspirazione per un allenamento pi\u00f9 efficace. Una tuta da sauna per il sudore fitness senza maniche da donna ti offre la migliore esperienza di sauna.<\/li>\n<li><strong>CERNIERA:<\/strong> La canotta per sauna ha una forte cerniera autobloccante che impedisce lo scivolamento durante l&#039;esercizio, garantendo un&#039;esperienza di allenamento senza interruzioni.<\/li>\n<li><strong>PI\u00d9 OCCASIONI APPLICABILI:<\/strong> La tuta da sauna \u00e8 adatta per gli esercizi primaverili, estivi, autunnali e invernali e per l&#039;uso quotidiano, puoi eseguire allenamenti all&#039;aperto o ottenere il miglior effetto di riduzione dello stress e perdita di peso nella palestra al coperto esercitando boxe, salto della corda e yoga per ottenere sudorazione abbondante.<\/li>\n<\/ul>\n<h6><em>Canottiera per sauna sudata senza maniche, top per sauna a petto aperto con cerniera<\/em><\/h6>\n<ul>\n<li>La nostra tuta da sauna per il sudore fitness senza maniche per la vita da donna \u00e8 una miscela armoniosa di innovazione, stile e funzionalit\u00e0.<\/li>\n<li>Per i grossisti che mirano a offrire prodotti di alto livello in sintonia con le ultime tendenze, questo gilet da sauna per uomo e donna \u00e8 indispensabile.<\/li>\n<li>Con opzioni di personalizzazione, una gamma di dimensioni e la promessa di una consegna rapida, \u00e8 una preziosa aggiunta al tuo inventario.<\/li>\n<li>Tuffati nel mondo della vendita all&#039;ingrosso con questo pezzo straordinario. Ordina oggi!<\/li>\n<\/ul>","protected":false},"excerpt":{"rendered":"<p>Il nostro gilet da sauna senza maniche per il fitness, realizzato su misura per le donne che mirano a una silhouette tonica. Realizzato in spandex e poliestere, questo gilet da sauna per girovita amplifica la produzione di sudore, garantendo un allenamento efficace e una postura sicura.<\/p>","protected":false},"featured_media":2705,"comment_status":"open","ping_status":"closed","template":"","meta":{"site-sidebar-layout":"default","site-content-layout":"default","ast-site-content-layout":"default","site-content-style":"default","site-sidebar-style":"default","ast-global-header-display":"","ast-banner-title-visibility":"","ast-main-header-display":"","ast-hfb-above-header-display":"","ast-hfb-below-header-display":"","ast-hfb-mobile-header-display":"","site-post-title":"","ast-breadcrumbs-content":"","ast-featured-img":"","footer-sml-layout":"","ast-disable-related-posts":"","theme-transparent-header-meta":"default","adv-header-id-meta":"","stick-header-meta":"default","header-above-stick-meta":"","header-main-stick-meta":"","header-below-stick-meta":"","astra-migrate-meta-layouts":"set","ast-page-background-enabled":"default","ast-page-background-meta":{"desktop":{"background-color":"","background-image":"","background-repeat":"repeat","background-position":"center center","background-size":"auto","background-attachment":"scroll","background-type":"","background-media":"","overlay-type":"","overlay-color":"","overlay-opacity":"","overlay-gradient":""},"tablet":{"background-color":"","background-image":"","background-repeat":"repeat","background-position":"center center","background-size":"auto","background-attachment":"scroll","background-type":"","background-media":"","overlay-type":"","overlay-color":"","overlay-opacity":"","overlay-gradient":""},"mobile":{"background-color":"","background-image":"","background-repeat":"repeat","background-position":"center center","background-size":"auto","background-attachment":"scroll","background-type":"","background-media":"","overlay-type":"","overlay-color":"","overlay-opacity":"","overlay-gradient":""}},"ast-content-background-meta":{"desktop":{"background-color":"var(--ast-global-color-5)","background-image":"","background-repeat":"repeat","background-position":"center center","background-size":"auto","background-attachment":"scroll","background-type":"","background-media":"","overlay-type":"","overlay-color":"","overlay-opacity":"","overlay-gradient":""},"tablet":{"background-color":"var(--ast-global-color-5)","background-image":"","background-repeat":"repeat","background-position":"center center","background-size":"auto","background-attachment":"scroll","background-type":"","background-media":"","overlay-type":"","overlay-color":"","overlay-opacity":"","overlay-gradient":""},"mobile":{"background-color":"var(--ast-global-color-5)","background-image":"","background-repeat":"repeat","background-position":"center center","background-size":"auto","background-attachment":"scroll","background-type":"","background-media":"","overlay-type":"","overlay-color":"","overlay-opacity":"","overlay-gradient":""}}},"product_brand":[],"product_cat":[65,76,97,100],"product_tag":[141,213,633,185,184],"class_list":{"0":"post-2702","1":"product","2":"type-product","3":"status-publish","4":"has-post-thumbnail","6":"product_cat-best-sellers","7":"product_cat-new-arrivels","8":"product_cat-sauna-suit","9":"product_cat-sauna-tops","10":"product_tag-plus-size","11":"product_tag-sleeveless","12":"product_tag-sweat","13":"product_tag-workout","14":"product_tag-zipper","15":"pa_color-blue","16":"pa_color-sliver","17":"pa_size-4xl-5xl","18":"pa_size-l-xl","19":"pa_size-s-m","20":"pa_size-xxl-xxxl","21":"desktop-align-center","22":"tablet-align-left","23":"mobile-align-left","24":"ast-product-gallery-layout-horizontal-slider","25":"ast-product-single-variable","26":"ast-product-tabs-layout-horizontal","27":"ast-qv-on-image","29":"first","30":"instock","31":"shipping-taxable","32":"purchasable","33":"product-type-variable"},"tiered_pricing_type":"fixed","tiered_pricing_fixed_rules":{"2":3.42,"100":2.59,"500":3.2},"tiered_pricing_product_settings":{"layout":"default","base_unit_name":{"singular":null,"plural":null},"default_variation":{}},"tiered_pricing_minimum_quantity":null,"tiered_pricing_roles_data":[],"tiered_pricing_percentage_rules":[],"_links":{"self":[{"href":"https:\/\/yume-silm.com\/it\/wp-json\/wp\/v2\/product\/2702","targetHints":{"allow":["GET"]}}],"collection":[{"href":"https:\/\/yume-silm.com\/it\/wp-json\/wp\/v2\/product"}],"about":[{"href":"https:\/\/yume-silm.com\/it\/wp-json\/wp\/v2\/types\/product"}],"replies":[{"embeddable":true,"href":"https:\/\/yume-silm.com\/it\/wp-json\/wp\/v2\/comments?post=2702"}],"wp:featuredmedia":[{"embeddable":true,"href":"https:\/\/yume-silm.com\/it\/wp-json\/wp\/v2\/media\/2705"}],"wp:attachment":[{"href":"https:\/\/yume-silm.com\/it\/wp-json\/wp\/v2\/media?parent=2702"}],"wp:term":[{"taxonomy":"product_brand","embeddable":true,"href":"https:\/\/yume-silm.com\/it\/wp-json\/wp\/v2\/product_brand?post=2702"},{"taxonomy":"product_cat","embeddable":true,"href":"https:\/\/yume-silm.com\/it\/wp-json\/wp\/v2\/product_cat?post=2702"},{"taxonomy":"product_tag","embeddable":true,"href":"https:\/\/yume-silm.com\/it\/wp-json\/wp\/v2\/product_tag?post=2702"}],"curies":[{"name":"wp","href":"https:\/\/api.w.org\/{rel}","templated":true}]}}