{"id":2803,"date":"2023-05-15T03:32:50","date_gmt":"2023-05-15T03:32:50","guid":{"rendered":"https:\/\/yume-silm.com\/?post_type=product&#038;p=2803"},"modified":"2025-05-26T00:36:48","modified_gmt":"2025-05-26T00:36:48","slug":"sudore-vita-trainer-per-donna-trimmer-shaper-zipper-cintura-pancia","status":"publish","type":"product","link":"https:\/\/yume-silm.com\/it\/prodotto\/sudore-vita-trainer-per-donna-trimmer-shaper-zipper-cintura-pancia\/","title":{"rendered":"Cintura e cerniera per allenamento in vita all&#039;ingrosso"},"content":{"rendered":"<ul>\n<li>Ispessimento a doppio strato: il miglior girovita per donna, progettato con un doppio strato per un maggiore supporto e compressione, questa cintura da girovita e cerniera modellano efficacemente la curva del tuo corpo.<\/li>\n<li>Abbigliamento comodo: il girovita Faja \u00e8 realizzato con materiali morbidi e confortevoli in poliestere e spandex, si adatta alle curve del tuo corpo, offrendo una vestibilit\u00e0 comoda.<\/li>\n<li>Design elegante: gli allenamenti con stampa leopardata in vita aggiungono un tocco di moda, permettendoti di indossarlo come indumento intimo o accessorio elegante con vari abiti.<\/li>\n<li>Traspirabilit\u00e0 migliorata: il materiale traspirante Faja per il girovita ti assicura il massimo comfort, anche durante l&#039;uso prolungato.<\/li>\n<li>Vestibilit\u00e0 regolabile: l&#039;allenatore in vita da donna con la sua elevata plasticit\u00e0, puoi regolare l&#039;allenatore in vita in base alla tua tenuta preferita, garantendo la migliore vestibilit\u00e0 e l&#039;effetto modellante.<\/li>\n<\/ul>\n<p>Il nostro Sweat Gym Trainer da donna \u00e8 una miscela perfetta di stile, comfort e funzionalit\u00e0. Ideale per i grossisti che desiderano offrire prodotti di alto livello in linea con le tendenze attuali, questa cintura da allenamento con cerniera \u00e8 un must. Con opzioni di personalizzazione, una gamma di dimensioni e la promessa di una consegna rapida, \u00e8 una preziosa aggiunta al tuo inventario. Tuffati nel mondo della vendita all&#039;ingrosso con questo pezzo straordinario. Ordina oggi!<\/p>","protected":false},"excerpt":{"rendered":"<p>Rivoluziona la tua routine di allenamento con la nostra cintura da allenamento Sweat in vita e cerniera da donna. Questa cintura modellante rifinitrice per scarpe da ginnastica all&#039;ingrosso presenta una chiusura con cerniera per indossarla facilmente, fornendo una vestibilit\u00e0 aderente che migliora le tue curve naturali promuovendo al contempo il sudore per risultati ottimali.<\/p>","protected":false},"featured_media":2805,"comment_status":"open","ping_status":"closed","template":"","meta":{"site-sidebar-layout":"default","site-content-layout":"default","ast-site-content-layout":"default","site-content-style":"default","site-sidebar-style":"default","ast-global-header-display":"","ast-banner-title-visibility":"","ast-main-header-display":"","ast-hfb-above-header-display":"","ast-hfb-below-header-display":"","ast-hfb-mobile-header-display":"","site-post-title":"","ast-breadcrumbs-content":"","ast-featured-img":"","footer-sml-layout":"","ast-disable-related-posts":"","theme-transparent-header-meta":"default","adv-header-id-meta":"","stick-header-meta":"default","header-above-stick-meta":"","header-main-stick-meta":"","header-below-stick-meta":"","astra-migrate-meta-layouts":"set","ast-page-background-enabled":"default","ast-page-background-meta":{"desktop":{"background-color":"","background-image":"","background-repeat":"repeat","background-position":"center center","background-size":"auto","background-attachment":"scroll","background-type":"","background-media":"","overlay-type":"","overlay-color":"","overlay-opacity":"","overlay-gradient":""},"tablet":{"background-color":"","background-image":"","background-repeat":"repeat","background-position":"center center","background-size":"auto","background-attachment":"scroll","background-type":"","background-media":"","overlay-type":"","overlay-color":"","overlay-opacity":"","overlay-gradient":""},"mobile":{"background-color":"","background-image":"","background-repeat":"repeat","background-position":"center center","background-size":"auto","background-attachment":"scroll","background-type":"","background-media":"","overlay-type":"","overlay-color":"","overlay-opacity":"","overlay-gradient":""}},"ast-content-background-meta":{"desktop":{"background-color":"var(--ast-global-color-5)","background-image":"","background-repeat":"repeat","background-position":"center center","background-size":"auto","background-attachment":"scroll","background-type":"","background-media":"","overlay-type":"","overlay-color":"","overlay-opacity":"","overlay-gradient":""},"tablet":{"background-color":"var(--ast-global-color-5)","background-image":"","background-repeat":"repeat","background-position":"center center","background-size":"auto","background-attachment":"scroll","background-type":"","background-media":"","overlay-type":"","overlay-color":"","overlay-opacity":"","overlay-gradient":""},"mobile":{"background-color":"var(--ast-global-color-5)","background-image":"","background-repeat":"repeat","background-position":"center center","background-size":"auto","background-attachment":"scroll","background-type":"","background-media":"","overlay-type":"","overlay-color":"","overlay-opacity":"","overlay-gradient":""}}},"product_brand":[],"product_cat":[65,76,90,92],"product_tag":[194,151,198,215,184],"class_list":{"0":"post-2803","1":"product","2":"type-product","3":"status-publish","4":"has-post-thumbnail","6":"product_cat-best-sellers","7":"product_cat-new-arrivels","8":"product_cat-wholesale-waist-trainer","9":"product_cat-wholesale-waist-girdle","10":"product_tag-adjustable","11":"product_tag-double-compression","12":"product_tag-hourglass","13":"product_tag-snatched","14":"product_tag-zipper","15":"pa_color-red","16":"pa_color-yellow","17":"pa_size-l","18":"pa_size-m","19":"pa_size-s","20":"pa_size-xl","21":"pa_size-xxl","22":"pa_size-xxxl","23":"desktop-align-center","24":"tablet-align-left","25":"mobile-align-left","26":"ast-product-gallery-layout-horizontal-slider","27":"ast-product-single-variable","28":"ast-product-tabs-layout-horizontal","29":"ast-qv-on-image","31":"first","32":"instock","33":"shipping-taxable","34":"purchasable","35":"product-type-variable"},"tiered_pricing_type":"fixed","tiered_pricing_fixed_rules":{"20":5.5,"200":5.1,"500":4.8},"tiered_pricing_product_settings":{"layout":"default","base_unit_name":{"singular":null,"plural":null},"default_variation":{}},"tiered_pricing_minimum_quantity":null,"tiered_pricing_roles_data":[],"tiered_pricing_percentage_rules":[],"_links":{"self":[{"href":"https:\/\/yume-silm.com\/it\/wp-json\/wp\/v2\/product\/2803","targetHints":{"allow":["GET"]}}],"collection":[{"href":"https:\/\/yume-silm.com\/it\/wp-json\/wp\/v2\/product"}],"about":[{"href":"https:\/\/yume-silm.com\/it\/wp-json\/wp\/v2\/types\/product"}],"replies":[{"embeddable":true,"href":"https:\/\/yume-silm.com\/it\/wp-json\/wp\/v2\/comments?post=2803"}],"wp:featuredmedia":[{"embeddable":true,"href":"https:\/\/yume-silm.com\/it\/wp-json\/wp\/v2\/media\/2805"}],"wp:attachment":[{"href":"https:\/\/yume-silm.com\/it\/wp-json\/wp\/v2\/media?parent=2803"}],"wp:term":[{"taxonomy":"product_brand","embeddable":true,"href":"https:\/\/yume-silm.com\/it\/wp-json\/wp\/v2\/product_brand?post=2803"},{"taxonomy":"product_cat","embeddable":true,"href":"https:\/\/yume-silm.com\/it\/wp-json\/wp\/v2\/product_cat?post=2803"},{"taxonomy":"product_tag","embeddable":true,"href":"https:\/\/yume-silm.com\/it\/wp-json\/wp\/v2\/product_tag?post=2803"}],"curies":[{"name":"wp","href":"https:\/\/api.w.org\/{rel}","templated":true}]}}