{"id":2932,"date":"2023-05-16T04:00:11","date_gmt":"2023-05-16T04:00:11","guid":{"rendered":"https:\/\/yume-silm.com\/?post_type=product&#038;p=2932"},"modified":"2026-02-28T09:53:45","modified_gmt":"2026-02-28T09:53:45","slug":"dimagrante-senza-cuciture-top-corporeo-calore-underwear-per-uomini","status":"publish","type":"product","link":"https:\/\/yume-silm.com\/it\/prodotto\/dimagrante-senza-cuciture-top-corporeo-calore-underwear-per-uomini\/","title":{"rendered":"Camicia a compressione senza cuciture modellante per il corpo a maniche lunghe da uomo all&#039;ingrosso"},"content":{"rendered":"<h5>Caratteristiche del progetto<\/h5>\n<ul>\n<li><strong>DESIGN X UNICO:<\/strong> La nostra camicia a compressione senza cuciture modellante per il corpo da uomo facilita il rafforzamento della pancia e la modellatura accelerata. Aiuta a raddrizzare la schiena, la schiena sembrer\u00e0 pi\u00f9 forte e pi\u00f9 sana. La maglietta intima da uomo per la ginecomastia per il controllo della pancia fornisce una forte compressione per il petto, la vita e la schiena, avvolgendo completamente il corpo. La maglietta compressiva \u00e8 adatta anche per il recupero dopo un intervento ginecologico.<\/li>\n<li><strong>FORMA A LUNGO TERMINE:<\/strong> Il design umanizzato bionico garantisce una perfetta aderenza e blocca il grasso per un effetto dimagrante. L&#039;intimo modellante aderente a maniche lunghe da uomo pu\u00f2 ottenere un effetto invisibile sotto qualsiasi vestito. La vestibilit\u00e0 slim ti permetter\u00e0 inoltre di completare facilmente il tuo allenamento, aiutando a proteggere le fasce muscolari e una corretta postura.<\/li>\n<li><strong>COMODO E CONFORTEVOLE:<\/strong> Questo modellante per il controllo della pancia a maniche lunghe senza cuciture \u00e8 morbido, leggero, traspirante ed elastico, con un design senza cuciture che garantisce comfort per lunghi periodi di utilizzo. Questo body shaper classico per addominali da uomo a compressione a manica lunga pu\u00f2 essere abbinato a qualsiasi outfit quotidiano per migliorare il tuo look perfetto.<\/li>\n<li><strong>UTILIZZO VERSATILE:<\/strong> Le camicie compressive per ginecomastia da uomo a manica lunga hanno una certa elasticit\u00e0 e mantenimento della forma. La vestibilit\u00e0 aderente trattiene meglio il calore corporeo. Adatto a tutte le occasioni, che si tratti di una festa formale, di un allenamento o di un abbigliamento quotidiano, pu\u00f2 migliorare l&#039;immagine complessiva di chi lo indossa. Sii l&#039;uomo pi\u00f9 fiducioso e affascinante.<\/li>\n<\/ul>\n<h6><em>Camicia slim addominale classica modellante per il corpo in abs da uomo<\/em><\/h6>\n<ul>\n<li>La nostra camicia a compressione modellante senza cuciture da uomo a maniche lunghe \u00e8 una miscela di stile, comfort e funzionalit\u00e0. Per i grossisti che desiderano offrire prodotti di alto livello in sintonia con le ultime tendenze, questo body shaper \u00e8 un must.<\/li>\n<li>Con opzioni di personalizzazione, una gamma di dimensioni e la promessa di una consegna rapida, \u00e8 una preziosa aggiunta al tuo inventario. Tuffati nel mondo della vendita all&#039;ingrosso con questo pezzo straordinario. Ordina oggi!<\/li>\n<\/ul>","protected":false},"excerpt":{"rendered":"<p>Ti presentiamo la nostra camicia a compressione modellante senza cuciture da uomo a maniche lunghe, un mix perfetto di stile e funzionalit\u00e0. Progettato con un esclusivo design intrecciato a X sul retro, questo body shaper offre un rafforzamento superiore all&#039;addome, garantendo un fisico scolpito. Realizzato in una miscela di nylon e spandex, promette calore e comfort, soprattutto durante i mesi pi\u00f9 freddi.<\/p>","protected":false},"featured_media":2934,"comment_status":"open","ping_status":"closed","template":"","meta":{"site-sidebar-layout":"default","site-content-layout":"default","ast-site-content-layout":"default","site-content-style":"default","site-sidebar-style":"default","ast-global-header-display":"","ast-banner-title-visibility":"","ast-main-header-display":"","ast-hfb-above-header-display":"","ast-hfb-below-header-display":"","ast-hfb-mobile-header-display":"","site-post-title":"","ast-breadcrumbs-content":"","ast-featured-img":"","footer-sml-layout":"","ast-disable-related-posts":"","theme-transparent-header-meta":"default","adv-header-id-meta":"","stick-header-meta":"default","header-above-stick-meta":"","header-main-stick-meta":"","header-below-stick-meta":"","astra-migrate-meta-layouts":"set","ast-page-background-enabled":"default","ast-page-background-meta":{"desktop":{"background-color":"","background-image":"","background-repeat":"repeat","background-position":"center center","background-size":"auto","background-attachment":"scroll","background-type":"","background-media":"","overlay-type":"","overlay-color":"","overlay-opacity":"","overlay-gradient":""},"tablet":{"background-color":"","background-image":"","background-repeat":"repeat","background-position":"center center","background-size":"auto","background-attachment":"scroll","background-type":"","background-media":"","overlay-type":"","overlay-color":"","overlay-opacity":"","overlay-gradient":""},"mobile":{"background-color":"","background-image":"","background-repeat":"repeat","background-position":"center center","background-size":"auto","background-attachment":"scroll","background-type":"","background-media":"","overlay-type":"","overlay-color":"","overlay-opacity":"","overlay-gradient":""}},"ast-content-background-meta":{"desktop":{"background-color":"var(--ast-global-color-5)","background-image":"","background-repeat":"repeat","background-position":"center center","background-size":"auto","background-attachment":"scroll","background-type":"","background-media":"","overlay-type":"","overlay-color":"","overlay-opacity":"","overlay-gradient":""},"tablet":{"background-color":"var(--ast-global-color-5)","background-image":"","background-repeat":"repeat","background-position":"center center","background-size":"auto","background-attachment":"scroll","background-type":"","background-media":"","overlay-type":"","overlay-color":"","overlay-opacity":"","overlay-gradient":""},"mobile":{"background-color":"var(--ast-global-color-5)","background-image":"","background-repeat":"repeat","background-position":"center center","background-size":"auto","background-attachment":"scroll","background-type":"","background-media":"","overlay-type":"","overlay-color":"","overlay-opacity":"","overlay-gradient":""}}},"product_brand":[],"product_cat":[65,76,85,88],"product_tag":[136,147,183,134,185],"class_list":{"0":"post-2932","1":"product","2":"type-product","3":"status-publish","4":"has-post-thumbnail","6":"product_cat-best-sellers","7":"product_cat-new-arrivels","8":"product_cat-wholesale-mens-shapewear","9":"product_cat-wholesale-men-t-shirt-shaper","10":"product_tag-bridal","11":"product_tag-cross","12":"product_tag-long-sleeve","13":"product_tag-tummy-tucker","14":"product_tag-workout","15":"pa_color-gray","16":"pa_color-white","17":"pa_size-l","18":"pa_size-m","19":"pa_size-s","20":"pa_size-xl","21":"desktop-align-center","22":"tablet-align-left","23":"mobile-align-left","24":"ast-product-gallery-layout-horizontal-slider","25":"ast-product-single-variable","26":"ast-product-tabs-layout-horizontal","27":"ast-qv-on-image","29":"first","30":"instock","31":"shipping-taxable","32":"purchasable","33":"product-type-variable"},"tiered_pricing_type":"fixed","tiered_pricing_fixed_rules":{"5":12.15,"100":10.6,"300":8.35},"tiered_pricing_product_settings":{"layout":"default","base_unit_name":{"singular":null,"plural":null},"default_variation":{}},"tiered_pricing_minimum_quantity":null,"tiered_pricing_roles_data":[],"tiered_pricing_percentage_rules":[],"_links":{"self":[{"href":"https:\/\/yume-silm.com\/it\/wp-json\/wp\/v2\/product\/2932","targetHints":{"allow":["GET"]}}],"collection":[{"href":"https:\/\/yume-silm.com\/it\/wp-json\/wp\/v2\/product"}],"about":[{"href":"https:\/\/yume-silm.com\/it\/wp-json\/wp\/v2\/types\/product"}],"replies":[{"embeddable":true,"href":"https:\/\/yume-silm.com\/it\/wp-json\/wp\/v2\/comments?post=2932"}],"wp:featuredmedia":[{"embeddable":true,"href":"https:\/\/yume-silm.com\/it\/wp-json\/wp\/v2\/media\/2934"}],"wp:attachment":[{"href":"https:\/\/yume-silm.com\/it\/wp-json\/wp\/v2\/media?parent=2932"}],"wp:term":[{"taxonomy":"product_brand","embeddable":true,"href":"https:\/\/yume-silm.com\/it\/wp-json\/wp\/v2\/product_brand?post=2932"},{"taxonomy":"product_cat","embeddable":true,"href":"https:\/\/yume-silm.com\/it\/wp-json\/wp\/v2\/product_cat?post=2932"},{"taxonomy":"product_tag","embeddable":true,"href":"https:\/\/yume-silm.com\/it\/wp-json\/wp\/v2\/product_tag?post=2932"}],"curies":[{"name":"wp","href":"https:\/\/api.w.org\/{rel}","templated":true}]}}