{"id":2997,"date":"2023-05-18T02:21:22","date_gmt":"2023-05-18T02:21:22","guid":{"rendered":"https:\/\/yume-silm.com\/?post_type=product&#038;p=2997"},"modified":"2024-06-18T07:53:58","modified_gmt":"2024-06-18T07:53:58","slug":"occhiali-da-uomo-a-rete-elastica-con-5-ganci-per-il-corpo-intero","status":"publish","type":"product","link":"https:\/\/yume-silm.com\/it\/prodotto\/occhiali-da-uomo-a-rete-elastica-con-5-ganci-per-il-corpo-intero\/","title":{"rendered":"Intimo modellante per tutto il corpo in rete ad alta elasticit\u00e0 da uomo all&#039;ingrosso"},"content":{"rendered":"<h5>Caratteristiche del progetto<\/h5>\n<ul>\n<li><strong>GANCIO A 5 STRATI:<\/strong> fornisce una vestibilit\u00e0 sicura e garantisce che l&#039;intimo modellante per tutto il corpo in rete ad alta elasticit\u00e0 da uomo rimanga al suo posto, aumentando la sicurezza dell&#039;utente.<\/li>\n<li><strong>ALTAMENTE ELASTICIZZATO:<\/strong> I modellatori per il corpo a compressione sono realizzati con una miscela di nylon e spandex, offrendo flessibilit\u00e0 e comfort per tutti i tipi di corpo.<\/li>\n<li><strong>MATERIALE DELLA RETE:<\/strong> Il body modellante da uomo \u00e8 traspirante e leggero per un uso prolungato, garantendo a chi lo indossa rimane fresco e comodo.<\/li>\n<li><strong>COPERTURA TOTALE DEL CORPO:<\/strong> Il miglior intimo modellante dimagrante da uomo fornisce pieno supporto, modellando il corpo e migliorando la silhouette generale.<\/li>\n<li><strong>OPZIONI PERSONALIZZATE:<\/strong> La nostra collezione di indumenti modellanti per la pancia da uomo supporta taglie, colori, stili, loghi, confezioni, etichette, etichette per la cura e altro ancora personalizzati per garantire la soddisfazione delle diverse esigenze dei tuoi clienti.<\/li>\n<\/ul>\n<h6><em>Collant da uomo senza maniche per il controllo della pancia per modellare il corpo<\/em><\/h6>\n<ul>\n<li>In sintesi, il nostro intimo modellante da uomo in rete ad alta elasticit\u00e0 \u00e8 un mix di stile, comfort e funzionalit\u00e0.<\/li>\n<li>Per i grossisti che mirano a offrire prodotti di alto livello in sintonia con le ultime tendenze, questo modellante completo da uomo Fajas \u00e8 un must.<\/li>\n<li>Con opzioni di personalizzazione, una gamma di dimensioni e la promessa di una consegna rapida, \u00e8 una preziosa aggiunta al tuo inventario.<\/li>\n<li>Tuffati nel mondo della vendita all&#039;ingrosso con questo straordinario body modellante senza maniche da uomo. Ordina oggi!<\/li>\n<li>I modellatori per il corpo da uomo taglie forti aggiungono pi\u00f9 opzioni.<\/li>\n<\/ul>","protected":false},"excerpt":{"rendered":"<p>Amplia il tuo inventario con il nostro intimo modellante da uomo in rete ad alta elasticit\u00e0. Caratterizzato da un esclusivo design con ganci a 5 strati, questo intimo modellante garantisce una vestibilit\u00e0 aderente, valorizzando il fisico. Realizzato in una miscela di nylon e spandex, \u00e8 la scelta perfetta per chi cerca comfort e stile.<\/p>","protected":false},"featured_media":3016,"comment_status":"open","ping_status":"closed","template":"","meta":{"site-sidebar-layout":"default","site-content-layout":"default","ast-site-content-layout":"default","site-content-style":"default","site-sidebar-style":"default","ast-global-header-display":"","ast-banner-title-visibility":"","ast-main-header-display":"","ast-hfb-above-header-display":"","ast-hfb-below-header-display":"","ast-hfb-mobile-header-display":"","site-post-title":"","ast-breadcrumbs-content":"","ast-featured-img":"","footer-sml-layout":"","ast-disable-related-posts":"","theme-transparent-header-meta":"default","adv-header-id-meta":"","stick-header-meta":"default","header-above-stick-meta":"","header-main-stick-meta":"","header-below-stick-meta":"","astra-migrate-meta-layouts":"set","ast-page-background-enabled":"default","ast-page-background-meta":{"desktop":{"background-color":"","background-image":"","background-repeat":"repeat","background-position":"center center","background-size":"auto","background-attachment":"scroll","background-type":"","background-media":"","overlay-type":"","overlay-color":"","overlay-opacity":"","overlay-gradient":""},"tablet":{"background-color":"","background-image":"","background-repeat":"repeat","background-position":"center center","background-size":"auto","background-attachment":"scroll","background-type":"","background-media":"","overlay-type":"","overlay-color":"","overlay-opacity":"","overlay-gradient":""},"mobile":{"background-color":"","background-image":"","background-repeat":"repeat","background-position":"center center","background-size":"auto","background-attachment":"scroll","background-type":"","background-media":"","overlay-type":"","overlay-color":"","overlay-opacity":"","overlay-gradient":""}},"ast-content-background-meta":{"desktop":{"background-color":"var(--ast-global-color-5)","background-image":"","background-repeat":"repeat","background-position":"center center","background-size":"auto","background-attachment":"scroll","background-type":"","background-media":"","overlay-type":"","overlay-color":"","overlay-opacity":"","overlay-gradient":""},"tablet":{"background-color":"var(--ast-global-color-5)","background-image":"","background-repeat":"repeat","background-position":"center center","background-size":"auto","background-attachment":"scroll","background-type":"","background-media":"","overlay-type":"","overlay-color":"","overlay-opacity":"","overlay-gradient":""},"mobile":{"background-color":"var(--ast-global-color-5)","background-image":"","background-repeat":"repeat","background-position":"center center","background-size":"auto","background-attachment":"scroll","background-type":"","background-media":"","overlay-type":"","overlay-color":"","overlay-opacity":"","overlay-gradient":""}}},"product_brand":[],"product_cat":[76,65,85,89],"product_tag":[135,141,134,154],"class_list":{"0":"post-2997","1":"product","2":"type-product","3":"status-publish","4":"has-post-thumbnail","6":"product_cat-new-arrivels","7":"product_cat-best-sellers","8":"product_cat-wholesale-mens-shapewear","9":"product_cat-wholesale-men-full-body-shaper","10":"product_tag-all-in-one","11":"product_tag-plus-size","12":"product_tag-tummy-tucker","13":"product_tag-with-hooks","14":"pa_color-beige","15":"pa_color-black","16":"pa_size-4xl","17":"pa_size-5xl","18":"pa_size-6xl","19":"pa_size-l","20":"pa_size-m","21":"pa_size-s","22":"pa_size-xl","23":"pa_size-xxl","24":"pa_size-xxxl","25":"desktop-align-center","26":"tablet-align-left","27":"mobile-align-left","28":"ast-product-gallery-layout-horizontal-slider","29":"ast-product-single-variable","30":"ast-product-tabs-layout-horizontal","31":"ast-qv-on-image","33":"first","34":"instock","35":"shipping-taxable","36":"purchasable","37":"product-type-variable"},"tiered_pricing_type":"fixed","tiered_pricing_fixed_rules":{"2":13.69,"50":11.29,"300":10.69},"tiered_pricing_product_settings":{"layout":"default","base_unit_name":{"singular":null,"plural":null},"default_variation":{}},"tiered_pricing_minimum_quantity":null,"tiered_pricing_roles_data":[],"tiered_pricing_percentage_rules":[],"_links":{"self":[{"href":"https:\/\/yume-silm.com\/it\/wp-json\/wp\/v2\/product\/2997","targetHints":{"allow":["GET"]}}],"collection":[{"href":"https:\/\/yume-silm.com\/it\/wp-json\/wp\/v2\/product"}],"about":[{"href":"https:\/\/yume-silm.com\/it\/wp-json\/wp\/v2\/types\/product"}],"replies":[{"embeddable":true,"href":"https:\/\/yume-silm.com\/it\/wp-json\/wp\/v2\/comments?post=2997"}],"wp:featuredmedia":[{"embeddable":true,"href":"https:\/\/yume-silm.com\/it\/wp-json\/wp\/v2\/media\/3016"}],"wp:attachment":[{"href":"https:\/\/yume-silm.com\/it\/wp-json\/wp\/v2\/media?parent=2997"}],"wp:term":[{"taxonomy":"product_brand","embeddable":true,"href":"https:\/\/yume-silm.com\/it\/wp-json\/wp\/v2\/product_brand?post=2997"},{"taxonomy":"product_cat","embeddable":true,"href":"https:\/\/yume-silm.com\/it\/wp-json\/wp\/v2\/product_cat?post=2997"},{"taxonomy":"product_tag","embeddable":true,"href":"https:\/\/yume-silm.com\/it\/wp-json\/wp\/v2\/product_tag?post=2997"}],"curies":[{"name":"wp","href":"https:\/\/api.w.org\/{rel}","templated":true}]}}