{"id":3102,"date":"2023-05-18T11:01:13","date_gmt":"2023-05-18T11:01:13","guid":{"rendered":"https:\/\/yume-silm.com\/?post_type=product&#038;p=3102"},"modified":"2025-09-23T01:28:35","modified_gmt":"2025-09-23T01:28:35","slug":"donna-sauna-giubbotto-e-tuta-manica-lunga-allenamento-corpo-shaper","status":"publish","type":"product","link":"https:\/\/yume-silm.com\/it\/prodotto\/donna-sauna-giubbotto-e-tuta-manica-lunga-allenamento-corpo-shaper\/","title":{"rendered":"Giacche e pantaloni sportivi per sauna e pancia piatta per donna"},"content":{"rendered":"<h5>Caratteristiche del progetto<\/h5>\n<ul>\n<li><strong>COMODO DESIGN CON CERNIERA:<\/strong> Il set da sauna per il sudore da donna adotta il design con cerniera degli indumenti normali, che \u00e8 molto comodo da indossare e da togliere, risparmiando tempo. Si apre e indossa facilmente, veloce e facile da indossare, pi\u00f9 comodo dei pulsanti tradizionali.<\/li>\n<li><strong>MATERIALE ALTAMENTE ELASTICO:<\/strong> L&#039;elevata elasticit\u00e0 delle tute da sauna per la perdita di peso aumenta il comfort e l&#039;applicabilit\u00e0 dell&#039;uso. Anche durante esercizi a lungo termine o faticosi e complessi, nessun graffio o altri problemi, migliorando le prestazioni dell&#039;esercizio e il comfort generale.<\/li>\n<li><strong>ACCELERARE IL CALORE:<\/strong> Realizzato in neoprene di alta qualit\u00e0, questo set di tute da sauna per allenamento con tuta calda pu\u00f2 aiutarti a massimizzare il tuo esercizio e ad aumentare la velocit\u00e0 di sudorazione di 2,5 volte il tuo livello abituale. Accelera la combustione dei grassi, raddoppia l&#039;effetto dell&#039;esercizio fisico e rendi il tuo corpo pi\u00f9 sano, pi\u00f9 elegante e attraente.<\/li>\n<li><strong>SENZA CUCITURE E CONFORTEVOLE:<\/strong> Il design senza cuciture delle giacche e dei pantaloni da sauna da donna li rende pi\u00f9 comodi da indossare e non danneggia la pelle. Si adatta a ogni centimetro della tua pelle per garantire il massimo comfort e una maggiore efficienza del sudore durante l&#039;esercizio.<\/li>\n<li><strong>IMPERMEABILE E ANTIVEGETATIVA:<\/strong> I materiali di alta qualit\u00e0 del nostro miglior set sauna da donna ci facilitano il lavaggio e la cura. Questa migliore tuta da sauna per la perdita di grasso rimane asciutta e pulita anche in ambienti umidi o sporchi, migliorando il comfort dell&#039;utente durante l&#039;attivit\u00e0 fisica. Dopo ogni utilizzo \u00e8 sufficiente una pulizia semplice e ordinaria, il che \u00e8 molto comodo.<\/li>\n<\/ul>\n<h6><em>Abbigliamento sportivo attillato dal sudore per allenamento fitness yoga corsa sauna da donna<\/em><\/h6>\n<ul>\n<li>Le nostre giacche e pantaloni da sauna da donna sono un mix di stile, comfort e funzionalit\u00e0. Per i grossisti che desiderano offrire prodotti di alto livello in sintonia con le ultime tendenze del fitness, questa tuta da sauna modellante \u00e8 un must.<\/li>\n<li>Con opzioni di personalizzazione, una gamma di dimensioni e la promessa di una consegna rapida, \u00e8 una preziosa aggiunta al tuo inventario. Tuffati nel mondo della vendita all&#039;ingrosso con questo pezzo straordinario. Ordina oggi!<\/li>\n<\/ul>","protected":false},"excerpt":{"rendered":"<ul>\n<li>Giacche e pantaloni sportivi da sauna contenitivi, in elegante stile patchwork.<\/li>\n<li>Personalizzato per allenamenti intensi. Tasso di sudorazione aumentato di 2,5 volte.<\/li>\n<\/ul>","protected":false},"featured_media":3109,"comment_status":"open","ping_status":"closed","template":"","meta":{"site-sidebar-layout":"default","site-content-layout":"default","ast-site-content-layout":"default","site-content-style":"default","site-sidebar-style":"default","ast-global-header-display":"","ast-banner-title-visibility":"","ast-main-header-display":"","ast-hfb-above-header-display":"","ast-hfb-below-header-display":"","ast-hfb-mobile-header-display":"","site-post-title":"","ast-breadcrumbs-content":"","ast-featured-img":"","footer-sml-layout":"","ast-disable-related-posts":"","theme-transparent-header-meta":"default","adv-header-id-meta":"","stick-header-meta":"default","header-above-stick-meta":"","header-main-stick-meta":"","header-below-stick-meta":"","astra-migrate-meta-layouts":"set","ast-page-background-enabled":"default","ast-page-background-meta":{"desktop":{"background-color":"","background-image":"","background-repeat":"repeat","background-position":"center center","background-size":"auto","background-attachment":"scroll","background-type":"","background-media":"","overlay-type":"","overlay-color":"","overlay-opacity":"","overlay-gradient":""},"tablet":{"background-color":"","background-image":"","background-repeat":"repeat","background-position":"center center","background-size":"auto","background-attachment":"scroll","background-type":"","background-media":"","overlay-type":"","overlay-color":"","overlay-opacity":"","overlay-gradient":""},"mobile":{"background-color":"","background-image":"","background-repeat":"repeat","background-position":"center center","background-size":"auto","background-attachment":"scroll","background-type":"","background-media":"","overlay-type":"","overlay-color":"","overlay-opacity":"","overlay-gradient":""}},"ast-content-background-meta":{"desktop":{"background-color":"var(--ast-global-color-5)","background-image":"","background-repeat":"repeat","background-position":"center center","background-size":"auto","background-attachment":"scroll","background-type":"","background-media":"","overlay-type":"","overlay-color":"","overlay-opacity":"","overlay-gradient":""},"tablet":{"background-color":"var(--ast-global-color-5)","background-image":"","background-repeat":"repeat","background-position":"center center","background-size":"auto","background-attachment":"scroll","background-type":"","background-media":"","overlay-type":"","overlay-color":"","overlay-opacity":"","overlay-gradient":""},"mobile":{"background-color":"var(--ast-global-color-5)","background-image":"","background-repeat":"repeat","background-position":"center center","background-size":"auto","background-attachment":"scroll","background-type":"","background-media":"","overlay-type":"","overlay-color":"","overlay-opacity":"","overlay-gradient":""}}},"product_brand":[],"product_cat":[65,97,102,98,99],"product_tag":[187,135,549,148,185,184],"class_list":{"0":"post-3102","1":"product","2":"type-product","3":"status-publish","4":"has-post-thumbnail","6":"product_cat-best-sellers","7":"product_cat-sauna-suit","8":"product_cat-full-body-sweat-suit","9":"product_cat-sauna-jacket","10":"product_cat-sauna-pants","11":"product_tag-2-in-1","12":"product_tag-all-in-one","13":"product_tag-gym","14":"product_tag-one-piece","15":"product_tag-workout","16":"product_tag-zipper","17":"pa_color-blue","18":"pa_color-silver","19":"pa_size-l","20":"pa_size-m","21":"pa_size-xl","22":"pa_size-xxl","23":"pa_size-xxxl","24":"desktop-align-center","25":"tablet-align-left","26":"mobile-align-left","27":"ast-product-gallery-layout-horizontal-slider","28":"ast-product-single-variable","29":"ast-product-tabs-layout-horizontal","30":"ast-qv-on-image","32":"first","33":"instock","34":"shipping-taxable","35":"purchasable","36":"product-type-variable"},"tiered_pricing_type":"fixed","tiered_pricing_fixed_rules":{"20":13,"100":12,"200":11},"tiered_pricing_product_settings":{"layout":"default","base_unit_name":{"singular":null,"plural":null},"default_variation":{}},"tiered_pricing_minimum_quantity":null,"tiered_pricing_roles_data":[],"tiered_pricing_percentage_rules":[],"_links":{"self":[{"href":"https:\/\/yume-silm.com\/it\/wp-json\/wp\/v2\/product\/3102","targetHints":{"allow":["GET"]}}],"collection":[{"href":"https:\/\/yume-silm.com\/it\/wp-json\/wp\/v2\/product"}],"about":[{"href":"https:\/\/yume-silm.com\/it\/wp-json\/wp\/v2\/types\/product"}],"replies":[{"embeddable":true,"href":"https:\/\/yume-silm.com\/it\/wp-json\/wp\/v2\/comments?post=3102"}],"wp:featuredmedia":[{"embeddable":true,"href":"https:\/\/yume-silm.com\/it\/wp-json\/wp\/v2\/media\/3109"}],"wp:attachment":[{"href":"https:\/\/yume-silm.com\/it\/wp-json\/wp\/v2\/media?parent=3102"}],"wp:term":[{"taxonomy":"product_brand","embeddable":true,"href":"https:\/\/yume-silm.com\/it\/wp-json\/wp\/v2\/product_brand?post=3102"},{"taxonomy":"product_cat","embeddable":true,"href":"https:\/\/yume-silm.com\/it\/wp-json\/wp\/v2\/product_cat?post=3102"},{"taxonomy":"product_tag","embeddable":true,"href":"https:\/\/yume-silm.com\/it\/wp-json\/wp\/v2\/product_tag?post=3102"}],"curies":[{"name":"wp","href":"https:\/\/api.w.org\/{rel}","templated":true}]}}