{"id":3154,"date":"2023-05-20T02:27:19","date_gmt":"2023-05-20T02:27:19","guid":{"rendered":"https:\/\/yume-silm.com\/?post_type=product&#038;p=3154"},"modified":"2024-08-27T07:38:49","modified_gmt":"2024-08-27T07:38:49","slug":"pantaloncini-modellanti-a-vita-alta-da-uomo-con-cuscinetti-per-i-fianchi","status":"publish","type":"product","link":"https:\/\/yume-silm.com\/it\/prodotto\/pantaloncini-modellanti-a-vita-alta-da-uomo-con-cuscinetti-per-i-fianchi\/","title":{"rendered":"Pantaloncini modellanti a vita alta da uomo all&#039;ingrosso: migliorati con imbottiture per i fianchi"},"content":{"rendered":"<h5>Caratteristiche del progetto<\/h5>\n<ul>\n<li><b>Design a vita alta:<\/b> Offre un migliore controllo e modellamento della pancia, garantendo un aspetto elegante sotto qualsiasi outfit.<\/li>\n<li><b>Ganci a 3 strati:<\/b> Il sistema regolabile si adatta a diversi tipi di corporatura, garantendo una vestibilit\u00e0 personalizzata per ogni individuo.<\/li>\n<li><b>Imbottiture per le anche:<\/b> Migliora la forma e fornisce supporto aggiuntivo, sottolineando il tuo impegno per prodotti di qualit\u00e0 e orientati ai risultati.<\/li>\n<li><b>Materiale ad alta elasticit\u00e0:<\/b> Realizzato in nylon e spandex, promette flessibilit\u00e0 e comfort per tutto il giorno.<\/li>\n<li><b>Miglioratore del profitto:<\/b> Un prodotto su misura per soddisfare le crescenti richieste del mercato dell&#039;intimo modellante da uomo, posizionando la tua attivit\u00e0 per aumentare le vendite.<\/li>\n<\/ul>\n<p>In sintesi, i nostri pantaloncini modellanti a vita alta da uomo con imbottiture sui fianchi sono un mix di stile, comfort e funzionalit\u00e0. Per i grossisti che mirano a offrire prodotti di prima qualit\u00e0 che risuonino con le ultime tendenze della moda, questa guaina \u00e8 un must. Con opzioni di personalizzazione, una gamma di taglie e la promessa di una consegna rapida, \u00e8 una preziosa aggiunta al tuo inventario. Immergiti nel mondo del commercio all&#039;ingrosso con questo pezzo eccezionale. Ordina oggi!<\/p>","protected":false},"excerpt":{"rendered":"<p>Scopri i nostri pantaloncini modellanti a vita alta da uomo, pensati per l&#039;uomo moderno. Dotati di un sistema di ganci a 3 strati e di cuscinetti sui fianchi, questi pantaloncini offrono una modellatura e un comfort superiori. Realizzati in una miscela di nylon e spandex, assicurano una vestibilit\u00e0 aderente, rendendoli la scelta migliore per chi punta a una silhouette raffinata.<\/p>","protected":false},"featured_media":3171,"comment_status":"open","ping_status":"closed","template":"","meta":{"site-sidebar-layout":"default","site-content-layout":"default","ast-site-content-layout":"default","site-content-style":"default","site-sidebar-style":"default","ast-global-header-display":"","ast-banner-title-visibility":"","ast-main-header-display":"","ast-hfb-above-header-display":"","ast-hfb-below-header-display":"","ast-hfb-mobile-header-display":"","site-post-title":"","ast-breadcrumbs-content":"","ast-featured-img":"","footer-sml-layout":"","ast-disable-related-posts":"","theme-transparent-header-meta":"default","adv-header-id-meta":"","stick-header-meta":"default","header-above-stick-meta":"","header-main-stick-meta":"","header-below-stick-meta":"","astra-migrate-meta-layouts":"set","ast-page-background-enabled":"default","ast-page-background-meta":{"desktop":{"background-color":"","background-image":"","background-repeat":"repeat","background-position":"center center","background-size":"auto","background-attachment":"scroll","background-type":"","background-media":"","overlay-type":"","overlay-color":"","overlay-opacity":"","overlay-gradient":""},"tablet":{"background-color":"","background-image":"","background-repeat":"repeat","background-position":"center center","background-size":"auto","background-attachment":"scroll","background-type":"","background-media":"","overlay-type":"","overlay-color":"","overlay-opacity":"","overlay-gradient":""},"mobile":{"background-color":"","background-image":"","background-repeat":"repeat","background-position":"center center","background-size":"auto","background-attachment":"scroll","background-type":"","background-media":"","overlay-type":"","overlay-color":"","overlay-opacity":"","overlay-gradient":""}},"ast-content-background-meta":{"desktop":{"background-color":"var(--ast-global-color-5)","background-image":"","background-repeat":"repeat","background-position":"center center","background-size":"auto","background-attachment":"scroll","background-type":"","background-media":"","overlay-type":"","overlay-color":"","overlay-opacity":"","overlay-gradient":""},"tablet":{"background-color":"var(--ast-global-color-5)","background-image":"","background-repeat":"repeat","background-position":"center center","background-size":"auto","background-attachment":"scroll","background-type":"","background-media":"","overlay-type":"","overlay-color":"","overlay-opacity":"","overlay-gradient":""},"mobile":{"background-color":"var(--ast-global-color-5)","background-image":"","background-repeat":"repeat","background-position":"center center","background-size":"auto","background-attachment":"scroll","background-type":"","background-media":"","overlay-type":"","overlay-color":"","overlay-opacity":"","overlay-gradient":""}}},"product_brand":[],"product_cat":[65,76,85,87],"product_tag":[187,699,726,139,866,134,154],"class_list":{"0":"post-3154","1":"product","2":"type-product","3":"status-publish","4":"has-post-thumbnail","6":"product_cat-best-sellers","7":"product_cat-new-arrivels","8":"product_cat-wholesale-mens-shapewear","9":"product_cat-wholesale-men-control-panties","10":"product_tag-2-in-1","11":"product_tag-comfort","12":"product_tag-fashion","13":"product_tag-high-waist","14":"product_tag-hip-pads","15":"product_tag-tummy-tucker","16":"product_tag-with-hooks","17":"pa_color-beige","18":"pa_color-black","19":"pa_size-l","20":"pa_size-m","21":"pa_size-s","22":"pa_size-xl","23":"pa_size-xxl","24":"pa_size-xxxl","25":"desktop-align-center","26":"tablet-align-left","27":"mobile-align-left","28":"ast-product-gallery-layout-horizontal-slider","29":"ast-product-single-variable","30":"ast-product-tabs-layout-horizontal","31":"ast-qv-on-image","33":"first","34":"instock","35":"shipping-taxable","36":"purchasable","37":"product-type-variable"},"tiered_pricing_type":"fixed","tiered_pricing_fixed_rules":{"2":5.09,"50":4.79,"300":3.99},"tiered_pricing_product_settings":{"layout":"default","base_unit_name":{"singular":null,"plural":null},"default_variation":{}},"tiered_pricing_minimum_quantity":null,"tiered_pricing_roles_data":[],"tiered_pricing_percentage_rules":[],"_links":{"self":[{"href":"https:\/\/yume-silm.com\/it\/wp-json\/wp\/v2\/product\/3154","targetHints":{"allow":["GET"]}}],"collection":[{"href":"https:\/\/yume-silm.com\/it\/wp-json\/wp\/v2\/product"}],"about":[{"href":"https:\/\/yume-silm.com\/it\/wp-json\/wp\/v2\/types\/product"}],"replies":[{"embeddable":true,"href":"https:\/\/yume-silm.com\/it\/wp-json\/wp\/v2\/comments?post=3154"}],"wp:featuredmedia":[{"embeddable":true,"href":"https:\/\/yume-silm.com\/it\/wp-json\/wp\/v2\/media\/3171"}],"wp:attachment":[{"href":"https:\/\/yume-silm.com\/it\/wp-json\/wp\/v2\/media?parent=3154"}],"wp:term":[{"taxonomy":"product_brand","embeddable":true,"href":"https:\/\/yume-silm.com\/it\/wp-json\/wp\/v2\/product_brand?post=3154"},{"taxonomy":"product_cat","embeddable":true,"href":"https:\/\/yume-silm.com\/it\/wp-json\/wp\/v2\/product_cat?post=3154"},{"taxonomy":"product_tag","embeddable":true,"href":"https:\/\/yume-silm.com\/it\/wp-json\/wp\/v2\/product_tag?post=3154"}],"curies":[{"name":"wp","href":"https:\/\/api.w.org\/{rel}","templated":true}]}}