{"id":3257,"date":"2023-05-22T04:19:25","date_gmt":"2023-05-22T04:19:25","guid":{"rendered":"https:\/\/yume-silm.com\/?post_type=product&#038;p=3257"},"modified":"2025-05-26T00:44:20","modified_gmt":"2025-05-26T00:44:20","slug":"maglietta-modellante-da-uomo-con-maglia-traspirante","status":"publish","type":"product","link":"https:\/\/yume-silm.com\/it\/prodotto\/maglietta-modellante-da-uomo-con-maglia-traspirante\/","title":{"rendered":"T-shirt modellante per il corpo da uomo all&#039;ingrosso: design in rete traspirante"},"content":{"rendered":"<h5>Caratteristiche del progetto<\/h5>\n<ul>\n<li><strong>MODELLAZIONE DEL CORPO ISTANTANEA:<\/strong> I nostri indumenti da canotta in rete a compressione modellante per il corpo da uomo sono il tuo miglior partner per bruciare i grassi. Aiutarti a nascondere meglio le tue &quot;tette da uomo&quot;, a stringere la tua &quot;pancia da birra&quot; e a raddrizzare la schiena. Questo gilet modellante dimagrante ti far\u00e0 sembrare pi\u00f9 alto e pi\u00f9 energico!<\/li>\n<li><strong>CORSETTO INVISIBILE:<\/strong> Una t-shirt modellante modellante offre una modellatura del corpo superiore pur mantenendo un profilo basso, attraente per chi cerca una vestibilit\u00e0 naturale. Grazie al design a compressione incrociata multistrato su petto, schiena e addome, pu\u00f2 essere modellato in molti aspetti, facilitando la creazione di un contorno ideale pi\u00f9 perfetto.<\/li>\n<li><strong>RETE TRASPIRANTE LEGGERA:<\/strong> La nostra camicia a compressione senza cuciture da uomo modellante per il corpo \u00e8 comoda e a contatto con la pelle, leggera e senza pressione. Adatto a tutte le stagioni, anche nella calda estate, puoi indossarlo da solo per l&#039;esercizio fisico o per l&#039;uso quotidiano a casa o al lavoro.<\/li>\n<li><strong>SODO ED ELASTICIZZATO:<\/strong> Il nostro gilet da allenamento da uomo per addominali e addominali slim \u00e8 realizzato in una miscela di spandex e nylon per una maggiore durata e una vestibilit\u00e0 aderente. Il tessuto elastico appropriato ti consente di non avere paura di tirare e sar\u00e0 adatto a qualunque forma del tuo corpo.<\/li>\n<\/ul>\n<h6><em>T-shirt da uomo leggera e modellante a compressione invisibile per il controllo addominale<\/em><\/h6>\n<ul>\n<li>La nostra maglietta modellante da uomo con rete traspirante \u00e8 un mix di stile, comfort e funzionalit\u00e0.<\/li>\n<li>Per i grossisti che desiderano entrare nel mercato dell&#039;abbigliamento modellante da uomo, la maglietta modellante per il corpo da uomo \u00e8 un must.<\/li>\n<li>Con opzioni di personalizzazione, una gamma di dimensioni e la promessa di una consegna rapida, \u00e8 una preziosa aggiunta al tuo inventario.<\/li>\n<li>Tuffati nel mondo della vendita all&#039;ingrosso con questo pezzo straordinario. Ordina oggi!<\/li>\n<\/ul>","protected":false},"excerpt":{"rendered":"<p>Scopri la nostra maglietta modellante da uomo, pensata per l&#039;uomo moderno. Con il controllo della pancia, un corsetto invisibile e una rete traspirante, garantisce stile e comfort. Realizzato in una miscela di spandex e nylon, \u00e8 l&#039;aggiunta perfetta a qualsiasi guardaroba attivo.<\/p>","protected":false},"featured_media":3268,"comment_status":"open","ping_status":"closed","template":"","meta":{"site-sidebar-layout":"default","site-content-layout":"default","ast-site-content-layout":"default","site-content-style":"default","site-sidebar-style":"default","ast-global-header-display":"","ast-banner-title-visibility":"","ast-main-header-display":"","ast-hfb-above-header-display":"","ast-hfb-below-header-display":"","ast-hfb-mobile-header-display":"","site-post-title":"","ast-breadcrumbs-content":"","ast-featured-img":"","footer-sml-layout":"","ast-disable-related-posts":"","theme-transparent-header-meta":"default","adv-header-id-meta":"","stick-header-meta":"default","header-above-stick-meta":"","header-main-stick-meta":"","header-below-stick-meta":"","astra-migrate-meta-layouts":"set","ast-page-background-enabled":"default","ast-page-background-meta":{"desktop":{"background-color":"","background-image":"","background-repeat":"repeat","background-position":"center center","background-size":"auto","background-attachment":"scroll","background-type":"","background-media":"","overlay-type":"","overlay-color":"","overlay-opacity":"","overlay-gradient":""},"tablet":{"background-color":"","background-image":"","background-repeat":"repeat","background-position":"center center","background-size":"auto","background-attachment":"scroll","background-type":"","background-media":"","overlay-type":"","overlay-color":"","overlay-opacity":"","overlay-gradient":""},"mobile":{"background-color":"","background-image":"","background-repeat":"repeat","background-position":"center center","background-size":"auto","background-attachment":"scroll","background-type":"","background-media":"","overlay-type":"","overlay-color":"","overlay-opacity":"","overlay-gradient":""}},"ast-content-background-meta":{"desktop":{"background-color":"var(--ast-global-color-5)","background-image":"","background-repeat":"repeat","background-position":"center center","background-size":"auto","background-attachment":"scroll","background-type":"","background-media":"","overlay-type":"","overlay-color":"","overlay-opacity":"","overlay-gradient":""},"tablet":{"background-color":"var(--ast-global-color-5)","background-image":"","background-repeat":"repeat","background-position":"center center","background-size":"auto","background-attachment":"scroll","background-type":"","background-media":"","overlay-type":"","overlay-color":"","overlay-opacity":"","overlay-gradient":""},"mobile":{"background-color":"var(--ast-global-color-5)","background-image":"","background-repeat":"repeat","background-position":"center center","background-size":"auto","background-attachment":"scroll","background-type":"","background-media":"","overlay-type":"","overlay-color":"","overlay-opacity":"","overlay-gradient":""}}},"product_brand":[],"product_cat":[65,76,85,88],"product_tag":[147,566,567,185],"class_list":{"0":"post-3257","1":"product","2":"type-product","3":"status-publish","4":"has-post-thumbnail","6":"product_cat-best-sellers","7":"product_cat-new-arrivels","8":"product_cat-wholesale-mens-shapewear","9":"product_cat-wholesale-men-t-shirt-shaper","10":"product_tag-cross","11":"product_tag-short-sleeves","12":"product_tag-slimming-effect","13":"product_tag-workout","14":"pa_color-black","15":"pa_color-white","16":"pa_size-l","17":"pa_size-m","18":"pa_size-xl","19":"pa_size-xxl","20":"desktop-align-center","21":"tablet-align-left","22":"mobile-align-left","23":"ast-product-gallery-layout-horizontal-slider","24":"ast-product-single-variable","25":"ast-product-tabs-layout-horizontal","26":"ast-qv-on-image","28":"first","29":"instock","30":"shipping-taxable","31":"purchasable","32":"product-type-variable"},"tiered_pricing_type":"fixed","tiered_pricing_fixed_rules":{"2":5.49,"50":5.19,"300":4.29},"tiered_pricing_product_settings":{"layout":"default","base_unit_name":{"singular":null,"plural":null},"default_variation":{}},"tiered_pricing_minimum_quantity":null,"tiered_pricing_roles_data":[],"tiered_pricing_percentage_rules":[],"_links":{"self":[{"href":"https:\/\/yume-silm.com\/it\/wp-json\/wp\/v2\/product\/3257","targetHints":{"allow":["GET"]}}],"collection":[{"href":"https:\/\/yume-silm.com\/it\/wp-json\/wp\/v2\/product"}],"about":[{"href":"https:\/\/yume-silm.com\/it\/wp-json\/wp\/v2\/types\/product"}],"replies":[{"embeddable":true,"href":"https:\/\/yume-silm.com\/it\/wp-json\/wp\/v2\/comments?post=3257"}],"wp:featuredmedia":[{"embeddable":true,"href":"https:\/\/yume-silm.com\/it\/wp-json\/wp\/v2\/media\/3268"}],"wp:attachment":[{"href":"https:\/\/yume-silm.com\/it\/wp-json\/wp\/v2\/media?parent=3257"}],"wp:term":[{"taxonomy":"product_brand","embeddable":true,"href":"https:\/\/yume-silm.com\/it\/wp-json\/wp\/v2\/product_brand?post=3257"},{"taxonomy":"product_cat","embeddable":true,"href":"https:\/\/yume-silm.com\/it\/wp-json\/wp\/v2\/product_cat?post=3257"},{"taxonomy":"product_tag","embeddable":true,"href":"https:\/\/yume-silm.com\/it\/wp-json\/wp\/v2\/product_tag?post=3257"}],"curies":[{"name":"wp","href":"https:\/\/api.w.org\/{rel}","templated":true}]}}