{"id":3348,"date":"2023-05-29T03:04:31","date_gmt":"2023-05-29T03:04:31","guid":{"rendered":"https:\/\/yume-silm.com\/?post_type=product&#038;p=3348"},"modified":"2025-05-24T05:05:09","modified_gmt":"2025-05-24T05:05:09","slug":"biancheria-intima-plus-size-con-bretelle-regolabili","status":"publish","type":"product","link":"https:\/\/yume-silm.com\/it\/prodotto\/biancheria-intima-plus-size-con-bretelle-regolabili\/","title":{"rendered":"Intimo per il sollevamento del sedere taglie forti all&#039;ingrosso: miglioramento dell&#039;anca"},"content":{"rendered":"<h5>Caratteristiche del progetto<\/h5>\n<ul>\n<li><strong>SPALLACCI SOTTILI REGOLABILI:<\/strong> Gli spallacci regolabili della biancheria intima plus size con sollevamento del sedere sono molto umanizzati, facilitando la regolazione libera della lunghezza in base alle esigenze, adattandosi alle esigenze della forma del corpo e del comfort e migliorando l&#039;esperienza dell&#039;utente.<\/li>\n<li><strong>DOPPIA COMBINAZIONE FIBBIA E CERNIERA IN ACCIAIO:<\/strong> Il materiale altamente elastico dei pantaloni per il sollevamento della pancia e dei fianchi \u00e8 durevole e non ha paura di tirare. I ganci e le cerniere del potenziatore per fianchi e glutei da donna realizzano la doppia combinazione, un migliore controllo per realizzare il sollevamento dell&#039;addome e dei glutei.<\/li>\n<li><strong>PROGETTAZIONE DI SOLLEVAMENTO DEI GLUTEI:<\/strong> La traspirabilit\u00e0 del potenziatore per fianchi e glutei Tummy Control assicura che la pelle respiri. Che tu stia sudando in palestra o mostrando la tua sicurezza davanti ai tuoi amici, i nostri pantaloni per il sollevamento del sedere si adatteranno perfettamente al tuo corpo e creeranno facilmente curve invidiabili a forma di S.<\/li>\n<li><strong>CUSCINO DI COMPRESSIONE RIMOVIBILE:<\/strong> Il modellante modellante per il controllo della pancia a vita alta con 2 imbottiture per i fianchi rimovibili \u00e8 dotato di imbottiture per i fianchi rimovibili per un sollevamento del sedere personalizzato. Rendi i tuoi glutei pi\u00f9 pieni e pi\u00f9 formosi.<\/li>\n<li><strong>FORMATORI DI GRANDI DIMENSIONI:<\/strong> I nostri pantaloncini taglie forti per il controllo della pancia e il sollevamento del sedere sono progettati per donne con diversi tipi di corporatura. Se sei una mamma obesa dopo il parto, rimarrai stupito dai risultati BBL istantanei che i migliori body shaper per taglie forti possono ottenere. Puoi facilmente sfoggiare la tua figura a clessidra preferita, festeggiare con le tue amiche, fare shopping e altro ancora.<\/li>\n<\/ul>\n<h6><em>Pantaloni taglie forti con sollevamento dell&#039;anca con spalline rimovibili e imbottiture sui fianchi per curve e stile senza sforzo<\/em><\/h6>\n<ul>\n<li>La nostra biancheria intima taglie forti con sollevamento del sedere con bretelle regolabili \u00e8 una miscela di stile, comfort e funzionalit\u00e0. Questa biancheria intima taglie forti con sollevamento del sedere \u00e8 un must per i grossisti che mirano a soddisfare un pubblico diversificato.<\/li>\n<li>Con opzioni di personalizzazione, una gamma di dimensioni e la promessa di una consegna rapida, \u00e8 una preziosa aggiunta al tuo inventario. Tuffati nel mondo della vendita all&#039;ingrosso con questo pezzo straordinario. Ordina oggi!<\/li>\n<\/ul>","protected":false},"excerpt":{"rendered":"<p>Migliora la tua collezione con la nostra biancheria intima per il sollevamento dei glutei taglie forti. Dotata di bretelle regolabili, cerniera con fibbia in acciaio e cuscinetto a pressione rimovibile, questa biancheria intima \u00e8 progettata per una vestibilit\u00e0 perfetta e una silhouette migliorata. Il cavallo aperto garantisce una maggiore comodit\u00e0 per la donna moderna.<\/p>","protected":false},"featured_media":3364,"comment_status":"open","ping_status":"closed","template":"","meta":{"site-sidebar-layout":"default","site-content-layout":"default","ast-site-content-layout":"default","site-content-style":"default","site-sidebar-style":"default","ast-global-header-display":"","ast-banner-title-visibility":"","ast-main-header-display":"","ast-hfb-above-header-display":"","ast-hfb-below-header-display":"","ast-hfb-mobile-header-display":"","site-post-title":"","ast-breadcrumbs-content":"","ast-featured-img":"","footer-sml-layout":"","ast-disable-related-posts":"","theme-transparent-header-meta":"default","adv-header-id-meta":"","stick-header-meta":"default","header-above-stick-meta":"","header-main-stick-meta":"","header-below-stick-meta":"","astra-migrate-meta-layouts":"set","ast-page-background-enabled":"default","ast-page-background-meta":{"desktop":{"background-color":"","background-image":"","background-repeat":"repeat","background-position":"center center","background-size":"auto","background-attachment":"scroll","background-type":"","background-media":"","overlay-type":"","overlay-color":"","overlay-opacity":"","overlay-gradient":""},"tablet":{"background-color":"","background-image":"","background-repeat":"repeat","background-position":"center center","background-size":"auto","background-attachment":"scroll","background-type":"","background-media":"","overlay-type":"","overlay-color":"","overlay-opacity":"","overlay-gradient":""},"mobile":{"background-color":"","background-image":"","background-repeat":"repeat","background-position":"center center","background-size":"auto","background-attachment":"scroll","background-type":"","background-media":"","overlay-type":"","overlay-color":"","overlay-opacity":"","overlay-gradient":""}},"ast-content-background-meta":{"desktop":{"background-color":"var(--ast-global-color-5)","background-image":"","background-repeat":"repeat","background-position":"center center","background-size":"auto","background-attachment":"scroll","background-type":"","background-media":"","overlay-type":"","overlay-color":"","overlay-opacity":"","overlay-gradient":""},"tablet":{"background-color":"var(--ast-global-color-5)","background-image":"","background-repeat":"repeat","background-position":"center center","background-size":"auto","background-attachment":"scroll","background-type":"","background-media":"","overlay-type":"","overlay-color":"","overlay-opacity":"","overlay-gradient":""},"mobile":{"background-color":"var(--ast-global-color-5)","background-image":"","background-repeat":"repeat","background-position":"center center","background-size":"auto","background-attachment":"scroll","background-type":"","background-media":"","overlay-type":"","overlay-color":"","overlay-opacity":"","overlay-gradient":""}}},"product_brand":[],"product_cat":[65,76,77,1092,80],"product_tag":[137,147,186,134,184],"class_list":{"0":"post-3348","1":"product","2":"type-product","3":"status-publish","4":"has-post-thumbnail","6":"product_cat-best-sellers","7":"product_cat-new-arrivels","8":"product_cat-wholesale-womens-shapewear","9":"product_cat-plus-size-shapewear","10":"product_cat-wholesale-butt-lift-underwear","11":"product_tag-butt-lift","12":"product_tag-cross","13":"product_tag-padded","14":"product_tag-tummy-tucker","15":"product_tag-zipper","16":"pa_color-black","17":"pa_size-4xl","18":"pa_size-5xl","19":"pa_size-6xl","20":"pa_size-l","21":"pa_size-m","22":"pa_size-s","23":"pa_size-xl","24":"pa_size-xxl","25":"pa_size-xxxl","26":"desktop-align-center","27":"tablet-align-left","28":"mobile-align-left","29":"ast-product-gallery-layout-horizontal-slider","30":"ast-product-single-variable","31":"ast-product-tabs-layout-horizontal","32":"ast-qv-on-image","34":"first","35":"instock","36":"shipping-taxable","37":"purchasable","38":"product-type-variable"},"tiered_pricing_type":"fixed","tiered_pricing_fixed_rules":{"2":13.19,"30":12.39,"500":10.29},"tiered_pricing_product_settings":{"layout":"default","base_unit_name":{"singular":null,"plural":null},"default_variation":{}},"tiered_pricing_minimum_quantity":null,"tiered_pricing_roles_data":[],"tiered_pricing_percentage_rules":[],"_links":{"self":[{"href":"https:\/\/yume-silm.com\/it\/wp-json\/wp\/v2\/product\/3348","targetHints":{"allow":["GET"]}}],"collection":[{"href":"https:\/\/yume-silm.com\/it\/wp-json\/wp\/v2\/product"}],"about":[{"href":"https:\/\/yume-silm.com\/it\/wp-json\/wp\/v2\/types\/product"}],"replies":[{"embeddable":true,"href":"https:\/\/yume-silm.com\/it\/wp-json\/wp\/v2\/comments?post=3348"}],"wp:featuredmedia":[{"embeddable":true,"href":"https:\/\/yume-silm.com\/it\/wp-json\/wp\/v2\/media\/3364"}],"wp:attachment":[{"href":"https:\/\/yume-silm.com\/it\/wp-json\/wp\/v2\/media?parent=3348"}],"wp:term":[{"taxonomy":"product_brand","embeddable":true,"href":"https:\/\/yume-silm.com\/it\/wp-json\/wp\/v2\/product_brand?post=3348"},{"taxonomy":"product_cat","embeddable":true,"href":"https:\/\/yume-silm.com\/it\/wp-json\/wp\/v2\/product_cat?post=3348"},{"taxonomy":"product_tag","embeddable":true,"href":"https:\/\/yume-silm.com\/it\/wp-json\/wp\/v2\/product_tag?post=3348"}],"curies":[{"name":"wp","href":"https:\/\/api.w.org\/{rel}","templated":true}]}}