{"id":3368,"date":"2023-05-29T03:34:50","date_gmt":"2023-05-29T03:34:50","guid":{"rendered":"https:\/\/yume-silm.com\/?post_type=product&#038;p=3368"},"modified":"2024-03-11T08:13:35","modified_gmt":"2024-03-11T08:13:35","slug":"reggiseno-con-ferretto-body-con-doppio-strato-controllo","status":"publish","type":"product","link":"https:\/\/yume-silm.com\/it\/prodotto\/reggiseno-con-ferretto-body-con-doppio-strato-controllo\/","title":{"rendered":"Body modellante con reggiseno con ferretto all&#039;ingrosso: controllo a doppio strato"},"content":{"rendered":"<h5>Caratteristiche del progetto<\/h5>\n<ol>\n<li><strong>Body modellante perizoma:<\/strong> Un pezzo versatile che pu\u00f2 arricchire la tua gamma di body modellanti sexy con reggiseno intero e soddisfare le esigenze di diversi clienti.<\/li>\n<li><strong>Body modellante con reggiseno:<\/strong> La scelta di questo body modellante con controllo della pancia e dimagrimento della vita pu\u00f2 rendere meno difficile la selezione della biancheria intima. Grazie al suo supporto integrato, non solo sostiene il torace, ma consente anche di modellare facilmente il corpo, fornendo ai clienti una soluzione due in uno.<\/li>\n<li><strong>Controllo a doppio strato:<\/strong> Il nostro intimo modellante si concentra sul levigare la pancia, snellire la vita e modellare le curve dei fianchi. L&#039;eccellente effetto modellante lo rende la prima scelta per chi cerca indumenti modellanti per il corpo ad alte prestazioni.<\/li>\n<li><strong>Body modellante in pizzo:<\/strong> Il body modellante con reggiseno con ferretto \u00e8 realizzato con materiali di alta qualit\u00e0 per garantire elasticit\u00e0 duratura, \u00e8 delicato sulla pelle e traspirante, elegante e bello. Aumenter\u00e0 meglio la traspirabilit\u00e0 della pelle anche durante l&#039;esercizio. Permettendoti di ottenere la modellatura naturale della curva in un&#039;esperienza confortevole.<\/li>\n<li><strong>Cavallo apribile:<\/strong> Questo reggiseno con ferretto per body modellante per tutto il corpo risolve le preoccupazioni di ogni donna che vuole rimettersi in forma. La comodit\u00e0 della tuta modellante senza cavallo risolve il problema di andare in bagno senza toglierti tutti i vestiti.<\/li>\n<\/ol>\n<h6><em>Body intimo modellante in pizzo elegante e versatile con reggiseno <\/em><\/h6>\n<p>In sintesi, il nostro body modellante con reggiseno con ferretto e controllo a doppio strato \u00e8 una miscela di stile, comfort e funzionalit\u00e0. Per i grossisti che desiderano offrire prodotti di alto livello in sintonia con le ultime tendenze della moda, questo body modellante perizoma \u00e8 un must. Con opzioni di personalizzazione, una gamma di dimensioni e la promessa di una consegna rapida, \u00e8 una preziosa aggiunta al tuo inventario. Tuffati nel mondo della vendita all&#039;ingrosso con questo pezzo straordinario. Ordina oggi!<\/p>","protected":false},"excerpt":{"rendered":"<p>Migliora la tua collezione con il nostro body modellante con reggiseno con ferretto. Progettato con controllo a doppio strato, rete visibile sul sedere e cavallo con apertura a gancio, garantisce stile e comfort. Realizzato per la donna moderna, offre una silhouette perfetta sotto qualsiasi outfit.<\/p>","protected":false},"featured_media":3385,"comment_status":"open","ping_status":"closed","template":"","meta":{"site-sidebar-layout":"default","site-content-layout":"default","ast-site-content-layout":"default","site-content-style":"default","site-sidebar-style":"default","ast-global-header-display":"","ast-banner-title-visibility":"","ast-main-header-display":"","ast-hfb-above-header-display":"","ast-hfb-below-header-display":"","ast-hfb-mobile-header-display":"","site-post-title":"","ast-breadcrumbs-content":"","ast-featured-img":"","footer-sml-layout":"","ast-disable-related-posts":"","theme-transparent-header-meta":"default","adv-header-id-meta":"","stick-header-meta":"default","header-above-stick-meta":"","header-main-stick-meta":"","header-below-stick-meta":"","astra-migrate-meta-layouts":"set","ast-page-background-enabled":"default","ast-page-background-meta":{"desktop":{"background-color":"","background-image":"","background-repeat":"repeat","background-position":"center center","background-size":"auto","background-attachment":"scroll","background-type":"","background-media":"","overlay-type":"","overlay-color":"","overlay-opacity":"","overlay-gradient":""},"tablet":{"background-color":"","background-image":"","background-repeat":"repeat","background-position":"center center","background-size":"auto","background-attachment":"scroll","background-type":"","background-media":"","overlay-type":"","overlay-color":"","overlay-opacity":"","overlay-gradient":""},"mobile":{"background-color":"","background-image":"","background-repeat":"repeat","background-position":"center center","background-size":"auto","background-attachment":"scroll","background-type":"","background-media":"","overlay-type":"","overlay-color":"","overlay-opacity":"","overlay-gradient":""}},"ast-content-background-meta":{"desktop":{"background-color":"var(--ast-global-color-5)","background-image":"","background-repeat":"repeat","background-position":"center center","background-size":"auto","background-attachment":"scroll","background-type":"","background-media":"","overlay-type":"","overlay-color":"","overlay-opacity":"","overlay-gradient":""},"tablet":{"background-color":"var(--ast-global-color-5)","background-image":"","background-repeat":"repeat","background-position":"center center","background-size":"auto","background-attachment":"scroll","background-type":"","background-media":"","overlay-type":"","overlay-color":"","overlay-opacity":"","overlay-gradient":""},"mobile":{"background-color":"var(--ast-global-color-5)","background-image":"","background-repeat":"repeat","background-position":"center center","background-size":"auto","background-attachment":"scroll","background-type":"","background-media":"","overlay-type":"","overlay-color":"","overlay-opacity":"","overlay-gradient":""}}},"product_brand":[],"product_cat":[65,76,77,82],"product_tag":[136,473,142,138,526],"class_list":{"0":"post-3368","1":"product","2":"type-product","3":"status-publish","4":"has-post-thumbnail","6":"product_cat-best-sellers","7":"product_cat-new-arrivels","8":"product_cat-wholesale-womens-shapewear","9":"product_cat-wholesale-shapewear-bodysuit","10":"product_tag-bridal","11":"product_tag-lace","12":"product_tag-low-back","13":"product_tag-thong","14":"product_tag-with-bra","15":"pa_color-beige","16":"pa_color-black","17":"pa_size-l","18":"pa_size-m","19":"pa_size-s","20":"pa_size-xl","21":"pa_size-xxl","22":"desktop-align-center","23":"tablet-align-left","24":"mobile-align-left","25":"ast-product-gallery-layout-horizontal-slider","26":"ast-product-single-variable","27":"ast-product-tabs-layout-horizontal","28":"ast-qv-on-image","30":"first","31":"instock","32":"shipping-taxable","33":"purchasable","34":"product-type-variable"},"tiered_pricing_type":"fixed","tiered_pricing_fixed_rules":{"2":8.19,"30":7.59,"500":6.39},"tiered_pricing_product_settings":{"layout":"default","base_unit_name":{"singular":null,"plural":null},"default_variation":{}},"tiered_pricing_minimum_quantity":null,"tiered_pricing_roles_data":[],"tiered_pricing_percentage_rules":[],"_links":{"self":[{"href":"https:\/\/yume-silm.com\/it\/wp-json\/wp\/v2\/product\/3368","targetHints":{"allow":["GET"]}}],"collection":[{"href":"https:\/\/yume-silm.com\/it\/wp-json\/wp\/v2\/product"}],"about":[{"href":"https:\/\/yume-silm.com\/it\/wp-json\/wp\/v2\/types\/product"}],"replies":[{"embeddable":true,"href":"https:\/\/yume-silm.com\/it\/wp-json\/wp\/v2\/comments?post=3368"}],"wp:featuredmedia":[{"embeddable":true,"href":"https:\/\/yume-silm.com\/it\/wp-json\/wp\/v2\/media\/3385"}],"wp:attachment":[{"href":"https:\/\/yume-silm.com\/it\/wp-json\/wp\/v2\/media?parent=3368"}],"wp:term":[{"taxonomy":"product_brand","embeddable":true,"href":"https:\/\/yume-silm.com\/it\/wp-json\/wp\/v2\/product_brand?post=3368"},{"taxonomy":"product_cat","embeddable":true,"href":"https:\/\/yume-silm.com\/it\/wp-json\/wp\/v2\/product_cat?post=3368"},{"taxonomy":"product_tag","embeddable":true,"href":"https:\/\/yume-silm.com\/it\/wp-json\/wp\/v2\/product_tag?post=3368"}],"curies":[{"name":"wp","href":"https:\/\/api.w.org\/{rel}","templated":true}]}}