{"id":3413,"date":"2023-05-29T06:29:37","date_gmt":"2023-05-29T06:29:37","guid":{"rendered":"https:\/\/yume-silm.com\/?post_type=product&#038;p=3413"},"modified":"2024-03-11T05:23:48","modified_gmt":"2024-03-11T05:23:48","slug":"body-in-pizzo-cucito-con-sollevamento-del-bacino","status":"publish","type":"product","link":"https:\/\/yume-silm.com\/it\/prodotto\/body-in-pizzo-cucito-con-sollevamento-del-bacino\/","title":{"rendered":"Pantaloncini modellanti a busto aperto da donna all&#039;ingrosso con cerniera"},"content":{"rendered":"<h5>Caratteristiche del progetto<\/h5>\n<ul>\n<li><strong>BODY SHAPEWEAR SOTTILE:<\/strong> questo versatile modellatore per il controllo della pancia migliora la tua gamma di prodotti con una gamma completa di modellatura per soddisfare le esigenze di diversi clienti e favorire la crescita delle vendite.<\/li>\n<li><strong>CHIUSURA CON CERNIERA E CINTURINI REGOLABILI:<\/strong> il look del body con busto aperto con cerniera e bordi in pizzo che solleva il sedere garantisce una vestibilit\u00e0 personalizzata che \u00e8 tutta tua. Migliora la tua immagine offrendo pantaloncini modellanti da donna a busto aperto, adattabili e comodi da indossare con cerniera.<\/li>\n<li><strong>BORDO IN PIZZO FLOREALE:<\/strong> Le cuciture in pizzo del body con cerniera e pantaloncini modellanti a busto aperto a met\u00e0 coscia aggiungono un tocco di lusso ed eleganza al prodotto, che pu\u00f2 facilmente aumentare l&#039;interesse dei clienti e migliorare la competitivit\u00e0 del prodotto sul mercato.<\/li>\n<li><strong>SOLLEVAMENTO DELL&#039;ANCA:<\/strong> Desideri ottenere una figura da stella? Si prega di scegliere questa biancheria intima da donna con pantaloncini in pizzo floreale a busto aperto. L&#039;avvolgimento e la compressione a tutto tondo del body modellante con cerniera, inclusa una schiena pi\u00f9 snella e pi\u00f9 solida, restringendo la ciccia in vita, levigando la pancia e modellando le cosce, ecc., creano una perfetta silhouette sinuosa.<\/li>\n<li><strong>DRIVER DI VENDITA:<\/strong> Affidati a questa combinazione unica di funzionalit\u00e0, comfort ed estetica. Rendi questi esclusivi pantaloncini modellanti da donna a busto aperto con cerniera un potenziale bestseller e un enorme profitto per te.<\/li>\n<\/ul>\n<h6><em>Pantaloncini da donna in pizzo floreale con busto aperto e zip<\/em><\/h6>\n<p>I nostri pantaloncini modellanti da donna a busto aperto con cerniera sono un mix di stile, comfort e funzionalit\u00e0. Per i grossisti che mirano a offrire prodotti di alto livello in sintonia con le ultime tendenze della moda, questo body \u00e8 un must. Con opzioni di personalizzazione, una gamma di dimensioni e la promessa di una consegna rapida, \u00e8 una preziosa aggiunta al tuo inventario. Tuffati nel mondo della vendita all&#039;ingrosso con questo pezzo straordinario. Ordina oggi!<\/p>","protected":false},"excerpt":{"rendered":"<p>Migliora la tua offerta di abbigliamento modellante con i nostri pantaloncini modellanti da donna a busto aperto con cerniera. Dotato di cerniera interna, spallacci regolabili e design con sollevamento dei fianchi, combina perfettamente eleganza e funzionalit\u00e0. Progettato per un comfort ottimale e un miglioramento della silhouette, \u00e8 un&#039;aggiunta chic a qualsiasi collezione.<\/p>","protected":false},"featured_media":3461,"comment_status":"open","ping_status":"closed","template":"","meta":{"site-sidebar-layout":"default","site-content-layout":"default","ast-site-content-layout":"default","site-content-style":"default","site-sidebar-style":"default","ast-global-header-display":"","ast-banner-title-visibility":"","ast-main-header-display":"","ast-hfb-above-header-display":"","ast-hfb-below-header-display":"","ast-hfb-mobile-header-display":"","site-post-title":"","ast-breadcrumbs-content":"","ast-featured-img":"","footer-sml-layout":"","ast-disable-related-posts":"","theme-transparent-header-meta":"default","adv-header-id-meta":"","stick-header-meta":"default","header-above-stick-meta":"","header-main-stick-meta":"","header-below-stick-meta":"","astra-migrate-meta-layouts":"set","ast-page-background-enabled":"default","ast-page-background-meta":{"desktop":{"background-color":"","background-image":"","background-repeat":"repeat","background-position":"center center","background-size":"auto","background-attachment":"scroll","background-type":"","background-media":"","overlay-type":"","overlay-color":"","overlay-opacity":"","overlay-gradient":""},"tablet":{"background-color":"","background-image":"","background-repeat":"repeat","background-position":"center center","background-size":"auto","background-attachment":"scroll","background-type":"","background-media":"","overlay-type":"","overlay-color":"","overlay-opacity":"","overlay-gradient":""},"mobile":{"background-color":"","background-image":"","background-repeat":"repeat","background-position":"center center","background-size":"auto","background-attachment":"scroll","background-type":"","background-media":"","overlay-type":"","overlay-color":"","overlay-opacity":"","overlay-gradient":""}},"ast-content-background-meta":{"desktop":{"background-color":"var(--ast-global-color-5)","background-image":"","background-repeat":"repeat","background-position":"center center","background-size":"auto","background-attachment":"scroll","background-type":"","background-media":"","overlay-type":"","overlay-color":"","overlay-opacity":"","overlay-gradient":""},"tablet":{"background-color":"var(--ast-global-color-5)","background-image":"","background-repeat":"repeat","background-position":"center center","background-size":"auto","background-attachment":"scroll","background-type":"","background-media":"","overlay-type":"","overlay-color":"","overlay-opacity":"","overlay-gradient":""},"mobile":{"background-color":"var(--ast-global-color-5)","background-image":"","background-repeat":"repeat","background-position":"center center","background-size":"auto","background-attachment":"scroll","background-type":"","background-media":"","overlay-type":"","overlay-color":"","overlay-opacity":"","overlay-gradient":""}}},"product_brand":[],"product_cat":[77,65,76,82,80],"product_tag":[139,141,144,134,154,184],"class_list":{"0":"post-3413","1":"product","2":"type-product","3":"status-publish","4":"has-post-thumbnail","6":"product_cat-wholesale-womens-shapewear","7":"product_cat-best-sellers","8":"product_cat-new-arrivels","9":"product_cat-wholesale-shapewear-bodysuit","10":"product_cat-wholesale-butt-lift-underwear","11":"product_tag-high-waist","12":"product_tag-plus-size","13":"product_tag-slip","14":"product_tag-tummy-tucker","15":"product_tag-with-hooks","16":"product_tag-zipper","17":"pa_color-beige","18":"pa_color-black","19":"pa_size-4xl","20":"pa_size-5xl","21":"pa_size-6xl","22":"pa_size-l","23":"pa_size-m","24":"pa_size-s","25":"pa_size-xl","26":"pa_size-xxl","27":"pa_size-xxxl","28":"desktop-align-center","29":"tablet-align-left","30":"mobile-align-left","31":"ast-product-gallery-layout-horizontal-slider","32":"ast-product-single-variable","33":"ast-product-tabs-layout-horizontal","34":"ast-qv-on-image","36":"first","37":"instock","38":"shipping-taxable","39":"purchasable","40":"product-type-variable"},"tiered_pricing_type":"fixed","tiered_pricing_fixed_rules":{"2":11.29,"30":10.49,"500":8.79},"tiered_pricing_product_settings":{"layout":"default","base_unit_name":{"singular":null,"plural":null},"default_variation":{}},"tiered_pricing_minimum_quantity":null,"tiered_pricing_roles_data":[],"tiered_pricing_percentage_rules":[],"_links":{"self":[{"href":"https:\/\/yume-silm.com\/it\/wp-json\/wp\/v2\/product\/3413","targetHints":{"allow":["GET"]}}],"collection":[{"href":"https:\/\/yume-silm.com\/it\/wp-json\/wp\/v2\/product"}],"about":[{"href":"https:\/\/yume-silm.com\/it\/wp-json\/wp\/v2\/types\/product"}],"replies":[{"embeddable":true,"href":"https:\/\/yume-silm.com\/it\/wp-json\/wp\/v2\/comments?post=3413"}],"wp:featuredmedia":[{"embeddable":true,"href":"https:\/\/yume-silm.com\/it\/wp-json\/wp\/v2\/media\/3461"}],"wp:attachment":[{"href":"https:\/\/yume-silm.com\/it\/wp-json\/wp\/v2\/media?parent=3413"}],"wp:term":[{"taxonomy":"product_brand","embeddable":true,"href":"https:\/\/yume-silm.com\/it\/wp-json\/wp\/v2\/product_brand?post=3413"},{"taxonomy":"product_cat","embeddable":true,"href":"https:\/\/yume-silm.com\/it\/wp-json\/wp\/v2\/product_cat?post=3413"},{"taxonomy":"product_tag","embeddable":true,"href":"https:\/\/yume-silm.com\/it\/wp-json\/wp\/v2\/product_tag?post=3413"}],"curies":[{"name":"wp","href":"https:\/\/api.w.org\/{rel}","templated":true}]}}