{"id":3647,"date":"2023-06-10T03:39:58","date_gmt":"2023-06-10T03:39:58","guid":{"rendered":"https:\/\/yume-silm.com\/?post_type=product&#038;p=3647"},"modified":"2024-03-09T03:19:39","modified_gmt":"2024-03-09T03:19:39","slug":"strisce-verticali-sottolineatura-serbatoio-con-supporto-per-il-petto","status":"publish","type":"product","link":"https:\/\/yume-silm.com\/it\/prodotto\/strisce-verticali-sottolineatura-serbatoio-con-supporto-per-il-petto\/","title":{"rendered":"Canotta modellante a maniche corte con scollo a U da donna all&#039;ingrosso"},"content":{"rendered":"<h5>Caratteristiche del progetto<\/h5>\n<ul>\n<li><strong>SERBATOIO DIMAGRANTE:<\/strong> Questa camicia a maniche corte a compressione basic per il controllo della pancia \u00e8 semplice, comoda e facile da abbinare con un effetto aderente in vita e modellante del corpo. Ideale per l&#039;abbigliamento casual quotidiano, l&#039;esercizio fisico, lo yoga, il fitness, l&#039;aerobica, si consiglia di combinare l&#039;esercizio fisico con una dieta sana, durer\u00e0 a lungo per ottenere la perfetta forma della vita.<\/li>\n<li><strong>COMPRESSIONE PERFETTA:<\/strong> Il top aderente sportivo con scollo a U fornisce una compressione adeguata per tutte le aree coperte, rifinendo e tonificando la pancia. Efficace snellente e modellante, attraente per chi cerca una figura pi\u00f9 snella.<\/li>\n<li><strong>ELEVATA ELASTICIT\u00c0:<\/strong> Il gilet modellante per il corpo snellente \u00e8 realizzato in tessuto elastico che non si rompe nemmeno sotto forte tensione, assicurando che non perderai elasticit\u00e0 anche dopo l&#039;uso, la maglietta a compressione snellente pu\u00f2 essere indossata tutto il giorno. Nel frattempo, la tuta da allenamento a maniche corte non \u00e8 facile da strofinare e arrotolare i bordi, il che dona una sensazione confortevole alla pelle.<\/li>\n<li><strong>DESIGN CONFORTEVOLE:<\/strong> Questa canotta modellante da donna a maniche corte con scollo a U unisce moda e comfort e diventer\u00e0 sicuramente una delle preferite dai clienti, guidando acquisti ripetuti e aumentando la fedelt\u00e0 dei clienti. Il design senza cuciture della felpa a compressione snellente ti permette di indossarla tutto il giorno senza lasciare segni. Ad esempio felpe, jeans, abiti da cerimonia, ecc. per dimagrire e apparire belle senza farsi notare.<\/li>\n<\/ul>\n<h6><em>Allenamento a busto aperto da donna che modella il controllo della parte superiore della pancia<\/em><\/h6>\n<ul>\n<li>La nostra canotta modellante da donna a maniche corte con scollo a U \u00e8 il mix perfetto di stile, comfort e funzionalit\u00e0.<\/li>\n<li>Per i grossisti che mirano a offrire prodotti di alto livello in sintonia con le ultime tendenze della moda, questa canotta corta modellante \u00e8 un must.<\/li>\n<li>Con le sue caratteristiche e vantaggi unici, promette di essere una preziosa aggiunta al tuo inventario. Tuffati nel mondo della vendita all&#039;ingrosso con questo pezzo straordinario. Ordina oggi!<\/li>\n<\/ul>","protected":false},"excerpt":{"rendered":"<p>Ti presentiamo la nostra canotta modellante da donna a maniche corte con scollo a U, progettata per la donna moderna. Con supporto per il petto e strisce di compressione verticali, questa canotta modellante offre stile e funzionalit\u00e0. La sua elevata elasticit\u00e0 garantisce una vestibilit\u00e0 aderente, rendendolo un elemento essenziale per ogni guardaroba.<\/p>","protected":false},"featured_media":3660,"comment_status":"open","ping_status":"closed","template":"","meta":{"site-sidebar-layout":"default","site-content-layout":"default","ast-site-content-layout":"default","site-content-style":"default","site-sidebar-style":"default","ast-global-header-display":"","ast-banner-title-visibility":"","ast-main-header-display":"","ast-hfb-above-header-display":"","ast-hfb-below-header-display":"","ast-hfb-mobile-header-display":"","site-post-title":"","ast-breadcrumbs-content":"","ast-featured-img":"","footer-sml-layout":"","ast-disable-related-posts":"","theme-transparent-header-meta":"default","adv-header-id-meta":"","stick-header-meta":"default","header-above-stick-meta":"","header-main-stick-meta":"","header-below-stick-meta":"","astra-migrate-meta-layouts":"set","ast-page-background-enabled":"default","ast-page-background-meta":{"desktop":{"background-color":"","background-image":"","background-repeat":"repeat","background-position":"center center","background-size":"auto","background-attachment":"scroll","background-type":"","background-media":"","overlay-type":"","overlay-color":"","overlay-opacity":"","overlay-gradient":""},"tablet":{"background-color":"","background-image":"","background-repeat":"repeat","background-position":"center center","background-size":"auto","background-attachment":"scroll","background-type":"","background-media":"","overlay-type":"","overlay-color":"","overlay-opacity":"","overlay-gradient":""},"mobile":{"background-color":"","background-image":"","background-repeat":"repeat","background-position":"center center","background-size":"auto","background-attachment":"scroll","background-type":"","background-media":"","overlay-type":"","overlay-color":"","overlay-opacity":"","overlay-gradient":""}},"ast-content-background-meta":{"desktop":{"background-color":"var(--ast-global-color-5)","background-image":"","background-repeat":"repeat","background-position":"center center","background-size":"auto","background-attachment":"scroll","background-type":"","background-media":"","overlay-type":"","overlay-color":"","overlay-opacity":"","overlay-gradient":""},"tablet":{"background-color":"var(--ast-global-color-5)","background-image":"","background-repeat":"repeat","background-position":"center center","background-size":"auto","background-attachment":"scroll","background-type":"","background-media":"","overlay-type":"","overlay-color":"","overlay-opacity":"","overlay-gradient":""},"mobile":{"background-color":"var(--ast-global-color-5)","background-image":"","background-repeat":"repeat","background-position":"center center","background-size":"auto","background-attachment":"scroll","background-type":"","background-media":"","overlay-type":"","overlay-color":"","overlay-opacity":"","overlay-gradient":""}}},"product_brand":[],"product_cat":[65,76,77,79,81],"product_tag":[136,523,522,500],"class_list":{"0":"post-3647","1":"product","2":"type-product","3":"status-publish","4":"has-post-thumbnail","6":"product_cat-best-sellers","7":"product_cat-new-arrivels","8":"product_cat-wholesale-womens-shapewear","9":"product_cat-wholesale-seemless-shaperwear","10":"product_cat-wholesale-slimming-tank-top","11":"product_tag-bridal","12":"product_tag-seemless","13":"product_tag-tank-top","14":"product_tag-tummy-control","15":"pa_color-beige","16":"pa_color-black","17":"pa_size-3xl-4xl","18":"pa_size-m-l","19":"pa_size-xl-xxl","20":"pa_size-xs-s","21":"desktop-align-center","22":"tablet-align-left","23":"mobile-align-left","24":"ast-product-gallery-layout-horizontal-slider","25":"ast-product-single-variable","26":"ast-product-tabs-layout-horizontal","27":"ast-qv-on-image","29":"first","30":"instock","31":"shipping-taxable","32":"purchasable","33":"product-type-variable"},"tiered_pricing_type":"fixed","tiered_pricing_fixed_rules":{"2":4.89,"30":4.59,"500":3.79},"tiered_pricing_product_settings":{"layout":"default","base_unit_name":{"singular":null,"plural":null},"default_variation":{}},"tiered_pricing_minimum_quantity":null,"tiered_pricing_roles_data":[],"tiered_pricing_percentage_rules":[],"_links":{"self":[{"href":"https:\/\/yume-silm.com\/it\/wp-json\/wp\/v2\/product\/3647","targetHints":{"allow":["GET"]}}],"collection":[{"href":"https:\/\/yume-silm.com\/it\/wp-json\/wp\/v2\/product"}],"about":[{"href":"https:\/\/yume-silm.com\/it\/wp-json\/wp\/v2\/types\/product"}],"replies":[{"embeddable":true,"href":"https:\/\/yume-silm.com\/it\/wp-json\/wp\/v2\/comments?post=3647"}],"wp:featuredmedia":[{"embeddable":true,"href":"https:\/\/yume-silm.com\/it\/wp-json\/wp\/v2\/media\/3660"}],"wp:attachment":[{"href":"https:\/\/yume-silm.com\/it\/wp-json\/wp\/v2\/media?parent=3647"}],"wp:term":[{"taxonomy":"product_brand","embeddable":true,"href":"https:\/\/yume-silm.com\/it\/wp-json\/wp\/v2\/product_brand?post=3647"},{"taxonomy":"product_cat","embeddable":true,"href":"https:\/\/yume-silm.com\/it\/wp-json\/wp\/v2\/product_cat?post=3647"},{"taxonomy":"product_tag","embeddable":true,"href":"https:\/\/yume-silm.com\/it\/wp-json\/wp\/v2\/product_tag?post=3647"}],"curies":[{"name":"wp","href":"https:\/\/api.w.org\/{rel}","templated":true}]}}