{"id":3666,"date":"2023-06-10T06:14:14","date_gmt":"2023-06-10T06:14:14","guid":{"rendered":"https:\/\/yume-silm.com\/?post_type=product&#038;p=3666"},"modified":"2024-03-08T06:13:22","modified_gmt":"2024-03-08T06:13:22","slug":"senza-soluzione-di-continuita-alta-elasticita-donna-forma-vestita-in-tre-colori","status":"publish","type":"product","link":"https:\/\/yume-silm.com\/it\/prodotto\/senza-soluzione-di-continuita-alta-elasticita-donna-forma-vestita-in-tre-colori\/","title":{"rendered":"Gilet modellante da donna ad alta elasticit\u00e0 senza cuciture all&#039;ingrosso: alta elasticit\u00e0"},"content":{"rendered":"<h5>Caratteristiche del progetto<\/h5>\n<ul>\n<li><strong>GILET SHAPEWEAR SENZA CUCITURE:<\/strong> Una scelta alla moda, questo gilet modellante senza cuciture \u00e8 perfetto per i rivenditori che desiderano fornire una soluzione modellante efficace e discreta.<\/li>\n<li><strong>TRE OPZIONI DI COLORE:<\/strong> Disponibile in nero, bianco e beige, la canotta con gilet modellante per il corpo da donna \u00e8 disponibile in una variet\u00e0 di colori per soddisfare le diverse preferenze dei clienti e aumentare le vendite.<\/li>\n<li><strong>ELEVATA ELASTICIT\u00c0:<\/strong> Il gilet modellante per il corpo senza cuciture da donna \u00e8 realizzato in materiale di alta qualit\u00e0 con eccellente elasticit\u00e0. Indossare questo gilet modellante da donna con controllo addominale ti render\u00e0 comodo da indossare e muoverti liberamente, attirando i clienti che perseguono la moda e il comfort per acquistare indumenti modellanti.<\/li>\n<li><strong>DESIGN CONFORTEVOLE:<\/strong> La canottiera modellante da donna \u00e8 di moda semplice e i colori versatili lo rendono adatto per essere indossato a lungo, il che migliora la soddisfazione del cliente e incoraggia i clienti a effettuare acquisti ripetuti.<\/li>\n<li><strong>UTILIZZO VERSATILE:<\/strong> Il design senza cuciture della canottiera modellante da donna ad alta elasticit\u00e0 senza cuciture lo rende l&#039;indumento intimo perfetto da abbinare a una variet\u00e0 di abiti, puoi anche indossarlo da solo e in pi\u00f9 la tua giacca di jeans, blazer o abbigliamento casual preferito \u00e8 molto comodo e alla moda. La tua sicurezza e la tua bellezza attireranno molti clienti.<\/li>\n<\/ul>\n<h6><em>Gilet modellante da donna per il controllo quotidiano della pancia<\/em><\/h6>\n<ul>\n<li>Il nostro gilet modellante da donna ad alta elasticit\u00e0 senza cuciture in tre colori \u00e8 la miscela perfetta di stile, comfort e funzionalit\u00e0. Per i grossisti che desiderano offrire prodotti di alto livello in sintonia con le ultime tendenze della moda, questo gilet \u00e8 un must.<\/li>\n<li>Con le sue caratteristiche e vantaggi unici, promette di essere una preziosa aggiunta al tuo inventario. Tuffati nel mondo della vendita all&#039;ingrosso con questo pezzo straordinario. Ordina oggi!<\/li>\n<\/ul>","protected":false},"excerpt":{"rendered":"<p>Migliora la tua collezione con il nostro gilet modellante da donna ad alta elasticit\u00e0 senza cuciture. Disponibile in nero, bianco e beige, questo gilet promette una silhouette morbida e un comfort senza pari. La sua elevata elasticit\u00e0 garantisce una vestibilit\u00e0 perfetta, rendendolo un capo essenziale del guardaroba di ogni donna moderna.<\/p>","protected":false},"featured_media":3690,"comment_status":"open","ping_status":"closed","template":"","meta":{"site-sidebar-layout":"default","site-content-layout":"default","ast-site-content-layout":"default","site-content-style":"default","site-sidebar-style":"default","ast-global-header-display":"","ast-banner-title-visibility":"","ast-main-header-display":"","ast-hfb-above-header-display":"","ast-hfb-below-header-display":"","ast-hfb-mobile-header-display":"","site-post-title":"","ast-breadcrumbs-content":"","ast-featured-img":"","footer-sml-layout":"","ast-disable-related-posts":"","theme-transparent-header-meta":"default","adv-header-id-meta":"","stick-header-meta":"default","header-above-stick-meta":"","header-main-stick-meta":"","header-below-stick-meta":"","astra-migrate-meta-layouts":"set","ast-page-background-enabled":"default","ast-page-background-meta":{"desktop":{"background-color":"","background-image":"","background-repeat":"repeat","background-position":"center center","background-size":"auto","background-attachment":"scroll","background-type":"","background-media":"","overlay-type":"","overlay-color":"","overlay-opacity":"","overlay-gradient":""},"tablet":{"background-color":"","background-image":"","background-repeat":"repeat","background-position":"center center","background-size":"auto","background-attachment":"scroll","background-type":"","background-media":"","overlay-type":"","overlay-color":"","overlay-opacity":"","overlay-gradient":""},"mobile":{"background-color":"","background-image":"","background-repeat":"repeat","background-position":"center center","background-size":"auto","background-attachment":"scroll","background-type":"","background-media":"","overlay-type":"","overlay-color":"","overlay-opacity":"","overlay-gradient":""}},"ast-content-background-meta":{"desktop":{"background-color":"var(--ast-global-color-5)","background-image":"","background-repeat":"repeat","background-position":"center center","background-size":"auto","background-attachment":"scroll","background-type":"","background-media":"","overlay-type":"","overlay-color":"","overlay-opacity":"","overlay-gradient":""},"tablet":{"background-color":"var(--ast-global-color-5)","background-image":"","background-repeat":"repeat","background-position":"center center","background-size":"auto","background-attachment":"scroll","background-type":"","background-media":"","overlay-type":"","overlay-color":"","overlay-opacity":"","overlay-gradient":""},"mobile":{"background-color":"var(--ast-global-color-5)","background-image":"","background-repeat":"repeat","background-position":"center center","background-size":"auto","background-attachment":"scroll","background-type":"","background-media":"","overlay-type":"","overlay-color":"","overlay-opacity":"","overlay-gradient":""}}},"product_brand":[],"product_cat":[65,76,77,79,81],"product_tag":[136,460,148,522,496],"class_list":{"0":"post-3666","1":"product","2":"type-product","3":"status-publish","4":"has-post-thumbnail","6":"product_cat-best-sellers","7":"product_cat-new-arrivels","8":"product_cat-wholesale-womens-shapewear","9":"product_cat-wholesale-seemless-shaperwear","10":"product_cat-wholesale-slimming-tank-top","11":"product_tag-bridal","12":"product_tag-high-elasticity","13":"product_tag-one-piece","14":"product_tag-tank-top","15":"product_tag-vest","16":"pa_color-beige","17":"pa_color-black","18":"pa_color-white","19":"pa_size-l","20":"pa_size-m","21":"pa_size-s","22":"pa_size-xl","23":"pa_size-xxl","24":"pa_size-xxxl","25":"desktop-align-center","26":"tablet-align-left","27":"mobile-align-left","28":"ast-product-gallery-layout-horizontal-slider","29":"ast-product-single-variable","30":"ast-product-tabs-layout-horizontal","31":"ast-qv-on-image","33":"first","34":"instock","35":"shipping-taxable","36":"purchasable","37":"product-type-variable"},"tiered_pricing_type":"fixed","tiered_pricing_fixed_rules":{"2":3.99,"30":3.69,"500":3.09},"tiered_pricing_product_settings":{"layout":"default","base_unit_name":{"singular":null,"plural":null},"default_variation":{}},"tiered_pricing_minimum_quantity":null,"tiered_pricing_roles_data":[],"tiered_pricing_percentage_rules":[],"_links":{"self":[{"href":"https:\/\/yume-silm.com\/it\/wp-json\/wp\/v2\/product\/3666","targetHints":{"allow":["GET"]}}],"collection":[{"href":"https:\/\/yume-silm.com\/it\/wp-json\/wp\/v2\/product"}],"about":[{"href":"https:\/\/yume-silm.com\/it\/wp-json\/wp\/v2\/types\/product"}],"replies":[{"embeddable":true,"href":"https:\/\/yume-silm.com\/it\/wp-json\/wp\/v2\/comments?post=3666"}],"wp:featuredmedia":[{"embeddable":true,"href":"https:\/\/yume-silm.com\/it\/wp-json\/wp\/v2\/media\/3690"}],"wp:attachment":[{"href":"https:\/\/yume-silm.com\/it\/wp-json\/wp\/v2\/media?parent=3666"}],"wp:term":[{"taxonomy":"product_brand","embeddable":true,"href":"https:\/\/yume-silm.com\/it\/wp-json\/wp\/v2\/product_brand?post=3666"},{"taxonomy":"product_cat","embeddable":true,"href":"https:\/\/yume-silm.com\/it\/wp-json\/wp\/v2\/product_cat?post=3666"},{"taxonomy":"product_tag","embeddable":true,"href":"https:\/\/yume-silm.com\/it\/wp-json\/wp\/v2\/product_tag?post=3666"}],"curies":[{"name":"wp","href":"https:\/\/api.w.org\/{rel}","templated":true}]}}