{"id":3695,"date":"2023-06-10T07:40:36","date_gmt":"2023-06-10T07:40:36","guid":{"rendered":"https:\/\/yume-silm.com\/?post_type=product&#038;p=3695"},"modified":"2024-03-08T03:47:21","modified_gmt":"2024-03-08T03:47:21","slug":"occhiali-senza-marchio-con-spalline-larghe","status":"publish","type":"product","link":"https:\/\/yume-silm.com\/it\/prodotto\/occhiali-senza-marchio-con-spalline-larghe\/","title":{"rendered":"Canotta modellante a busto aperto da donna all&#039;ingrosso"},"content":{"rendered":"<h5>Caratteristiche del progetto<\/h5>\n<ul>\n<li><strong>FORMATORI NON STRISCIA:<\/strong> La nostra canotta modellante a seno aperto da donna, antitraccia e delicata sulla pelle, \u00e8 perfetta per le clienti che cercano un intimo modellante a canotta discreto ma efficace che valorizzi la silhouette senza lasciare segni visibili.<\/li>\n<li><strong>ALTAMENTE ELASTICO E TRASPIRANTE:<\/strong> Nylon, spandex. Tessuto altamente elastico per intimo modellante da donna di lunga durata. Garantisce la perfetta combinazione di comfort e vestibilit\u00e0, attraente per coloro che apprezzano lo stile e il comfort.<\/li>\n<li><strong>Scollo a U E BUSTO APERTO:<\/strong> Scegli queste semplici canotte dalla forma solida per una maggiore sicurezza. Il top modellante a busto aperto antitraccia ti consente di scegliere la tua biancheria intima preferita da indossare, mentre l&#039;ottimo controllo della pancia ti consente di infilarlo facilmente in vita per una bellezza giovanile istantanea. Questo design \u00e8 adatto per un&#039;ampia gamma di capi, ampliando la potenziale base di clienti ed \u00e8 la prima scelta per diverse scollature.<\/li>\n<li><strong>ADESIVO ONDA DOPPIA FILA ANTISCIVOLO:<\/strong> Per favore indossalo con fiducia. Poich\u00e9 questo nostro top a busto aperto pi\u00f9 sottile per il controllo della pancia non sembrer\u00e0 scivolare facilmente, la vita e l&#039;orlo del vestito sono progettati con silicone per evitare scivolamenti.<\/li>\n<li><strong>CINTURINI ALLARGATI:<\/strong> Lo slip a canotta modellante a busto aperto \u00e8 dotato di spalline allargate progettate per un comfort a lungo termine, prevenendo la compressione e garantendo un&#039;esperienza confortevole per tutto il giorno.<\/li>\n<\/ul>\n<h6><em>Top da donna a busto aperto pi\u00f9 sottile per il controllo della pancia<\/em><\/h6>\n<ul>\n<li>La nostra canotta modellante a busto aperto da donna con spalline larghe \u00e8 un mix di eleganza, comfort e funzionalit\u00e0. Per i grossisti che mirano a offrire prodotti di alto livello in sintonia con le ultime tendenze della moda, questo intimo modellante \u00e8 un must.<\/li>\n<li>Le sue caratteristiche e vantaggi unici lo rendono un&#039;aggiunta preziosa a qualsiasi inventario. Tuffati nel mondo della vendita all&#039;ingrosso con questo pezzo straordinario. Ordina oggi!<\/li>\n<\/ul>","protected":false},"excerpt":{"rendered":"<p>Amplia il tuo inventario con la nostra canotta modellante a busto aperto da donna. Realizzato per la donna esigente, questo capo altamente elastico e traspirante vanta un design con scollo a U e una tessitura a forma di diamante. Con spallacci allargati, promette comfort e supporto superiori.<\/p>","protected":false},"featured_media":3705,"comment_status":"open","ping_status":"closed","template":"","meta":{"site-sidebar-layout":"default","site-content-layout":"default","ast-site-content-layout":"default","site-content-style":"default","site-sidebar-style":"default","ast-global-header-display":"","ast-banner-title-visibility":"","ast-main-header-display":"","ast-hfb-above-header-display":"","ast-hfb-below-header-display":"","ast-hfb-mobile-header-display":"","site-post-title":"","ast-breadcrumbs-content":"","ast-featured-img":"","footer-sml-layout":"","ast-disable-related-posts":"","theme-transparent-header-meta":"default","adv-header-id-meta":"","stick-header-meta":"default","header-above-stick-meta":"","header-main-stick-meta":"","header-below-stick-meta":"","astra-migrate-meta-layouts":"set","ast-page-background-enabled":"default","ast-page-background-meta":{"desktop":{"background-color":"","background-image":"","background-repeat":"repeat","background-position":"center center","background-size":"auto","background-attachment":"scroll","background-type":"","background-media":"","overlay-type":"","overlay-color":"","overlay-opacity":"","overlay-gradient":""},"tablet":{"background-color":"","background-image":"","background-repeat":"repeat","background-position":"center center","background-size":"auto","background-attachment":"scroll","background-type":"","background-media":"","overlay-type":"","overlay-color":"","overlay-opacity":"","overlay-gradient":""},"mobile":{"background-color":"","background-image":"","background-repeat":"repeat","background-position":"center center","background-size":"auto","background-attachment":"scroll","background-type":"","background-media":"","overlay-type":"","overlay-color":"","overlay-opacity":"","overlay-gradient":""}},"ast-content-background-meta":{"desktop":{"background-color":"var(--ast-global-color-5)","background-image":"","background-repeat":"repeat","background-position":"center center","background-size":"auto","background-attachment":"scroll","background-type":"","background-media":"","overlay-type":"","overlay-color":"","overlay-opacity":"","overlay-gradient":""},"tablet":{"background-color":"var(--ast-global-color-5)","background-image":"","background-repeat":"repeat","background-position":"center center","background-size":"auto","background-attachment":"scroll","background-type":"","background-media":"","overlay-type":"","overlay-color":"","overlay-opacity":"","overlay-gradient":""},"mobile":{"background-color":"var(--ast-global-color-5)","background-image":"","background-repeat":"repeat","background-position":"center center","background-size":"auto","background-attachment":"scroll","background-type":"","background-media":"","overlay-type":"","overlay-color":"","overlay-opacity":"","overlay-gradient":""}}},"product_brand":[],"product_cat":[65,76,77,79,81],"product_tag":[135,147,523,522,500],"class_list":{"0":"post-3695","1":"product","2":"type-product","3":"status-publish","4":"has-post-thumbnail","6":"product_cat-best-sellers","7":"product_cat-new-arrivels","8":"product_cat-wholesale-womens-shapewear","9":"product_cat-wholesale-seemless-shaperwear","10":"product_cat-wholesale-slimming-tank-top","11":"product_tag-all-in-one","12":"product_tag-cross","13":"product_tag-seemless","14":"product_tag-tank-top","15":"product_tag-tummy-control","16":"pa_color-beige","17":"pa_color-black","18":"pa_size-l","19":"pa_size-m","20":"pa_size-xl","21":"desktop-align-center","22":"tablet-align-left","23":"mobile-align-left","24":"ast-product-gallery-layout-horizontal-slider","25":"ast-product-single-variable","26":"ast-product-tabs-layout-horizontal","27":"ast-qv-on-image","29":"first","30":"instock","31":"shipping-taxable","32":"purchasable","33":"product-type-variable"},"tiered_pricing_type":"fixed","tiered_pricing_fixed_rules":{"2":2.29,"30":2.09,"500":1.79},"tiered_pricing_product_settings":{"layout":"default","base_unit_name":{"singular":null,"plural":null},"default_variation":{}},"tiered_pricing_minimum_quantity":null,"tiered_pricing_roles_data":[],"tiered_pricing_percentage_rules":[],"_links":{"self":[{"href":"https:\/\/yume-silm.com\/it\/wp-json\/wp\/v2\/product\/3695","targetHints":{"allow":["GET"]}}],"collection":[{"href":"https:\/\/yume-silm.com\/it\/wp-json\/wp\/v2\/product"}],"about":[{"href":"https:\/\/yume-silm.com\/it\/wp-json\/wp\/v2\/types\/product"}],"replies":[{"embeddable":true,"href":"https:\/\/yume-silm.com\/it\/wp-json\/wp\/v2\/comments?post=3695"}],"wp:featuredmedia":[{"embeddable":true,"href":"https:\/\/yume-silm.com\/it\/wp-json\/wp\/v2\/media\/3705"}],"wp:attachment":[{"href":"https:\/\/yume-silm.com\/it\/wp-json\/wp\/v2\/media?parent=3695"}],"wp:term":[{"taxonomy":"product_brand","embeddable":true,"href":"https:\/\/yume-silm.com\/it\/wp-json\/wp\/v2\/product_brand?post=3695"},{"taxonomy":"product_cat","embeddable":true,"href":"https:\/\/yume-silm.com\/it\/wp-json\/wp\/v2\/product_cat?post=3695"},{"taxonomy":"product_tag","embeddable":true,"href":"https:\/\/yume-silm.com\/it\/wp-json\/wp\/v2\/product_tag?post=3695"}],"curies":[{"name":"wp","href":"https:\/\/api.w.org\/{rel}","templated":true}]}}