{"id":3712,"date":"2023-06-10T08:27:38","date_gmt":"2023-06-10T08:27:38","guid":{"rendered":"https:\/\/yume-silm.com\/?post_type=product&#038;p=3712"},"modified":"2024-11-06T02:13:47","modified_gmt":"2024-11-06T02:13:47","slug":"occhiali-a-vita-alta-senza-cuciture-con-silicone-e-antiscivolo","status":"publish","type":"product","link":"https:\/\/yume-silm.com\/it\/prodotto\/occhiali-a-vita-alta-senza-cuciture-con-silicone-e-antiscivolo\/","title":{"rendered":"Infradito modellanti senza cuciture a vita alta all&#039;ingrosso: silicone antiscivolo"},"content":{"rendered":"<h5>Caratteristiche del progetto<\/h5>\n<ul>\n<li><strong>DESIGN SENZA GIUNTE:<\/strong> Questo perizoma marrone modellante per il controllo della pancia da noi ha un design senza cuciture che lusinga la pelle in modo naturale. Dona una silhouette morbida sotto qualsiasi outfit ed \u00e8 la prima scelta per coloro che cercano un body modellante a basso profilo.<\/li>\n<li><strong>COPERTURA A VITA ALTA:<\/strong> La biancheria intima perizoma modellante a vita alta \u00e8 specificamente progettata per colpire la zona della vita e dello stomaco, fornendo una copertura completa e una vestibilit\u00e0 lusinghiera, aiutando a rimboccare la vita e appiattire la pancia, ripristinando un&#039;ottima figura.<\/li>\n<li><strong>SILICONE ANTISCIVOLO:<\/strong> Questo perizoma modellante sexy da donna ha un design antiscivolo in silicone aggiunto alla posizione della vita per garantire che il body modellante non cada, offrendoti tranquillit\u00e0 e comfort per tutto il giorno.<\/li>\n<li><strong>UTILIZZO VERSATILE:<\/strong> Le nostre mutandine modellanti per il controllo della pancia sono semplici e alla moda, molto adatte per l&#039;uso quotidiano come il pendolarismo o per occasioni speciali come feste, ricevimenti, matrimoni, ecc. Soddisfano le esigenze dei nostri clienti di indumenti modellanti multiuso.<\/li>\n<li><strong>CONFORTEVOLE E CONTROLLABILE:<\/strong> Realizzato con tessuti di alta qualit\u00e0, il perizoma modellante per il controllo della pancia \u00e8 liscio e non stringe i fianchi e le gambe, \u00e8 sia lusinghiero che efficace nel modellare, rendendolo un must per coloro che hanno a cuore il comfort e il controllo.<\/li>\n<\/ul>\n<h6><em>Perizoma modellante marrone a vita alta senza cuciture da donna<\/em><\/h6>\n<ul>\n<li>I nostri infradito modellanti a vita alta senza cuciture con silicone antiscivolo sono un mix di eleganza, comfort e funzionalit\u00e0. Per i grossisti che mirano a offrire prodotti di alto livello in sintonia con le ultime tendenze della moda, questi infradito modellanti sono un must.<\/li>\n<li>Le sue caratteristiche e vantaggi unici lo rendono un&#039;aggiunta preziosa a qualsiasi inventario. Tuffati nel mondo della vendita all&#039;ingrosso con questo pezzo straordinario. Ordina oggi!<\/li>\n<\/ul>","protected":false},"excerpt":{"rendered":"<p>Ti presentiamo i nostri infradito modellanti senza cuciture a vita alta, su misura per la donna contemporanea. Questo capo offre un design senza cuciture per una silhouette morbida, arricchito da una funzione antiscivolo in silicone per una vestibilit\u00e0 sicura. Disponibile in una ricca tonalit\u00e0 caff\u00e8, \u00e8 l&#039;epitome di stile e funzionalit\u00e0.<\/p>","protected":false},"featured_media":3724,"comment_status":"open","ping_status":"closed","template":"","meta":{"site-sidebar-layout":"default","site-content-layout":"default","ast-site-content-layout":"default","site-content-style":"default","site-sidebar-style":"default","ast-global-header-display":"","ast-banner-title-visibility":"","ast-main-header-display":"","ast-hfb-above-header-display":"","ast-hfb-below-header-display":"","ast-hfb-mobile-header-display":"","site-post-title":"","ast-breadcrumbs-content":"","ast-featured-img":"","footer-sml-layout":"","ast-disable-related-posts":"","theme-transparent-header-meta":"default","adv-header-id-meta":"","stick-header-meta":"default","header-above-stick-meta":"","header-main-stick-meta":"","header-below-stick-meta":"","astra-migrate-meta-layouts":"set","ast-page-background-enabled":"default","ast-page-background-meta":{"desktop":{"background-color":"","background-image":"","background-repeat":"repeat","background-position":"center center","background-size":"auto","background-attachment":"scroll","background-type":"","background-media":"","overlay-type":"","overlay-color":"","overlay-opacity":"","overlay-gradient":""},"tablet":{"background-color":"","background-image":"","background-repeat":"repeat","background-position":"center center","background-size":"auto","background-attachment":"scroll","background-type":"","background-media":"","overlay-type":"","overlay-color":"","overlay-opacity":"","overlay-gradient":""},"mobile":{"background-color":"","background-image":"","background-repeat":"repeat","background-position":"center center","background-size":"auto","background-attachment":"scroll","background-type":"","background-media":"","overlay-type":"","overlay-color":"","overlay-opacity":"","overlay-gradient":""}},"ast-content-background-meta":{"desktop":{"background-color":"var(--ast-global-color-5)","background-image":"","background-repeat":"repeat","background-position":"center center","background-size":"auto","background-attachment":"scroll","background-type":"","background-media":"","overlay-type":"","overlay-color":"","overlay-opacity":"","overlay-gradient":""},"tablet":{"background-color":"var(--ast-global-color-5)","background-image":"","background-repeat":"repeat","background-position":"center center","background-size":"auto","background-attachment":"scroll","background-type":"","background-media":"","overlay-type":"","overlay-color":"","overlay-opacity":"","overlay-gradient":""},"mobile":{"background-color":"var(--ast-global-color-5)","background-image":"","background-repeat":"repeat","background-position":"center center","background-size":"auto","background-attachment":"scroll","background-type":"","background-media":"","overlay-type":"","overlay-color":"","overlay-opacity":"","overlay-gradient":""}}},"product_brand":[],"product_cat":[65,76,77,79,80],"product_tag":[139,470,144],"class_list":{"0":"post-3712","1":"product","2":"type-product","3":"status-publish","4":"has-post-thumbnail","6":"product_cat-best-sellers","7":"product_cat-new-arrivels","8":"product_cat-wholesale-womens-shapewear","9":"product_cat-wholesale-seemless-shaperwear","10":"product_cat-wholesale-butt-lift-underwear","11":"product_tag-high-waist","12":"product_tag-sexy-thong-underwear","13":"product_tag-slip","14":"pa_color-coffee","15":"pa_size-4xl","16":"pa_size-m-l","17":"pa_size-s","18":"pa_size-xl-xxl","19":"pa_size-xxxl","20":"desktop-align-center","21":"tablet-align-left","22":"mobile-align-left","23":"ast-product-gallery-layout-horizontal-slider","24":"ast-product-single-variable","25":"ast-product-tabs-layout-horizontal","26":"ast-qv-on-image","28":"first","29":"instock","30":"shipping-taxable","31":"purchasable","32":"product-type-variable"},"tiered_pricing_type":"fixed","tiered_pricing_fixed_rules":{"2":3.09,"30":2.89,"500":2.39},"tiered_pricing_product_settings":{"layout":"default","base_unit_name":{"singular":null,"plural":null},"default_variation":{}},"tiered_pricing_minimum_quantity":null,"tiered_pricing_roles_data":[],"tiered_pricing_percentage_rules":[],"_links":{"self":[{"href":"https:\/\/yume-silm.com\/it\/wp-json\/wp\/v2\/product\/3712","targetHints":{"allow":["GET"]}}],"collection":[{"href":"https:\/\/yume-silm.com\/it\/wp-json\/wp\/v2\/product"}],"about":[{"href":"https:\/\/yume-silm.com\/it\/wp-json\/wp\/v2\/types\/product"}],"replies":[{"embeddable":true,"href":"https:\/\/yume-silm.com\/it\/wp-json\/wp\/v2\/comments?post=3712"}],"wp:featuredmedia":[{"embeddable":true,"href":"https:\/\/yume-silm.com\/it\/wp-json\/wp\/v2\/media\/3724"}],"wp:attachment":[{"href":"https:\/\/yume-silm.com\/it\/wp-json\/wp\/v2\/media?parent=3712"}],"wp:term":[{"taxonomy":"product_brand","embeddable":true,"href":"https:\/\/yume-silm.com\/it\/wp-json\/wp\/v2\/product_brand?post=3712"},{"taxonomy":"product_cat","embeddable":true,"href":"https:\/\/yume-silm.com\/it\/wp-json\/wp\/v2\/product_cat?post=3712"},{"taxonomy":"product_tag","embeddable":true,"href":"https:\/\/yume-silm.com\/it\/wp-json\/wp\/v2\/product_tag?post=3712"}],"curies":[{"name":"wp","href":"https:\/\/api.w.org\/{rel}","templated":true}]}}