{"id":3748,"date":"2023-06-12T03:53:16","date_gmt":"2023-06-12T03:53:16","guid":{"rendered":"https:\/\/yume-silm.com\/?post_type=product&#038;p=3748"},"modified":"2025-06-24T05:30:07","modified_gmt":"2025-06-24T05:30:07","slug":"pantaloncini-comfort-con-controllo-del-ventre-e-imbottitura-del-sedere-rimovibile","status":"publish","type":"product","link":"https:\/\/yume-silm.com\/it\/prodotto\/pantaloncini-comfort-con-controllo-del-ventre-e-imbottitura-del-sedere-rimovibile\/","title":{"rendered":"Pantaloncini per il controllo della pancia comfort all&#039;ingrosso: fondello rimovibile"},"content":{"rendered":"<h5>Caratteristiche del progetto<\/h5>\n<ul>\n<li><strong>CALCIO RIMOVIBILI:<\/strong> Questi pantaloncini modellanti da noi sono dotati di fondelli rimovibili per una spinta BBL istantanea. Soddisfa facilmente le preferenze di diversi clienti.<\/li>\n<li><strong>CONTROLLO DEL MODELLO DEL CORPO:<\/strong> I pantaloncini modellanti a vita media enfatizzano il controllo della pancia, integrato da esercizio fisico e dieta per dimagrire e lisciare la pancia. Pantaloncini modellanti Ideale per chi cerca una soluzione modellante per tutto il corpo.<\/li>\n<li><strong>CONFORTEVOLE E TRASPIRANTE:<\/strong> I pantaloncini modellanti sono realizzati con materiali di prima qualit\u00e0 con particolare attenzione alla qualit\u00e0. Il comfort di chi lo indossa \u00e8 al centro per garantire un&#039;esperienza di qualit\u00e0.<\/li>\n<li><strong>VERSATILE:<\/strong> La semplicit\u00e0 e l&#039;eleganza dei pantaloncini modellanti lo rendono perfetto da indossare tutti i giorni e per le occasioni speciali. Puoi indossare con sicurezza questi pantaloncini modellanti senza cuciture per banchetti, cocktail party, feste o anche per lavoro, viaggi quotidiani e shopping. Bello ed elegante, pu\u00f2 soddisfare le esigenze di diversi clienti.<\/li>\n<\/ul>\n<h6><em>Pantaloncini modellanti da donna con sollevamento dei fianchi e addominoplastica<\/em><\/h6>\n<ul>\n<li>In sintesi, i pantaloncini comfort per il controllo della pancia con fondello rimovibile sono un&#039;aggiunta preziosa per i grossisti che desiderano offrire soluzioni modellanti di alta qualit\u00e0. La sua combinazione di funzionalit\u00e0 e stile garantisce che sar\u00e0 un successo tra i clienti. Considera l&#039;idea di aggiungerlo alla tua collezione oggi!<\/li>\n<\/ul>","protected":false},"excerpt":{"rendered":"<p>Ti presentiamo i nostri pantaloncini comodi per il controllo della pancia, progettati per la donna moderna. Questi pantaloncini sono dotati di un fondello rimovibile, che offre stile e versatilit\u00e0. Il design traspirante garantisce comfort per tutto il giorno, rendendolo un must per ogni guardaroba.<\/p>","protected":false},"featured_media":3760,"comment_status":"open","ping_status":"closed","template":"","meta":{"site-sidebar-layout":"default","site-content-layout":"default","ast-site-content-layout":"default","site-content-style":"default","site-sidebar-style":"default","ast-global-header-display":"","ast-banner-title-visibility":"","ast-main-header-display":"","ast-hfb-above-header-display":"","ast-hfb-below-header-display":"","ast-hfb-mobile-header-display":"","site-post-title":"","ast-breadcrumbs-content":"","ast-featured-img":"","footer-sml-layout":"","ast-disable-related-posts":"","theme-transparent-header-meta":"default","adv-header-id-meta":"","stick-header-meta":"default","header-above-stick-meta":"","header-main-stick-meta":"","header-below-stick-meta":"","astra-migrate-meta-layouts":"set","ast-page-background-enabled":"default","ast-page-background-meta":{"desktop":{"background-color":"","background-image":"","background-repeat":"repeat","background-position":"center center","background-size":"auto","background-attachment":"scroll","background-type":"","background-media":"","overlay-type":"","overlay-color":"","overlay-opacity":"","overlay-gradient":""},"tablet":{"background-color":"","background-image":"","background-repeat":"repeat","background-position":"center center","background-size":"auto","background-attachment":"scroll","background-type":"","background-media":"","overlay-type":"","overlay-color":"","overlay-opacity":"","overlay-gradient":""},"mobile":{"background-color":"","background-image":"","background-repeat":"repeat","background-position":"center center","background-size":"auto","background-attachment":"scroll","background-type":"","background-media":"","overlay-type":"","overlay-color":"","overlay-opacity":"","overlay-gradient":""}},"ast-content-background-meta":{"desktop":{"background-color":"var(--ast-global-color-5)","background-image":"","background-repeat":"repeat","background-position":"center center","background-size":"auto","background-attachment":"scroll","background-type":"","background-media":"","overlay-type":"","overlay-color":"","overlay-opacity":"","overlay-gradient":""},"tablet":{"background-color":"var(--ast-global-color-5)","background-image":"","background-repeat":"repeat","background-position":"center center","background-size":"auto","background-attachment":"scroll","background-type":"","background-media":"","overlay-type":"","overlay-color":"","overlay-opacity":"","overlay-gradient":""},"mobile":{"background-color":"var(--ast-global-color-5)","background-image":"","background-repeat":"repeat","background-position":"center center","background-size":"auto","background-attachment":"scroll","background-type":"","background-media":"","overlay-type":"","overlay-color":"","overlay-opacity":"","overlay-gradient":""}}},"product_brand":[],"product_cat":[77,65,76,79,80],"product_tag":[136,137,147,139,186],"class_list":{"0":"post-3748","1":"product","2":"type-product","3":"status-publish","4":"has-post-thumbnail","6":"product_cat-wholesale-womens-shapewear","7":"product_cat-best-sellers","8":"product_cat-new-arrivels","9":"product_cat-wholesale-seemless-shaperwear","10":"product_cat-wholesale-butt-lift-underwear","11":"product_tag-bridal","12":"product_tag-butt-lift","13":"product_tag-cross","14":"product_tag-high-waist","15":"product_tag-padded","16":"pa_color-beige","17":"pa_color-black","18":"pa_size-l","19":"pa_size-m","20":"pa_size-xl","21":"desktop-align-center","22":"tablet-align-left","23":"mobile-align-left","24":"ast-product-gallery-layout-horizontal-slider","25":"ast-product-single-variable","26":"ast-product-tabs-layout-horizontal","27":"ast-qv-on-image","29":"first","30":"instock","31":"shipping-taxable","32":"purchasable","33":"product-type-variable"},"tiered_pricing_type":"fixed","tiered_pricing_fixed_rules":{"2":4.49,"30":4.19,"500":3.49},"tiered_pricing_product_settings":{"layout":"default","base_unit_name":{"singular":null,"plural":null},"default_variation":{}},"tiered_pricing_minimum_quantity":null,"tiered_pricing_roles_data":[],"tiered_pricing_percentage_rules":[],"_links":{"self":[{"href":"https:\/\/yume-silm.com\/it\/wp-json\/wp\/v2\/product\/3748","targetHints":{"allow":["GET"]}}],"collection":[{"href":"https:\/\/yume-silm.com\/it\/wp-json\/wp\/v2\/product"}],"about":[{"href":"https:\/\/yume-silm.com\/it\/wp-json\/wp\/v2\/types\/product"}],"replies":[{"embeddable":true,"href":"https:\/\/yume-silm.com\/it\/wp-json\/wp\/v2\/comments?post=3748"}],"wp:featuredmedia":[{"embeddable":true,"href":"https:\/\/yume-silm.com\/it\/wp-json\/wp\/v2\/media\/3760"}],"wp:attachment":[{"href":"https:\/\/yume-silm.com\/it\/wp-json\/wp\/v2\/media?parent=3748"}],"wp:term":[{"taxonomy":"product_brand","embeddable":true,"href":"https:\/\/yume-silm.com\/it\/wp-json\/wp\/v2\/product_brand?post=3748"},{"taxonomy":"product_cat","embeddable":true,"href":"https:\/\/yume-silm.com\/it\/wp-json\/wp\/v2\/product_cat?post=3748"},{"taxonomy":"product_tag","embeddable":true,"href":"https:\/\/yume-silm.com\/it\/wp-json\/wp\/v2\/product_tag?post=3748"}],"curies":[{"name":"wp","href":"https:\/\/api.w.org\/{rel}","templated":true}]}}