{"id":3767,"date":"2023-06-12T05:41:37","date_gmt":"2023-06-12T05:41:37","guid":{"rendered":"https:\/\/yume-silm.com\/?post_type=product&#038;p=3767"},"modified":"2025-05-26T01:43:46","modified_gmt":"2025-05-26T01:43:46","slug":"pantaloni-a-rete-elasticizzati-con-pizzi-e-merletti","status":"publish","type":"product","link":"https:\/\/yume-silm.com\/it\/prodotto\/pantaloni-a-rete-elasticizzati-con-pizzi-e-merletti\/","title":{"rendered":"Pantaloncini modellanti modellanti per il sollevamento dell&#039;anca ad alta efficienza a vita alta da donna all&#039;ingrosso"},"content":{"rendered":"<h5>Caratteristiche del progetto<\/h5>\n<ul>\n<li><strong>CAVALLO APERTO:<\/strong> Il design con cavallo aperto dell&#039;intimo modellante da donna taglie forti \u00e8 molto comodo per l&#039;uso in bagno e risolve il problema di andare in bagno.<\/li>\n<li><strong>BORDI IN PIZZO:<\/strong> Aggiungendo un tocco di raffinatezza, i dettagli in pizzo sui nostri pantaloncini modellanti da donna ti faranno sentire pi\u00f9 sicura<\/li>\n<li><strong>ELEVATA ELASTICIT\u00c0:<\/strong> I pantaloncini modellanti con tracolla sono realizzati in materiale ad alta elasticit\u00e0. Progettato per adattarsi a una variet\u00e0 di tipi di corporatura, garantendo una vestibilit\u00e0 comoda e ampliando la tua clientela. Dai priorit\u00e0 alla resistenza all&#039;usura per garantire il comfort dell&#039;utente per tutto il giorno.<\/li>\n<li><strong>OPZIONI DI GRANDI DIMENSIONI:<\/strong> I pantaloncini modellanti con sollevamento dei glutei sono disponibili in una variet\u00e0 di taglie, dalla S alla 6XL. Puoi scegliere quello pi\u00f9 adatto a te e non dovrai pi\u00f9 preoccuparti di trovare la taglia giusta.<\/li>\n<li><strong>TRACOLLA SPAGHETTI REGOLABILE E REMOVIBILE:<\/strong> I nostri pantaloncini intimi taglie forti ti offrono maggiore libert\u00e0 di movimento e comfort. Puoi rimuovere tu stesso le spalline e indossarle come pantaloncini modellanti. La vita antiscivolo in silicone e la decorazione in pizzo sulle gambe non cadranno facilmente. Facile da indossare. Puoi anche indossarlo intero, con gli spallacci che si sollevano per aiutarti a sollevare il petto, rendendoti pi\u00f9 rilassato.<\/li>\n<\/ul>\n<h6><em>Pantaloncini modellanti da donna a vita alta ad alta efficienza per il sollevamento dell&#039;anca<\/em><\/h6>\n<ul>\n<li><strong>MULTIFUNZIONALE:<\/strong> I pantaloncini modellanti da donna a vita alta ad alta efficienza per il sollevamento dell&#039;anca con chiusura con gancio e zip migliorano il controllo addominale e aiutano a ripristinare una vita sottile. Adatto da indossare al lavoro o quando si esce per fare la spesa quotidiana. Puoi anche abbinarlo al tuo vestito preferito o ai jeans attillati. Sentiti libero di mostrare la tua figura perfetta.<\/li>\n<li><strong>Glutei carnosi color pesca:<\/strong> I pantaloncini modellanti alti ed elastici sono dotati di imbottiture sui fianchi rimovibili con fori per l&#039;aria sul retro e sui lati dei glutei. Fondelli in rete traspiranti progettati per rafforzare e scolpire i glutei, rendendoli la scelta migliore per chi cerca un abbigliamento modellante trasformativo.<\/li>\n<\/ul>","protected":false},"excerpt":{"rendered":"<p>Presentiamo i nostri pantaloncini modellanti da donna a vita alta ad alta efficienza per il sollevamento dei fianchi, una miscela perfetta di stile e comfort. Progettati con tessuto ad alta elasticit\u00e0 e traspirante, questi pantaloni sono accentuati da delicati dettagli in pizzo, garantendo una vestibilit\u00e0 chic e aderente.<\/p>","protected":false},"featured_media":3793,"comment_status":"open","ping_status":"closed","template":"","meta":{"site-sidebar-layout":"default","site-content-layout":"default","ast-site-content-layout":"default","site-content-style":"default","site-sidebar-style":"default","ast-global-header-display":"","ast-banner-title-visibility":"","ast-main-header-display":"","ast-hfb-above-header-display":"","ast-hfb-below-header-display":"","ast-hfb-mobile-header-display":"","site-post-title":"","ast-breadcrumbs-content":"","ast-featured-img":"","footer-sml-layout":"","ast-disable-related-posts":"","theme-transparent-header-meta":"default","adv-header-id-meta":"","stick-header-meta":"default","header-above-stick-meta":"","header-main-stick-meta":"","header-below-stick-meta":"","astra-migrate-meta-layouts":"set","ast-page-background-enabled":"default","ast-page-background-meta":{"desktop":{"background-color":"","background-image":"","background-repeat":"repeat","background-position":"center center","background-size":"auto","background-attachment":"scroll","background-type":"","background-media":"","overlay-type":"","overlay-color":"","overlay-opacity":"","overlay-gradient":""},"tablet":{"background-color":"","background-image":"","background-repeat":"repeat","background-position":"center center","background-size":"auto","background-attachment":"scroll","background-type":"","background-media":"","overlay-type":"","overlay-color":"","overlay-opacity":"","overlay-gradient":""},"mobile":{"background-color":"","background-image":"","background-repeat":"repeat","background-position":"center center","background-size":"auto","background-attachment":"scroll","background-type":"","background-media":"","overlay-type":"","overlay-color":"","overlay-opacity":"","overlay-gradient":""}},"ast-content-background-meta":{"desktop":{"background-color":"var(--ast-global-color-5)","background-image":"","background-repeat":"repeat","background-position":"center center","background-size":"auto","background-attachment":"scroll","background-type":"","background-media":"","overlay-type":"","overlay-color":"","overlay-opacity":"","overlay-gradient":""},"tablet":{"background-color":"var(--ast-global-color-5)","background-image":"","background-repeat":"repeat","background-position":"center center","background-size":"auto","background-attachment":"scroll","background-type":"","background-media":"","overlay-type":"","overlay-color":"","overlay-opacity":"","overlay-gradient":""},"mobile":{"background-color":"var(--ast-global-color-5)","background-image":"","background-repeat":"repeat","background-position":"center center","background-size":"auto","background-attachment":"scroll","background-type":"","background-media":"","overlay-type":"","overlay-color":"","overlay-opacity":"","overlay-gradient":""}}},"product_brand":[],"product_cat":[65,76,77,80],"product_tag":[136,139,144,134,184],"class_list":{"0":"post-3767","1":"product","2":"type-product","3":"status-publish","4":"has-post-thumbnail","6":"product_cat-best-sellers","7":"product_cat-new-arrivels","8":"product_cat-wholesale-womens-shapewear","9":"product_cat-wholesale-butt-lift-underwear","10":"product_tag-bridal","11":"product_tag-high-waist","12":"product_tag-slip","13":"product_tag-tummy-tucker","14":"product_tag-zipper","15":"pa_color-beige","16":"pa_color-black","17":"pa_size-4xl","18":"pa_size-5xl","19":"pa_size-6xl","20":"pa_size-l","21":"pa_size-m","22":"pa_size-s","23":"pa_size-xl","24":"pa_size-xxl","25":"pa_size-xxxl","26":"desktop-align-center","27":"tablet-align-left","28":"mobile-align-left","29":"ast-product-gallery-layout-horizontal-slider","30":"ast-product-single-variable","31":"ast-product-tabs-layout-horizontal","32":"ast-qv-on-image","34":"first","35":"instock","36":"shipping-taxable","37":"purchasable","38":"product-type-variable"},"tiered_pricing_type":"fixed","tiered_pricing_fixed_rules":{"2":17.19,"30":15.99,"500":13.39},"tiered_pricing_product_settings":{"layout":"default","base_unit_name":{"singular":null,"plural":null},"default_variation":{}},"tiered_pricing_minimum_quantity":null,"tiered_pricing_roles_data":[],"tiered_pricing_percentage_rules":[],"_links":{"self":[{"href":"https:\/\/yume-silm.com\/it\/wp-json\/wp\/v2\/product\/3767","targetHints":{"allow":["GET"]}}],"collection":[{"href":"https:\/\/yume-silm.com\/it\/wp-json\/wp\/v2\/product"}],"about":[{"href":"https:\/\/yume-silm.com\/it\/wp-json\/wp\/v2\/types\/product"}],"replies":[{"embeddable":true,"href":"https:\/\/yume-silm.com\/it\/wp-json\/wp\/v2\/comments?post=3767"}],"wp:featuredmedia":[{"embeddable":true,"href":"https:\/\/yume-silm.com\/it\/wp-json\/wp\/v2\/media\/3793"}],"wp:attachment":[{"href":"https:\/\/yume-silm.com\/it\/wp-json\/wp\/v2\/media?parent=3767"}],"wp:term":[{"taxonomy":"product_brand","embeddable":true,"href":"https:\/\/yume-silm.com\/it\/wp-json\/wp\/v2\/product_brand?post=3767"},{"taxonomy":"product_cat","embeddable":true,"href":"https:\/\/yume-silm.com\/it\/wp-json\/wp\/v2\/product_cat?post=3767"},{"taxonomy":"product_tag","embeddable":true,"href":"https:\/\/yume-silm.com\/it\/wp-json\/wp\/v2\/product_tag?post=3767"}],"curies":[{"name":"wp","href":"https:\/\/api.w.org\/{rel}","templated":true}]}}