{"id":3798,"date":"2023-06-12T06:03:09","date_gmt":"2023-06-12T06:03:09","guid":{"rendered":"https:\/\/yume-silm.com\/?post_type=product&#038;p=3798"},"modified":"2024-11-06T02:12:58","modified_gmt":"2024-11-06T02:12:58","slug":"set-di-indumenti-elastici-traspiranti-con-cuscinetti-staccabili","status":"publish","type":"product","link":"https:\/\/yume-silm.com\/it\/prodotto\/set-di-indumenti-elastici-traspiranti-con-cuscinetti-staccabili\/","title":{"rendered":"Set di indumenti modellanti elastici e traspiranti all&#039;ingrosso: pantaloncini e reggiseno per il sollevamento del sedere"},"content":{"rendered":"<h5>Caratteristiche del progetto<\/h5>\n<ul>\n<li data-slate-node=\"element\"><span data-slate-node=\"text\"><span class=\"00\" data-slate-leaf=\"true\"><strong>ELEVATA ELASTICIT\u00c0:<\/strong> Questa tuta modellante \u00e8 realizzata in metamateriale di alta qualit\u00e0 e altamente elastico. <\/span><\/span><span data-slate-node=\"text\"><span class=\"01\" data-slate-leaf=\"true\">Durevole e non ha paura di tirare. <\/span><\/span><span data-slate-node=\"text\"><span class=\"02\" data-slate-leaf=\"true\">La struttura senza cuciture del shapewear garantisce una vestibilit\u00e0 comoda e aumenta la soddisfazione del cliente.<\/span><\/span><\/li>\n<li data-slate-node=\"element\"><span data-slate-node=\"text\"><span class=\"31\" data-slate-leaf=\"true\"><strong>CONFORTEVOLE E TRASPIRANTE:<\/strong> La nostra tuta modellante per il sollevamento dei glutei a vita alta d\u00e0 priorit\u00e0 alla vestibilit\u00e0 ed \u00e8 comoda e traspirante, per farti sentire a tuo agio anche durante l&#039;esercizio a lungo termine.<\/span><\/span><\/li>\n<li data-slate-node=\"element\"><span data-slate-node=\"text\"><span class=\"61\" data-slate-leaf=\"true\"><strong>COPERTURE PER IL SENO RIMOVIBILI:<\/strong> Offrendo versatilit\u00e0 e personalizzazione, questo reggiseno modellante \u00e8 dotato di coppe per il seno rimovibili integrate per soddisfare le diverse preferenze dei clienti.<\/span><\/span><\/li>\n<li data-slate-node=\"element\"><span data-slate-node=\"text\"><span class=\"91\" data-slate-leaf=\"true\"><strong>PANTALONCINI PER IL SOLLEVAMENTO DEL CALCIO:<\/strong> Vuoi accentuare il tuo sedere? <\/span><\/span><span data-slate-node=\"text\"><span class=\"92\" data-slate-leaf=\"true\">Scegli questo intimo modellante elasticizzato che accentuer\u00e0 naturalmente le curve naturali del tuo corpo. <\/span><\/span><span data-slate-node=\"text\"><span class=\"93\" data-slate-leaf=\"true\">Grazie al suo eccellente design di supporto dell&#039;anca e all&#039;adattabilit\u00e0 a tutti i glutei, \u00e8 la prima scelta per chi cerca un&#039;esperienza di shapewear trasformativa.<\/span><\/span><\/li>\n<li data-slate-node=\"element\" data-slate-fragment=\"JTVCJTdCJTIydHlwZSUyMiUzQSUyMnBhcmFncmFwaCUyMiUyQyUyMmNoaWxkcmVuJTIyJTNBJTVCJTdCJTIydGV4dCUyMiUzQSUyMkhJR0glMjBFTEFTVElDSVRZJTNBJTIwVGhpcyUyMGJvZHklMjBzaGFwaW5nJTIwc3VpdCUyMGlzJTIwbWFkZSUyMG9mJTIwaGlnaC1xdWFsaXR5JTJDJTIwaGlnaGx5JTIwZWxhc3RpYyUyMG1ldGFtYXRlcmlhbC4lMjAlMjIlMkMlMjJzZW50ZW5jZSUyMiUzQTAlMkMlMjJjaGlsZFNlbnRlbmNlJTIyJTNBMCU3RCUyQyU3QiUyMnRleHQlMjIlM0ElMjJEdXJhYmxlJTIwYW5kJTIwbm90JTIwYWZyYWlkJTIwb2YlMjBwdWxsaW5nLiUyMCUyMiUyQyUyMnNlbnRlbmNlJTIyJTNBMCUyQyUyMmNoaWxkU2VudGVuY2UlMjIlM0ExJTdEJTJDJTdCJTIydGV4dCUyMiUzQSUyMlRoZSUyMHNlYW1sZXNzJTIwc2hhcGV3ZWFyJ3MlMjBzZWFtbGVzcyUyMGNvbnN0cnVjdGlvbiUyMGVuc3VyZXMlMjBhJTIwY29tZm9ydGFibGUlMjBmaXQlMjBhbmQlMjBpbmNyZWFzZXMlMjBjdXN0b21lciUyMHNhdGlzZmFjdGlvbi4lMjIlMkMlMjJzZW50ZW5jZSUyMiUzQTAlMkMlMjJjaGlsZFNlbnRlbmNlJTIyJTNBMiU3RCU1RCU3RCUyQyU3QiUyMnR5cGUlMjIlM0ElMjJwYXJhZ3JhcGglMjIlMkMlMjJjaGlsZHJlbiUyMiUzQSU1QiU3QiUyMnRleHQlMjIlM0ElMjIlMjIlMkMlMjJzZW50ZW5jZSUyMiUzQTElMkMlMjJjaGlsZFNlbnRlbmNlJTIyJTNBMSU3RCU1RCU3RCUyQyU3QiUyMnR5cGUlMjIlM0ElMjJwYXJhZ3JhcGglMjIlMkMlMjJjaGlsZHJlbiUyMiUzQSU1QiU3QiUyMnRleHQlMjIlM0ElMjIlMjIlMkMlMjJzZW50ZW5jZSUyMiUzQTIlMkMlMjJjaGlsZFNlbnRlbmNlJTIyJTNBMSU3RCU1RCU3RCUyQyU3QiUyMnR5cGUlMjIlM0ElMjJwYXJhZ3JhcGglMjIlMkMlMjJjaGlsZHJlbiUyMiUzQSU1QiU3QiUyMnRleHQlMjIlM0ElMjJDT01GT1JUQUJMRSUyMEFORCUyMEJSRUFUSEFCTEUlM0ElMjBPdXIlMjBoaWdoJTIwd2Fpc3QlMjBidXR0JTIwbGlmdGluZyUyMGJvZHklMjBzaGFwaW5nJTIwc3VpdCUyMHByaW9yaXRpemVzJTIwd2VhcmFiaWxpdHklMjBhbmQlMjBpcyUyMGNvbWZvcnRhYmxlJTIwYW5kJTIwYnJlYXRoYWJsZSUyQyUyMG1ha2luZyUyMHlvdSUyMGZlZWwlMjBjb21mb3J0YWJsZSUyMGV2ZW4lMjBkdXJpbmclMjBsb25nLXRlcm0lMjBleGVyY2lzZS4lMjIlMkMlMjJzZW50ZW5jZSUyMiUzQTMlMkMlMjJjaGlsZFNlbnRlbmNlJTIyJTNBMSU3RCU1RCU3RCUyQyU3QiUyMnR5cGUlMjIlM0ElMjJwYXJhZ3JhcGglMjIlMkMlMjJjaGlsZHJlbiUyMiUzQSU1QiU3QiUyMnRleHQlMjIlM0ElMjIlMjIlMkMlMjJzZW50ZW5jZSUyMiUzQTQlMkMlMjJjaGlsZFNlbnRlbmNlJTIyJTNBMSU3RCU1RCU3RCUyQyU3QiUyMnR5cGUlMjIlM0ElMjJwYXJhZ3JhcGglMjIlMkMlMjJjaGlsZHJlbiUyMiUzQSU1QiU3QiUyMnRleHQlMjIlM0ElMjIlMjIlMkMlMjJzZW50ZW5jZSUyMiUzQTUlMkMlMjJjaGlsZFNlbnRlbmNlJTIyJTNBMSU3RCU1RCU3RCUyQyU3QiUyMnR5cGUlMjIlM0ElMjJwYXJhZ3JhcGglMjIlMkMlMjJjaGlsZHJlbiUyMiUzQSU1QiU3QiUyMnRleHQlMjIlM0ElMjJSRU1PVkFCTEUlMjBCUkVBU1QlMjBQQURTJTNBJTIwUHJvdmlkaW5nJTIwdmVyc2F0aWxpdHklMjBhbmQlMjBjdXN0b21pemF0aW9uJTJDJTIwdGhpcyUyMHNoYXBld2VhciUyMGJyYSUyMGhhcyUyMGJ1aWx0LWluJTIwcmVtb3ZhYmxlJTIwYnJlYXN0JTIwcGFkcyUyMHRvJTIwbWVldCUyMGN1c3RvbWVycyclMjBkaWZmZXJlbnQlMjBwcmVmZXJlbmNlcy4lMjIlMkMlMjJzZW50ZW5jZSUyMiUzQTYlMkMlMjJjaGlsZFNlbnRlbmNlJTIyJTNBMSU3RCU1RCU3RCUyQyU3QiUyMnR5cGUlMjIlM0ElMjJwYXJhZ3JhcGglMjIlMkMlMjJjaGlsZHJlbiUyMiUzQSU1QiU3QiUyMnRleHQlMjIlM0ElMjIlMjIlMkMlMjJzZW50ZW5jZSUyMiUzQTclMkMlMjJjaGlsZFNlbnRlbmNlJTIyJTNBMSU3RCU1RCU3RCUyQyU3QiUyMnR5cGUlMjIlM0ElMjJwYXJhZ3JhcGglMjIlMkMlMjJjaGlsZHJlbiUyMiUzQSU1QiU3QiUyMnRleHQlMjIlM0ElMjIlMjIlMkMlMjJzZW50ZW5jZSUyMiUzQTglMkMlMjJjaGlsZFNlbnRlbmNlJTIyJTNBMSU3RCU1RCU3RCUyQyU3QiUyMnR5cGUlMjIlM0ElMjJwYXJhZ3JhcGglMjIlMkMlMjJjaGlsZHJlbiUyMiUzQSU1QiU3QiUyMnRleHQlMjIlM0ElMjJCVVRUJTIwTElGVElORyUyMFNIT1JUUyUzQSUyMFdhbnQlMjB0byUyMGFjY2VudHVhdGUlMjB5b3VyJTIwYnV0dCUzRiUyMCUyMiUyQyUyMnNlbnRlbmNlJTIyJTNBOSUyQyUyMmNoaWxkU2VudGVuY2UlMjIlM0ExJTdEJTJDJTdCJTIydGV4dCUyMiUzQSUyMkNob29zZSUyMHRoaXMlMjBzbW9vdGglMjBzdHJldGNoJTIwc2hhcGV3ZWFyJTIwdGhhdCUyMHdpbGwlMjBuYXR1cmFsbHklMjBhY2NlbnR1YXRlJTIweW91ciUyMGJvZHkncyUyMG5hdHVyYWwlMjBjdXJ2ZXMuJTIwJTIyJTJDJTIyc2VudGVuY2UlMjIlM0E5JTJDJTIyY2hpbGRTZW50ZW5jZSUyMiUzQTIlN0QlMkMlN0IlMjJ0ZXh0JTIyJTNBJTIyQmVjYXVzZSUyMG9mJTIwaXRzJTIwZXhjZWxsZW50JTIwaGlwJTIwc3VwcG9ydCUyMGRlc2lnbiUyMGFuZCUyMGFkYXB0YWJpbGl0eSUyMHRvJTIwYWxsJTIwYnV0dG9ja3MlMkMlMjBpdCUyMGlzJTIwdGhlJTIwZmlyc3QlMjBjaG9pY2UlMjBmb3IlMjB0aG9zZSUyMGxvb2tpbmclMjBmb3IlMjBhJTIwdHJhbnNmb3JtYXRpdmUlMjBzaGFwZXdlYXIlMjBleHBlcmllbmNlLiUyMiUyQyUyMnNlbnRlbmNlJTIyJTNBOSUyQyUyMmNoaWxkU2VudGVuY2UlMjIlM0EzJTdEJTVEJTdEJTJDJTdCJTIydHlwZSUyMiUzQSUyMnBhcmFncmFwaCUyMiUyQyUyMmNoaWxkcmVuJTIyJTNBJTVCJTdCJTIydGV4dCUyMiUzQSUyMiUyMiUyQyUyMnNlbnRlbmNlJTIyJTNBMTAlMkMlMjJjaGlsZFNlbnRlbmNlJTIyJTNBMSU3RCU1RCU3RCUyQyU3QiUyMnR5cGUlMjIlM0ElMjJwYXJhZ3JhcGglMjIlMkMlMjJjaGlsZHJlbiUyMiUzQSU1QiU3QiUyMnRleHQlMjIlM0ElMjIlMjIlMkMlMjJzZW50ZW5jZSUyMiUzQTExJTJDJTIyY2hpbGRTZW50ZW5jZSUyMiUzQTElN0QlNUQlN0QlMkMlN0IlMjJ0eXBlJTIyJTNBJTIycGFyYWdyYXBoJTIyJTJDJTIyY2hpbGRyZW4lMjIlM0ElNUIlN0IlMjJ0ZXh0JTIyJTNBJTIyQ09NUExFVEUlMjBTRVQlM0ElMjBBJTIwY29tcHJlaGVuc2l2ZSUyMHNvbHV0aW9uJTJDJTIwdGhpcyUyMHdvbWVuJ3MlMjBzaGFwZXdlYXIlMjB1bmRlcndlYXIlMjBzZXQlMjBpbmNsdWRlcyUyMGElMjBicmElMjBhbmQlMjBidXR0JTIwbGlmdGluZyUyMHNob3J0cyUyQyUyMHByb3ZpZGluZyUyMGN1c3RvbWVycyUyMHdpdGglMjB1bm1hdGNoZWQlMjB2YWx1ZSUyMGFuZCUyMGNvbnZlbmllbmNlLiUyMiUyQyUyMnNlbnRlbmNlJTIyJTNBMTIlMkMlMjJjaGlsZFNlbnRlbmNlJTIyJTNBMSU3RCU1RCU3RCU1RA==\"><span data-slate-node=\"text\"><span class=\"121\" data-slate-leaf=\"true\"><strong>SET COMPLETO:<\/strong> Una soluzione completa, questo set di biancheria intima modellante da donna include un reggiseno e pantaloncini per il sollevamento dei glutei, offrendo ai clienti valore e praticit\u00e0 senza pari.<\/span><\/span><\/li>\n<\/ul>\n<h6><em>Set da donna con reggiseno modellante senza cuciture in tinta unita e pantaloncini a vita alta<\/em><\/h6>\n<ul>\n<li>In sintesi, il set di indumenti modellanti elastici e traspiranti con imbottiture rimovibili \u00e8 un must per i grossisti che desiderano fornire soluzioni modellanti di alto livello. Con la sua combinazione di comfort e stile, promette di essere il preferito dai clienti. Aggiungilo alla tua collezione oggi!<\/li>\n<\/ul>","protected":false},"excerpt":{"rendered":"<p>Scopri il nostro set intimo modellante elastico e traspirante, realizzato meticolosamente per la donna esigente. Questo set modellante \u00e8 dotato di un comodo reggiseno con imbottiture rimovibili e pantaloncini che sollevano i glutei, il tutto decorato con un design ad alta elasticit\u00e0 per una vestibilit\u00e0 aderente.<\/p>","protected":false},"featured_media":3815,"comment_status":"open","ping_status":"closed","template":"","meta":{"site-sidebar-layout":"default","site-content-layout":"default","ast-site-content-layout":"default","site-content-style":"default","site-sidebar-style":"default","ast-global-header-display":"","ast-banner-title-visibility":"","ast-main-header-display":"","ast-hfb-above-header-display":"","ast-hfb-below-header-display":"","ast-hfb-mobile-header-display":"","site-post-title":"","ast-breadcrumbs-content":"","ast-featured-img":"","footer-sml-layout":"","ast-disable-related-posts":"","theme-transparent-header-meta":"default","adv-header-id-meta":"","stick-header-meta":"default","header-above-stick-meta":"","header-main-stick-meta":"","header-below-stick-meta":"","astra-migrate-meta-layouts":"set","ast-page-background-enabled":"default","ast-page-background-meta":{"desktop":{"background-color":"","background-image":"","background-repeat":"repeat","background-position":"center center","background-size":"auto","background-attachment":"scroll","background-type":"","background-media":"","overlay-type":"","overlay-color":"","overlay-opacity":"","overlay-gradient":""},"tablet":{"background-color":"","background-image":"","background-repeat":"repeat","background-position":"center center","background-size":"auto","background-attachment":"scroll","background-type":"","background-media":"","overlay-type":"","overlay-color":"","overlay-opacity":"","overlay-gradient":""},"mobile":{"background-color":"","background-image":"","background-repeat":"repeat","background-position":"center center","background-size":"auto","background-attachment":"scroll","background-type":"","background-media":"","overlay-type":"","overlay-color":"","overlay-opacity":"","overlay-gradient":""}},"ast-content-background-meta":{"desktop":{"background-color":"var(--ast-global-color-5)","background-image":"","background-repeat":"repeat","background-position":"center center","background-size":"auto","background-attachment":"scroll","background-type":"","background-media":"","overlay-type":"","overlay-color":"","overlay-opacity":"","overlay-gradient":""},"tablet":{"background-color":"var(--ast-global-color-5)","background-image":"","background-repeat":"repeat","background-position":"center center","background-size":"auto","background-attachment":"scroll","background-type":"","background-media":"","overlay-type":"","overlay-color":"","overlay-opacity":"","overlay-gradient":""},"mobile":{"background-color":"var(--ast-global-color-5)","background-image":"","background-repeat":"repeat","background-position":"center center","background-size":"auto","background-attachment":"scroll","background-type":"","background-media":"","overlay-type":"","overlay-color":"","overlay-opacity":"","overlay-gradient":""}}},"product_brand":[],"product_cat":[76,65,77,79,80],"product_tag":[136,137,186,523,513,524],"class_list":{"0":"post-3798","1":"product","2":"type-product","3":"status-publish","4":"has-post-thumbnail","6":"product_cat-new-arrivels","7":"product_cat-best-sellers","8":"product_cat-wholesale-womens-shapewear","9":"product_cat-wholesale-seemless-shaperwear","10":"product_cat-wholesale-butt-lift-underwear","11":"product_tag-bridal","12":"product_tag-butt-lift","13":"product_tag-padded","14":"product_tag-seemless","15":"product_tag-short","16":"product_tag-suit","17":"pa_color-beige","18":"pa_color-black","19":"pa_size-l","20":"pa_size-m","21":"pa_size-s","22":"pa_size-xl","23":"desktop-align-center","24":"tablet-align-left","25":"mobile-align-left","26":"ast-product-gallery-layout-horizontal-slider","27":"ast-product-single-variable","28":"ast-product-tabs-layout-horizontal","29":"ast-qv-on-image","31":"first","32":"instock","33":"shipping-taxable","34":"purchasable","35":"product-type-variable"},"tiered_pricing_type":"fixed","tiered_pricing_fixed_rules":{"2":5.99,"30":5.59},"tiered_pricing_product_settings":{"layout":"default","base_unit_name":{"singular":null,"plural":null},"default_variation":{}},"tiered_pricing_minimum_quantity":null,"tiered_pricing_roles_data":[],"tiered_pricing_percentage_rules":[],"_links":{"self":[{"href":"https:\/\/yume-silm.com\/it\/wp-json\/wp\/v2\/product\/3798","targetHints":{"allow":["GET"]}}],"collection":[{"href":"https:\/\/yume-silm.com\/it\/wp-json\/wp\/v2\/product"}],"about":[{"href":"https:\/\/yume-silm.com\/it\/wp-json\/wp\/v2\/types\/product"}],"replies":[{"embeddable":true,"href":"https:\/\/yume-silm.com\/it\/wp-json\/wp\/v2\/comments?post=3798"}],"wp:featuredmedia":[{"embeddable":true,"href":"https:\/\/yume-silm.com\/it\/wp-json\/wp\/v2\/media\/3815"}],"wp:attachment":[{"href":"https:\/\/yume-silm.com\/it\/wp-json\/wp\/v2\/media?parent=3798"}],"wp:term":[{"taxonomy":"product_brand","embeddable":true,"href":"https:\/\/yume-silm.com\/it\/wp-json\/wp\/v2\/product_brand?post=3798"},{"taxonomy":"product_cat","embeddable":true,"href":"https:\/\/yume-silm.com\/it\/wp-json\/wp\/v2\/product_cat?post=3798"},{"taxonomy":"product_tag","embeddable":true,"href":"https:\/\/yume-silm.com\/it\/wp-json\/wp\/v2\/product_tag?post=3798"}],"curies":[{"name":"wp","href":"https:\/\/api.w.org\/{rel}","templated":true}]}}