{"id":3877,"date":"2023-07-04T02:17:39","date_gmt":"2023-07-04T02:17:39","guid":{"rendered":"https:\/\/yume-silm.com\/?post_type=product&#038;p=3877"},"modified":"2025-04-09T00:44:52","modified_gmt":"2025-04-09T00:44:52","slug":"cintura-nera-staccabile-mutandina-per-il-controllo-del-sedere-e-il-sollevamento-del-sedere","status":"publish","type":"product","link":"https:\/\/yume-silm.com\/it\/prodotto\/cintura-nera-staccabile-mutandina-per-il-controllo-del-sedere-e-il-sollevamento-del-sedere\/","title":{"rendered":"Pantaloncini modellanti a vita alta con cavallo aperto e doppia compressione sulla pancia"},"content":{"rendered":"<h5>Caratteristiche del progetto<\/h5>\n<ul>\n<li><strong>PROGETTAZIONE DI SOLLEVAMENTO DEL CALCIO:<\/strong> Questi pantaloncini modellanti per rimboccare la pancia e sollevare i fianchi sollevano e modellano i glutei sollevando e modellando per migliorare il contorno naturale e rassodare visibilmente i glutei per un aspetto pi\u00f9 sicuro.<\/li>\n<li><strong>DOPPIA COMPRESSIONE PANCIA:<\/strong> I nostri pantaloncini modellanti da donna con cavallo aperto aggiungono uno strato extra di cintura alla pancia, compressione a doppio strato della pancia per una contrazione della vita pi\u00f9 rapida e migliore. Con una vita pi\u00f9 snella, \u00e8 la prima scelta per coloro che cercano una soluzione efficace per dimagrire la vita.<\/li>\n<li><strong>CINTURINI RIMOVIBILI:<\/strong> Le spalline dell&#039;elegante intimo modellante in pizzo possono essere rimosse e indossate come pantaloncini modellanti. Anche le spalline modellanti del corpo a doppia compressione a vita alta con cavallo aperto possono essere regolate liberamente, il che pu\u00f2 essere indossato in modo da sollevare il seno. Questa caratteristica unica offre stile e versatilit\u00e0 di vestibilit\u00e0, garantendo personalizzazione e comfort.<\/li>\n<li><strong>CAVALLO APERTO:<\/strong> Il cavallo dei pantaloncini modellanti altamente elastici e traspiranti \u00e8 aperto in modo unico, rendendolo facile da indossare e da togliere, oltre ad essere alla moda ed esteticamente gradevoli.<\/li>\n<li><strong>NERO CLASSICO:<\/strong> I nostri pantaloncini modellanti taglie forti sono disponibili in un colore senza tempo. Sappiamo che il nero si abbina facilmente a una variet\u00e0 di outfit e stili personali, rendendolo un must nella collezione di intimo modellante.<\/li>\n<\/ul>\n<h6><em>Pantaloncini modellanti per il sollevamento dei fianchi da donna taglie forti, tracolla rimovibile<\/em><\/h6>\n<ul>\n<li>In sintesi, i pantaloncini modellanti a doppia compressione a vita alta con cavallo aperto sono un must per i grossisti che desiderano offrire soluzioni modellanti di alto livello. Le sue caratteristiche uniche e il suo design garantiscono la soddisfazione del cliente. Tuffati nel mondo della vendita all&#039;ingrosso con questo pezzo premium. Assicurati i tuoi ordini oggi!<\/li>\n<\/ul>","protected":false},"excerpt":{"rendered":"<p>Scopri il potere di trasformazione dei nostri pantaloncini modellanti a vita alta e cavallo aperto a doppia compressione. Progettato per un modellamento ottimale del corpo, offre controllo della pancia, un lato aperto per indossarlo facilmente e un focus sul sollevamento dei glutei. La cintura staccabile assicura una vestibilit\u00e0 perfetta, aggiungendo un tocco di stile irresistibile.<\/p>","protected":false},"featured_media":3909,"comment_status":"open","ping_status":"closed","template":"","meta":{"site-sidebar-layout":"default","site-content-layout":"default","ast-site-content-layout":"default","site-content-style":"default","site-sidebar-style":"default","ast-global-header-display":"","ast-banner-title-visibility":"","ast-main-header-display":"","ast-hfb-above-header-display":"","ast-hfb-below-header-display":"","ast-hfb-mobile-header-display":"","site-post-title":"","ast-breadcrumbs-content":"","ast-featured-img":"","footer-sml-layout":"","ast-disable-related-posts":"","theme-transparent-header-meta":"default","adv-header-id-meta":"","stick-header-meta":"default","header-above-stick-meta":"","header-main-stick-meta":"","header-below-stick-meta":"","astra-migrate-meta-layouts":"set","ast-page-background-enabled":"default","ast-page-background-meta":{"desktop":{"background-color":"","background-image":"","background-repeat":"repeat","background-position":"center center","background-size":"auto","background-attachment":"scroll","background-type":"","background-media":"","overlay-type":"","overlay-color":"","overlay-opacity":"","overlay-gradient":""},"tablet":{"background-color":"","background-image":"","background-repeat":"repeat","background-position":"center center","background-size":"auto","background-attachment":"scroll","background-type":"","background-media":"","overlay-type":"","overlay-color":"","overlay-opacity":"","overlay-gradient":""},"mobile":{"background-color":"","background-image":"","background-repeat":"repeat","background-position":"center center","background-size":"auto","background-attachment":"scroll","background-type":"","background-media":"","overlay-type":"","overlay-color":"","overlay-opacity":"","overlay-gradient":""}},"ast-content-background-meta":{"desktop":{"background-color":"var(--ast-global-color-5)","background-image":"","background-repeat":"repeat","background-position":"center center","background-size":"auto","background-attachment":"scroll","background-type":"","background-media":"","overlay-type":"","overlay-color":"","overlay-opacity":"","overlay-gradient":""},"tablet":{"background-color":"var(--ast-global-color-5)","background-image":"","background-repeat":"repeat","background-position":"center center","background-size":"auto","background-attachment":"scroll","background-type":"","background-media":"","overlay-type":"","overlay-color":"","overlay-opacity":"","overlay-gradient":""},"mobile":{"background-color":"var(--ast-global-color-5)","background-image":"","background-repeat":"repeat","background-position":"center center","background-size":"auto","background-attachment":"scroll","background-type":"","background-media":"","overlay-type":"","overlay-color":"","overlay-opacity":"","overlay-gradient":""}}},"product_brand":[],"product_cat":[65,76,77,80],"product_tag":[137,141,134,154],"class_list":{"0":"post-3877","1":"product","2":"type-product","3":"status-publish","4":"has-post-thumbnail","6":"product_cat-best-sellers","7":"product_cat-new-arrivels","8":"product_cat-wholesale-womens-shapewear","9":"product_cat-wholesale-butt-lift-underwear","10":"product_tag-butt-lift","11":"product_tag-plus-size","12":"product_tag-tummy-tucker","13":"product_tag-with-hooks","14":"pa_color-black","15":"pa_size-4xl","16":"pa_size-5xl","17":"pa_size-6xl","18":"pa_size-l","19":"pa_size-m","20":"pa_size-s","21":"pa_size-xl","22":"pa_size-xxl","23":"pa_size-xxxl","24":"desktop-align-center","25":"tablet-align-left","26":"mobile-align-left","27":"ast-product-gallery-layout-horizontal-slider","28":"ast-product-single-variable","29":"ast-product-tabs-layout-horizontal","30":"ast-qv-on-image","32":"first","33":"instock","34":"shipping-taxable","35":"purchasable","36":"product-type-variable"},"tiered_pricing_type":"fixed","tiered_pricing_fixed_rules":{"2":14.09,"30":13.19,"500":10.99},"tiered_pricing_product_settings":{"layout":"default","base_unit_name":{"singular":null,"plural":null},"default_variation":{}},"tiered_pricing_minimum_quantity":null,"tiered_pricing_roles_data":[],"tiered_pricing_percentage_rules":[],"_links":{"self":[{"href":"https:\/\/yume-silm.com\/it\/wp-json\/wp\/v2\/product\/3877","targetHints":{"allow":["GET"]}}],"collection":[{"href":"https:\/\/yume-silm.com\/it\/wp-json\/wp\/v2\/product"}],"about":[{"href":"https:\/\/yume-silm.com\/it\/wp-json\/wp\/v2\/types\/product"}],"replies":[{"embeddable":true,"href":"https:\/\/yume-silm.com\/it\/wp-json\/wp\/v2\/comments?post=3877"}],"wp:featuredmedia":[{"embeddable":true,"href":"https:\/\/yume-silm.com\/it\/wp-json\/wp\/v2\/media\/3909"}],"wp:attachment":[{"href":"https:\/\/yume-silm.com\/it\/wp-json\/wp\/v2\/media?parent=3877"}],"wp:term":[{"taxonomy":"product_brand","embeddable":true,"href":"https:\/\/yume-silm.com\/it\/wp-json\/wp\/v2\/product_brand?post=3877"},{"taxonomy":"product_cat","embeddable":true,"href":"https:\/\/yume-silm.com\/it\/wp-json\/wp\/v2\/product_cat?post=3877"},{"taxonomy":"product_tag","embeddable":true,"href":"https:\/\/yume-silm.com\/it\/wp-json\/wp\/v2\/product_tag?post=3877"}],"curies":[{"name":"wp","href":"https:\/\/api.w.org\/{rel}","templated":true}]}}