{"id":3912,"date":"2023-07-04T02:34:09","date_gmt":"2023-07-04T02:34:09","guid":{"rendered":"https:\/\/yume-silm.com\/?post_type=product&#038;p=3912"},"modified":"2023-12-28T03:11:02","modified_gmt":"2023-12-28T03:11:02","slug":"maglia-ad-alta-elasticita-modellatore-a-corpo-intero-con-fibbie-pendenti-a-quattro-strati","status":"publish","type":"product","link":"https:\/\/yume-silm.com\/it\/prodotto\/maglia-ad-alta-elasticita-modellatore-a-corpo-intero-con-fibbie-pendenti-a-quattro-strati\/","title":{"rendered":"Pantaloncini body modellanti per tutto il corpo da donna"},"content":{"rendered":"<h5>Caratteristiche dettagliate<\/h5>\n<ul>\n<li><strong>POTENTE REGOLAZIONE:<\/strong> La chiusura a strappo a 4 strati \u00e8 progettata per consentire regolazioni precise e un migliore controllo della pancia per una vestibilit\u00e0 personalizzata. I pantaloncini modellanti per tutto il corpo senza cuciture possono essere facilmente nascosti sotto qualsiasi outfit.<\/li>\n<li><strong>MODELLAZIONE COMPLETA:<\/strong> Goditi i benefici dell&#039;aumento del seno, dell&#039;addominoplastica, del dimagrimento della vita, del sollevamento dei glutei e della correzione della schiena! I nostri pantaloncini body modellanti per tutto il corpo ti daranno sicurezza nel momento in cui li indosserai. Fornisce un effetto tensore da medio a forte per ottenere con facilit\u00e0 un busto pi\u00f9 pieno, un corpo pi\u00f9 snello e una perfetta figura a clessidra.<\/li>\n<li><strong>VESTIBILIT\u00c0 CONFORTEVOLE:<\/strong> Il corsetto sottoseno \u00e8 realizzato in materiale morbido e traspirante, che non solo \u00e8 ottimo per modellare, ma garantisce anche comfort quando lo si indossa, senza sentirsi costretti o scomodi. Il tessuto di alta qualit\u00e0 mostra una buona traspirabilit\u00e0 e comfort, cos\u00ec puoi sentirti fresco e comodo mentre lo indossi tutto il giorno.<\/li>\n<li><strong>UTILIZZO MULTIFUNZIONALE:<\/strong> Questi pantaloncini modellanti sotto il seno sono adatti per una variet\u00e0 di occasioni, come l&#039;uso quotidiano, il supporto modellante durante l&#039;esercizio fisico o anche uno strumento dimagrante per festival speciali come appuntamenti e feste, indossalo e approfitta del suo eccellente effetto.<\/li>\n<li><strong>CORPO PERFETTO:<\/strong> Sii una donna sicura di s\u00e9! Le spalline regolabili della biancheria intima modellante possono essere regolate a piacimento nella gamma pi\u00f9 adatta. Il bodywear non solo modella il tuo corpo, ma aiuta anche a migliorare la postura seduta e in piedi, migliorando il tuo fisico generale e facendoti emanare un&#039;aura pi\u00f9 sicura.<\/li>\n<\/ul>\n<h6><em>Shaper completo per il corpo in rete ad alta elasticit\u00e0 all&#039;ingrosso: doppi strati di rete<\/em><\/h6>\n<ul>\n<li data-slate-node=\"element\" data-slate-fragment=\"JTVCJTdCJTIydHlwZSUyMiUzQSUyMnBhcmFncmFwaCUyMiUyQyUyMmNoaWxkcmVuJTIyJTNBJTVCJTdCJTIydGV4dCUyMiUzQSUyMlRoZSUyMHdvbWVuJ3MlMjBmdWxsJTIwYm9keSUyMHNoYXBld2VhciUyMGJvZHlzdWl0JTIwc2hvcnRzJTIwaXMlMjBhbiUyMGluZGlzcGVuc2FibGUlMjBwaWVjZSUyMGZvciUyMHdob2xlc2FsZXJzJTIwYWltaW5nJTIwdG8lMjBwcm92aWRlJTIwdG9wLXRpZXIlMjBzaGFwaW5nJTIwc29sdXRpb25zLiUyMCUyMiUyQyUyMnNlbnRlbmNlJTIyJTNBMjAlMkMlMjJjaGlsZFNlbnRlbmNlJTIyJTNBMSU3RCUyQyU3QiUyMnRleHQlMjIlM0ElMjJJdHMlMjB1bmlxdWUlMjBmZWF0dXJlcyUyMGFuZCUyMGRlc2lnbiUyMHByb21pc2UlMjBjdXN0b21lciUyMHNhdGlzZmFjdGlvbi4lMjIlMkMlMjJzZW50ZW5jZSUyMiUzQTIwJTJDJTIyY2hpbGRTZW50ZW5jZSUyMiUzQTIlN0QlNUQlN0QlMkMlN0IlMjJ0eXBlJTIyJTNBJTIycGFyYWdyYXBoJTIyJTJDJTIyY2hpbGRyZW4lMjIlM0ElNUIlN0IlMjJ0ZXh0JTIyJTNBJTIyJTIyJTJDJTIyc2VudGVuY2UlMjIlM0EyMSUyQyUyMmNoaWxkU2VudGVuY2UlMjIlM0ExJTdEJTVEJTdEJTVE\"><span class=\"\" data-slate-node=\"text\"><span class=\"201\" data-slate-leaf=\"true\"><span data-slate-string=\"true\">I pantaloncini body modellanti per tutto il corpo da donna sono un pezzo indispensabile per i grossisti che mirano a fornire soluzioni modellanti di alto livello. <\/span><\/span><\/span><span data-slate-node=\"text\"><span class=\"202\" data-slate-leaf=\"true\">Le sue caratteristiche uniche e il suo design promettono la soddisfazione del cliente.<\/span><\/span><\/li>\n<\/ul>","protected":false},"excerpt":{"rendered":"<p>Presenta una silhouette trasformativa con i nostri pantaloncini body modellanti per tutto il corpo da donna. Migliorata con fibbie pendenti a quattro strati e doppi strati di rete ad alta elasticit\u00e0, questa biancheria intima modellante \u00e8 l&#039;epitome del controllo addominale e del miglioramento della linea dei fianchi.<\/p>","protected":false},"featured_media":3929,"comment_status":"open","ping_status":"closed","template":"","meta":{"site-sidebar-layout":"default","site-content-layout":"default","ast-site-content-layout":"default","site-content-style":"default","site-sidebar-style":"default","ast-global-header-display":"","ast-banner-title-visibility":"","ast-main-header-display":"","ast-hfb-above-header-display":"","ast-hfb-below-header-display":"","ast-hfb-mobile-header-display":"","site-post-title":"","ast-breadcrumbs-content":"","ast-featured-img":"","footer-sml-layout":"","ast-disable-related-posts":"","theme-transparent-header-meta":"default","adv-header-id-meta":"","stick-header-meta":"default","header-above-stick-meta":"","header-main-stick-meta":"","header-below-stick-meta":"","astra-migrate-meta-layouts":"set","ast-page-background-enabled":"default","ast-page-background-meta":{"desktop":{"background-color":"","background-image":"","background-repeat":"repeat","background-position":"center center","background-size":"auto","background-attachment":"scroll","background-type":"","background-media":"","overlay-type":"","overlay-color":"","overlay-opacity":"","overlay-gradient":""},"tablet":{"background-color":"","background-image":"","background-repeat":"repeat","background-position":"center center","background-size":"auto","background-attachment":"scroll","background-type":"","background-media":"","overlay-type":"","overlay-color":"","overlay-opacity":"","overlay-gradient":""},"mobile":{"background-color":"","background-image":"","background-repeat":"repeat","background-position":"center center","background-size":"auto","background-attachment":"scroll","background-type":"","background-media":"","overlay-type":"","overlay-color":"","overlay-opacity":"","overlay-gradient":""}},"ast-content-background-meta":{"desktop":{"background-color":"var(--ast-global-color-5)","background-image":"","background-repeat":"repeat","background-position":"center center","background-size":"auto","background-attachment":"scroll","background-type":"","background-media":"","overlay-type":"","overlay-color":"","overlay-opacity":"","overlay-gradient":""},"tablet":{"background-color":"var(--ast-global-color-5)","background-image":"","background-repeat":"repeat","background-position":"center center","background-size":"auto","background-attachment":"scroll","background-type":"","background-media":"","overlay-type":"","overlay-color":"","overlay-opacity":"","overlay-gradient":""},"mobile":{"background-color":"var(--ast-global-color-5)","background-image":"","background-repeat":"repeat","background-position":"center center","background-size":"auto","background-attachment":"scroll","background-type":"","background-media":"","overlay-type":"","overlay-color":"","overlay-opacity":"","overlay-gradient":""}}},"product_brand":[],"product_cat":[65,76,77,78],"product_tag":[135,497,137,498,142,148,134,154],"class_list":{"0":"post-3912","1":"product","2":"type-product","3":"status-publish","4":"has-post-thumbnail","6":"product_cat-best-sellers","7":"product_cat-new-arrivels","8":"product_cat-wholesale-womens-shapewear","9":"product_cat-wholesale-full-body-shaper","10":"product_tag-all-in-one","11":"product_tag-bodysuit-shorts","12":"product_tag-butt-lift","13":"product_tag-full-body","14":"product_tag-low-back","15":"product_tag-one-piece","16":"product_tag-tummy-tucker","17":"product_tag-with-hooks","18":"pa_color-black","19":"pa_size-l","20":"pa_size-m","21":"pa_size-s","22":"pa_size-xl","23":"pa_size-xxl","24":"pa_size-xxxl","25":"desktop-align-center","26":"tablet-align-left","27":"mobile-align-left","28":"ast-product-gallery-layout-horizontal-slider","29":"ast-product-single-variable","30":"ast-product-tabs-layout-horizontal","31":"ast-qv-on-image","33":"first","34":"instock","35":"shipping-taxable","36":"purchasable","37":"product-type-variable"},"tiered_pricing_type":"fixed","tiered_pricing_fixed_rules":{"2":14.99,"30":13.99,"500":11.69},"tiered_pricing_product_settings":{"layout":"default","base_unit_name":{"singular":null,"plural":null},"default_variation":{}},"tiered_pricing_minimum_quantity":null,"tiered_pricing_roles_data":[],"tiered_pricing_percentage_rules":[],"_links":{"self":[{"href":"https:\/\/yume-silm.com\/it\/wp-json\/wp\/v2\/product\/3912","targetHints":{"allow":["GET"]}}],"collection":[{"href":"https:\/\/yume-silm.com\/it\/wp-json\/wp\/v2\/product"}],"about":[{"href":"https:\/\/yume-silm.com\/it\/wp-json\/wp\/v2\/types\/product"}],"replies":[{"embeddable":true,"href":"https:\/\/yume-silm.com\/it\/wp-json\/wp\/v2\/comments?post=3912"}],"wp:featuredmedia":[{"embeddable":true,"href":"https:\/\/yume-silm.com\/it\/wp-json\/wp\/v2\/media\/3929"}],"wp:attachment":[{"href":"https:\/\/yume-silm.com\/it\/wp-json\/wp\/v2\/media?parent=3912"}],"wp:term":[{"taxonomy":"product_brand","embeddable":true,"href":"https:\/\/yume-silm.com\/it\/wp-json\/wp\/v2\/product_brand?post=3912"},{"taxonomy":"product_cat","embeddable":true,"href":"https:\/\/yume-silm.com\/it\/wp-json\/wp\/v2\/product_cat?post=3912"},{"taxonomy":"product_tag","embeddable":true,"href":"https:\/\/yume-silm.com\/it\/wp-json\/wp\/v2\/product_tag?post=3912"}],"curies":[{"name":"wp","href":"https:\/\/api.w.org\/{rel}","templated":true}]}}