{"id":3957,"date":"2023-07-04T03:06:56","date_gmt":"2023-07-04T03:06:56","guid":{"rendered":"https:\/\/yume-silm.com\/?post_type=product&#038;p=3957"},"modified":"2024-02-29T02:19:23","modified_gmt":"2024-02-29T02:19:23","slug":"seamlessly-sculpted-adjustable-strapped-womens-skinny-bodysuit","status":"publish","type":"product","link":"https:\/\/yume-silm.com\/it\/prodotto\/seamlessly-sculpted-adjustable-strapped-womens-skinny-bodysuit\/","title":{"rendered":"Body modellante a busto aperto senza cuciture da donna all&#039;ingrosso"},"content":{"rendered":"<h5>Caratteristiche del progetto<\/h5>\n<ul>\n<li><strong>CINTURINI REGOLABILI:<\/strong> Le spalline elastiche regolabili dei body modellanti senza cuciture aggiungono libert\u00e0 e comfort. Pu\u00f2 essere regolato in base alla tua altezza e altre regolazioni speciali per una vestibilit\u00e0 pi\u00f9 aderente e confortevole.<\/li>\n<li><strong>TESSUTO AD ALTA ELASTICIT\u00c0:<\/strong> Questo modellatore per il busto aperto con controllo della pancia \u00e8 realizzato in tessuto elasticizzato di alta qualit\u00e0 per una lunga durata. In questo intimo modellante puoi adattarti ai contorni del tuo corpo, offrendo comfort e flessibilit\u00e0 superiori.<\/li>\n<li><strong>TECNOLOGIA SENZA GIUNTE:<\/strong> La lingerie modellante da donna senza cuciture offre un aspetto liscio e invisibile sotto qualsiasi indumento, rendendola una scelta popolare per chi cerca una silhouette impeccabile.<\/li>\n<li><strong>VERSATILIT\u00c0 CON STILE:<\/strong> Semplice ed elegante, questo body modellante a busto aperto senza cuciture da donna \u00e8 perfetto da indossare a strati o da solo, completando sia l&#039;abbigliamento casual che quello formale per garantire un&#039;ampia gamma di attrattive.<\/li>\n<li><strong>MIGLIORAMENTO DELLA FIDUCIA DEL CORPO:<\/strong> L&#039;intimo modellante senza cuciture a petto aperto ti aiuter\u00e0 a stringere la pancia, sollevare i fianchi e controllare la schiena. Il busto aperto ti d\u00e0 anche la libert\u00e0 di abbinare il tuo reggiseno preferito. I body attillati esaltano le curve naturali e la sicurezza del corpo.<\/li>\n<\/ul>\n<h6><em>Body modellante da donna senza cuciture per addominoplastica e sollevamento dei fianchi: spalline regolabili<\/em><\/h6>\n<ul>\n<li>In sintesi, il body modellante a busto aperto da donna senza cuciture \u00e8 un must per i grossisti che desiderano offrire un mix di stile e comfort. Con le sue caratteristiche e il suo design unici, \u00e8 destinato a diventare il preferito dai clienti. Tuffati nel mondo della vendita all&#039;ingrosso con questo pezzo straordinario. Assicurati i tuoi ordini oggi!<\/li>\n<\/ul>","protected":false},"excerpt":{"rendered":"<p>Migliora la tua collezione con il nostro body modellante a busto aperto senza cuciture da donna. Progettato con spalline regolabili e tessuto altamente elasticizzato, questo body promette una silhouette impeccabile e un comfort senza pari.<\/p>","protected":false},"featured_media":3977,"comment_status":"open","ping_status":"closed","template":"","meta":{"site-sidebar-layout":"default","site-content-layout":"default","ast-site-content-layout":"default","site-content-style":"default","site-sidebar-style":"default","ast-global-header-display":"","ast-banner-title-visibility":"","ast-main-header-display":"","ast-hfb-above-header-display":"","ast-hfb-below-header-display":"","ast-hfb-mobile-header-display":"","site-post-title":"","ast-breadcrumbs-content":"","ast-featured-img":"","footer-sml-layout":"","ast-disable-related-posts":"","theme-transparent-header-meta":"default","adv-header-id-meta":"","stick-header-meta":"default","header-above-stick-meta":"","header-main-stick-meta":"","header-below-stick-meta":"","astra-migrate-meta-layouts":"set","ast-page-background-enabled":"default","ast-page-background-meta":{"desktop":{"background-color":"","background-image":"","background-repeat":"repeat","background-position":"center center","background-size":"auto","background-attachment":"scroll","background-type":"","background-media":"","overlay-type":"","overlay-color":"","overlay-opacity":"","overlay-gradient":""},"tablet":{"background-color":"","background-image":"","background-repeat":"repeat","background-position":"center center","background-size":"auto","background-attachment":"scroll","background-type":"","background-media":"","overlay-type":"","overlay-color":"","overlay-opacity":"","overlay-gradient":""},"mobile":{"background-color":"","background-image":"","background-repeat":"repeat","background-position":"center center","background-size":"auto","background-attachment":"scroll","background-type":"","background-media":"","overlay-type":"","overlay-color":"","overlay-opacity":"","overlay-gradient":""}},"ast-content-background-meta":{"desktop":{"background-color":"var(--ast-global-color-5)","background-image":"","background-repeat":"repeat","background-position":"center center","background-size":"auto","background-attachment":"scroll","background-type":"","background-media":"","overlay-type":"","overlay-color":"","overlay-opacity":"","overlay-gradient":""},"tablet":{"background-color":"var(--ast-global-color-5)","background-image":"","background-repeat":"repeat","background-position":"center center","background-size":"auto","background-attachment":"scroll","background-type":"","background-media":"","overlay-type":"","overlay-color":"","overlay-opacity":"","overlay-gradient":""},"mobile":{"background-color":"var(--ast-global-color-5)","background-image":"","background-repeat":"repeat","background-position":"center center","background-size":"auto","background-attachment":"scroll","background-type":"","background-media":"","overlay-type":"","overlay-color":"","overlay-opacity":"","overlay-gradient":""}}},"product_brand":[],"product_cat":[65,76,77,79,82],"product_tag":[419,136,523],"class_list":{"0":"post-3957","1":"product","2":"type-product","3":"status-publish","4":"has-post-thumbnail","6":"product_cat-best-sellers","7":"product_cat-new-arrivels","8":"product_cat-wholesale-womens-shapewear","9":"product_cat-wholesale-seemless-shaperwear","10":"product_cat-wholesale-shapewear-bodysuit","11":"product_tag-bodysuit","12":"product_tag-bridal","13":"product_tag-seemless","14":"pa_color-beige","15":"pa_color-black","16":"pa_size-l","17":"pa_size-m","18":"pa_size-s","19":"pa_size-xl","20":"pa_size-xxl","21":"pa_size-xxxl","22":"desktop-align-center","23":"tablet-align-left","24":"mobile-align-left","25":"ast-product-gallery-layout-horizontal-slider","26":"ast-product-single-variable","27":"ast-product-tabs-layout-horizontal","28":"ast-qv-on-image","30":"first","31":"instock","32":"shipping-taxable","33":"purchasable","34":"product-type-variable"},"tiered_pricing_type":"fixed","tiered_pricing_fixed_rules":{"2":5.49,"30":5.19,"200":4.29},"tiered_pricing_product_settings":{"layout":"default","base_unit_name":{"singular":null,"plural":null},"default_variation":{}},"tiered_pricing_minimum_quantity":null,"tiered_pricing_roles_data":[],"tiered_pricing_percentage_rules":[],"_links":{"self":[{"href":"https:\/\/yume-silm.com\/it\/wp-json\/wp\/v2\/product\/3957","targetHints":{"allow":["GET"]}}],"collection":[{"href":"https:\/\/yume-silm.com\/it\/wp-json\/wp\/v2\/product"}],"about":[{"href":"https:\/\/yume-silm.com\/it\/wp-json\/wp\/v2\/types\/product"}],"replies":[{"embeddable":true,"href":"https:\/\/yume-silm.com\/it\/wp-json\/wp\/v2\/comments?post=3957"}],"wp:featuredmedia":[{"embeddable":true,"href":"https:\/\/yume-silm.com\/it\/wp-json\/wp\/v2\/media\/3977"}],"wp:attachment":[{"href":"https:\/\/yume-silm.com\/it\/wp-json\/wp\/v2\/media?parent=3957"}],"wp:term":[{"taxonomy":"product_brand","embeddable":true,"href":"https:\/\/yume-silm.com\/it\/wp-json\/wp\/v2\/product_brand?post=3957"},{"taxonomy":"product_cat","embeddable":true,"href":"https:\/\/yume-silm.com\/it\/wp-json\/wp\/v2\/product_cat?post=3957"},{"taxonomy":"product_tag","embeddable":true,"href":"https:\/\/yume-silm.com\/it\/wp-json\/wp\/v2\/product_tag?post=3957"}],"curies":[{"name":"wp","href":"https:\/\/api.w.org\/{rel}","templated":true}]}}