{"id":3982,"date":"2023-07-04T03:54:06","date_gmt":"2023-07-04T03:54:06","guid":{"rendered":"https:\/\/yume-silm.com\/?post_type=product&#038;p=3982"},"modified":"2024-11-06T02:44:23","modified_gmt":"2024-11-06T02:44:23","slug":"top-ricamato-a-fiori-con-schiena-incrociata","status":"publish","type":"product","link":"https:\/\/yume-silm.com\/it\/prodotto\/top-ricamato-a-fiori-con-schiena-incrociata\/","title":{"rendered":"Top modellanti a petto aperto traspiranti taglie forti all&#039;ingrosso"},"content":{"rendered":"<h5>Caratteristiche del progetto<\/h5>\n<ul>\n<li><strong>BOTTONI A SEI PETTI:<\/strong> Questo top modellante a petto aperto traspirante da donna taglie forti ha sei ganci regolabili per garantire una vestibilit\u00e0 personalizzata per tutti i tipi di corporatura, aumentando il comfort e la comodit\u00e0. Permette anche un eccellente modellamento della pancia.<\/li>\n<li><strong>CINTURINI ALLARGATI:<\/strong> Il top modellante casual in rete trasparente ha spalline allargate per un supporto impareggiabile. Questo design delle canotte modellanti con cuciture in rete taglie forti aiuta a ridurre al minimo la pressione sulle spalle e garantisce comfort per tutto il giorno.<\/li>\n<li><strong>PROGETTAZIONE PATCH:<\/strong> Il design eccezionale della nostra biancheria intima modellante da donna \u00e8 la canotta patchwork in rete. \u00c8 delicato e bello, aggiungendo un tocco di eleganza e fascino al shapewear.<\/li>\n<li><strong>INCROCIATA SUL RETRO:<\/strong> L&#039;elegante design con schienale incrociato non solo migliora l&#039;estetica ma fornisce anche un maggiore supporto per la schiena. La parte superiore del busto aperta a compressione per il controllo della pancia ha la funzione di aiutare a correggere la cattiva postura della schiena, il che \u00e8 molto utile per realizzare il miglioramento della cattiva postura.<\/li>\n<li><strong>MAGLIA TRASPARENTE:<\/strong> Questa canotta modellante con cuciture in rete taglie forti \u00e8 realizzata in rete traspirante che garantisce un effetto rinfrescante, perfetta per l&#039;uso prolungato e i climi pi\u00f9 caldi. Anche dopo un lungo allenamento non ti sentirai a disagio.<\/li>\n<\/ul>\n<h6><em>Top da donna a busto aperto a compressione per il controllo della pancia in rete trasparente<\/em><\/h6>\n<ul>\n<li>I top modellanti a petto aperto traspiranti per taglie forti sono un must per i grossisti che mirano a offrire stile e comfort. Con il suo design unico e le sue funzionalit\u00e0 premium, \u00e8 destinato a diventare il preferito dai clienti. Tuffati nel mondo della vendita all&#039;ingrosso con questo pezzo eccezionale. Assicurati i tuoi ordini oggi!<\/li>\n<\/ul>","protected":false},"excerpt":{"rendered":"<p>Ti presentiamo i nostri top modellanti a seno aperto traspiranti per taglie forti, un mix di eleganza e funzionalit\u00e0. Con i suoi ganci a 6 petti per una vestibilit\u00e0 personalizzabile e un design chic incrociato sulla schiena, \u00e8 l&#039;aggiunta perfetta a qualsiasi collezione.<\/p>","protected":false},"featured_media":4006,"comment_status":"open","ping_status":"closed","template":"","meta":{"site-sidebar-layout":"default","site-content-layout":"default","ast-site-content-layout":"default","site-content-style":"default","site-sidebar-style":"default","ast-global-header-display":"","ast-banner-title-visibility":"","ast-main-header-display":"","ast-hfb-above-header-display":"","ast-hfb-below-header-display":"","ast-hfb-mobile-header-display":"","site-post-title":"","ast-breadcrumbs-content":"","ast-featured-img":"","footer-sml-layout":"","ast-disable-related-posts":"","theme-transparent-header-meta":"default","adv-header-id-meta":"","stick-header-meta":"default","header-above-stick-meta":"","header-main-stick-meta":"","header-below-stick-meta":"","astra-migrate-meta-layouts":"set","ast-page-background-enabled":"default","ast-page-background-meta":{"desktop":{"background-color":"","background-image":"","background-repeat":"repeat","background-position":"center center","background-size":"auto","background-attachment":"scroll","background-type":"","background-media":"","overlay-type":"","overlay-color":"","overlay-opacity":"","overlay-gradient":""},"tablet":{"background-color":"","background-image":"","background-repeat":"repeat","background-position":"center center","background-size":"auto","background-attachment":"scroll","background-type":"","background-media":"","overlay-type":"","overlay-color":"","overlay-opacity":"","overlay-gradient":""},"mobile":{"background-color":"","background-image":"","background-repeat":"repeat","background-position":"center center","background-size":"auto","background-attachment":"scroll","background-type":"","background-media":"","overlay-type":"","overlay-color":"","overlay-opacity":"","overlay-gradient":""}},"ast-content-background-meta":{"desktop":{"background-color":"var(--ast-global-color-5)","background-image":"","background-repeat":"repeat","background-position":"center center","background-size":"auto","background-attachment":"scroll","background-type":"","background-media":"","overlay-type":"","overlay-color":"","overlay-opacity":"","overlay-gradient":""},"tablet":{"background-color":"var(--ast-global-color-5)","background-image":"","background-repeat":"repeat","background-position":"center center","background-size":"auto","background-attachment":"scroll","background-type":"","background-media":"","overlay-type":"","overlay-color":"","overlay-opacity":"","overlay-gradient":""},"mobile":{"background-color":"var(--ast-global-color-5)","background-image":"","background-repeat":"repeat","background-position":"center center","background-size":"auto","background-attachment":"scroll","background-type":"","background-media":"","overlay-type":"","overlay-color":"","overlay-opacity":"","overlay-gradient":""}}},"product_brand":[],"product_cat":[65,76,77,1092,81],"product_tag":[136,147,145,522,134,154],"class_list":{"0":"post-3982","1":"product","2":"type-product","3":"status-publish","4":"has-post-thumbnail","6":"product_cat-best-sellers","7":"product_cat-new-arrivels","8":"product_cat-wholesale-womens-shapewear","9":"product_cat-plus-size-shapewear","10":"product_cat-wholesale-slimming-tank-top","11":"product_tag-bridal","12":"product_tag-cross","13":"product_tag-sexy","14":"product_tag-tank-top","15":"product_tag-tummy-tucker","16":"product_tag-with-hooks","17":"pa_color-beige","18":"pa_color-black","19":"pa_size-4xl","20":"pa_size-5xl","21":"pa_size-6xl","22":"pa_size-l","23":"pa_size-m","24":"pa_size-xl","25":"pa_size-xxl","26":"pa_size-xxxl","27":"desktop-align-center","28":"tablet-align-left","29":"mobile-align-left","30":"ast-product-gallery-layout-horizontal-slider","31":"ast-product-single-variable","32":"ast-product-tabs-layout-horizontal","33":"ast-qv-on-image","35":"first","36":"instock","37":"shipping-taxable","38":"purchasable","39":"product-type-variable"},"tiered_pricing_type":"fixed","tiered_pricing_fixed_rules":{"2":3.39,"30":3.09,"500":2.59},"tiered_pricing_product_settings":{"layout":"default","base_unit_name":{"singular":null,"plural":null},"default_variation":{}},"tiered_pricing_minimum_quantity":null,"tiered_pricing_roles_data":[],"tiered_pricing_percentage_rules":[],"_links":{"self":[{"href":"https:\/\/yume-silm.com\/it\/wp-json\/wp\/v2\/product\/3982","targetHints":{"allow":["GET"]}}],"collection":[{"href":"https:\/\/yume-silm.com\/it\/wp-json\/wp\/v2\/product"}],"about":[{"href":"https:\/\/yume-silm.com\/it\/wp-json\/wp\/v2\/types\/product"}],"replies":[{"embeddable":true,"href":"https:\/\/yume-silm.com\/it\/wp-json\/wp\/v2\/comments?post=3982"}],"wp:featuredmedia":[{"embeddable":true,"href":"https:\/\/yume-silm.com\/it\/wp-json\/wp\/v2\/media\/4006"}],"wp:attachment":[{"href":"https:\/\/yume-silm.com\/it\/wp-json\/wp\/v2\/media?parent=3982"}],"wp:term":[{"taxonomy":"product_brand","embeddable":true,"href":"https:\/\/yume-silm.com\/it\/wp-json\/wp\/v2\/product_brand?post=3982"},{"taxonomy":"product_cat","embeddable":true,"href":"https:\/\/yume-silm.com\/it\/wp-json\/wp\/v2\/product_cat?post=3982"},{"taxonomy":"product_tag","embeddable":true,"href":"https:\/\/yume-silm.com\/it\/wp-json\/wp\/v2\/product_tag?post=3982"}],"curies":[{"name":"wp","href":"https:\/\/api.w.org\/{rel}","templated":true}]}}