{"id":4011,"date":"2023-07-04T05:25:52","date_gmt":"2023-07-04T05:25:52","guid":{"rendered":"https:\/\/yume-silm.com\/?post_type=product&#038;p=4011"},"modified":"2024-02-28T03:15:43","modified_gmt":"2024-02-28T03:15:43","slug":"body-ad-alta-elasticita-senza-cuciture-in-tinta-unita","status":"publish","type":"product","link":"https:\/\/yume-silm.com\/it\/prodotto\/body-ad-alta-elasticita-senza-cuciture-in-tinta-unita\/","title":{"rendered":"Body senza cuciture ad alta elasticit\u00e0 all&#039;ingrosso: design in tinta unita"},"content":{"rendered":"<h5>Caratteristiche del progetto<\/h5>\n<ul>\n<li><strong>DESIGN SENZA GIUNTE:<\/strong> Questo body senza cuciture ad alta elasticit\u00e0 da noi mostra una silhouette morbida sotto qualsiasi outfit, eliminando le linee visibili e aumentando la sicurezza di chi lo indossa.<\/li>\n<li><strong>TESSUTO ALTAMENTE ELASTICIZZATO:<\/strong> Realizzato in tessuto altamente elasticizzato e di alta qualit\u00e0, questo body modellante da donna pu\u00f2 essere adattato a qualsiasi tipo di corporatura, offrendo un&#039;esperienza di indossamento versatile per persone di tutte le forme e dimensioni.<\/li>\n<li><strong>TINTA UNITA:<\/strong> Il design classico in tinta unita pu\u00f2 essere facilmente abbinato a qualsiasi outfit, questo body modellante senza cavallo sar\u00e0 un must nel tuo armadio.<\/li>\n<li><strong>FIBBIA INFERIORE:<\/strong> L&#039;intimo modellante da donna senza cuciture ha un cavallo aperto lusinghiero per un facile accesso al bagno. I pantaloncini modellanti per il controllo della pancia aggiungono un tocco di praticit\u00e0 all&#039;esperienza complessiva.<\/li>\n<li><strong>LEGGERO E TRASPIRANTE:<\/strong> Questo body modellante a compressione e controllo della pancia \u00e8 realizzato in tessuto leggero e traspirante da indossare tutto il giorno, garantendo comfort in qualsiasi condizione atmosferica.<\/li>\n<\/ul>\n<h6><em>Body modellante da donna in tinta unita, elasticizzato, senza cuciture, con cavallo aperto<\/em><\/h6>\n<ul>\n<li>Il body senza cuciture ad alta elasticit\u00e0 \u00e8 un must per i grossisti che desiderano migliorare la propria collezione. Con il suo mix di comfort e stile, \u00e8 destinato a diventare la scelta migliore tra i clienti. Immergetevi nel mondo degli interi<\/li>\n<\/ul>","protected":false},"excerpt":{"rendered":"<p>Scopri l&#039;epitome dell&#039;eleganza con il nostro body senza cuciture ad alta elasticit\u00e0. Progettato per la donna moderna, questo body presenta un design con bottoni sul cavallo inferiore, garantendo una perfetta combinazione di comfort e stile.<\/p>","protected":false},"featured_media":4027,"comment_status":"open","ping_status":"closed","template":"","meta":{"site-sidebar-layout":"default","site-content-layout":"default","ast-site-content-layout":"default","site-content-style":"default","site-sidebar-style":"default","ast-global-header-display":"","ast-banner-title-visibility":"","ast-main-header-display":"","ast-hfb-above-header-display":"","ast-hfb-below-header-display":"","ast-hfb-mobile-header-display":"","site-post-title":"","ast-breadcrumbs-content":"","ast-featured-img":"","footer-sml-layout":"","ast-disable-related-posts":"","theme-transparent-header-meta":"default","adv-header-id-meta":"","stick-header-meta":"default","header-above-stick-meta":"","header-main-stick-meta":"","header-below-stick-meta":"","astra-migrate-meta-layouts":"set","ast-page-background-enabled":"default","ast-page-background-meta":{"desktop":{"background-color":"","background-image":"","background-repeat":"repeat","background-position":"center center","background-size":"auto","background-attachment":"scroll","background-type":"","background-media":"","overlay-type":"","overlay-color":"","overlay-opacity":"","overlay-gradient":""},"tablet":{"background-color":"","background-image":"","background-repeat":"repeat","background-position":"center center","background-size":"auto","background-attachment":"scroll","background-type":"","background-media":"","overlay-type":"","overlay-color":"","overlay-opacity":"","overlay-gradient":""},"mobile":{"background-color":"","background-image":"","background-repeat":"repeat","background-position":"center center","background-size":"auto","background-attachment":"scroll","background-type":"","background-media":"","overlay-type":"","overlay-color":"","overlay-opacity":"","overlay-gradient":""}},"ast-content-background-meta":{"desktop":{"background-color":"var(--ast-global-color-5)","background-image":"","background-repeat":"repeat","background-position":"center center","background-size":"auto","background-attachment":"scroll","background-type":"","background-media":"","overlay-type":"","overlay-color":"","overlay-opacity":"","overlay-gradient":""},"tablet":{"background-color":"var(--ast-global-color-5)","background-image":"","background-repeat":"repeat","background-position":"center center","background-size":"auto","background-attachment":"scroll","background-type":"","background-media":"","overlay-type":"","overlay-color":"","overlay-opacity":"","overlay-gradient":""},"mobile":{"background-color":"var(--ast-global-color-5)","background-image":"","background-repeat":"repeat","background-position":"center center","background-size":"auto","background-attachment":"scroll","background-type":"","background-media":"","overlay-type":"","overlay-color":"","overlay-opacity":"","overlay-gradient":""}}},"product_brand":[],"product_cat":[77,79,82],"product_tag":[419,136,148,506],"class_list":{"0":"post-4011","1":"product","2":"type-product","3":"status-publish","4":"has-post-thumbnail","6":"product_cat-wholesale-womens-shapewear","7":"product_cat-wholesale-seemless-shaperwear","8":"product_cat-wholesale-shapewear-bodysuit","9":"product_tag-bodysuit","10":"product_tag-bridal","11":"product_tag-one-piece","12":"product_tag-seemless-shapewear","13":"pa_color-beige","14":"pa_color-black","15":"pa_size-l","16":"pa_size-m","17":"pa_size-s","18":"pa_size-xl","19":"desktop-align-center","20":"tablet-align-left","21":"mobile-align-left","22":"ast-product-gallery-layout-horizontal-slider","23":"ast-product-single-variable","24":"ast-product-tabs-layout-horizontal","25":"ast-qv-on-image","27":"first","28":"instock","29":"shipping-taxable","30":"purchasable","31":"product-type-variable"},"tiered_pricing_type":"fixed","tiered_pricing_fixed_rules":{"2":5.99,"30":5.59,"500":4.69},"tiered_pricing_product_settings":{"layout":"default","base_unit_name":{"singular":null,"plural":null},"default_variation":{}},"tiered_pricing_minimum_quantity":null,"tiered_pricing_roles_data":[],"tiered_pricing_percentage_rules":[],"_links":{"self":[{"href":"https:\/\/yume-silm.com\/it\/wp-json\/wp\/v2\/product\/4011","targetHints":{"allow":["GET"]}}],"collection":[{"href":"https:\/\/yume-silm.com\/it\/wp-json\/wp\/v2\/product"}],"about":[{"href":"https:\/\/yume-silm.com\/it\/wp-json\/wp\/v2\/types\/product"}],"replies":[{"embeddable":true,"href":"https:\/\/yume-silm.com\/it\/wp-json\/wp\/v2\/comments?post=4011"}],"wp:featuredmedia":[{"embeddable":true,"href":"https:\/\/yume-silm.com\/it\/wp-json\/wp\/v2\/media\/4027"}],"wp:attachment":[{"href":"https:\/\/yume-silm.com\/it\/wp-json\/wp\/v2\/media?parent=4011"}],"wp:term":[{"taxonomy":"product_brand","embeddable":true,"href":"https:\/\/yume-silm.com\/it\/wp-json\/wp\/v2\/product_brand?post=4011"},{"taxonomy":"product_cat","embeddable":true,"href":"https:\/\/yume-silm.com\/it\/wp-json\/wp\/v2\/product_cat?post=4011"},{"taxonomy":"product_tag","embeddable":true,"href":"https:\/\/yume-silm.com\/it\/wp-json\/wp\/v2\/product_tag?post=4011"}],"curies":[{"name":"wp","href":"https:\/\/api.w.org\/{rel}","templated":true}]}}