{"id":4031,"date":"2023-07-04T05:43:03","date_gmt":"2023-07-04T05:43:03","guid":{"rendered":"https:\/\/yume-silm.com\/?post_type=product&#038;p=4031"},"modified":"2024-02-28T02:13:59","modified_gmt":"2024-02-28T02:13:59","slug":"senza-cuciture-3d-taglio-corsetto-corpo-intero-con-disegno-aperto","status":"publish","type":"product","link":"https:\/\/yume-silm.com\/it\/prodotto\/senza-cuciture-3d-taglio-corsetto-corpo-intero-con-disegno-aperto\/","title":{"rendered":"Corsetto dimagrante elasticizzato in un unico pezzo senza cuciture con cavallo aperto all&#039;ingrosso"},"content":{"rendered":"<h5>Caratteristiche del progetto<\/h5>\n<ul>\n<li><strong>SENZA GIUNTE:<\/strong> La struttura senza cuciture di questo corsetto dimagrante elasticizzato in un unico pezzo senza cuciture con cavallo aperto \u00e8 ben realizzata. Pu\u00f2 essere reso invisibile sotto i vestiti, nessuno sapr\u00e0 che lo indossi ma noter\u00e0 che hai un aspetto migliore e ti senti meglio.<\/li>\n<li><strong>CAVALLO APERTO:<\/strong> Il design con cavallo apribile del body da donna \u00e8 molto comodo per risolvere il problema di andare in bagno. Puoi farlo senza dover rimuovere tutti i vestiti. Ti sentirai molto sicura e adorabile quando indosserai questa biancheria intima modellante attillata per tutto il corpo da donna.<\/li>\n<li><strong>VERSATILE:<\/strong> I corsetti da donna non si arrotolano su e gi\u00f9 facilmente, sono facili da modellare per tutto il corpo, perfetti per il fascino curvy delle donne. I nostri pantaloncini modellanti da donna possono essere abbinati a tutti i vestiti che preferisci, come gonne, jeans, abiti e cos\u00ec via. Perfetto per il tempo libero quotidiano, il lavoro, gli appuntamenti, lo shopping, le feste, i cocktail party e le gite.<\/li>\n<li><strong>MULTIFUNZIONALE:<\/strong> Puoi essere completamente sicuro che questo intimo modellante dimagrante pu\u00f2 aiutarti a levigare la pancia flaccida dopo il parto e la vita flaccida il prima possibile. Aiutarti a ritrovare la tua migliore figura a clessidra. Sollevamento dell&#039;anca per un bel sedere color pesca. Inoltre, riduce la ciccia delle cosce e ti fa apparire e sentire meglio nel complesso.<\/li>\n<\/ul>\n<h6><em>Shaper completo per il corpo con sollevatore di testa elastico e senza cuciture per donna<\/em><\/h6>\n<ul>\n<li><strong>LISCIO E CONFORTEVOLE:<\/strong> nylon, spandex. Il nostro intimo modellante da donna senza cuciture e senza cavallo \u00e8 realizzato con tessuti di alta qualit\u00e0. Sono molto elastici e resistenti. E sono lisci e lusinghieri sulla pelle per un&#039;esperienza fantastica.<\/li>\n<li><strong>SEMPLICE E ALLA MODA:<\/strong> La semplicit\u00e0 complessiva del body modellante per addominoplastica e sollevamento dei fianchi dopo il parto \u00e8 elegante e comodo da indossare, rendendolo uno degli indumenti modellanti indispensabili per il tuo armadio. Il corsetto elasticizzato e dimagrante \u00e8 il miglior regalo per ogni donna a cui piace prendersi cura della propria figura. Adatto a neo mamme, compleanni, festa della mamma, matrimoni, Natale, Ringraziamento.<\/li>\n<\/ul>","protected":false},"excerpt":{"rendered":"<p>Migliora la tua collezione con il nostro corsetto dimagrante elasticizzato in un unico pezzo senza cuciture con cavallo aperto. Progettato per la donna esigente, questo capo vanta un design aperto per indossarlo facilmente, garantendo un comfort senza pari mentre scolpisce e valorizza la figura.<\/p>","protected":false},"featured_media":4051,"comment_status":"open","ping_status":"closed","template":"","meta":{"site-sidebar-layout":"default","site-content-layout":"default","ast-site-content-layout":"default","site-content-style":"default","site-sidebar-style":"default","ast-global-header-display":"","ast-banner-title-visibility":"","ast-main-header-display":"","ast-hfb-above-header-display":"","ast-hfb-below-header-display":"","ast-hfb-mobile-header-display":"","site-post-title":"","ast-breadcrumbs-content":"","ast-featured-img":"","footer-sml-layout":"","ast-disable-related-posts":"","theme-transparent-header-meta":"default","adv-header-id-meta":"","stick-header-meta":"default","header-above-stick-meta":"","header-main-stick-meta":"","header-below-stick-meta":"","astra-migrate-meta-layouts":"set","ast-page-background-enabled":"default","ast-page-background-meta":{"desktop":{"background-color":"","background-image":"","background-repeat":"repeat","background-position":"center center","background-size":"auto","background-attachment":"scroll","background-type":"","background-media":"","overlay-type":"","overlay-color":"","overlay-opacity":"","overlay-gradient":""},"tablet":{"background-color":"","background-image":"","background-repeat":"repeat","background-position":"center center","background-size":"auto","background-attachment":"scroll","background-type":"","background-media":"","overlay-type":"","overlay-color":"","overlay-opacity":"","overlay-gradient":""},"mobile":{"background-color":"","background-image":"","background-repeat":"repeat","background-position":"center center","background-size":"auto","background-attachment":"scroll","background-type":"","background-media":"","overlay-type":"","overlay-color":"","overlay-opacity":"","overlay-gradient":""}},"ast-content-background-meta":{"desktop":{"background-color":"var(--ast-global-color-5)","background-image":"","background-repeat":"repeat","background-position":"center center","background-size":"auto","background-attachment":"scroll","background-type":"","background-media":"","overlay-type":"","overlay-color":"","overlay-opacity":"","overlay-gradient":""},"tablet":{"background-color":"var(--ast-global-color-5)","background-image":"","background-repeat":"repeat","background-position":"center center","background-size":"auto","background-attachment":"scroll","background-type":"","background-media":"","overlay-type":"","overlay-color":"","overlay-opacity":"","overlay-gradient":""},"mobile":{"background-color":"var(--ast-global-color-5)","background-image":"","background-repeat":"repeat","background-position":"center center","background-size":"auto","background-attachment":"scroll","background-type":"","background-media":"","overlay-type":"","overlay-color":"","overlay-opacity":"","overlay-gradient":""}}},"product_brand":[],"product_cat":[65,76,77,79,78],"product_tag":[135,136,137,148],"class_list":{"0":"post-4031","1":"product","2":"type-product","3":"status-publish","4":"has-post-thumbnail","6":"product_cat-best-sellers","7":"product_cat-new-arrivels","8":"product_cat-wholesale-womens-shapewear","9":"product_cat-wholesale-seemless-shaperwear","10":"product_cat-wholesale-full-body-shaper","11":"product_tag-all-in-one","12":"product_tag-bridal","13":"product_tag-butt-lift","14":"product_tag-one-piece","15":"pa_color-beige","16":"pa_color-black","17":"pa_size-l","18":"pa_size-m","19":"pa_size-s","20":"pa_size-xl","21":"pa_size-xxl","22":"pa_size-xxxl","23":"desktop-align-center","24":"tablet-align-left","25":"mobile-align-left","26":"ast-product-gallery-layout-horizontal-slider","27":"ast-product-single-variable","28":"ast-product-tabs-layout-horizontal","29":"ast-qv-on-image","31":"first","32":"instock","33":"shipping-taxable","34":"purchasable","35":"product-type-variable"},"tiered_pricing_type":"fixed","tiered_pricing_fixed_rules":{"2":4.69,"30":4.39,"500":3.59},"tiered_pricing_product_settings":{"layout":"default","base_unit_name":{"singular":null,"plural":null},"default_variation":{}},"tiered_pricing_minimum_quantity":null,"tiered_pricing_roles_data":[],"tiered_pricing_percentage_rules":[],"_links":{"self":[{"href":"https:\/\/yume-silm.com\/it\/wp-json\/wp\/v2\/product\/4031","targetHints":{"allow":["GET"]}}],"collection":[{"href":"https:\/\/yume-silm.com\/it\/wp-json\/wp\/v2\/product"}],"about":[{"href":"https:\/\/yume-silm.com\/it\/wp-json\/wp\/v2\/types\/product"}],"replies":[{"embeddable":true,"href":"https:\/\/yume-silm.com\/it\/wp-json\/wp\/v2\/comments?post=4031"}],"wp:featuredmedia":[{"embeddable":true,"href":"https:\/\/yume-silm.com\/it\/wp-json\/wp\/v2\/media\/4051"}],"wp:attachment":[{"href":"https:\/\/yume-silm.com\/it\/wp-json\/wp\/v2\/media?parent=4031"}],"wp:term":[{"taxonomy":"product_brand","embeddable":true,"href":"https:\/\/yume-silm.com\/it\/wp-json\/wp\/v2\/product_brand?post=4031"},{"taxonomy":"product_cat","embeddable":true,"href":"https:\/\/yume-silm.com\/it\/wp-json\/wp\/v2\/product_cat?post=4031"},{"taxonomy":"product_tag","embeddable":true,"href":"https:\/\/yume-silm.com\/it\/wp-json\/wp\/v2\/product_tag?post=4031"}],"curies":[{"name":"wp","href":"https:\/\/api.w.org\/{rel}","templated":true}]}}