{"id":4093,"date":"2023-07-10T08:35:01","date_gmt":"2023-07-10T08:35:01","guid":{"rendered":"https:\/\/yume-silm.com\/?post_type=product&#038;p=4093"},"modified":"2025-05-26T00:44:22","modified_gmt":"2025-05-26T00:44:22","slug":"pantaloni-da-sollevamento-pesi-a-vita-alta-comodi-e-stretch-da-donna-con-cavallo-aperto","status":"publish","type":"product","link":"https:\/\/yume-silm.com\/it\/prodotto\/pantaloni-da-sollevamento-pesi-a-vita-alta-comodi-e-stretch-da-donna-con-cavallo-aperto\/","title":{"rendered":"Cinghie staccabili e regolabili Pantaloncini modellanti taglie forti"},"content":{"rendered":"<h5>Caratteristiche del progetto<\/h5>\n<ul>\n<li data-slate-node=\"element\"><span data-slate-node=\"text\"><span class=\"00\" data-slate-leaf=\"true\"><strong>DESIGN A VITA ALTA:<\/strong> Il design a vita alta \u00e8 attentamente progettato per valorizzare la figura, la nostra biancheria intima modellante leviga il punto vita per un aspetto liscio e tridimensionale.<\/span><\/span><\/li>\n<li data-slate-node=\"element\"><span data-slate-node=\"text\"><span class=\"21\" data-slate-leaf=\"true\"><strong>FUNZIONE DI SOLLEVAMENTO DEL CALCIO:<\/strong> Puoi migliorare le tue curve naturali e aumentare la tua autostima con lo straordinario effetto lifting del sedere di questa biancheria intima taglie forti a vita alta.<\/span><\/span><\/li>\n<li data-slate-node=\"element\"><span data-slate-node=\"text\"><span class=\"41\" data-slate-leaf=\"true\"><strong>ELASTICIZZAZIONE DI LUNGA DURATA:<\/strong> I pantaloncini modellanti ad alta elasticit\u00e0 sono realizzati in tessuto elasticizzato con elevata elasticit\u00e0 per un&#039;usura duratura. <\/span><\/span><span data-slate-node=\"text\"><span class=\"42\" data-slate-leaf=\"true\">Il tessuto si adatta perfettamente e comodamente, garantendo comfort per tutto il giorno senza perdere il senso dello stile.<\/span><\/span><\/li>\n<li data-slate-node=\"element\"><span data-slate-node=\"text\"><span class=\"61\" data-slate-leaf=\"true\"><strong>CHIUSURA CON DOPPIA ZIP:<\/strong> Questi pantaloncini per il sollevamento dei fianchi con cinghia per ridurre la pancia da noi sono comodi e pratici. <\/span><\/span><span data-slate-node=\"text\"><span class=\"62\" data-slate-leaf=\"true\">La parte anteriore del body modellante \u00e8 realizzata con un doppio strato di cerniere e ganci, che garantisce una facile indossabilit\u00e0 e rimozione, nonch\u00e9 una doppia compressione dell&#039;addome per un migliore effetto snellente.<\/span><\/span><\/li>\n<li data-slate-node=\"element\" data-slate-fragment=\"JTVCJTdCJTIydHlwZSUyMiUzQSUyMnBhcmFncmFwaCUyMiUyQyUyMmNoaWxkcmVuJTIyJTNBJTVCJTdCJTIydGV4dCUyMiUzQSUyMkhJR0glMjBXQUlTVCUyMERFU0lHTiUzQSUyMEhpZ2glMjB3YWlzdCUyMGRlc2lnbiUyMGlzJTIwY2FyZWZ1bGx5JTIwZGVzaWduZWQlMjB0byUyMGVuaGFuY2UlMjB0aGUlMjBmaWd1cmUlMkMlMjBvdXIlMjBzaGFwZXdlYXIlMjB1bmRlcndlYXIlMjBzbW9vdGhlcyUyMG91dCUyMHRoZSUyMHdhaXN0bGluZSUyMGZvciUyMGElMjBzbW9vdGglMjBhbmQlMjB0aHJlZS1kaW1lbnNpb25hbCUyMGxvb2suJTIyJTJDJTIyc2VudGVuY2UlMjIlM0EwJTJDJTIyY2hpbGRTZW50ZW5jZSUyMiUzQTAlN0QlNUQlN0QlMkMlN0IlMjJ0eXBlJTIyJTNBJTIycGFyYWdyYXBoJTIyJTJDJTIyY2hpbGRyZW4lMjIlM0ElNUIlN0IlMjJ0ZXh0JTIyJTNBJTIyJTIyJTJDJTIyc2VudGVuY2UlMjIlM0ExJTJDJTIyY2hpbGRTZW50ZW5jZSUyMiUzQTElN0QlNUQlN0QlMkMlN0IlMjJ0eXBlJTIyJTNBJTIycGFyYWdyYXBoJTIyJTJDJTIyY2hpbGRyZW4lMjIlM0ElNUIlN0IlMjJ0ZXh0JTIyJTNBJTIyQlVUVCUyMExJRlRJTkclMjBGVU5DVElPTiUzQSUyMFlvdSUyMGNhbiUyMGVuaGFuY2UlMjB5b3VyJTIwbmF0dXJhbCUyMGN1cnZlcyUyMGFuZCUyMGJvb3N0JTIweW91ciUyMHNlbGYtY29uZmlkZW5jZSUyMHdpdGglMjB0aGlzJTIwaGlnaCUyMHdhaXN0JTIwcGx1cyUyMHNpemUlMjB1bmRlcndlYXIncyUyMHJlbWFya2FibGUlMjBidXR0JTIwbGlmdGluZyUyMGVmZmVjdC4lMjIlMkMlMjJzZW50ZW5jZSUyMiUzQTIlMkMlMjJjaGlsZFNlbnRlbmNlJTIyJTNBMSU3RCU1RCU3RCUyQyU3QiUyMnR5cGUlMjIlM0ElMjJwYXJhZ3JhcGglMjIlMkMlMjJjaGlsZHJlbiUyMiUzQSU1QiU3QiUyMnRleHQlMjIlM0ElMjIlMjIlMkMlMjJzZW50ZW5jZSUyMiUzQTMlMkMlMjJjaGlsZFNlbnRlbmNlJTIyJTNBMSU3RCU1RCU3RCUyQyU3QiUyMnR5cGUlMjIlM0ElMjJwYXJhZ3JhcGglMjIlMkMlMjJjaGlsZHJlbiUyMiUzQSU1QiU3QiUyMnRleHQlMjIlM0ElMjJMT05HJTIwTEFTVElORyUyMFNUUkVUQ0glM0ElMjBUaGUlMjBoaWdoJTIwZWxhc3RpYyUyMHNoYXBpbmclMjBzaG9ydHMlMjBpcyUyMG1hZGUlMjBvZiUyMHN0cmV0Y2glMjBmYWJyaWMlMjB3aXRoJTIwaGlnaCUyMGVsYXN0aWNpdHklMjBmb3IlMjBsb25nLWxhc3RpbmclMjB3ZWFyLiUyMCUyMiUyQyUyMnNlbnRlbmNlJTIyJTNBNCUyQyUyMmNoaWxkU2VudGVuY2UlMjIlM0ExJTdEJTJDJTdCJTIydGV4dCUyMiUzQSUyMlRoZSUyMGZhYnJpYyUyMGZpdHMlMjBzbnVnbHklMjBhbmQlMjBjb21mb3J0YWJseSUyQyUyMGVuc3VyaW5nJTIwYWxsLWRheSUyMGNvbWZvcnQlMjB3aXRob3V0JTIwbG9zaW5nJTIweW91ciUyMHNlbnNlJTIwb2YlMjBzdHlsZS4lMjIlMkMlMjJzZW50ZW5jZSUyMiUzQTQlMkMlMjJjaGlsZFNlbnRlbmNlJTIyJTNBMiU3RCU1RCU3RCUyQyU3QiUyMnR5cGUlMjIlM0ElMjJwYXJhZ3JhcGglMjIlMkMlMjJjaGlsZHJlbiUyMiUzQSU1QiU3QiUyMnRleHQlMjIlM0ElMjIlMjIlMkMlMjJzZW50ZW5jZSUyMiUzQTUlMkMlMjJjaGlsZFNlbnRlbmNlJTIyJTNBMSU3RCU1RCU3RCUyQyU3QiUyMnR5cGUlMjIlM0ElMjJwYXJhZ3JhcGglMjIlMkMlMjJjaGlsZHJlbiUyMiUzQSU1QiU3QiUyMnRleHQlMjIlM0ElMjJET1VCTEUlMjBaSVBQRVIlMjBDTE9TVVJFJTNBJTIwVGhpcyUyMGJlbGx5JTIwcmVkdWNpbmclMjBzdHJhcCUyMGhpcCUyMGxpZnRpbmclMjBzaG9ydHMlMjBmcm9tJTIwdXMlMjBpcyUyMGNvbnZlbmllbnQlMjBhbmQlMjBwcmFjdGljYWwuJTIwJTIyJTJDJTIyc2VudGVuY2UlMjIlM0E2JTJDJTIyY2hpbGRTZW50ZW5jZSUyMiUzQTElN0QlMkMlN0IlMjJ0ZXh0JTIyJTNBJTIyVGhlJTIwZnJvbnQlMjBvZiUyMHRoZSUyMHNoYXBld2VhciUyMGlzJTIwbWFkZSUyMHdpdGglMjBhJTIwZG91YmxlJTIwbGF5ZXIlMjBvZiUyMHppcHBlcnMlMjBhbmQlMjBob29rcyUyQyUyMHdoaWNoJTIwZW5zdXJlcyUyMGVhc3klMjBvbiUyMGFuZCUyMG9mZiUyMGFzJTIwd2VsbCUyMGFzJTIwZG91YmxlJTIwY29tcHJlc3Npb24lMjBvZiUyMHRoZSUyMGFiZG9tZW4lMjBmb3IlMjBhJTIwYmV0dGVyJTIwc2xpbW1pbmclMjBlZmZlY3QuJTIyJTJDJTIyc2VudGVuY2UlMjIlM0E2JTJDJTIyY2hpbGRTZW50ZW5jZSUyMiUzQTIlN0QlNUQlN0QlMkMlN0IlMjJ0eXBlJTIyJTNBJTIycGFyYWdyYXBoJTIyJTJDJTIyY2hpbGRyZW4lMjIlM0ElNUIlN0IlMjJ0ZXh0JTIyJTNBJTIyJTIyJTJDJTIyc2VudGVuY2UlMjIlM0E3JTJDJTIyY2hpbGRTZW50ZW5jZSUyMiUzQTElN0QlNUQlN0QlMkMlN0IlMjJ0eXBlJTIyJTNBJTIycGFyYWdyYXBoJTIyJTJDJTIyY2hpbGRyZW4lMjIlM0ElNUIlN0IlMjJ0ZXh0JTIyJTNBJTIyQ1JPVENIJTIwT1BFTiUzQSUyMFRoZSUyMGNyb3RjaCUyMHppcHBlciUyMG9mJTIwdGhlJTIwd29tZW4lMjBib2R5JTIwc2hhcGVyJTIwc2VhbWxlc3MlMjBmaXJtJTIwY29udHJvbCUyMGlzJTIwY2xvc2VkJTJDJTIwYW5kJTIwaXQlMjBjYW4lMjBiZSUyMGVhc2lseSUyMG9wZW5lZCUyMG9yJTIwY2xvc2VkJTIwdG8lMjBzb2x2ZSUyMHRoZSUyMHByb2JsZW0lMjBvZiUyMGdvaW5nJTIwdG8lMjB0aGUlMjB0b2lsZXQlMjBhdCUyMGFueSUyMHRpbWUlMkMlMjB3aGljaCUyMGlzJTIwdmVyeSUyMHByYWN0aWNhbC4lMjIlMkMlMjJzZW50ZW5jZSUyMiUzQTglMkMlMjJjaGlsZFNlbnRlbmNlJTIyJTNBMSU3RCU1RCU3RCU1RA==\"><span data-slate-node=\"text\"><span class=\"81\" data-slate-leaf=\"true\"><strong>CAVALLO APERTO:<\/strong> La cerniera sul cavallo del body shaper da donna senza cuciture e controllo fermo \u00e8 chiusa e pu\u00f2 essere facilmente aperta o chiusa per risolvere il problema di andare in bagno in qualsiasi momento, il che \u00e8 molto pratico.<\/span><\/span><\/li>\n<\/ul>\n<h6><em>Intimo modellante modellante da donna taglie forti in pizzo per il controllo della pancia<\/em><\/h6>\n<ul>\n<li data-slate-node=\"element\"><span class=\"\" data-slate-node=\"text\"><span class=\"101\" data-slate-leaf=\"true\"><span data-slate-string=\"true\"><strong>CINTURINI RIMOVIBILI E REGOLABILI:<\/strong> Le spalline staccabili e regolabili pi\u00f9 le spalline dei pantaloncini modellanti possono essere rimosse direttamente e indossate come pantaloncini; possono anche essere regolati per il comfort in base alla tua altezza, ecc. <\/span><\/span><\/span><span class=\"\" data-slate-node=\"text\"><span class=\"102\" data-slate-leaf=\"true\"><span data-slate-string=\"true\">Non preoccuparti, i bordi hanno strisce antiarricciatura e orlo in pizzo. <\/span><\/span><\/span><span data-slate-node=\"text\"><span class=\"103\" data-slate-leaf=\"true\">Puoi fare quello che vuoi perch\u00e9 le strisce di silicone garantiscono una vestibilit\u00e0 sicura. <\/span><\/span><span data-slate-node=\"text\"><span class=\"104\" data-slate-leaf=\"true\">Anche il pizzo sottolinea l&#039;eleganza e il fascino.<\/span><\/span><\/li>\n<li data-slate-node=\"element\" data-slate-fragment=\"JTVCJTdCJTIydHlwZSUyMiUzQSUyMnBhcmFncmFwaCUyMiUyQyUyMmNoaWxkcmVuJTIyJTNBJTVCJTdCJTIydGV4dCUyMiUzQSUyMlJFTU9WQUJMRSUyMEFORCUyMEFESlVTVEFCTEUlMjBTVFJBUFMlM0ElMjBUaGUlMjBkZXRhY2hhYmxlJTIwYW5kJTIwYWRqdXN0YWJsZSUyMHN0cmFwcyUyMHBsdXMlMjBzaXplJTIwc2hhcGV3ZWFyJTIwc2hvcnRzJ3MlMjBzdHJhcHMlMjBjYW4lMjBiZSUyMHJlbW92ZWQlMjBkaXJlY3RseSUyMGFuZCUyMHdvcm4lMjBhcyUyMHNob3J0cyUzQiUyMHRoZXklMjBjYW4lMjBhbHNvJTIwYmUlMjBhZGp1c3RlZCUyMGZvciUyMGNvbWZvcnQlMjBhY2NvcmRpbmclMjB0byUyMHlvdXIlMjBoZWlnaHQlMkMlMjBldGMuJTIwJTIyJTJDJTIyc2VudGVuY2UlMjIlM0ExMCUyQyUyMmNoaWxkU2VudGVuY2UlMjIlM0ExJTdEJTJDJTdCJTIydGV4dCUyMiUzQSUyMkRvbid0JTIwd29ycnklMkMlMjB0aGUlMjBlZGdlcyUyMGhhdmUlMjBhbnRpLWN1cmwlMjBzdHJpcHMlMjBhbmQlMjBhJTIwbGFjZSUyMGhlbS4lMjAlMjIlMkMlMjJzZW50ZW5jZSUyMiUzQTEwJTJDJTIyY2hpbGRTZW50ZW5jZSUyMiUzQTIlN0QlMkMlN0IlMjJ0ZXh0JTIyJTNBJTIyWW91JTIwY2FuJTIwZG8lMjB3aGF0ZXZlciUyMHlvdSUyMHdhbnQlMjBiZWNhdXNlJTIwdGhlJTIwc2lsaWNvbmUlMjBzdHJpcHMlMjBwcm92aWRlJTIwYSUyMHNlY3VyZSUyMGZpdC4lMjAlMjIlMkMlMjJzZW50ZW5jZSUyMiUzQTEwJTJDJTIyY2hpbGRTZW50ZW5jZSUyMiUzQTMlN0QlMkMlN0IlMjJ0ZXh0JTIyJTNBJTIyVGhlJTIwbGFjZSUyMGFsc28lMjBlbXBoYXNpemVzJTIwZWxlZ2FuY2UlMjBhbmQlMjBjaGFybS4lMjIlMkMlMjJzZW50ZW5jZSUyMiUzQTEwJTJDJTIyY2hpbGRTZW50ZW5jZSUyMiUzQTQlN0QlNUQlN0QlMkMlN0IlMjJ0eXBlJTIyJTNBJTIycGFyYWdyYXBoJTIyJTJDJTIyY2hpbGRyZW4lMjIlM0ElNUIlN0IlMjJ0ZXh0JTIyJTNBJTIyJTIyJTJDJTIyc2VudGVuY2UlMjIlM0ExMSUyQyUyMmNoaWxkU2VudGVuY2UlMjIlM0ExJTdEJTVEJTdEJTJDJTdCJTIydHlwZSUyMiUzQSUyMnBhcmFncmFwaCUyMiUyQyUyMmNoaWxkcmVuJTIyJTNBJTVCJTdCJTIydGV4dCUyMiUzQSUyMkZBU0hJT05BQkxFJTIwQU5EJTIwVkVSU0FUSUxFJTNBJTIwVGhpcyUyMGRldGFjaGFibGUlMjBhbmQlMjBhZGp1c3RhYmxlJTIwc3RyYXBzJTIwcGx1cyUyMHNpemUlMjBzaGFwZXdlYXIlMjBzaG9ydHMlMjBjYW4lMjBiZSUyMHNlYW1sZXNzbHklMjBzaGFwZWQlMjB1bmRlciUyMGFueSUyMGNsb3RoaW5nJTIwd2l0aCUyMGhpZ2glMjBhZGFwdGFiaWxpdHklMkMlMjB3aGljaCUyMGlzJTIwYSUyMG11c3QtaGF2ZSUyMGl0ZW0lMjBpbiUyMHlvdXIlMjBjbG9zZXQuJTIwJTIyJTJDJTIyc2VudGVuY2UlMjIlM0ExMiUyQyUyMmNoaWxkU2VudGVuY2UlMjIlM0ExJTdEJTJDJTdCJTIydGV4dCUyMiUzQSUyMlN1aXRhYmxlJTIwZm9yJTIwZGFpbHklMjB3ZWFyJTIwYW5kJTIwc29tZSUyMGZvcm1hbCUyMG9jY2FzaW9ucyUyQyUyMHN1Y2glMjBhcyUyMGdvaW5nJTIwdG8lMjB3b3JrJTJDJTIwb3V0ZG9vciUyQyUyMGRhdGluZyUyQyUyMGF0dGVuZGluZyUyMHBhcnRpZXMlMkMlMjBjb2NrdGFpbCUyMGV2ZW5pbmdzJTJDJTIwZXRjLiUyMCUyMiUyQyUyMnNlbnRlbmNlJTIyJTNBMTIlMkMlMjJjaGlsZFNlbnRlbmNlJTIyJTNBMiU3RCUyQyU3QiUyMnRleHQlMjIlM0ElMjJXaXRoJTIwaXQlMkMlMjB5b3UlMjBjYW4lMjBzaG93JTIweW91ciUyMGhvdXJnbGFzcyUyMGZpZ3VyZSUyMHdpdGglMjBjb25maWRlbmNlLiUyMiUyQyUyMnNlbnRlbmNlJTIyJTNBMTIlMkMlMjJjaGlsZFNlbnRlbmNlJTIyJTNBMyU3RCU1RCU3RCU1RA==\"><span data-slate-node=\"text\"><span class=\"121\" data-slate-leaf=\"true\"><strong>ALLA MODA E VERSATILE:<\/strong> Questi pantaloncini modellanti con spalline staccabili e regolabili e taglie forti possono essere modellati senza problemi sotto qualsiasi abbigliamento con elevata adattabilit\u00e0, che \u00e8 un articolo indispensabile nel tuo armadio. <\/span><\/span><span data-slate-node=\"text\"><span class=\"122\" data-slate-leaf=\"true\">Adatto per l&#039;uso quotidiano e per alcune occasioni formali, come andare al lavoro, all&#039;aperto, uscire, partecipare a feste, cocktail serali, ecc. <\/span><\/span><span data-slate-node=\"text\"><span class=\"123\" data-slate-leaf=\"true\">Con esso, puoi mostrare la tua figura a clessidra con sicurezza.<\/span><\/span><\/li>\n<\/ul>","protected":false},"excerpt":{"rendered":"<p>Scopri il segreto di una silhouette scolpita con i nostri pantaloncini modellanti taglie forti con spalline staccabili e regolabili. Con un cavallo aperto per comodit\u00e0 e un design incentrato su comfort e funzionalit\u00e0, questi pantaloni ridefiniscono l&#039;eleganza dello shapewear.<\/p>","protected":false},"featured_media":4117,"comment_status":"open","ping_status":"closed","template":"","meta":{"site-sidebar-layout":"default","site-content-layout":"default","ast-site-content-layout":"default","site-content-style":"default","site-sidebar-style":"default","ast-global-header-display":"","ast-banner-title-visibility":"","ast-main-header-display":"","ast-hfb-above-header-display":"","ast-hfb-below-header-display":"","ast-hfb-mobile-header-display":"","site-post-title":"","ast-breadcrumbs-content":"","ast-featured-img":"","footer-sml-layout":"","ast-disable-related-posts":"","theme-transparent-header-meta":"default","adv-header-id-meta":"","stick-header-meta":"default","header-above-stick-meta":"","header-main-stick-meta":"","header-below-stick-meta":"","astra-migrate-meta-layouts":"set","ast-page-background-enabled":"default","ast-page-background-meta":{"desktop":{"background-color":"","background-image":"","background-repeat":"repeat","background-position":"center center","background-size":"auto","background-attachment":"scroll","background-type":"","background-media":"","overlay-type":"","overlay-color":"","overlay-opacity":"","overlay-gradient":""},"tablet":{"background-color":"","background-image":"","background-repeat":"repeat","background-position":"center center","background-size":"auto","background-attachment":"scroll","background-type":"","background-media":"","overlay-type":"","overlay-color":"","overlay-opacity":"","overlay-gradient":""},"mobile":{"background-color":"","background-image":"","background-repeat":"repeat","background-position":"center center","background-size":"auto","background-attachment":"scroll","background-type":"","background-media":"","overlay-type":"","overlay-color":"","overlay-opacity":"","overlay-gradient":""}},"ast-content-background-meta":{"desktop":{"background-color":"var(--ast-global-color-5)","background-image":"","background-repeat":"repeat","background-position":"center center","background-size":"auto","background-attachment":"scroll","background-type":"","background-media":"","overlay-type":"","overlay-color":"","overlay-opacity":"","overlay-gradient":""},"tablet":{"background-color":"var(--ast-global-color-5)","background-image":"","background-repeat":"repeat","background-position":"center center","background-size":"auto","background-attachment":"scroll","background-type":"","background-media":"","overlay-type":"","overlay-color":"","overlay-opacity":"","overlay-gradient":""},"mobile":{"background-color":"var(--ast-global-color-5)","background-image":"","background-repeat":"repeat","background-position":"center center","background-size":"auto","background-attachment":"scroll","background-type":"","background-media":"","overlay-type":"","overlay-color":"","overlay-opacity":"","overlay-gradient":""}}},"product_brand":[],"product_cat":[65,77,80],"product_tag":[137,141,134,154,184],"class_list":{"0":"post-4093","1":"product","2":"type-product","3":"status-publish","4":"has-post-thumbnail","6":"product_cat-best-sellers","7":"product_cat-wholesale-womens-shapewear","8":"product_cat-wholesale-butt-lift-underwear","9":"product_tag-butt-lift","10":"product_tag-plus-size","11":"product_tag-tummy-tucker","12":"product_tag-with-hooks","13":"product_tag-zipper","14":"pa_color-beige","15":"pa_color-black","16":"pa_size-4xl","17":"pa_size-5xl","18":"pa_size-6xl","19":"pa_size-l","20":"pa_size-m","21":"pa_size-s","22":"pa_size-xs","23":"pa_size-xxl","24":"pa_size-xxxl","25":"desktop-align-center","26":"tablet-align-left","27":"mobile-align-left","28":"ast-product-gallery-layout-horizontal-slider","29":"ast-product-single-variable","30":"ast-product-tabs-layout-horizontal","31":"ast-qv-on-image","33":"first","34":"instock","35":"shipping-taxable","36":"purchasable","37":"product-type-variable"},"tiered_pricing_type":"fixed","tiered_pricing_fixed_rules":{"2":10.99,"30":10.29,"500":8.59},"tiered_pricing_product_settings":{"layout":"default","base_unit_name":{"singular":null,"plural":null},"default_variation":{}},"tiered_pricing_minimum_quantity":null,"tiered_pricing_roles_data":[],"tiered_pricing_percentage_rules":[],"_links":{"self":[{"href":"https:\/\/yume-silm.com\/it\/wp-json\/wp\/v2\/product\/4093","targetHints":{"allow":["GET"]}}],"collection":[{"href":"https:\/\/yume-silm.com\/it\/wp-json\/wp\/v2\/product"}],"about":[{"href":"https:\/\/yume-silm.com\/it\/wp-json\/wp\/v2\/types\/product"}],"replies":[{"embeddable":true,"href":"https:\/\/yume-silm.com\/it\/wp-json\/wp\/v2\/comments?post=4093"}],"wp:featuredmedia":[{"embeddable":true,"href":"https:\/\/yume-silm.com\/it\/wp-json\/wp\/v2\/media\/4117"}],"wp:attachment":[{"href":"https:\/\/yume-silm.com\/it\/wp-json\/wp\/v2\/media?parent=4093"}],"wp:term":[{"taxonomy":"product_brand","embeddable":true,"href":"https:\/\/yume-silm.com\/it\/wp-json\/wp\/v2\/product_brand?post=4093"},{"taxonomy":"product_cat","embeddable":true,"href":"https:\/\/yume-silm.com\/it\/wp-json\/wp\/v2\/product_cat?post=4093"},{"taxonomy":"product_tag","embeddable":true,"href":"https:\/\/yume-silm.com\/it\/wp-json\/wp\/v2\/product_tag?post=4093"}],"curies":[{"name":"wp","href":"https:\/\/api.w.org\/{rel}","templated":true}]}}