{"id":4121,"date":"2023-07-10T09:10:48","date_gmt":"2023-07-10T09:10:48","guid":{"rendered":"https:\/\/yume-silm.com\/?post_type=product&#038;p=4121"},"modified":"2024-11-08T08:36:02","modified_gmt":"2024-11-08T08:36:02","slug":"body-elegante-in-gomma-con-cerniera-al-petto","status":"publish","type":"product","link":"https:\/\/yume-silm.com\/it\/prodotto\/body-elegante-in-gomma-con-cerniera-al-petto\/","title":{"rendered":"Corsetto body in pizzo a busto aperto da donna all&#039;ingrosso"},"content":{"rendered":"<h5>Caratteristiche del progetto<\/h5>\n<ul>\n<li><strong>CONFORTEVOLE E DUREVOLE:<\/strong> Questo body modellante liscio \u00e8 realizzato in materiale elastico che fornisce un supporto robusto e flessibile. Liscio e confortevole mentre indossi il modellante.<\/li>\n<li><strong>CERNIERA E GANCIO:<\/strong> Questo nostro body modellante per intimo perizoma \u00e8 progettato con una cerniera e un gancio nella parte anteriore per il controllo a doppio strato. Pratico ed elegante, facile da indossare e da togliere, migliora l&#039;esperienza complessiva dell&#039;utente.<\/li>\n<li><strong>DECORAZIONE IN PIZZO:<\/strong> Il fianco del body modellante in pizzo sexy da donna \u00e8 progettato con dettagli in pizzo triangolare, che aggiungono un tocco di femminilit\u00e0 e migliorano l&#039;estetica senza compromettere la funzionalit\u00e0.<\/li>\n<li><strong>CAVALLO APERTO:<\/strong> Il cavallo perizoma di questa biancheria intima aperta pu\u00f2 essere facilmente aperto e chiuso. \u00c8 una buona soluzione al problema delle pause di emergenza nel bagno durante i viaggi all&#039;aperto o in ufficio, ecc.<\/li>\n<li><strong>MODELLAZIONE COMPLETA DEL CORPO:<\/strong> Progettato per modellare tutto il corpo, questo pezzo unico fornisce supporto per busto, vita, fianchi e cosce per garantire una silhouette snella.<\/li>\n<li><strong>VERSATILE:<\/strong> Nonostante l&#039;effetto modellante, questo corsetto modellante per il corpo snellente \u00e8 comodo da indossare tutto il giorno e pu\u00f2 essere indossato con qualsiasi outfit, rendendolo un capo versatile dell&#039;armadio. Ideale per darti forma al lavoro, allo shopping, ai matrimoni, agli appuntamenti e altro ancora.<\/li>\n<\/ul>\n<h6><em>Body modellante per la pancia da donna a busto aperto con pizzo<\/em><\/h6>\n<ul>\n<li>In sintesi, il corsetto body in pizzo a busto aperto da donna con cerniera sul petto \u00e8 un pezzo essenziale per i grossisti che desiderano offrire prodotti di alto livello. Con il suo mix di stile e funzionalit\u00e0, \u00e8 destinato a diventare il preferito dai clienti. Tuffati nel mondo della vendita all&#039;ingrosso con questo pezzo straordinario. Ordina adesso!<\/li>\n<\/ul>","protected":false},"excerpt":{"rendered":"<p>Migliora la tua collezione con il corsetto body in pizzo a busto aperto da donna. Dotato di un&#039;elegante cerniera sul petto per indossarlo facilmente e delicati dettagli in pizzo a triangolo, questo body scolpisce e contorna perfettamente il corpo, offrendo eleganza e funzionalit\u00e0.<\/p>","protected":false},"featured_media":4140,"comment_status":"open","ping_status":"closed","template":"","meta":{"site-sidebar-layout":"default","site-content-layout":"default","ast-site-content-layout":"default","site-content-style":"default","site-sidebar-style":"default","ast-global-header-display":"","ast-banner-title-visibility":"","ast-main-header-display":"","ast-hfb-above-header-display":"","ast-hfb-below-header-display":"","ast-hfb-mobile-header-display":"","site-post-title":"","ast-breadcrumbs-content":"","ast-featured-img":"","footer-sml-layout":"","ast-disable-related-posts":"","theme-transparent-header-meta":"default","adv-header-id-meta":"","stick-header-meta":"default","header-above-stick-meta":"","header-main-stick-meta":"","header-below-stick-meta":"","astra-migrate-meta-layouts":"set","ast-page-background-enabled":"default","ast-page-background-meta":{"desktop":{"background-color":"","background-image":"","background-repeat":"repeat","background-position":"center center","background-size":"auto","background-attachment":"scroll","background-type":"","background-media":"","overlay-type":"","overlay-color":"","overlay-opacity":"","overlay-gradient":""},"tablet":{"background-color":"","background-image":"","background-repeat":"repeat","background-position":"center center","background-size":"auto","background-attachment":"scroll","background-type":"","background-media":"","overlay-type":"","overlay-color":"","overlay-opacity":"","overlay-gradient":""},"mobile":{"background-color":"","background-image":"","background-repeat":"repeat","background-position":"center center","background-size":"auto","background-attachment":"scroll","background-type":"","background-media":"","overlay-type":"","overlay-color":"","overlay-opacity":"","overlay-gradient":""}},"ast-content-background-meta":{"desktop":{"background-color":"var(--ast-global-color-5)","background-image":"","background-repeat":"repeat","background-position":"center center","background-size":"auto","background-attachment":"scroll","background-type":"","background-media":"","overlay-type":"","overlay-color":"","overlay-opacity":"","overlay-gradient":""},"tablet":{"background-color":"var(--ast-global-color-5)","background-image":"","background-repeat":"repeat","background-position":"center center","background-size":"auto","background-attachment":"scroll","background-type":"","background-media":"","overlay-type":"","overlay-color":"","overlay-opacity":"","overlay-gradient":""},"mobile":{"background-color":"var(--ast-global-color-5)","background-image":"","background-repeat":"repeat","background-position":"center center","background-size":"auto","background-attachment":"scroll","background-type":"","background-media":"","overlay-type":"","overlay-color":"","overlay-opacity":"","overlay-gradient":""}}},"product_brand":[],"product_cat":[65,76,77,82],"product_tag":[136,473,441,134],"class_list":{"0":"post-4121","1":"product","2":"type-product","3":"status-publish","4":"has-post-thumbnail","6":"product_cat-best-sellers","7":"product_cat-new-arrivels","8":"product_cat-wholesale-womens-shapewear","9":"product_cat-wholesale-shapewear-bodysuit","10":"product_tag-bridal","11":"product_tag-lace","12":"product_tag-shapewear-bodysuits","13":"product_tag-tummy-tucker","14":"pa_color-beige","15":"pa_color-black","16":"pa_size-l","17":"pa_size-m","18":"pa_size-s","19":"pa_size-xl","20":"pa_size-xxl","21":"pa_size-xxxl","22":"desktop-align-center","23":"tablet-align-left","24":"mobile-align-left","25":"ast-product-gallery-layout-horizontal-slider","26":"ast-product-single-variable","27":"ast-product-tabs-layout-horizontal","28":"ast-qv-on-image","30":"first","31":"instock","32":"shipping-taxable","33":"purchasable","34":"product-type-variable"},"tiered_pricing_type":"fixed","tiered_pricing_fixed_rules":{"2":10.99,"30":10.29,"500":8.59},"tiered_pricing_product_settings":{"layout":"default","base_unit_name":{"singular":null,"plural":null},"default_variation":{}},"tiered_pricing_minimum_quantity":null,"tiered_pricing_roles_data":[],"tiered_pricing_percentage_rules":[],"_links":{"self":[{"href":"https:\/\/yume-silm.com\/it\/wp-json\/wp\/v2\/product\/4121","targetHints":{"allow":["GET"]}}],"collection":[{"href":"https:\/\/yume-silm.com\/it\/wp-json\/wp\/v2\/product"}],"about":[{"href":"https:\/\/yume-silm.com\/it\/wp-json\/wp\/v2\/types\/product"}],"replies":[{"embeddable":true,"href":"https:\/\/yume-silm.com\/it\/wp-json\/wp\/v2\/comments?post=4121"}],"wp:featuredmedia":[{"embeddable":true,"href":"https:\/\/yume-silm.com\/it\/wp-json\/wp\/v2\/media\/4140"}],"wp:attachment":[{"href":"https:\/\/yume-silm.com\/it\/wp-json\/wp\/v2\/media?parent=4121"}],"wp:term":[{"taxonomy":"product_brand","embeddable":true,"href":"https:\/\/yume-silm.com\/it\/wp-json\/wp\/v2\/product_brand?post=4121"},{"taxonomy":"product_cat","embeddable":true,"href":"https:\/\/yume-silm.com\/it\/wp-json\/wp\/v2\/product_cat?post=4121"},{"taxonomy":"product_tag","embeddable":true,"href":"https:\/\/yume-silm.com\/it\/wp-json\/wp\/v2\/product_tag?post=4121"}],"curies":[{"name":"wp","href":"https:\/\/api.w.org\/{rel}","templated":true}]}}