{"id":4144,"date":"2023-07-12T06:58:10","date_gmt":"2023-07-12T06:58:10","guid":{"rendered":"https:\/\/yume-silm.com\/?post_type=product&#038;p=4144"},"modified":"2025-05-29T03:34:55","modified_gmt":"2025-05-29T03:34:55","slug":"power-flex-pantaloni-boxer-a-vita-alta-con-controllo-del-ventre","status":"publish","type":"product","link":"https:\/\/yume-silm.com\/it\/prodotto\/power-flex-pantaloni-boxer-a-vita-alta-con-controllo-del-ventre\/","title":{"rendered":"Pantaloncini modellanti per il corpo elasticizzati a vita alta all&#039;ingrosso"},"content":{"rendered":"<h5>Caratteristiche del progetto<\/h5>\n<ul>\n<li><strong>CONTROLLO DELLA PANCIA:<\/strong> Il design a vita alta dei nostri pantaloncini modellanti senza cuciture in tinta unita offre un controllo superiore della pancia. Questo indumento intimo senza cuciture aiuta a definire la vita e a rimboccare istantaneamente la pancia, ed \u00e8 ottimo anche per sollevare i glutei e modellare le cosce. Lascia che tu mostri la tua silhouette attraente con sicurezza.<\/li>\n<li><strong>ELEVATA ELASTICIT\u00c0:<\/strong> Questi comodi pantaloncini attillati sono realizzati in materiale elastico che si adatta a diverse forme e dimensioni del corpo, garantendo flessibilit\u00e0 senza compromettere il comfort. Le nostre mutandine snellenti coscia sono resistenti all&#039;abrasione e mantengono la forma e l&#039;elasticit\u00e0 nel tempo, garantendo una vestibilit\u00e0 duratura.<\/li>\n<li><strong>VESTIBILIT\u00c0 SENZA CUCITURE:<\/strong> Il tessuto senza cuciture del nostro modellante per il controllo della pancia a vita alta ti far\u00e0 dimenticare che \u00e8 l\u00ec. Nasconditi facilmente sotto i tuoi jeans preferiti, bei vestiti e altri vestiti.<\/li>\n<li><strong>SILICONE ANTISCIVOLO:<\/strong> Affidati ai pantaloncini modellanti da donna, alla fascia in silicone a doppio strato sulla cintura interna per garantire che rimanga a posto tutto il giorno. Non ci sar\u00e0 un rotolamento facile.<\/li>\n<li><strong>VERSATILE E ALLA MODA:<\/strong> Il design minimalista di queste mutandine invisibili per il controllo della pancia e il colore a tinta unita ti permetteranno di ottenere un look versatile con facilit\u00e0. Ed \u00e8 perfetto da indossare tutti i giorni, permettendo ai nostri leggings di essere indossati sia con abiti casual che formali per uno stile versatile.<\/li>\n<\/ul>\n<h6><em>Pantaloncini modellanti semplici senza cuciture a vita alta per il controllo della pancia per l&#039;uso quotidiano<\/em><\/h6>\n<ul>\n<li>In sintesi, i pantaloncini modellanti a vita alta ed elasticizzati sono un must per i grossisti che mirano a fornire prodotti di alta qualit\u00e0. Con le sue caratteristiche e vantaggi unici, \u00e8 destinato a diventare il preferito dai clienti. Tuffati nel mondo della vendita all&#039;ingrosso con questo pezzo straordinario. Assicurati il tuo ordine oggi!<\/li>\n<\/ul>","protected":false},"excerpt":{"rendered":"<p>Migliora la tua collezione con i pantaloncini modellanti a vita alta ed elasticizzati. Progettati per un controllo ottimale della pancia, questi leggings combinano elevata elasticit\u00e0 e traspirabilit\u00e0, garantendo una vestibilit\u00e0 comoda e lusinghiera per ogni abbigliamento.<\/p>","protected":false},"featured_media":4162,"comment_status":"open","ping_status":"closed","template":"","meta":{"site-sidebar-layout":"default","site-content-layout":"default","ast-site-content-layout":"default","site-content-style":"default","site-sidebar-style":"default","ast-global-header-display":"","ast-banner-title-visibility":"","ast-main-header-display":"","ast-hfb-above-header-display":"","ast-hfb-below-header-display":"","ast-hfb-mobile-header-display":"","site-post-title":"","ast-breadcrumbs-content":"","ast-featured-img":"","footer-sml-layout":"","ast-disable-related-posts":"","theme-transparent-header-meta":"default","adv-header-id-meta":"","stick-header-meta":"default","header-above-stick-meta":"","header-main-stick-meta":"","header-below-stick-meta":"","astra-migrate-meta-layouts":"set","ast-page-background-enabled":"default","ast-page-background-meta":{"desktop":{"background-color":"","background-image":"","background-repeat":"repeat","background-position":"center center","background-size":"auto","background-attachment":"scroll","background-type":"","background-media":"","overlay-type":"","overlay-color":"","overlay-opacity":"","overlay-gradient":""},"tablet":{"background-color":"","background-image":"","background-repeat":"repeat","background-position":"center center","background-size":"auto","background-attachment":"scroll","background-type":"","background-media":"","overlay-type":"","overlay-color":"","overlay-opacity":"","overlay-gradient":""},"mobile":{"background-color":"","background-image":"","background-repeat":"repeat","background-position":"center center","background-size":"auto","background-attachment":"scroll","background-type":"","background-media":"","overlay-type":"","overlay-color":"","overlay-opacity":"","overlay-gradient":""}},"ast-content-background-meta":{"desktop":{"background-color":"var(--ast-global-color-5)","background-image":"","background-repeat":"repeat","background-position":"center center","background-size":"auto","background-attachment":"scroll","background-type":"","background-media":"","overlay-type":"","overlay-color":"","overlay-opacity":"","overlay-gradient":""},"tablet":{"background-color":"var(--ast-global-color-5)","background-image":"","background-repeat":"repeat","background-position":"center center","background-size":"auto","background-attachment":"scroll","background-type":"","background-media":"","overlay-type":"","overlay-color":"","overlay-opacity":"","overlay-gradient":""},"mobile":{"background-color":"var(--ast-global-color-5)","background-image":"","background-repeat":"repeat","background-position":"center center","background-size":"auto","background-attachment":"scroll","background-type":"","background-media":"","overlay-type":"","overlay-color":"","overlay-opacity":"","overlay-gradient":""}}},"product_brand":[],"product_cat":[65,76,77,79,80],"product_tag":[136,139,500,134],"class_list":{"0":"post-4144","1":"product","2":"type-product","3":"status-publish","4":"has-post-thumbnail","6":"product_cat-best-sellers","7":"product_cat-new-arrivels","8":"product_cat-wholesale-womens-shapewear","9":"product_cat-wholesale-seemless-shaperwear","10":"product_cat-wholesale-butt-lift-underwear","11":"product_tag-bridal","12":"product_tag-high-waist","13":"product_tag-tummy-control","14":"product_tag-tummy-tucker","15":"pa_color-beige","16":"pa_color-black","17":"pa_size-4xl","18":"pa_size-m-l","19":"pa_size-s","20":"pa_size-xl-xxl","21":"pa_size-xxxl","22":"desktop-align-center","23":"tablet-align-left","24":"mobile-align-left","25":"ast-product-gallery-layout-horizontal-slider","26":"ast-product-single-variable","27":"ast-product-tabs-layout-horizontal","28":"ast-qv-on-image","30":"first","31":"instock","32":"shipping-taxable","33":"purchasable","34":"product-type-variable"},"tiered_pricing_type":"fixed","tiered_pricing_fixed_rules":{"2":4.59,"30":4.29,"500":4.19},"tiered_pricing_product_settings":{"layout":"default","base_unit_name":{"singular":null,"plural":null},"default_variation":{}},"tiered_pricing_minimum_quantity":null,"tiered_pricing_roles_data":[],"tiered_pricing_percentage_rules":[],"_links":{"self":[{"href":"https:\/\/yume-silm.com\/it\/wp-json\/wp\/v2\/product\/4144","targetHints":{"allow":["GET"]}}],"collection":[{"href":"https:\/\/yume-silm.com\/it\/wp-json\/wp\/v2\/product"}],"about":[{"href":"https:\/\/yume-silm.com\/it\/wp-json\/wp\/v2\/types\/product"}],"replies":[{"embeddable":true,"href":"https:\/\/yume-silm.com\/it\/wp-json\/wp\/v2\/comments?post=4144"}],"wp:featuredmedia":[{"embeddable":true,"href":"https:\/\/yume-silm.com\/it\/wp-json\/wp\/v2\/media\/4162"}],"wp:attachment":[{"href":"https:\/\/yume-silm.com\/it\/wp-json\/wp\/v2\/media?parent=4144"}],"wp:term":[{"taxonomy":"product_brand","embeddable":true,"href":"https:\/\/yume-silm.com\/it\/wp-json\/wp\/v2\/product_brand?post=4144"},{"taxonomy":"product_cat","embeddable":true,"href":"https:\/\/yume-silm.com\/it\/wp-json\/wp\/v2\/product_cat?post=4144"},{"taxonomy":"product_tag","embeddable":true,"href":"https:\/\/yume-silm.com\/it\/wp-json\/wp\/v2\/product_tag?post=4144"}],"curies":[{"name":"wp","href":"https:\/\/api.w.org\/{rel}","templated":true}]}}