{"id":4166,"date":"2023-07-17T01:38:03","date_gmt":"2023-07-17T01:38:03","guid":{"rendered":"https:\/\/yume-silm.com\/?post_type=product&#038;p=4166"},"modified":"2024-11-29T08:53:45","modified_gmt":"2024-11-29T08:53:45","slug":"voluptufit-maglia-a-vita-alta-slip-pantalone-lifting","status":"publish","type":"product","link":"https:\/\/yume-silm.com\/it\/prodotto\/voluptufit-maglia-a-vita-alta-slip-pantalone-lifting\/","title":{"rendered":"Pantaloncini modellanti antiscivolo di grandi dimensioni da donna all&#039;ingrosso: design per il controllo della pancia"},"content":{"rendered":"<h5>Caratteristiche del progetto<\/h5>\n<ul>\n<li><strong>CONFORTEVOLE ALTA ELASTICIT\u00c0:<\/strong> Comodo e traspirante, garantisce il massimo comfort anche durante l&#039;uso prolungato o l&#039;esercizio fisico intenso. Eccellente elasticit\u00e0, buon rimbalzo e libert\u00e0 di movimento.<\/li>\n<li><strong>CONTROLLO OTTIMALE DELLA PANCIA:<\/strong> La vita alta dei pantaloncini modellanti antiscivolo in silicone invisibile a vita alta offre un migliore controllo della pancia. Progettato per fornire un eccellente controllo della pancia, creare una silhouette pi\u00f9 morbida e migliorare la sicurezza di chi lo indossa.<\/li>\n<li><strong>EFFETTO LIFTING DEL CALCIO:<\/strong> Questo nostro intimo modellante di grandi dimensioni ha uno stile push-up sui glutei, che risulta visibilmente sollevato dopo averlo indossato. Migliora le curve naturali e gli effetti visivi.<\/li>\n<li><strong>DETTAGLI IN PIZZO E ANTISCIVOLO:<\/strong> Non c&#039;\u00e8 bisogno di preoccuparsi dell&#039;inconveniente di indossare un body modellante dimagrante che pu\u00f2 facilmente scivolare verso il basso dopo averlo indossato. Poich\u00e9 i pantaloncini modellanti antiscivolo da donna di grandi dimensioni sono realizzati con tecnologia antiscivolo in silicone intorno alla vita, non scivoleranno anche dopo averli indossati a lungo. L&#039;orlo della gamba del modellante \u00e8 progettato con pizzo per aggiungere un tocco di eleganza ai dettagli.<\/li>\n<li><strong>VERSATILE E ALLA MODA:<\/strong> Con questi pantaloncini modellanti antiscivolo di grandi dimensioni da donna, puoi facilmente abbinarli ai tuoi jeans preferiti o a una bellissima gonna. Lavora con sicurezza nella vita quotidiana e partecipa ad alcune feste, appuntamenti, cocktail party e altre occasioni speciali. Per favore mostra il tuo bellissimo corpo sinuoso con sicurezza.<\/li>\n<\/ul>\n<h6><em>Biancheria intima antiscivolo da allenamento per la vita modellante e modellante per il controllo della pancia a vita alta da donna<\/em><\/h6>\n<ul>\n<li>In sintesi, i pantaloncini modellanti antiscivolo da donna di grandi dimensioni sono un must per i grossisti che desiderano offrire prodotti di alto livello. Con le sue caratteristiche e vantaggi unici, \u00e8 destinato a diventare il preferito dai clienti. Tuffati nel mondo della vendita all&#039;ingrosso con questo pezzo straordinario. Assicurati il tuo ordine oggi!<\/li>\n<\/ul>","protected":false},"excerpt":{"rendered":"<p>Ti presentiamo i pantaloncini modellanti antiscivolo da donna di grandi dimensioni, il mix definitivo di stile e funzionalit\u00e0. Realizzati per taglie pi\u00f9 grandi, questi slip a vita alta offrono un controllo ottimale della pancia e un effetto di sollevamento del sedere lusinghiero. Realizzato in tessuto a rete traspirante ed altamente elastico, promette comfort e stile senza pari.<\/p>","protected":false},"featured_media":4181,"comment_status":"open","ping_status":"closed","template":"","meta":{"site-sidebar-layout":"default","site-content-layout":"default","ast-site-content-layout":"default","site-content-style":"default","site-sidebar-style":"default","ast-global-header-display":"","ast-banner-title-visibility":"","ast-main-header-display":"","ast-hfb-above-header-display":"","ast-hfb-below-header-display":"","ast-hfb-mobile-header-display":"","site-post-title":"","ast-breadcrumbs-content":"","ast-featured-img":"","footer-sml-layout":"","ast-disable-related-posts":"","theme-transparent-header-meta":"default","adv-header-id-meta":"","stick-header-meta":"default","header-above-stick-meta":"","header-main-stick-meta":"","header-below-stick-meta":"","astra-migrate-meta-layouts":"set","ast-page-background-enabled":"default","ast-page-background-meta":{"desktop":{"background-color":"","background-image":"","background-repeat":"repeat","background-position":"center center","background-size":"auto","background-attachment":"scroll","background-type":"","background-media":"","overlay-type":"","overlay-color":"","overlay-opacity":"","overlay-gradient":""},"tablet":{"background-color":"","background-image":"","background-repeat":"repeat","background-position":"center center","background-size":"auto","background-attachment":"scroll","background-type":"","background-media":"","overlay-type":"","overlay-color":"","overlay-opacity":"","overlay-gradient":""},"mobile":{"background-color":"","background-image":"","background-repeat":"repeat","background-position":"center center","background-size":"auto","background-attachment":"scroll","background-type":"","background-media":"","overlay-type":"","overlay-color":"","overlay-opacity":"","overlay-gradient":""}},"ast-content-background-meta":{"desktop":{"background-color":"var(--ast-global-color-5)","background-image":"","background-repeat":"repeat","background-position":"center center","background-size":"auto","background-attachment":"scroll","background-type":"","background-media":"","overlay-type":"","overlay-color":"","overlay-opacity":"","overlay-gradient":""},"tablet":{"background-color":"var(--ast-global-color-5)","background-image":"","background-repeat":"repeat","background-position":"center center","background-size":"auto","background-attachment":"scroll","background-type":"","background-media":"","overlay-type":"","overlay-color":"","overlay-opacity":"","overlay-gradient":""},"mobile":{"background-color":"var(--ast-global-color-5)","background-image":"","background-repeat":"repeat","background-position":"center center","background-size":"auto","background-attachment":"scroll","background-type":"","background-media":"","overlay-type":"","overlay-color":"","overlay-opacity":"","overlay-gradient":""}}},"product_brand":[],"product_cat":[65,76,77,80],"product_tag":[139,144,134],"class_list":{"0":"post-4166","1":"product","2":"type-product","3":"status-publish","4":"has-post-thumbnail","6":"product_cat-best-sellers","7":"product_cat-new-arrivels","8":"product_cat-wholesale-womens-shapewear","9":"product_cat-wholesale-butt-lift-underwear","10":"product_tag-high-waist","11":"product_tag-slip","12":"product_tag-tummy-tucker","13":"pa_color-black","14":"pa_size-4xl","15":"pa_size-5xl","16":"pa_size-6xl","17":"pa_size-l","18":"pa_size-m","19":"pa_size-s","20":"pa_size-xl","21":"pa_size-xxl","22":"pa_size-xxxl","23":"desktop-align-center","24":"tablet-align-left","25":"mobile-align-left","26":"ast-product-gallery-layout-horizontal-slider","27":"ast-product-single-variable","28":"ast-product-tabs-layout-horizontal","29":"ast-qv-on-image","31":"first","32":"instock","33":"shipping-taxable","34":"purchasable","35":"product-type-variable"},"tiered_pricing_type":"fixed","tiered_pricing_fixed_rules":{"2":8.99,"30":7.99,"500":6.99},"tiered_pricing_product_settings":{"layout":"default","base_unit_name":{"singular":null,"plural":null},"default_variation":{}},"tiered_pricing_minimum_quantity":null,"tiered_pricing_roles_data":[],"tiered_pricing_percentage_rules":[],"_links":{"self":[{"href":"https:\/\/yume-silm.com\/it\/wp-json\/wp\/v2\/product\/4166","targetHints":{"allow":["GET"]}}],"collection":[{"href":"https:\/\/yume-silm.com\/it\/wp-json\/wp\/v2\/product"}],"about":[{"href":"https:\/\/yume-silm.com\/it\/wp-json\/wp\/v2\/types\/product"}],"replies":[{"embeddable":true,"href":"https:\/\/yume-silm.com\/it\/wp-json\/wp\/v2\/comments?post=4166"}],"wp:featuredmedia":[{"embeddable":true,"href":"https:\/\/yume-silm.com\/it\/wp-json\/wp\/v2\/media\/4181"}],"wp:attachment":[{"href":"https:\/\/yume-silm.com\/it\/wp-json\/wp\/v2\/media?parent=4166"}],"wp:term":[{"taxonomy":"product_brand","embeddable":true,"href":"https:\/\/yume-silm.com\/it\/wp-json\/wp\/v2\/product_brand?post=4166"},{"taxonomy":"product_cat","embeddable":true,"href":"https:\/\/yume-silm.com\/it\/wp-json\/wp\/v2\/product_cat?post=4166"},{"taxonomy":"product_tag","embeddable":true,"href":"https:\/\/yume-silm.com\/it\/wp-json\/wp\/v2\/product_tag?post=4166"}],"curies":[{"name":"wp","href":"https:\/\/api.w.org\/{rel}","templated":true}]}}