{"id":4186,"date":"2023-07-17T02:50:03","date_gmt":"2023-07-17T02:50:03","guid":{"rendered":"https:\/\/yume-silm.com\/?post_type=product&#038;p=4186"},"modified":"2024-05-11T05:40:12","modified_gmt":"2024-05-11T05:40:12","slug":"cintura-a-vita-flexifit-regolabile-ad-alta-elasticita","status":"publish","type":"product","link":"https:\/\/yume-silm.com\/it\/prodotto\/cintura-a-vita-flexifit-regolabile-ad-alta-elasticita\/","title":{"rendered":"Allenatore in vita con fasciatura all&#039;ingrosso per donna"},"content":{"rendered":"<h5>Caratteristiche del progetto<\/h5>\n<ul>\n<li><strong>TAGLIA UNICA:<\/strong> La nostra cintura rifinitrice in vita modellante \u00e8 progettata per fornire una vestibilit\u00e0 sicura per tutti i tipi di corpo. \u00c8 una soluzione di shapewear personalizzata per tutti. La cintura addominale pu\u00f2 ridurre il grasso della pancia e creare una figura elegante.<\/li>\n<li><strong>ALTAMENTE ELASTICO E CONFORTEVOLE:<\/strong> Il tessuto utilizzato nella nostra cintura \u00e8 altamente elastico e pu\u00f2 essere avvolto con assoluta facilit\u00e0. La cintura pu\u00f2 essere regolata in base all&#039;elasticit\u00e0 a piacimento, con elasticit\u00e0 stabile e durata.<\/li>\n<li><strong>MODELLATORE DEL CORPO MULTIFUNZIONALE:<\/strong> Il cincher in vita avvolgente per bende pu\u00f2 aiutarti a ottenere senza problemi una pancia piatta e ridurre la vita; pu\u00f2 anche sostenere la schiena; \u00e8 particolarmente utile per il recupero postpartum. Anche lo spessore della cintura \u00e8 molto sottile, il che pu\u00f2 essere ben realizzato invisibile sotto i vestiti. Sia per l&#039;uso quotidiano che per le occasioni speciali, la scelta della nostra cintura in velcro pu\u00f2 avere un effetto snellente sotto qualsiasi outfit, aumentando la sicurezza e migliorando le curve naturali.<\/li>\n<li><strong>SUGGERIMENTO GIORNALIERO:<\/strong> Nella vita quotidiana, si consiglia di fare esercizio fisico e mangiare in modo ragionevole, il che fa bene al dimagrimento e alla salute. Il girovita fasciato da donna \u00e8 perfetto da indossare durante il lavoro, l&#039;esercizio fisico, il fitness, il recupero postpartum, ecc. Indossando questa nostra cintura, puoi goderti liberamente il divertimento portato dall&#039;esercizio fisico e la bellezza portata dalla vita.<\/li>\n<\/ul>\n<h6><em>Rifinitore per fasciatura in vita maneggevole per allenamenti di fitness<\/em><\/h6>\n<p>In breve, l&#039;allenatore in vita con fasciatura \u00e8 la combinazione perfetta di moda, comfort e funzionalit\u00e0. Questa fascia addominale \u00e8 un must per i grossisti che desiderano elevare i propri prodotti con un prodotto di alta gamma. Con questo prodotto fuori dall&#039;ordinario sarai pronto per fare colpo nel settore della vendita all&#039;ingrosso. Ordina adesso!<\/p>","protected":false},"excerpt":{"rendered":"<p>Scopri l&#039;allenatore in vita fasciato, un punto di svolta nell&#039;intimo modellante. Dotata di un innovativo collegamento adesivo e di un design avvolgente altamente elastico, questa cintura da allenamento in vita si adatta a varie dimensioni, rendendola un&#039;aggiunta versatile ed essenziale a qualsiasi collezione.<\/p>","protected":false},"featured_media":4196,"comment_status":"open","ping_status":"closed","template":"","meta":{"site-sidebar-layout":"default","site-content-layout":"default","ast-site-content-layout":"default","site-content-style":"default","site-sidebar-style":"default","ast-global-header-display":"","ast-banner-title-visibility":"","ast-main-header-display":"","ast-hfb-above-header-display":"","ast-hfb-below-header-display":"","ast-hfb-mobile-header-display":"","site-post-title":"","ast-breadcrumbs-content":"","ast-featured-img":"","footer-sml-layout":"","ast-disable-related-posts":"","theme-transparent-header-meta":"default","adv-header-id-meta":"","stick-header-meta":"default","header-above-stick-meta":"","header-main-stick-meta":"","header-below-stick-meta":"","astra-migrate-meta-layouts":"set","ast-page-background-enabled":"default","ast-page-background-meta":{"desktop":{"background-color":"","background-image":"","background-repeat":"repeat","background-position":"center center","background-size":"auto","background-attachment":"scroll","background-type":"","background-media":"","overlay-type":"","overlay-color":"","overlay-opacity":"","overlay-gradient":""},"tablet":{"background-color":"","background-image":"","background-repeat":"repeat","background-position":"center center","background-size":"auto","background-attachment":"scroll","background-type":"","background-media":"","overlay-type":"","overlay-color":"","overlay-opacity":"","overlay-gradient":""},"mobile":{"background-color":"","background-image":"","background-repeat":"repeat","background-position":"center center","background-size":"auto","background-attachment":"scroll","background-type":"","background-media":"","overlay-type":"","overlay-color":"","overlay-opacity":"","overlay-gradient":""}},"ast-content-background-meta":{"desktop":{"background-color":"var(--ast-global-color-5)","background-image":"","background-repeat":"repeat","background-position":"center center","background-size":"auto","background-attachment":"scroll","background-type":"","background-media":"","overlay-type":"","overlay-color":"","overlay-opacity":"","overlay-gradient":""},"tablet":{"background-color":"var(--ast-global-color-5)","background-image":"","background-repeat":"repeat","background-position":"center center","background-size":"auto","background-attachment":"scroll","background-type":"","background-media":"","overlay-type":"","overlay-color":"","overlay-opacity":"","overlay-gradient":""},"mobile":{"background-color":"var(--ast-global-color-5)","background-image":"","background-repeat":"repeat","background-position":"center center","background-size":"auto","background-attachment":"scroll","background-type":"","background-media":"","overlay-type":"","overlay-color":"","overlay-opacity":"","overlay-gradient":""}}},"product_brand":[],"product_cat":[65,76,90,92],"product_tag":[456,413,462,463,185],"class_list":{"0":"post-4186","1":"product","2":"type-product","3":"status-publish","4":"has-post-thumbnail","6":"product_cat-best-sellers","7":"product_cat-new-arrivels","8":"product_cat-wholesale-waist-trainer","9":"product_cat-wholesale-waist-girdle","10":"product_tag-cincher","11":"product_tag-fitness","12":"product_tag-girdle","13":"product_tag-wholesale","14":"product_tag-workout","15":"pa_color-black","16":"pa_color-brown","17":"pa_color-burgundy","18":"pa_size-6m","19":"desktop-align-center","20":"tablet-align-left","21":"mobile-align-left","22":"ast-product-gallery-layout-horizontal-slider","23":"ast-product-single-variable","24":"ast-product-tabs-layout-horizontal","25":"ast-qv-on-image","27":"first","28":"instock","29":"shipping-taxable","30":"purchasable","31":"product-type-variable"},"tiered_pricing_type":"fixed","tiered_pricing_fixed_rules":{"2":4.89,"30":4.19,"100":3.29},"tiered_pricing_product_settings":{"layout":"default","base_unit_name":{"singular":null,"plural":null},"default_variation":{}},"tiered_pricing_minimum_quantity":null,"tiered_pricing_roles_data":[],"tiered_pricing_percentage_rules":[],"_links":{"self":[{"href":"https:\/\/yume-silm.com\/it\/wp-json\/wp\/v2\/product\/4186","targetHints":{"allow":["GET"]}}],"collection":[{"href":"https:\/\/yume-silm.com\/it\/wp-json\/wp\/v2\/product"}],"about":[{"href":"https:\/\/yume-silm.com\/it\/wp-json\/wp\/v2\/types\/product"}],"replies":[{"embeddable":true,"href":"https:\/\/yume-silm.com\/it\/wp-json\/wp\/v2\/comments?post=4186"}],"wp:featuredmedia":[{"embeddable":true,"href":"https:\/\/yume-silm.com\/it\/wp-json\/wp\/v2\/media\/4196"}],"wp:attachment":[{"href":"https:\/\/yume-silm.com\/it\/wp-json\/wp\/v2\/media?parent=4186"}],"wp:term":[{"taxonomy":"product_brand","embeddable":true,"href":"https:\/\/yume-silm.com\/it\/wp-json\/wp\/v2\/product_brand?post=4186"},{"taxonomy":"product_cat","embeddable":true,"href":"https:\/\/yume-silm.com\/it\/wp-json\/wp\/v2\/product_cat?post=4186"},{"taxonomy":"product_tag","embeddable":true,"href":"https:\/\/yume-silm.com\/it\/wp-json\/wp\/v2\/product_tag?post=4186"}],"curies":[{"name":"wp","href":"https:\/\/api.w.org\/{rel}","templated":true}]}}