{"id":4203,"date":"2023-07-17T03:07:23","date_gmt":"2023-07-17T03:07:23","guid":{"rendered":"https:\/\/yume-silm.com\/?post_type=product&#038;p=4203"},"modified":"2024-05-11T05:41:15","modified_gmt":"2024-05-11T05:41:15","slug":"tripla-flex-tightfit-cintura-formante-in-vita-con-design-a-doppiopetto","status":"publish","type":"product","link":"https:\/\/yume-silm.com\/it\/prodotto\/tripla-flex-tightfit-cintura-formante-in-vita-con-design-a-doppiopetto\/","title":{"rendered":"Cintura modellante per il corpo di grandi dimensioni all&#039;ingrosso: doppio petto"},"content":{"rendered":"<h5>Caratteristiche del progetto<\/h5>\n<ul>\n<li><strong>MIGLIORA LA POSTURA:<\/strong> Per gli impiegati sedentari che fanno poco esercizio fisico, scegli questa cintura rifinitrice per la vita. Perch\u00e9 fornisce un forte supporto per la schiena, aiuta a migliorare la postura scorretta e allevia il mal di schiena.<\/li>\n<li><strong>CINTURA IN TRE PEZZI:<\/strong> La nostra cintura modellante per il corpo \u00e8 unica. L&#039;esclusiva cintura in tre pezzi fornisce un eccellente supporto della parte centrale. Questo lo distingue dalle altre cinture sul mercato. Potenzia l&#039;effetto modellante.<\/li>\n<li><strong>REGOLAZIONE ELASTICIT\u00c0 FLESSIBILE:<\/strong> La manovrabilit\u00e0 della cintura modellante per il girovita di grandi dimensioni \u00e8 superiore. Consentire agli utenti di impostare l&#039;elasticit\u00e0 preferita migliora notevolmente la flessibilit\u00e0 del prodotto.<\/li>\n<li><strong>MULTIFUNZIONE MODA:<\/strong> Se ti piace l&#039;allenamento e il fitness, puoi avere questa cintura di protezione per il supporto lombare. Perch\u00e9 pu\u00f2 ridurre il rischio di lesioni come ernia del disco e stiramenti muscolari nella parte bassa della schiena durante gli esercizi di fitness.<\/li>\n<li>Se hai appena partorito, puoi utilizzare questa cintura modellante dimagrante per aiutarti a ritrovare una figura a clessidra sana e attraente il prima possibile.<\/li>\n<li>Naturalmente puoi anche indossare una cintura modellante per il supporto dello squat quando ti alleni all&#039;aperto, quando fai yoga o anche quando vai al lavoro per aiutarti a realizzare un corpo ideale pi\u00f9 perfetto.<\/li>\n<\/ul>\n<h6><em>Guaina modellante da donna per taglie forti dopo il parto<\/em><\/h6>\n<ul>\n<li>La nostra cintura modellante per il corpo di grandi dimensioni \u00e8 la miscela perfetta di stile, comfort e funzionalit\u00e0. Per i grossisti che desiderano offrire prodotti di prima qualit\u00e0 in linea con le ultime tendenze, questa cintura modellante \u00e8 un&#039;aggiunta essenziale. Tuffati nel mondo della vendita all&#039;ingrosso con questo pezzo straordinario. Assicurati il tuo ordine oggi!<\/li>\n<\/ul>","protected":false},"excerpt":{"rendered":"<p>Migliora la tua collezione con la nostra cintura modellante per il corpo di grandi dimensioni. Questo capo innovativo presenta un design a doppio petto, chiusure a tre occhielli e ganci e un esclusivo girovita in tre pezzi, che garantisce una vestibilit\u00e0 su misura. Realizzato per chi cerca controllo e comfort, \u00e8 un punto di svolta nel rimodellamento del corpo.<\/p>","protected":false},"featured_media":4219,"comment_status":"open","ping_status":"closed","template":"","meta":{"site-sidebar-layout":"default","site-content-layout":"default","ast-site-content-layout":"default","site-content-style":"default","site-sidebar-style":"default","ast-global-header-display":"","ast-banner-title-visibility":"","ast-main-header-display":"","ast-hfb-above-header-display":"","ast-hfb-below-header-display":"","ast-hfb-mobile-header-display":"","site-post-title":"","ast-breadcrumbs-content":"","ast-featured-img":"","footer-sml-layout":"","ast-disable-related-posts":"","theme-transparent-header-meta":"default","adv-header-id-meta":"","stick-header-meta":"default","header-above-stick-meta":"","header-main-stick-meta":"","header-below-stick-meta":"","astra-migrate-meta-layouts":"set","ast-page-background-enabled":"default","ast-page-background-meta":{"desktop":{"background-color":"","background-image":"","background-repeat":"repeat","background-position":"center center","background-size":"auto","background-attachment":"scroll","background-type":"","background-media":"","overlay-type":"","overlay-color":"","overlay-opacity":"","overlay-gradient":""},"tablet":{"background-color":"","background-image":"","background-repeat":"repeat","background-position":"center center","background-size":"auto","background-attachment":"scroll","background-type":"","background-media":"","overlay-type":"","overlay-color":"","overlay-opacity":"","overlay-gradient":""},"mobile":{"background-color":"","background-image":"","background-repeat":"repeat","background-position":"center center","background-size":"auto","background-attachment":"scroll","background-type":"","background-media":"","overlay-type":"","overlay-color":"","overlay-opacity":"","overlay-gradient":""}},"ast-content-background-meta":{"desktop":{"background-color":"var(--ast-global-color-5)","background-image":"","background-repeat":"repeat","background-position":"center center","background-size":"auto","background-attachment":"scroll","background-type":"","background-media":"","overlay-type":"","overlay-color":"","overlay-opacity":"","overlay-gradient":""},"tablet":{"background-color":"var(--ast-global-color-5)","background-image":"","background-repeat":"repeat","background-position":"center center","background-size":"auto","background-attachment":"scroll","background-type":"","background-media":"","overlay-type":"","overlay-color":"","overlay-opacity":"","overlay-gradient":""},"mobile":{"background-color":"var(--ast-global-color-5)","background-image":"","background-repeat":"repeat","background-position":"center center","background-size":"auto","background-attachment":"scroll","background-type":"","background-media":"","overlay-type":"","overlay-color":"","overlay-opacity":"","overlay-gradient":""}}},"product_brand":[],"product_cat":[65,76,90,92],"product_tag":[134,154,185],"class_list":{"0":"post-4203","1":"product","2":"type-product","3":"status-publish","4":"has-post-thumbnail","6":"product_cat-best-sellers","7":"product_cat-new-arrivels","8":"product_cat-wholesale-waist-trainer","9":"product_cat-wholesale-waist-girdle","10":"product_tag-tummy-tucker","11":"product_tag-with-hooks","12":"product_tag-workout","13":"pa_color-black","14":"pa_size-4xl","15":"pa_size-5xl","16":"pa_size-6xl","17":"pa_size-l","18":"pa_size-m","19":"pa_size-s","20":"pa_size-xs","21":"pa_size-xxl","22":"pa_size-xxxl","23":"desktop-align-center","24":"tablet-align-left","25":"mobile-align-left","26":"ast-product-gallery-layout-horizontal-slider","27":"ast-product-single-variable","28":"ast-product-tabs-layout-horizontal","29":"ast-qv-on-image","31":"first","32":"instock","33":"shipping-taxable","34":"purchasable","35":"product-type-variable"},"tiered_pricing_type":"fixed","tiered_pricing_fixed_rules":{"2":6.19,"30":5.29,"100":4.19},"tiered_pricing_product_settings":{"layout":"default","base_unit_name":{"singular":null,"plural":null},"default_variation":{}},"tiered_pricing_minimum_quantity":null,"tiered_pricing_roles_data":[],"tiered_pricing_percentage_rules":[],"_links":{"self":[{"href":"https:\/\/yume-silm.com\/it\/wp-json\/wp\/v2\/product\/4203","targetHints":{"allow":["GET"]}}],"collection":[{"href":"https:\/\/yume-silm.com\/it\/wp-json\/wp\/v2\/product"}],"about":[{"href":"https:\/\/yume-silm.com\/it\/wp-json\/wp\/v2\/types\/product"}],"replies":[{"embeddable":true,"href":"https:\/\/yume-silm.com\/it\/wp-json\/wp\/v2\/comments?post=4203"}],"wp:featuredmedia":[{"embeddable":true,"href":"https:\/\/yume-silm.com\/it\/wp-json\/wp\/v2\/media\/4219"}],"wp:attachment":[{"href":"https:\/\/yume-silm.com\/it\/wp-json\/wp\/v2\/media?parent=4203"}],"wp:term":[{"taxonomy":"product_brand","embeddable":true,"href":"https:\/\/yume-silm.com\/it\/wp-json\/wp\/v2\/product_brand?post=4203"},{"taxonomy":"product_cat","embeddable":true,"href":"https:\/\/yume-silm.com\/it\/wp-json\/wp\/v2\/product_cat?post=4203"},{"taxonomy":"product_tag","embeddable":true,"href":"https:\/\/yume-silm.com\/it\/wp-json\/wp\/v2\/product_tag?post=4203"}],"curies":[{"name":"wp","href":"https:\/\/api.w.org\/{rel}","templated":true}]}}